{"id":9856,"date":"2026-01-09T16:25:58","date_gmt":"2026-01-09T15:25:58","guid":{"rendered":"https:\/\/www.fvdwpartijhandel.nl\/product\/geschenkpackung-handseife-und-handlotion-2x-200ml\/"},"modified":"2026-04-02T13:35:22","modified_gmt":"2026-04-02T11:35:22","slug":"geschenkpackung-handseife-und-handlotion-2x-200ml","status":"publish","type":"product","link":"https:\/\/www.fvdwpartijhandel.nl\/de\/product\/geschenkpackung-handseife-und-handlotion-2x-200ml\/","title":{"rendered":"Geschenkbox Kumai Handseife und Handlotion ( 2x 200ml )"},"content":{"rendered":"<p>Diese luxuri\u00f6se vegane Geschenkbox von Kumai enth\u00e4lt nicht nur eine Handseife und eine Handlotion, sondern auch eine Seifenschale, auf der Sie die Flaschen pr\u00e4sentieren k\u00f6nnen.<\/p>\n<p>So sieht das Set in der K\u00fcche oder im Badezimmer besonders sch\u00f6n aus!<\/p>\n<p>Sowohl die Seife als auch die Lotion bestehen aus milden Inhaltsstoffen und sind daher f\u00fcr jeden Hauttyp geeignet. Das Set bietet ultimative Hydratation und Pflege f\u00fcr die H\u00e4nde. Die Produkte haben einen erfrischenden Duft von Moschus, Holz und Zitrusfr\u00fcchten. Die Pr\u00e4sentationsbox macht das Set zu einem perfekten Geschenk.   <\/p>\n","protected":false},"excerpt":{"rendered":"<p>Diese luxuri\u00f6se vegane Geschenkbox von Kumai enth\u00e4lt nicht nur eine Handseife und eine Handlotion, sondern auch eine Seifenschale, auf der Sie die Flaschen pr\u00e4sentieren k\u00f6nnen. So sieht das Set in der K\u00fcche oder im Badezimmer besonders sch\u00f6n aus! Sowohl die Seife als auch die Lotion bestehen aus milden Inhaltsstoffen und sind daher f\u00fcr jeden Hauttyp [&hellip;]<\/p>\n","protected":false},"featured_media":9857,"template":"","meta":{"_acf_changed":false},"product_brand":[],"product_cat":[56],"product_tag":[],"class_list":{"0":"post-9856","1":"product","2":"type-product","3":"status-publish","4":"has-post-thumbnail","6":"product_cat-pflege","8":"first","9":"instock","10":"shipping-taxable","11":"product-type-simple"},"acf":[],"yoast_head":"<!-- This site is optimized with the Yoast SEO plugin v27.2 - https:\/\/yoast.com\/product\/yoast-seo-wordpress\/ -->\n<title>Geschenkbox Kumai Handseife und Handlotion ( 2x 200ml ) - Frank van de Wijgert partijhandel<\/title>\n<meta name=\"robots\" content=\"index, follow, max-snippet:-1, max-image-preview:large, max-video-preview:-1\" \/>\n<link rel=\"canonical\" href=\"https:\/\/www.fvdwpartijhandel.nl\/de\/product\/geschenkpackung-handseife-und-handlotion-2x-200ml\/\" \/>\n<meta property=\"og:locale\" content=\"de_DE\" \/>\n<meta property=\"og:type\" content=\"article\" \/>\n<meta property=\"og:title\" content=\"Geschenkbox Kumai Handseife und Handlotion ( 2x 200ml ) - Frank van de Wijgert partijhandel\" \/>\n<meta property=\"og:description\" content=\"Diese luxuri\u00f6se vegane Geschenkbox von Kumai enth\u00e4lt nicht nur eine Handseife und eine Handlotion, sondern auch eine Seifenschale, auf der Sie die Flaschen pr\u00e4sentieren k\u00f6nnen. So sieht das Set in der K\u00fcche oder im Badezimmer besonders sch\u00f6n aus! Sowohl die Seife als auch die Lotion bestehen aus milden Inhaltsstoffen und sind daher f\u00fcr jeden Hauttyp [&hellip;]\" \/>\n<meta property=\"og:url\" content=\"https:\/\/www.fvdwpartijhandel.nl\/de\/product\/geschenkpackung-handseife-und-handlotion-2x-200ml\/\" \/>\n<meta property=\"og:site_name\" content=\"Frank van de Wijgert partijhandel\" \/>\n<meta property=\"article:modified_time\" content=\"2026-04-02T11:35:22+00:00\" \/>\n<meta property=\"og:image\" content=\"https:\/\/www.fvdwpartijhandel.nl\/wp-content\/uploads\/2026\/01\/116494.jpg\" \/>\n\t<meta property=\"og:image:width\" content=\"500\" \/>\n\t<meta property=\"og:image:height\" content=\"500\" \/>\n\t<meta property=\"og:image:type\" content=\"image\/jpeg\" \/>\n<meta name=\"twitter:card\" content=\"summary_large_image\" \/>\n<script type=\"application\/ld+json\" class=\"yoast-schema-graph\">{\"@context\":\"https:\/\/schema.org\",\"@graph\":[{\"@type\":\"WebPage\",\"@id\":\"https:\/\/www.fvdwpartijhandel.nl\/de\/product\/geschenkpackung-handseife-und-handlotion-2x-200ml\/\",\"url\":\"https:\/\/www.fvdwpartijhandel.nl\/de\/product\/geschenkpackung-handseife-und-handlotion-2x-200ml\/\",\"name\":\"Geschenkbox Kumai Handseife und Handlotion ( 2x 200ml ) - Frank van de Wijgert partijhandel\",\"isPartOf\":{\"@id\":\"https:\/\/www.fvdwpartijhandel.nl\/de\/#website\"},\"primaryImageOfPage\":{\"@id\":\"https:\/\/www.fvdwpartijhandel.nl\/de\/product\/geschenkpackung-handseife-und-handlotion-2x-200ml\/#primaryimage\"},\"image\":{\"@id\":\"https:\/\/www.fvdwpartijhandel.nl\/de\/product\/geschenkpackung-handseife-und-handlotion-2x-200ml\/#primaryimage\"},\"thumbnailUrl\":\"https:\/\/www.fvdwpartijhandel.nl\/wp-content\/uploads\/2026\/01\/116494.jpg\",\"datePublished\":\"2026-01-09T15:25:58+00:00\",\"dateModified\":\"2026-04-02T11:35:22+00:00\",\"breadcrumb\":{\"@id\":\"https:\/\/www.fvdwpartijhandel.nl\/de\/product\/geschenkpackung-handseife-und-handlotion-2x-200ml\/#breadcrumb\"},\"inLanguage\":\"de\",\"potentialAction\":[{\"@type\":\"ReadAction\",\"target\":[\"https:\/\/www.fvdwpartijhandel.nl\/de\/product\/geschenkpackung-handseife-und-handlotion-2x-200ml\/\"]}]},{\"@type\":\"ImageObject\",\"inLanguage\":\"de\",\"@id\":\"https:\/\/www.fvdwpartijhandel.nl\/de\/product\/geschenkpackung-handseife-und-handlotion-2x-200ml\/#primaryimage\",\"url\":\"https:\/\/www.fvdwpartijhandel.nl\/wp-content\/uploads\/2026\/01\/116494.jpg\",\"contentUrl\":\"https:\/\/www.fvdwpartijhandel.nl\/wp-content\/uploads\/2026\/01\/116494.jpg\",\"width\":500,\"height\":500},{\"@type\":\"BreadcrumbList\",\"@id\":\"https:\/\/www.fvdwpartijhandel.nl\/de\/product\/geschenkpackung-handseife-und-handlotion-2x-200ml\/#breadcrumb\",\"itemListElement\":[{\"@type\":\"ListItem\",\"position\":1,\"name\":\"Startseite\",\"item\":\"https:\/\/www.fvdwpartijhandel.nl\/de\/startseite\/\"},{\"@type\":\"ListItem\",\"position\":2,\"name\":\"Shop\",\"item\":\"https:\/\/www.fvdwpartijhandel.nl\/de\/shop\/\"},{\"@type\":\"ListItem\",\"position\":3,\"name\":\"Geschenkbox Kumai Handseife und Handlotion ( 2x 200ml )\"}]},{\"@type\":\"WebSite\",\"@id\":\"https:\/\/www.fvdwpartijhandel.nl\/de\/#website\",\"url\":\"https:\/\/www.fvdwpartijhandel.nl\/de\/\",\"name\":\"Frank van de Wijgert partijhandel\",\"description\":\"Al 10 jaar actief in de verkoop van restpartijen\",\"publisher\":{\"@id\":\"https:\/\/www.fvdwpartijhandel.nl\/de\/#organization\"},\"potentialAction\":[{\"@type\":\"SearchAction\",\"target\":{\"@type\":\"EntryPoint\",\"urlTemplate\":\"https:\/\/www.fvdwpartijhandel.nl\/de\/?s={search_term_string}\"},\"query-input\":{\"@type\":\"PropertyValueSpecification\",\"valueRequired\":true,\"valueName\":\"search_term_string\"}}],\"inLanguage\":\"de\"},{\"@type\":\"Organization\",\"@id\":\"https:\/\/www.fvdwpartijhandel.nl\/de\/#organization\",\"name\":\"Frank van de Wijgert partijhandel\",\"url\":\"https:\/\/www.fvdwpartijhandel.nl\/de\/\",\"logo\":{\"@type\":\"ImageObject\",\"inLanguage\":\"de\",\"@id\":\"https:\/\/www.fvdwpartijhandel.nl\/de\/#\/schema\/logo\/image\/\",\"url\":\"https:\/\/www.fvdwpartijhandel.nl\/wp-content\/uploads\/2025\/08\/Logo-Frank-van-de-Wijgert-nieuw-1.svg\",\"contentUrl\":\"https:\/\/www.fvdwpartijhandel.nl\/wp-content\/uploads\/2025\/08\/Logo-Frank-van-de-Wijgert-nieuw-1.svg\",\"width\":400,\"height\":57,\"caption\":\"Frank van de Wijgert partijhandel\"},\"image\":{\"@id\":\"https:\/\/www.fvdwpartijhandel.nl\/de\/#\/schema\/logo\/image\/\"}}]}<\/script>\n<!-- \/ Yoast SEO plugin. -->","yoast_head_json":{"title":"Geschenkbox Kumai Handseife und Handlotion ( 2x 200ml ) - Frank van de Wijgert partijhandel","robots":{"index":"index","follow":"follow","max-snippet":"max-snippet:-1","max-image-preview":"max-image-preview:large","max-video-preview":"max-video-preview:-1"},"canonical":"https:\/\/www.fvdwpartijhandel.nl\/de\/product\/geschenkpackung-handseife-und-handlotion-2x-200ml\/","og_locale":"de_DE","og_type":"article","og_title":"Geschenkbox Kumai Handseife und Handlotion ( 2x 200ml ) - Frank van de Wijgert partijhandel","og_description":"Diese luxuri\u00f6se vegane Geschenkbox von Kumai enth\u00e4lt nicht nur eine Handseife und eine Handlotion, sondern auch eine Seifenschale, auf der Sie die Flaschen pr\u00e4sentieren k\u00f6nnen. So sieht das Set in der K\u00fcche oder im Badezimmer besonders sch\u00f6n aus! Sowohl die Seife als auch die Lotion bestehen aus milden Inhaltsstoffen und sind daher f\u00fcr jeden Hauttyp [&hellip;]","og_url":"https:\/\/www.fvdwpartijhandel.nl\/de\/product\/geschenkpackung-handseife-und-handlotion-2x-200ml\/","og_site_name":"Frank van de Wijgert partijhandel","article_modified_time":"2026-04-02T11:35:22+00:00","og_image":[{"width":500,"height":500,"url":"https:\/\/www.fvdwpartijhandel.nl\/wp-content\/uploads\/2026\/01\/116494.jpg","type":"image\/jpeg"}],"twitter_card":"summary_large_image","schema":{"@context":"https:\/\/schema.org","@graph":[{"@type":"WebPage","@id":"https:\/\/www.fvdwpartijhandel.nl\/de\/product\/geschenkpackung-handseife-und-handlotion-2x-200ml\/","url":"https:\/\/www.fvdwpartijhandel.nl\/de\/product\/geschenkpackung-handseife-und-handlotion-2x-200ml\/","name":"Geschenkbox Kumai Handseife und Handlotion ( 2x 200ml ) - Frank van de Wijgert partijhandel","isPartOf":{"@id":"https:\/\/www.fvdwpartijhandel.nl\/de\/#website"},"primaryImageOfPage":{"@id":"https:\/\/www.fvdwpartijhandel.nl\/de\/product\/geschenkpackung-handseife-und-handlotion-2x-200ml\/#primaryimage"},"image":{"@id":"https:\/\/www.fvdwpartijhandel.nl\/de\/product\/geschenkpackung-handseife-und-handlotion-2x-200ml\/#primaryimage"},"thumbnailUrl":"https:\/\/www.fvdwpartijhandel.nl\/wp-content\/uploads\/2026\/01\/116494.jpg","datePublished":"2026-01-09T15:25:58+00:00","dateModified":"2026-04-02T11:35:22+00:00","breadcrumb":{"@id":"https:\/\/www.fvdwpartijhandel.nl\/de\/product\/geschenkpackung-handseife-und-handlotion-2x-200ml\/#breadcrumb"},"inLanguage":"de","potentialAction":[{"@type":"ReadAction","target":["https:\/\/www.fvdwpartijhandel.nl\/de\/product\/geschenkpackung-handseife-und-handlotion-2x-200ml\/"]}]},{"@type":"ImageObject","inLanguage":"de","@id":"https:\/\/www.fvdwpartijhandel.nl\/de\/product\/geschenkpackung-handseife-und-handlotion-2x-200ml\/#primaryimage","url":"https:\/\/www.fvdwpartijhandel.nl\/wp-content\/uploads\/2026\/01\/116494.jpg","contentUrl":"https:\/\/www.fvdwpartijhandel.nl\/wp-content\/uploads\/2026\/01\/116494.jpg","width":500,"height":500},{"@type":"BreadcrumbList","@id":"https:\/\/www.fvdwpartijhandel.nl\/de\/product\/geschenkpackung-handseife-und-handlotion-2x-200ml\/#breadcrumb","itemListElement":[{"@type":"ListItem","position":1,"name":"Startseite","item":"https:\/\/www.fvdwpartijhandel.nl\/de\/startseite\/"},{"@type":"ListItem","position":2,"name":"Shop","item":"https:\/\/www.fvdwpartijhandel.nl\/de\/shop\/"},{"@type":"ListItem","position":3,"name":"Geschenkbox Kumai Handseife und Handlotion ( 2x 200ml )"}]},{"@type":"WebSite","@id":"https:\/\/www.fvdwpartijhandel.nl\/de\/#website","url":"https:\/\/www.fvdwpartijhandel.nl\/de\/","name":"Frank van de Wijgert partijhandel","description":"Al 10 jaar actief in de verkoop van restpartijen","publisher":{"@id":"https:\/\/www.fvdwpartijhandel.nl\/de\/#organization"},"potentialAction":[{"@type":"SearchAction","target":{"@type":"EntryPoint","urlTemplate":"https:\/\/www.fvdwpartijhandel.nl\/de\/?s={search_term_string}"},"query-input":{"@type":"PropertyValueSpecification","valueRequired":true,"valueName":"search_term_string"}}],"inLanguage":"de"},{"@type":"Organization","@id":"https:\/\/www.fvdwpartijhandel.nl\/de\/#organization","name":"Frank van de Wijgert partijhandel","url":"https:\/\/www.fvdwpartijhandel.nl\/de\/","logo":{"@type":"ImageObject","inLanguage":"de","@id":"https:\/\/www.fvdwpartijhandel.nl\/de\/#\/schema\/logo\/image\/","url":"https:\/\/www.fvdwpartijhandel.nl\/wp-content\/uploads\/2025\/08\/Logo-Frank-van-de-Wijgert-nieuw-1.svg","contentUrl":"https:\/\/www.fvdwpartijhandel.nl\/wp-content\/uploads\/2025\/08\/Logo-Frank-van-de-Wijgert-nieuw-1.svg","width":400,"height":57,"caption":"Frank van de Wijgert partijhandel"},"image":{"@id":"https:\/\/www.fvdwpartijhandel.nl\/de\/#\/schema\/logo\/image\/"}}]}},"_links":{"self":[{"href":"https:\/\/www.fvdwpartijhandel.nl\/de\/wp-json\/wp\/v2\/product\/9856","targetHints":{"allow":["GET"]}}],"collection":[{"href":"https:\/\/www.fvdwpartijhandel.nl\/de\/wp-json\/wp\/v2\/product"}],"about":[{"href":"https:\/\/www.fvdwpartijhandel.nl\/de\/wp-json\/wp\/v2\/types\/product"}],"wp:featuredmedia":[{"embeddable":true,"href":"https:\/\/www.fvdwpartijhandel.nl\/de\/wp-json\/wp\/v2\/media\/9857"}],"wp:attachment":[{"href":"https:\/\/www.fvdwpartijhandel.nl\/de\/wp-json\/wp\/v2\/media?parent=9856"}],"wp:term":[{"taxonomy":"product_brand","embeddable":true,"href":"https:\/\/www.fvdwpartijhandel.nl\/de\/wp-json\/wp\/v2\/product_brand?post=9856"},{"taxonomy":"product_cat","embeddable":true,"href":"https:\/\/www.fvdwpartijhandel.nl\/de\/wp-json\/wp\/v2\/product_cat?post=9856"},{"taxonomy":"product_tag","embeddable":true,"href":"https:\/\/www.fvdwpartijhandel.nl\/de\/wp-json\/wp\/v2\/product_tag?post=9856"}],"curies":[{"name":"wp","href":"https:\/\/api.w.org\/{rel}","templated":true}]}}