{"id":8890,"date":"2025-08-19T07:31:50","date_gmt":"2025-08-19T07:31:50","guid":{"rendered":"https:\/\/www.fvdwpartijhandel.nl\/product\/teller-porzellan-4er-set-von-alain-monnens-10x12-5x4-5cm\/"},"modified":"2025-12-12T11:34:10","modified_gmt":"2025-12-12T10:34:10","slug":"teller-porzellan-4er-set-von-alain-monnens-10x12-5x4-5cm","status":"publish","type":"product","link":"https:\/\/www.fvdwpartijhandel.nl\/de\/product\/teller-porzellan-4er-set-von-alain-monnens-10x12-5x4-5cm\/","title":{"rendered":"Teller porzellan 4er Set von Alain Monnens 10&#215;12.5&#215;4.5cm"},"content":{"rendered":"<p>Dieser Moments by Point-Virgule Teller ist aus strapazierf\u00e4higem Porzellan gefertigt und kann in der Sp\u00fclmaschine gereinigt werden. Der Teller kann verwendet werden, um ein St\u00fcck Kuchen oder ein Dessert sch\u00f6n zum Kaffee zu pr\u00e4sentieren oder um Tapas zu servieren. <\/p>\n<p>Mit der einzigartigen Kollektion von Moments by Point-Vigrule gestalten Sie den sch\u00f6nsten Esstisch. Die ungew\u00f6hnliche Form wurde von dem belgischen Designer Alain Monnens entworfen. Die Kollektion besteht aus Porzellantellern, tiefen Tellern und Schalen. Kombinieren Sie die verschiedenen Artikel und stellen Sie Ihren idealen Partytisch zusammen.<\/p>\n","protected":false},"excerpt":{"rendered":"<p>Dieser Moments by Point-Virgule Teller ist aus strapazierf\u00e4higem Porzellan gefertigt und kann in der Sp\u00fclmaschine gereinigt werden. Der Teller kann verwendet werden, um ein St\u00fcck Kuchen oder ein Dessert sch\u00f6n zum Kaffee zu pr\u00e4sentieren oder um Tapas zu servieren. Mit der einzigartigen Kollektion von Moments by Point-Vigrule gestalten Sie den sch\u00f6nsten Esstisch. Die ungew\u00f6hnliche Form [&hellip;]<\/p>\n","protected":false},"featured_media":8891,"template":"","meta":{"_acf_changed":false},"product_brand":[],"product_cat":[57],"product_tag":[],"class_list":{"0":"post-8890","1":"product","2":"type-product","3":"status-publish","4":"has-post-thumbnail","6":"product_cat-haushalt-kochen","8":"first","9":"instock","10":"shipping-taxable","11":"product-type-simple"},"acf":[],"yoast_head":"<!-- This site is optimized with the Yoast SEO plugin v27.5 - https:\/\/yoast.com\/product\/yoast-seo-wordpress\/ -->\n<title>Teller porzellan 4er Set von Alain Monnens 10x12.5x4.5cm - Frank van de Wijgert partijhandel<\/title>\n<meta name=\"robots\" content=\"index, follow, max-snippet:-1, max-image-preview:large, max-video-preview:-1\" \/>\n<link rel=\"canonical\" href=\"https:\/\/www.fvdwpartijhandel.nl\/de\/product\/teller-porzellan-4er-set-von-alain-monnens-10x12-5x4-5cm\/\" \/>\n<meta property=\"og:locale\" content=\"de_DE\" \/>\n<meta property=\"og:type\" content=\"article\" \/>\n<meta property=\"og:title\" content=\"Teller porzellan 4er Set von Alain Monnens 10x12.5x4.5cm - Frank van de Wijgert partijhandel\" \/>\n<meta property=\"og:description\" content=\"Dieser Moments by Point-Virgule Teller ist aus strapazierf\u00e4higem Porzellan gefertigt und kann in der Sp\u00fclmaschine gereinigt werden. Der Teller kann verwendet werden, um ein St\u00fcck Kuchen oder ein Dessert sch\u00f6n zum Kaffee zu pr\u00e4sentieren oder um Tapas zu servieren. Mit der einzigartigen Kollektion von Moments by Point-Vigrule gestalten Sie den sch\u00f6nsten Esstisch. Die ungew\u00f6hnliche Form [&hellip;]\" \/>\n<meta property=\"og:url\" content=\"https:\/\/www.fvdwpartijhandel.nl\/de\/product\/teller-porzellan-4er-set-von-alain-monnens-10x12-5x4-5cm\/\" \/>\n<meta property=\"og:site_name\" content=\"Frank van de Wijgert partijhandel\" \/>\n<meta property=\"article:modified_time\" content=\"2025-12-12T10:34:10+00:00\" \/>\n<meta property=\"og:image\" content=\"https:\/\/www.fvdwpartijhandel.nl\/wp-content\/uploads\/2025\/08\/115805-N.jpg\" \/>\n\t<meta property=\"og:image:width\" content=\"500\" \/>\n\t<meta property=\"og:image:height\" content=\"500\" \/>\n\t<meta property=\"og:image:type\" content=\"image\/jpeg\" \/>\n<meta name=\"twitter:card\" content=\"summary_large_image\" \/>\n<script type=\"application\/ld+json\" class=\"yoast-schema-graph\">{\"@context\":\"https:\\\/\\\/schema.org\",\"@graph\":[{\"@type\":\"WebPage\",\"@id\":\"https:\\\/\\\/www.fvdwpartijhandel.nl\\\/de\\\/product\\\/teller-porzellan-4er-set-von-alain-monnens-10x12-5x4-5cm\\\/\",\"url\":\"https:\\\/\\\/www.fvdwpartijhandel.nl\\\/de\\\/product\\\/teller-porzellan-4er-set-von-alain-monnens-10x12-5x4-5cm\\\/\",\"name\":\"Teller porzellan 4er Set von Alain Monnens 10x12.5x4.5cm - Frank van de Wijgert partijhandel\",\"isPartOf\":{\"@id\":\"https:\\\/\\\/www.fvdwpartijhandel.nl\\\/de\\\/#website\"},\"primaryImageOfPage\":{\"@id\":\"https:\\\/\\\/www.fvdwpartijhandel.nl\\\/de\\\/product\\\/teller-porzellan-4er-set-von-alain-monnens-10x12-5x4-5cm\\\/#primaryimage\"},\"image\":{\"@id\":\"https:\\\/\\\/www.fvdwpartijhandel.nl\\\/de\\\/product\\\/teller-porzellan-4er-set-von-alain-monnens-10x12-5x4-5cm\\\/#primaryimage\"},\"thumbnailUrl\":\"https:\\\/\\\/www.fvdwpartijhandel.nl\\\/wp-content\\\/uploads\\\/2025\\\/08\\\/115805-N.jpg\",\"datePublished\":\"2025-08-19T07:31:50+00:00\",\"dateModified\":\"2025-12-12T10:34:10+00:00\",\"breadcrumb\":{\"@id\":\"https:\\\/\\\/www.fvdwpartijhandel.nl\\\/de\\\/product\\\/teller-porzellan-4er-set-von-alain-monnens-10x12-5x4-5cm\\\/#breadcrumb\"},\"inLanguage\":\"de\",\"potentialAction\":[{\"@type\":\"ReadAction\",\"target\":[\"https:\\\/\\\/www.fvdwpartijhandel.nl\\\/de\\\/product\\\/teller-porzellan-4er-set-von-alain-monnens-10x12-5x4-5cm\\\/\"]}]},{\"@type\":\"ImageObject\",\"inLanguage\":\"de\",\"@id\":\"https:\\\/\\\/www.fvdwpartijhandel.nl\\\/de\\\/product\\\/teller-porzellan-4er-set-von-alain-monnens-10x12-5x4-5cm\\\/#primaryimage\",\"url\":\"https:\\\/\\\/www.fvdwpartijhandel.nl\\\/wp-content\\\/uploads\\\/2025\\\/08\\\/115805-N.jpg\",\"contentUrl\":\"https:\\\/\\\/www.fvdwpartijhandel.nl\\\/wp-content\\\/uploads\\\/2025\\\/08\\\/115805-N.jpg\",\"width\":500,\"height\":500},{\"@type\":\"BreadcrumbList\",\"@id\":\"https:\\\/\\\/www.fvdwpartijhandel.nl\\\/de\\\/product\\\/teller-porzellan-4er-set-von-alain-monnens-10x12-5x4-5cm\\\/#breadcrumb\",\"itemListElement\":[{\"@type\":\"ListItem\",\"position\":1,\"name\":\"Startseite\",\"item\":\"https:\\\/\\\/www.fvdwpartijhandel.nl\\\/de\\\/startseite\\\/\"},{\"@type\":\"ListItem\",\"position\":2,\"name\":\"Shop\",\"item\":\"https:\\\/\\\/www.fvdwpartijhandel.nl\\\/de\\\/shop\\\/\"},{\"@type\":\"ListItem\",\"position\":3,\"name\":\"Teller porzellan 4er Set von Alain Monnens 10&#215;12.5&#215;4.5cm\"}]},{\"@type\":\"WebSite\",\"@id\":\"https:\\\/\\\/www.fvdwpartijhandel.nl\\\/de\\\/#website\",\"url\":\"https:\\\/\\\/www.fvdwpartijhandel.nl\\\/de\\\/\",\"name\":\"Frank van de Wijgert partijhandel\",\"description\":\"Al 10 jaar actief in de verkoop van restpartijen\",\"publisher\":{\"@id\":\"https:\\\/\\\/www.fvdwpartijhandel.nl\\\/de\\\/#organization\"},\"potentialAction\":[{\"@type\":\"SearchAction\",\"target\":{\"@type\":\"EntryPoint\",\"urlTemplate\":\"https:\\\/\\\/www.fvdwpartijhandel.nl\\\/de\\\/?s={search_term_string}\"},\"query-input\":{\"@type\":\"PropertyValueSpecification\",\"valueRequired\":true,\"valueName\":\"search_term_string\"}}],\"inLanguage\":\"de\"},{\"@type\":\"Organization\",\"@id\":\"https:\\\/\\\/www.fvdwpartijhandel.nl\\\/de\\\/#organization\",\"name\":\"Frank van de Wijgert partijhandel\",\"url\":\"https:\\\/\\\/www.fvdwpartijhandel.nl\\\/de\\\/\",\"logo\":{\"@type\":\"ImageObject\",\"inLanguage\":\"de\",\"@id\":\"https:\\\/\\\/www.fvdwpartijhandel.nl\\\/de\\\/#\\\/schema\\\/logo\\\/image\\\/\",\"url\":\"https:\\\/\\\/www.fvdwpartijhandel.nl\\\/wp-content\\\/uploads\\\/2025\\\/08\\\/Logo-Frank-van-de-Wijgert-nieuw-1.svg\",\"contentUrl\":\"https:\\\/\\\/www.fvdwpartijhandel.nl\\\/wp-content\\\/uploads\\\/2025\\\/08\\\/Logo-Frank-van-de-Wijgert-nieuw-1.svg\",\"width\":400,\"height\":57,\"caption\":\"Frank van de Wijgert partijhandel\"},\"image\":{\"@id\":\"https:\\\/\\\/www.fvdwpartijhandel.nl\\\/de\\\/#\\\/schema\\\/logo\\\/image\\\/\"}}]}<\/script>\n<!-- \/ Yoast SEO plugin. -->","yoast_head_json":{"title":"Teller porzellan 4er Set von Alain Monnens 10x12.5x4.5cm - Frank van de Wijgert partijhandel","robots":{"index":"index","follow":"follow","max-snippet":"max-snippet:-1","max-image-preview":"max-image-preview:large","max-video-preview":"max-video-preview:-1"},"canonical":"https:\/\/www.fvdwpartijhandel.nl\/de\/product\/teller-porzellan-4er-set-von-alain-monnens-10x12-5x4-5cm\/","og_locale":"de_DE","og_type":"article","og_title":"Teller porzellan 4er Set von Alain Monnens 10x12.5x4.5cm - Frank van de Wijgert partijhandel","og_description":"Dieser Moments by Point-Virgule Teller ist aus strapazierf\u00e4higem Porzellan gefertigt und kann in der Sp\u00fclmaschine gereinigt werden. Der Teller kann verwendet werden, um ein St\u00fcck Kuchen oder ein Dessert sch\u00f6n zum Kaffee zu pr\u00e4sentieren oder um Tapas zu servieren. Mit der einzigartigen Kollektion von Moments by Point-Vigrule gestalten Sie den sch\u00f6nsten Esstisch. Die ungew\u00f6hnliche Form [&hellip;]","og_url":"https:\/\/www.fvdwpartijhandel.nl\/de\/product\/teller-porzellan-4er-set-von-alain-monnens-10x12-5x4-5cm\/","og_site_name":"Frank van de Wijgert partijhandel","article_modified_time":"2025-12-12T10:34:10+00:00","og_image":[{"width":500,"height":500,"url":"https:\/\/www.fvdwpartijhandel.nl\/wp-content\/uploads\/2025\/08\/115805-N.jpg","type":"image\/jpeg"}],"twitter_card":"summary_large_image","schema":{"@context":"https:\/\/schema.org","@graph":[{"@type":"WebPage","@id":"https:\/\/www.fvdwpartijhandel.nl\/de\/product\/teller-porzellan-4er-set-von-alain-monnens-10x12-5x4-5cm\/","url":"https:\/\/www.fvdwpartijhandel.nl\/de\/product\/teller-porzellan-4er-set-von-alain-monnens-10x12-5x4-5cm\/","name":"Teller porzellan 4er Set von Alain Monnens 10x12.5x4.5cm - Frank van de Wijgert partijhandel","isPartOf":{"@id":"https:\/\/www.fvdwpartijhandel.nl\/de\/#website"},"primaryImageOfPage":{"@id":"https:\/\/www.fvdwpartijhandel.nl\/de\/product\/teller-porzellan-4er-set-von-alain-monnens-10x12-5x4-5cm\/#primaryimage"},"image":{"@id":"https:\/\/www.fvdwpartijhandel.nl\/de\/product\/teller-porzellan-4er-set-von-alain-monnens-10x12-5x4-5cm\/#primaryimage"},"thumbnailUrl":"https:\/\/www.fvdwpartijhandel.nl\/wp-content\/uploads\/2025\/08\/115805-N.jpg","datePublished":"2025-08-19T07:31:50+00:00","dateModified":"2025-12-12T10:34:10+00:00","breadcrumb":{"@id":"https:\/\/www.fvdwpartijhandel.nl\/de\/product\/teller-porzellan-4er-set-von-alain-monnens-10x12-5x4-5cm\/#breadcrumb"},"inLanguage":"de","potentialAction":[{"@type":"ReadAction","target":["https:\/\/www.fvdwpartijhandel.nl\/de\/product\/teller-porzellan-4er-set-von-alain-monnens-10x12-5x4-5cm\/"]}]},{"@type":"ImageObject","inLanguage":"de","@id":"https:\/\/www.fvdwpartijhandel.nl\/de\/product\/teller-porzellan-4er-set-von-alain-monnens-10x12-5x4-5cm\/#primaryimage","url":"https:\/\/www.fvdwpartijhandel.nl\/wp-content\/uploads\/2025\/08\/115805-N.jpg","contentUrl":"https:\/\/www.fvdwpartijhandel.nl\/wp-content\/uploads\/2025\/08\/115805-N.jpg","width":500,"height":500},{"@type":"BreadcrumbList","@id":"https:\/\/www.fvdwpartijhandel.nl\/de\/product\/teller-porzellan-4er-set-von-alain-monnens-10x12-5x4-5cm\/#breadcrumb","itemListElement":[{"@type":"ListItem","position":1,"name":"Startseite","item":"https:\/\/www.fvdwpartijhandel.nl\/de\/startseite\/"},{"@type":"ListItem","position":2,"name":"Shop","item":"https:\/\/www.fvdwpartijhandel.nl\/de\/shop\/"},{"@type":"ListItem","position":3,"name":"Teller porzellan 4er Set von Alain Monnens 10&#215;12.5&#215;4.5cm"}]},{"@type":"WebSite","@id":"https:\/\/www.fvdwpartijhandel.nl\/de\/#website","url":"https:\/\/www.fvdwpartijhandel.nl\/de\/","name":"Frank van de Wijgert partijhandel","description":"Al 10 jaar actief in de verkoop van restpartijen","publisher":{"@id":"https:\/\/www.fvdwpartijhandel.nl\/de\/#organization"},"potentialAction":[{"@type":"SearchAction","target":{"@type":"EntryPoint","urlTemplate":"https:\/\/www.fvdwpartijhandel.nl\/de\/?s={search_term_string}"},"query-input":{"@type":"PropertyValueSpecification","valueRequired":true,"valueName":"search_term_string"}}],"inLanguage":"de"},{"@type":"Organization","@id":"https:\/\/www.fvdwpartijhandel.nl\/de\/#organization","name":"Frank van de Wijgert partijhandel","url":"https:\/\/www.fvdwpartijhandel.nl\/de\/","logo":{"@type":"ImageObject","inLanguage":"de","@id":"https:\/\/www.fvdwpartijhandel.nl\/de\/#\/schema\/logo\/image\/","url":"https:\/\/www.fvdwpartijhandel.nl\/wp-content\/uploads\/2025\/08\/Logo-Frank-van-de-Wijgert-nieuw-1.svg","contentUrl":"https:\/\/www.fvdwpartijhandel.nl\/wp-content\/uploads\/2025\/08\/Logo-Frank-van-de-Wijgert-nieuw-1.svg","width":400,"height":57,"caption":"Frank van de Wijgert partijhandel"},"image":{"@id":"https:\/\/www.fvdwpartijhandel.nl\/de\/#\/schema\/logo\/image\/"}}]}},"_links":{"self":[{"href":"https:\/\/www.fvdwpartijhandel.nl\/de\/wp-json\/wp\/v2\/product\/8890","targetHints":{"allow":["GET"]}}],"collection":[{"href":"https:\/\/www.fvdwpartijhandel.nl\/de\/wp-json\/wp\/v2\/product"}],"about":[{"href":"https:\/\/www.fvdwpartijhandel.nl\/de\/wp-json\/wp\/v2\/types\/product"}],"wp:featuredmedia":[{"embeddable":true,"href":"https:\/\/www.fvdwpartijhandel.nl\/de\/wp-json\/wp\/v2\/media\/8891"}],"wp:attachment":[{"href":"https:\/\/www.fvdwpartijhandel.nl\/de\/wp-json\/wp\/v2\/media?parent=8890"}],"wp:term":[{"taxonomy":"product_brand","embeddable":true,"href":"https:\/\/www.fvdwpartijhandel.nl\/de\/wp-json\/wp\/v2\/product_brand?post=8890"},{"taxonomy":"product_cat","embeddable":true,"href":"https:\/\/www.fvdwpartijhandel.nl\/de\/wp-json\/wp\/v2\/product_cat?post=8890"},{"taxonomy":"product_tag","embeddable":true,"href":"https:\/\/www.fvdwpartijhandel.nl\/de\/wp-json\/wp\/v2\/product_tag?post=8890"}],"curies":[{"name":"wp","href":"https:\/\/api.w.org\/{rel}","templated":true}]}}