{"id":8711,"date":"2025-08-27T13:26:41","date_gmt":"2025-08-27T11:26:41","guid":{"rendered":"https:\/\/www.fvdwpartijhandel.nl\/product\/messerset-richardson-sheffield-3-teilig-in-box-kein-online-verkauf-verbraucher\/"},"modified":"2025-12-12T11:31:59","modified_gmt":"2025-12-12T10:31:59","slug":"messerset-richardson-sheffield-3-teilig-in-box-kein-online-verkauf-verbraucher","status":"publish","type":"product","link":"https:\/\/www.fvdwpartijhandel.nl\/de\/product\/messerset-richardson-sheffield-3-teilig-in-box-kein-online-verkauf-verbraucher\/","title":{"rendered":"Messerset Richardson Sheffield 3-teilig in Box Kein ONLINE-Verkauf Verbraucher !!!"},"content":{"rendered":"<p>Die Aspero Messer kombinieren Stil mit Funktionalit\u00e4t. Mit dem schlanken Griff und der mattierten, konisch zulaufenden Klinge haben die Messer alles, was Sie von Richardson Sheffield K\u00fcchenmessern erwarten. Dieses Set besteht aus 2 Messern und einer Gripi-Schere. Feine K\u00fcchenscheren, die einen ergonomisch geformten Griff haben und aus rutschfestem und weichem Kunststoff bestehen, damit Sie bequem und sicher arbeiten k\u00f6nnen. Und sehr praktisch: sie ist sowohl f\u00fcr Links- als auch f\u00fcr Rechtsh\u00e4nder geeignet.    <\/p>\n<p>Das Set enth\u00e4lt:<\/p>\n<p><strong>Gripi K\u00fcchenschere<\/strong><\/p>\n<p><strong>Kochmesser.<\/strong><\/p>\n<p><strong>Brotmesser<\/strong><\/p>\n<p>&nbsp;<\/p>\n","protected":false},"excerpt":{"rendered":"<p>Die Aspero Messer kombinieren Stil mit Funktionalit\u00e4t. Mit dem schlanken Griff und der mattierten, konisch zulaufenden Klinge haben die Messer alles, was Sie von Richardson Sheffield K\u00fcchenmessern erwarten. Dieses Set besteht aus 2 Messern und einer Gripi-Schere. Feine K\u00fcchenscheren, die einen ergonomisch geformten Griff haben und aus rutschfestem und weichem Kunststoff bestehen, damit Sie bequem [&hellip;]<\/p>\n","protected":false},"featured_media":8714,"template":"","meta":{"_acf_changed":false},"product_brand":[],"product_cat":[57],"product_tag":[],"class_list":{"0":"post-8711","1":"product","2":"type-product","3":"status-publish","4":"has-post-thumbnail","6":"product_cat-haushalt-kochen","8":"first","9":"instock","10":"shipping-taxable","11":"product-type-simple"},"acf":[],"yoast_head":"<!-- This site is optimized with the Yoast SEO plugin v27.5 - https:\/\/yoast.com\/product\/yoast-seo-wordpress\/ -->\n<title>Messerset Richardson Sheffield 3-teilig in Box Kein ONLINE-Verkauf Verbraucher !!! - Frank van de Wijgert partijhandel<\/title>\n<meta name=\"robots\" content=\"index, follow, max-snippet:-1, max-image-preview:large, max-video-preview:-1\" \/>\n<link rel=\"canonical\" href=\"https:\/\/www.fvdwpartijhandel.nl\/de\/product\/messerset-richardson-sheffield-3-teilig-in-box-kein-online-verkauf-verbraucher\/\" \/>\n<meta property=\"og:locale\" content=\"de_DE\" \/>\n<meta property=\"og:type\" content=\"article\" \/>\n<meta property=\"og:title\" content=\"Messerset Richardson Sheffield 3-teilig in Box Kein ONLINE-Verkauf Verbraucher !!! - Frank van de Wijgert partijhandel\" \/>\n<meta property=\"og:description\" content=\"Die Aspero Messer kombinieren Stil mit Funktionalit\u00e4t. Mit dem schlanken Griff und der mattierten, konisch zulaufenden Klinge haben die Messer alles, was Sie von Richardson Sheffield K\u00fcchenmessern erwarten. Dieses Set besteht aus 2 Messern und einer Gripi-Schere. Feine K\u00fcchenscheren, die einen ergonomisch geformten Griff haben und aus rutschfestem und weichem Kunststoff bestehen, damit Sie bequem [&hellip;]\" \/>\n<meta property=\"og:url\" content=\"https:\/\/www.fvdwpartijhandel.nl\/de\/product\/messerset-richardson-sheffield-3-teilig-in-box-kein-online-verkauf-verbraucher\/\" \/>\n<meta property=\"og:site_name\" content=\"Frank van de Wijgert partijhandel\" \/>\n<meta property=\"article:modified_time\" content=\"2025-12-12T10:31:59+00:00\" \/>\n<meta property=\"og:image\" content=\"https:\/\/www.fvdwpartijhandel.nl\/wp-content\/uploads\/2025\/08\/115976.jpg\" \/>\n\t<meta property=\"og:image:width\" content=\"500\" \/>\n\t<meta property=\"og:image:height\" content=\"500\" \/>\n\t<meta property=\"og:image:type\" content=\"image\/jpeg\" \/>\n<meta name=\"twitter:card\" content=\"summary_large_image\" \/>\n<script type=\"application\/ld+json\" class=\"yoast-schema-graph\">{\"@context\":\"https:\\\/\\\/schema.org\",\"@graph\":[{\"@type\":\"WebPage\",\"@id\":\"https:\\\/\\\/www.fvdwpartijhandel.nl\\\/de\\\/product\\\/messerset-richardson-sheffield-3-teilig-in-box-kein-online-verkauf-verbraucher\\\/\",\"url\":\"https:\\\/\\\/www.fvdwpartijhandel.nl\\\/de\\\/product\\\/messerset-richardson-sheffield-3-teilig-in-box-kein-online-verkauf-verbraucher\\\/\",\"name\":\"Messerset Richardson Sheffield 3-teilig in Box Kein ONLINE-Verkauf Verbraucher !!! - Frank van de Wijgert partijhandel\",\"isPartOf\":{\"@id\":\"https:\\\/\\\/www.fvdwpartijhandel.nl\\\/de\\\/#website\"},\"primaryImageOfPage\":{\"@id\":\"https:\\\/\\\/www.fvdwpartijhandel.nl\\\/de\\\/product\\\/messerset-richardson-sheffield-3-teilig-in-box-kein-online-verkauf-verbraucher\\\/#primaryimage\"},\"image\":{\"@id\":\"https:\\\/\\\/www.fvdwpartijhandel.nl\\\/de\\\/product\\\/messerset-richardson-sheffield-3-teilig-in-box-kein-online-verkauf-verbraucher\\\/#primaryimage\"},\"thumbnailUrl\":\"https:\\\/\\\/www.fvdwpartijhandel.nl\\\/wp-content\\\/uploads\\\/2025\\\/08\\\/115976.jpg\",\"datePublished\":\"2025-08-27T11:26:41+00:00\",\"dateModified\":\"2025-12-12T10:31:59+00:00\",\"breadcrumb\":{\"@id\":\"https:\\\/\\\/www.fvdwpartijhandel.nl\\\/de\\\/product\\\/messerset-richardson-sheffield-3-teilig-in-box-kein-online-verkauf-verbraucher\\\/#breadcrumb\"},\"inLanguage\":\"de\",\"potentialAction\":[{\"@type\":\"ReadAction\",\"target\":[\"https:\\\/\\\/www.fvdwpartijhandel.nl\\\/de\\\/product\\\/messerset-richardson-sheffield-3-teilig-in-box-kein-online-verkauf-verbraucher\\\/\"]}]},{\"@type\":\"ImageObject\",\"inLanguage\":\"de\",\"@id\":\"https:\\\/\\\/www.fvdwpartijhandel.nl\\\/de\\\/product\\\/messerset-richardson-sheffield-3-teilig-in-box-kein-online-verkauf-verbraucher\\\/#primaryimage\",\"url\":\"https:\\\/\\\/www.fvdwpartijhandel.nl\\\/wp-content\\\/uploads\\\/2025\\\/08\\\/115976.jpg\",\"contentUrl\":\"https:\\\/\\\/www.fvdwpartijhandel.nl\\\/wp-content\\\/uploads\\\/2025\\\/08\\\/115976.jpg\",\"width\":500,\"height\":500},{\"@type\":\"BreadcrumbList\",\"@id\":\"https:\\\/\\\/www.fvdwpartijhandel.nl\\\/de\\\/product\\\/messerset-richardson-sheffield-3-teilig-in-box-kein-online-verkauf-verbraucher\\\/#breadcrumb\",\"itemListElement\":[{\"@type\":\"ListItem\",\"position\":1,\"name\":\"Startseite\",\"item\":\"https:\\\/\\\/www.fvdwpartijhandel.nl\\\/de\\\/startseite\\\/\"},{\"@type\":\"ListItem\",\"position\":2,\"name\":\"Shop\",\"item\":\"https:\\\/\\\/www.fvdwpartijhandel.nl\\\/de\\\/shop\\\/\"},{\"@type\":\"ListItem\",\"position\":3,\"name\":\"Messerset Richardson Sheffield 3-teilig in Box Kein ONLINE-Verkauf Verbraucher !!!\"}]},{\"@type\":\"WebSite\",\"@id\":\"https:\\\/\\\/www.fvdwpartijhandel.nl\\\/de\\\/#website\",\"url\":\"https:\\\/\\\/www.fvdwpartijhandel.nl\\\/de\\\/\",\"name\":\"Frank van de Wijgert partijhandel\",\"description\":\"Al 10 jaar actief in de verkoop van restpartijen\",\"publisher\":{\"@id\":\"https:\\\/\\\/www.fvdwpartijhandel.nl\\\/de\\\/#organization\"},\"potentialAction\":[{\"@type\":\"SearchAction\",\"target\":{\"@type\":\"EntryPoint\",\"urlTemplate\":\"https:\\\/\\\/www.fvdwpartijhandel.nl\\\/de\\\/?s={search_term_string}\"},\"query-input\":{\"@type\":\"PropertyValueSpecification\",\"valueRequired\":true,\"valueName\":\"search_term_string\"}}],\"inLanguage\":\"de\"},{\"@type\":\"Organization\",\"@id\":\"https:\\\/\\\/www.fvdwpartijhandel.nl\\\/de\\\/#organization\",\"name\":\"Frank van de Wijgert partijhandel\",\"url\":\"https:\\\/\\\/www.fvdwpartijhandel.nl\\\/de\\\/\",\"logo\":{\"@type\":\"ImageObject\",\"inLanguage\":\"de\",\"@id\":\"https:\\\/\\\/www.fvdwpartijhandel.nl\\\/de\\\/#\\\/schema\\\/logo\\\/image\\\/\",\"url\":\"https:\\\/\\\/www.fvdwpartijhandel.nl\\\/wp-content\\\/uploads\\\/2025\\\/08\\\/Logo-Frank-van-de-Wijgert-nieuw-1.svg\",\"contentUrl\":\"https:\\\/\\\/www.fvdwpartijhandel.nl\\\/wp-content\\\/uploads\\\/2025\\\/08\\\/Logo-Frank-van-de-Wijgert-nieuw-1.svg\",\"width\":400,\"height\":57,\"caption\":\"Frank van de Wijgert partijhandel\"},\"image\":{\"@id\":\"https:\\\/\\\/www.fvdwpartijhandel.nl\\\/de\\\/#\\\/schema\\\/logo\\\/image\\\/\"}}]}<\/script>\n<!-- \/ Yoast SEO plugin. -->","yoast_head_json":{"title":"Messerset Richardson Sheffield 3-teilig in Box Kein ONLINE-Verkauf Verbraucher !!! - Frank van de Wijgert partijhandel","robots":{"index":"index","follow":"follow","max-snippet":"max-snippet:-1","max-image-preview":"max-image-preview:large","max-video-preview":"max-video-preview:-1"},"canonical":"https:\/\/www.fvdwpartijhandel.nl\/de\/product\/messerset-richardson-sheffield-3-teilig-in-box-kein-online-verkauf-verbraucher\/","og_locale":"de_DE","og_type":"article","og_title":"Messerset Richardson Sheffield 3-teilig in Box Kein ONLINE-Verkauf Verbraucher !!! - Frank van de Wijgert partijhandel","og_description":"Die Aspero Messer kombinieren Stil mit Funktionalit\u00e4t. Mit dem schlanken Griff und der mattierten, konisch zulaufenden Klinge haben die Messer alles, was Sie von Richardson Sheffield K\u00fcchenmessern erwarten. Dieses Set besteht aus 2 Messern und einer Gripi-Schere. Feine K\u00fcchenscheren, die einen ergonomisch geformten Griff haben und aus rutschfestem und weichem Kunststoff bestehen, damit Sie bequem [&hellip;]","og_url":"https:\/\/www.fvdwpartijhandel.nl\/de\/product\/messerset-richardson-sheffield-3-teilig-in-box-kein-online-verkauf-verbraucher\/","og_site_name":"Frank van de Wijgert partijhandel","article_modified_time":"2025-12-12T10:31:59+00:00","og_image":[{"width":500,"height":500,"url":"https:\/\/www.fvdwpartijhandel.nl\/wp-content\/uploads\/2025\/08\/115976.jpg","type":"image\/jpeg"}],"twitter_card":"summary_large_image","schema":{"@context":"https:\/\/schema.org","@graph":[{"@type":"WebPage","@id":"https:\/\/www.fvdwpartijhandel.nl\/de\/product\/messerset-richardson-sheffield-3-teilig-in-box-kein-online-verkauf-verbraucher\/","url":"https:\/\/www.fvdwpartijhandel.nl\/de\/product\/messerset-richardson-sheffield-3-teilig-in-box-kein-online-verkauf-verbraucher\/","name":"Messerset Richardson Sheffield 3-teilig in Box Kein ONLINE-Verkauf Verbraucher !!! - Frank van de Wijgert partijhandel","isPartOf":{"@id":"https:\/\/www.fvdwpartijhandel.nl\/de\/#website"},"primaryImageOfPage":{"@id":"https:\/\/www.fvdwpartijhandel.nl\/de\/product\/messerset-richardson-sheffield-3-teilig-in-box-kein-online-verkauf-verbraucher\/#primaryimage"},"image":{"@id":"https:\/\/www.fvdwpartijhandel.nl\/de\/product\/messerset-richardson-sheffield-3-teilig-in-box-kein-online-verkauf-verbraucher\/#primaryimage"},"thumbnailUrl":"https:\/\/www.fvdwpartijhandel.nl\/wp-content\/uploads\/2025\/08\/115976.jpg","datePublished":"2025-08-27T11:26:41+00:00","dateModified":"2025-12-12T10:31:59+00:00","breadcrumb":{"@id":"https:\/\/www.fvdwpartijhandel.nl\/de\/product\/messerset-richardson-sheffield-3-teilig-in-box-kein-online-verkauf-verbraucher\/#breadcrumb"},"inLanguage":"de","potentialAction":[{"@type":"ReadAction","target":["https:\/\/www.fvdwpartijhandel.nl\/de\/product\/messerset-richardson-sheffield-3-teilig-in-box-kein-online-verkauf-verbraucher\/"]}]},{"@type":"ImageObject","inLanguage":"de","@id":"https:\/\/www.fvdwpartijhandel.nl\/de\/product\/messerset-richardson-sheffield-3-teilig-in-box-kein-online-verkauf-verbraucher\/#primaryimage","url":"https:\/\/www.fvdwpartijhandel.nl\/wp-content\/uploads\/2025\/08\/115976.jpg","contentUrl":"https:\/\/www.fvdwpartijhandel.nl\/wp-content\/uploads\/2025\/08\/115976.jpg","width":500,"height":500},{"@type":"BreadcrumbList","@id":"https:\/\/www.fvdwpartijhandel.nl\/de\/product\/messerset-richardson-sheffield-3-teilig-in-box-kein-online-verkauf-verbraucher\/#breadcrumb","itemListElement":[{"@type":"ListItem","position":1,"name":"Startseite","item":"https:\/\/www.fvdwpartijhandel.nl\/de\/startseite\/"},{"@type":"ListItem","position":2,"name":"Shop","item":"https:\/\/www.fvdwpartijhandel.nl\/de\/shop\/"},{"@type":"ListItem","position":3,"name":"Messerset Richardson Sheffield 3-teilig in Box Kein ONLINE-Verkauf Verbraucher !!!"}]},{"@type":"WebSite","@id":"https:\/\/www.fvdwpartijhandel.nl\/de\/#website","url":"https:\/\/www.fvdwpartijhandel.nl\/de\/","name":"Frank van de Wijgert partijhandel","description":"Al 10 jaar actief in de verkoop van restpartijen","publisher":{"@id":"https:\/\/www.fvdwpartijhandel.nl\/de\/#organization"},"potentialAction":[{"@type":"SearchAction","target":{"@type":"EntryPoint","urlTemplate":"https:\/\/www.fvdwpartijhandel.nl\/de\/?s={search_term_string}"},"query-input":{"@type":"PropertyValueSpecification","valueRequired":true,"valueName":"search_term_string"}}],"inLanguage":"de"},{"@type":"Organization","@id":"https:\/\/www.fvdwpartijhandel.nl\/de\/#organization","name":"Frank van de Wijgert partijhandel","url":"https:\/\/www.fvdwpartijhandel.nl\/de\/","logo":{"@type":"ImageObject","inLanguage":"de","@id":"https:\/\/www.fvdwpartijhandel.nl\/de\/#\/schema\/logo\/image\/","url":"https:\/\/www.fvdwpartijhandel.nl\/wp-content\/uploads\/2025\/08\/Logo-Frank-van-de-Wijgert-nieuw-1.svg","contentUrl":"https:\/\/www.fvdwpartijhandel.nl\/wp-content\/uploads\/2025\/08\/Logo-Frank-van-de-Wijgert-nieuw-1.svg","width":400,"height":57,"caption":"Frank van de Wijgert partijhandel"},"image":{"@id":"https:\/\/www.fvdwpartijhandel.nl\/de\/#\/schema\/logo\/image\/"}}]}},"_links":{"self":[{"href":"https:\/\/www.fvdwpartijhandel.nl\/de\/wp-json\/wp\/v2\/product\/8711","targetHints":{"allow":["GET"]}}],"collection":[{"href":"https:\/\/www.fvdwpartijhandel.nl\/de\/wp-json\/wp\/v2\/product"}],"about":[{"href":"https:\/\/www.fvdwpartijhandel.nl\/de\/wp-json\/wp\/v2\/types\/product"}],"wp:featuredmedia":[{"embeddable":true,"href":"https:\/\/www.fvdwpartijhandel.nl\/de\/wp-json\/wp\/v2\/media\/8714"}],"wp:attachment":[{"href":"https:\/\/www.fvdwpartijhandel.nl\/de\/wp-json\/wp\/v2\/media?parent=8711"}],"wp:term":[{"taxonomy":"product_brand","embeddable":true,"href":"https:\/\/www.fvdwpartijhandel.nl\/de\/wp-json\/wp\/v2\/product_brand?post=8711"},{"taxonomy":"product_cat","embeddable":true,"href":"https:\/\/www.fvdwpartijhandel.nl\/de\/wp-json\/wp\/v2\/product_cat?post=8711"},{"taxonomy":"product_tag","embeddable":true,"href":"https:\/\/www.fvdwpartijhandel.nl\/de\/wp-json\/wp\/v2\/product_tag?post=8711"}],"curies":[{"name":"wp","href":"https:\/\/api.w.org\/{rel}","templated":true}]}}