{"id":8627,"date":"2025-08-27T13:27:36","date_gmt":"2025-08-27T11:27:36","guid":{"rendered":"https:\/\/www.fvdwpartijhandel.nl\/product\/sporthandtuch-lotto-100x180cm-pink-pink\/"},"modified":"2026-02-24T10:26:08","modified_gmt":"2026-02-24T09:26:08","slug":"sporthandtuch-lotto-100x180cm-pink-pink","status":"publish","type":"product","link":"https:\/\/www.fvdwpartijhandel.nl\/de\/product\/sporthandtuch-lotto-100x180cm-pink-pink\/","title":{"rendered":"Sporthandtuch Lotto 100x180cm Pink- Pink"},"content":{"rendered":"<p><strong>Erleben Sie ultimativen Komfort mit dem Lotto Sporthandtuch &#8211; schnell trocknend, stilvoll und extra ger\u00e4umig!<\/strong><br \/>\nOb Sie im Fitnessstudio trainieren, einen Saunagang genie\u00dfen oder am Strand entspannen &#8211; das <strong>Lotto Sporthandtuch<\/strong> sorgt f\u00fcr optimalen Komfort und Frische. Dank seiner gro\u00dfz\u00fcgigen Gr\u00f6\u00dfe von <strong>100 \u00d7 180 cm<\/strong> haben Sie immer viel Platz und Komfort. Das <strong>hochwertige Mikrofasergewebe<\/strong> ist extrem saugf\u00e4hig, trocknet schnell und f\u00fchlt sich weich auf der Haut an. Kompakt zum Zusammenrollen, leicht und perfekt f\u00fcr die Reise &#8211; dieses Handtuch sollte in Ihrer Sportausr\u00fcstung nicht fehlen!   <\/p>\n","protected":false},"excerpt":{"rendered":"<p>Erleben Sie ultimativen Komfort mit dem Lotto Sporthandtuch &#8211; schnell trocknend, stilvoll und extra ger\u00e4umig! Ob Sie im Fitnessstudio trainieren, einen Saunagang genie\u00dfen oder am Strand entspannen &#8211; das Lotto Sporthandtuch sorgt f\u00fcr optimalen Komfort und Frische. Dank seiner gro\u00dfz\u00fcgigen Gr\u00f6\u00dfe von 100 \u00d7 180 cm haben Sie immer viel Platz und Komfort. Das hochwertige [&hellip;]<\/p>\n","protected":false},"featured_media":8629,"template":"","meta":{"_acf_changed":false},"product_brand":[],"product_cat":[56],"product_tag":[],"class_list":{"0":"post-8627","1":"product","2":"type-product","3":"status-publish","4":"has-post-thumbnail","6":"product_cat-pflege","8":"first","9":"instock","10":"shipping-taxable","11":"purchasable","12":"product-type-simple"},"acf":[],"yoast_head":"<!-- This site is optimized with the Yoast SEO plugin v27.2 - https:\/\/yoast.com\/product\/yoast-seo-wordpress\/ -->\n<title>Sporthandtuch Lotto 100x180cm Pink- Pink - Frank van de Wijgert partijhandel<\/title>\n<meta name=\"robots\" content=\"index, follow, max-snippet:-1, max-image-preview:large, max-video-preview:-1\" \/>\n<link rel=\"canonical\" href=\"https:\/\/www.fvdwpartijhandel.nl\/de\/product\/sporthandtuch-lotto-100x180cm-pink-pink\/\" \/>\n<meta property=\"og:locale\" content=\"de_DE\" \/>\n<meta property=\"og:type\" content=\"article\" \/>\n<meta property=\"og:title\" content=\"Sporthandtuch Lotto 100x180cm Pink- Pink - Frank van de Wijgert partijhandel\" \/>\n<meta property=\"og:description\" content=\"Erleben Sie ultimativen Komfort mit dem Lotto Sporthandtuch &#8211; schnell trocknend, stilvoll und extra ger\u00e4umig! Ob Sie im Fitnessstudio trainieren, einen Saunagang genie\u00dfen oder am Strand entspannen &#8211; das Lotto Sporthandtuch sorgt f\u00fcr optimalen Komfort und Frische. Dank seiner gro\u00dfz\u00fcgigen Gr\u00f6\u00dfe von 100 \u00d7 180 cm haben Sie immer viel Platz und Komfort. Das hochwertige [&hellip;]\" \/>\n<meta property=\"og:url\" content=\"https:\/\/www.fvdwpartijhandel.nl\/de\/product\/sporthandtuch-lotto-100x180cm-pink-pink\/\" \/>\n<meta property=\"og:site_name\" content=\"Frank van de Wijgert partijhandel\" \/>\n<meta property=\"article:modified_time\" content=\"2026-02-24T09:26:08+00:00\" \/>\n<meta property=\"og:image\" content=\"https:\/\/www.fvdwpartijhandel.nl\/wp-content\/uploads\/2025\/08\/116034.jpg\" \/>\n\t<meta property=\"og:image:width\" content=\"500\" \/>\n\t<meta property=\"og:image:height\" content=\"500\" \/>\n\t<meta property=\"og:image:type\" content=\"image\/jpeg\" \/>\n<meta name=\"twitter:card\" content=\"summary_large_image\" \/>\n<script type=\"application\/ld+json\" class=\"yoast-schema-graph\">{\"@context\":\"https:\/\/schema.org\",\"@graph\":[{\"@type\":\"WebPage\",\"@id\":\"https:\/\/www.fvdwpartijhandel.nl\/de\/product\/sporthandtuch-lotto-100x180cm-pink-pink\/\",\"url\":\"https:\/\/www.fvdwpartijhandel.nl\/de\/product\/sporthandtuch-lotto-100x180cm-pink-pink\/\",\"name\":\"Sporthandtuch Lotto 100x180cm Pink- Pink - Frank van de Wijgert partijhandel\",\"isPartOf\":{\"@id\":\"https:\/\/www.fvdwpartijhandel.nl\/de\/#website\"},\"primaryImageOfPage\":{\"@id\":\"https:\/\/www.fvdwpartijhandel.nl\/de\/product\/sporthandtuch-lotto-100x180cm-pink-pink\/#primaryimage\"},\"image\":{\"@id\":\"https:\/\/www.fvdwpartijhandel.nl\/de\/product\/sporthandtuch-lotto-100x180cm-pink-pink\/#primaryimage\"},\"thumbnailUrl\":\"https:\/\/www.fvdwpartijhandel.nl\/wp-content\/uploads\/2025\/08\/116034.jpg\",\"datePublished\":\"2025-08-27T11:27:36+00:00\",\"dateModified\":\"2026-02-24T09:26:08+00:00\",\"breadcrumb\":{\"@id\":\"https:\/\/www.fvdwpartijhandel.nl\/de\/product\/sporthandtuch-lotto-100x180cm-pink-pink\/#breadcrumb\"},\"inLanguage\":\"de\",\"potentialAction\":[{\"@type\":\"ReadAction\",\"target\":[\"https:\/\/www.fvdwpartijhandel.nl\/de\/product\/sporthandtuch-lotto-100x180cm-pink-pink\/\"]}]},{\"@type\":\"ImageObject\",\"inLanguage\":\"de\",\"@id\":\"https:\/\/www.fvdwpartijhandel.nl\/de\/product\/sporthandtuch-lotto-100x180cm-pink-pink\/#primaryimage\",\"url\":\"https:\/\/www.fvdwpartijhandel.nl\/wp-content\/uploads\/2025\/08\/116034.jpg\",\"contentUrl\":\"https:\/\/www.fvdwpartijhandel.nl\/wp-content\/uploads\/2025\/08\/116034.jpg\",\"width\":500,\"height\":500},{\"@type\":\"BreadcrumbList\",\"@id\":\"https:\/\/www.fvdwpartijhandel.nl\/de\/product\/sporthandtuch-lotto-100x180cm-pink-pink\/#breadcrumb\",\"itemListElement\":[{\"@type\":\"ListItem\",\"position\":1,\"name\":\"Startseite\",\"item\":\"https:\/\/www.fvdwpartijhandel.nl\/de\/startseite\/\"},{\"@type\":\"ListItem\",\"position\":2,\"name\":\"Shop\",\"item\":\"https:\/\/www.fvdwpartijhandel.nl\/de\/shop\/\"},{\"@type\":\"ListItem\",\"position\":3,\"name\":\"Sporthandtuch Lotto 100x180cm Pink- Pink\"}]},{\"@type\":\"WebSite\",\"@id\":\"https:\/\/www.fvdwpartijhandel.nl\/de\/#website\",\"url\":\"https:\/\/www.fvdwpartijhandel.nl\/de\/\",\"name\":\"Frank van de Wijgert partijhandel\",\"description\":\"Al 10 jaar actief in de verkoop van restpartijen\",\"publisher\":{\"@id\":\"https:\/\/www.fvdwpartijhandel.nl\/de\/#organization\"},\"potentialAction\":[{\"@type\":\"SearchAction\",\"target\":{\"@type\":\"EntryPoint\",\"urlTemplate\":\"https:\/\/www.fvdwpartijhandel.nl\/de\/?s={search_term_string}\"},\"query-input\":{\"@type\":\"PropertyValueSpecification\",\"valueRequired\":true,\"valueName\":\"search_term_string\"}}],\"inLanguage\":\"de\"},{\"@type\":\"Organization\",\"@id\":\"https:\/\/www.fvdwpartijhandel.nl\/de\/#organization\",\"name\":\"Frank van de Wijgert partijhandel\",\"url\":\"https:\/\/www.fvdwpartijhandel.nl\/de\/\",\"logo\":{\"@type\":\"ImageObject\",\"inLanguage\":\"de\",\"@id\":\"https:\/\/www.fvdwpartijhandel.nl\/de\/#\/schema\/logo\/image\/\",\"url\":\"https:\/\/www.fvdwpartijhandel.nl\/wp-content\/uploads\/2025\/08\/Logo-Frank-van-de-Wijgert-nieuw-1.svg\",\"contentUrl\":\"https:\/\/www.fvdwpartijhandel.nl\/wp-content\/uploads\/2025\/08\/Logo-Frank-van-de-Wijgert-nieuw-1.svg\",\"width\":400,\"height\":57,\"caption\":\"Frank van de Wijgert partijhandel\"},\"image\":{\"@id\":\"https:\/\/www.fvdwpartijhandel.nl\/de\/#\/schema\/logo\/image\/\"}}]}<\/script>\n<!-- \/ Yoast SEO plugin. -->","yoast_head_json":{"title":"Sporthandtuch Lotto 100x180cm Pink- Pink - Frank van de Wijgert partijhandel","robots":{"index":"index","follow":"follow","max-snippet":"max-snippet:-1","max-image-preview":"max-image-preview:large","max-video-preview":"max-video-preview:-1"},"canonical":"https:\/\/www.fvdwpartijhandel.nl\/de\/product\/sporthandtuch-lotto-100x180cm-pink-pink\/","og_locale":"de_DE","og_type":"article","og_title":"Sporthandtuch Lotto 100x180cm Pink- Pink - Frank van de Wijgert partijhandel","og_description":"Erleben Sie ultimativen Komfort mit dem Lotto Sporthandtuch &#8211; schnell trocknend, stilvoll und extra ger\u00e4umig! Ob Sie im Fitnessstudio trainieren, einen Saunagang genie\u00dfen oder am Strand entspannen &#8211; das Lotto Sporthandtuch sorgt f\u00fcr optimalen Komfort und Frische. Dank seiner gro\u00dfz\u00fcgigen Gr\u00f6\u00dfe von 100 \u00d7 180 cm haben Sie immer viel Platz und Komfort. Das hochwertige [&hellip;]","og_url":"https:\/\/www.fvdwpartijhandel.nl\/de\/product\/sporthandtuch-lotto-100x180cm-pink-pink\/","og_site_name":"Frank van de Wijgert partijhandel","article_modified_time":"2026-02-24T09:26:08+00:00","og_image":[{"width":500,"height":500,"url":"https:\/\/www.fvdwpartijhandel.nl\/wp-content\/uploads\/2025\/08\/116034.jpg","type":"image\/jpeg"}],"twitter_card":"summary_large_image","schema":{"@context":"https:\/\/schema.org","@graph":[{"@type":"WebPage","@id":"https:\/\/www.fvdwpartijhandel.nl\/de\/product\/sporthandtuch-lotto-100x180cm-pink-pink\/","url":"https:\/\/www.fvdwpartijhandel.nl\/de\/product\/sporthandtuch-lotto-100x180cm-pink-pink\/","name":"Sporthandtuch Lotto 100x180cm Pink- Pink - Frank van de Wijgert partijhandel","isPartOf":{"@id":"https:\/\/www.fvdwpartijhandel.nl\/de\/#website"},"primaryImageOfPage":{"@id":"https:\/\/www.fvdwpartijhandel.nl\/de\/product\/sporthandtuch-lotto-100x180cm-pink-pink\/#primaryimage"},"image":{"@id":"https:\/\/www.fvdwpartijhandel.nl\/de\/product\/sporthandtuch-lotto-100x180cm-pink-pink\/#primaryimage"},"thumbnailUrl":"https:\/\/www.fvdwpartijhandel.nl\/wp-content\/uploads\/2025\/08\/116034.jpg","datePublished":"2025-08-27T11:27:36+00:00","dateModified":"2026-02-24T09:26:08+00:00","breadcrumb":{"@id":"https:\/\/www.fvdwpartijhandel.nl\/de\/product\/sporthandtuch-lotto-100x180cm-pink-pink\/#breadcrumb"},"inLanguage":"de","potentialAction":[{"@type":"ReadAction","target":["https:\/\/www.fvdwpartijhandel.nl\/de\/product\/sporthandtuch-lotto-100x180cm-pink-pink\/"]}]},{"@type":"ImageObject","inLanguage":"de","@id":"https:\/\/www.fvdwpartijhandel.nl\/de\/product\/sporthandtuch-lotto-100x180cm-pink-pink\/#primaryimage","url":"https:\/\/www.fvdwpartijhandel.nl\/wp-content\/uploads\/2025\/08\/116034.jpg","contentUrl":"https:\/\/www.fvdwpartijhandel.nl\/wp-content\/uploads\/2025\/08\/116034.jpg","width":500,"height":500},{"@type":"BreadcrumbList","@id":"https:\/\/www.fvdwpartijhandel.nl\/de\/product\/sporthandtuch-lotto-100x180cm-pink-pink\/#breadcrumb","itemListElement":[{"@type":"ListItem","position":1,"name":"Startseite","item":"https:\/\/www.fvdwpartijhandel.nl\/de\/startseite\/"},{"@type":"ListItem","position":2,"name":"Shop","item":"https:\/\/www.fvdwpartijhandel.nl\/de\/shop\/"},{"@type":"ListItem","position":3,"name":"Sporthandtuch Lotto 100x180cm Pink- Pink"}]},{"@type":"WebSite","@id":"https:\/\/www.fvdwpartijhandel.nl\/de\/#website","url":"https:\/\/www.fvdwpartijhandel.nl\/de\/","name":"Frank van de Wijgert partijhandel","description":"Al 10 jaar actief in de verkoop van restpartijen","publisher":{"@id":"https:\/\/www.fvdwpartijhandel.nl\/de\/#organization"},"potentialAction":[{"@type":"SearchAction","target":{"@type":"EntryPoint","urlTemplate":"https:\/\/www.fvdwpartijhandel.nl\/de\/?s={search_term_string}"},"query-input":{"@type":"PropertyValueSpecification","valueRequired":true,"valueName":"search_term_string"}}],"inLanguage":"de"},{"@type":"Organization","@id":"https:\/\/www.fvdwpartijhandel.nl\/de\/#organization","name":"Frank van de Wijgert partijhandel","url":"https:\/\/www.fvdwpartijhandel.nl\/de\/","logo":{"@type":"ImageObject","inLanguage":"de","@id":"https:\/\/www.fvdwpartijhandel.nl\/de\/#\/schema\/logo\/image\/","url":"https:\/\/www.fvdwpartijhandel.nl\/wp-content\/uploads\/2025\/08\/Logo-Frank-van-de-Wijgert-nieuw-1.svg","contentUrl":"https:\/\/www.fvdwpartijhandel.nl\/wp-content\/uploads\/2025\/08\/Logo-Frank-van-de-Wijgert-nieuw-1.svg","width":400,"height":57,"caption":"Frank van de Wijgert partijhandel"},"image":{"@id":"https:\/\/www.fvdwpartijhandel.nl\/de\/#\/schema\/logo\/image\/"}}]}},"_links":{"self":[{"href":"https:\/\/www.fvdwpartijhandel.nl\/de\/wp-json\/wp\/v2\/product\/8627","targetHints":{"allow":["GET"]}}],"collection":[{"href":"https:\/\/www.fvdwpartijhandel.nl\/de\/wp-json\/wp\/v2\/product"}],"about":[{"href":"https:\/\/www.fvdwpartijhandel.nl\/de\/wp-json\/wp\/v2\/types\/product"}],"wp:featuredmedia":[{"embeddable":true,"href":"https:\/\/www.fvdwpartijhandel.nl\/de\/wp-json\/wp\/v2\/media\/8629"}],"wp:attachment":[{"href":"https:\/\/www.fvdwpartijhandel.nl\/de\/wp-json\/wp\/v2\/media?parent=8627"}],"wp:term":[{"taxonomy":"product_brand","embeddable":true,"href":"https:\/\/www.fvdwpartijhandel.nl\/de\/wp-json\/wp\/v2\/product_brand?post=8627"},{"taxonomy":"product_cat","embeddable":true,"href":"https:\/\/www.fvdwpartijhandel.nl\/de\/wp-json\/wp\/v2\/product_cat?post=8627"},{"taxonomy":"product_tag","embeddable":true,"href":"https:\/\/www.fvdwpartijhandel.nl\/de\/wp-json\/wp\/v2\/product_tag?post=8627"}],"curies":[{"name":"wp","href":"https:\/\/api.w.org\/{rel}","templated":true}]}}