{"id":8619,"date":"2025-09-05T13:34:13","date_gmt":"2025-09-05T11:34:13","guid":{"rendered":"https:\/\/www.fvdwpartijhandel.nl\/product\/thermobecher-silver1200ml-mit-strohhalm-doppelwandig\/"},"modified":"2025-09-05T13:34:13","modified_gmt":"2025-09-05T11:34:13","slug":"thermobecher-silver1200ml-mit-strohhalm-doppelwandig","status":"publish","type":"product","link":"https:\/\/www.fvdwpartijhandel.nl\/de\/product\/thermobecher-silver1200ml-mit-strohhalm-doppelwandig\/","title":{"rendered":"Thermobecher Silver1200ml mit Strohhalm Doppelwandig"},"content":{"rendered":"<p><strong>Immer k\u00fchl und erfrischend &#8211; wo immer Sie sind.<\/strong><br \/>\nDiese Trinkflasche aus Edelstahl mit Strohhalm vereint Stil, Funktionalit\u00e4t und Haltbarkeit in einem. Mit einem gro\u00dfz\u00fcgigen Fassungsverm\u00f6gen von 1,2 Litern und einer hervorragenden Isolierung h\u00e4lt diese Flasche Ihre Getr\u00e4nke stundenlang auf der perfekten Temperatur. <\/p>\n","protected":false},"excerpt":{"rendered":"<p>Immer k\u00fchl und erfrischend &#8211; wo immer Sie sind. Diese Trinkflasche aus Edelstahl mit Strohhalm vereint Stil, Funktionalit\u00e4t und Haltbarkeit in einem. Mit einem gro\u00dfz\u00fcgigen Fassungsverm\u00f6gen von 1,2 Litern und einer hervorragenden Isolierung h\u00e4lt diese Flasche Ihre Getr\u00e4nke stundenlang auf der perfekten Temperatur.<\/p>\n","protected":false},"featured_media":8622,"template":"","meta":{"_acf_changed":false},"product_brand":[],"product_cat":[53],"product_tag":[],"class_list":{"0":"post-8619","1":"product","2":"type-product","3":"status-publish","4":"has-post-thumbnail","6":"product_cat-sonstiges","8":"first","9":"instock","10":"shipping-taxable","11":"product-type-simple"},"acf":[],"yoast_head":"<!-- This site is optimized with the Yoast SEO plugin v27.2 - https:\/\/yoast.com\/product\/yoast-seo-wordpress\/ -->\n<title>Thermobecher Silver1200ml mit Strohhalm Doppelwandig - Frank van de Wijgert partijhandel<\/title>\n<meta name=\"robots\" content=\"index, follow, max-snippet:-1, max-image-preview:large, max-video-preview:-1\" \/>\n<link rel=\"canonical\" href=\"https:\/\/www.fvdwpartijhandel.nl\/de\/product\/thermobecher-silver1200ml-mit-strohhalm-doppelwandig\/\" \/>\n<meta property=\"og:locale\" content=\"de_DE\" \/>\n<meta property=\"og:type\" content=\"article\" \/>\n<meta property=\"og:title\" content=\"Thermobecher Silver1200ml mit Strohhalm Doppelwandig - Frank van de Wijgert partijhandel\" \/>\n<meta property=\"og:description\" content=\"Immer k\u00fchl und erfrischend &#8211; wo immer Sie sind. Diese Trinkflasche aus Edelstahl mit Strohhalm vereint Stil, Funktionalit\u00e4t und Haltbarkeit in einem. Mit einem gro\u00dfz\u00fcgigen Fassungsverm\u00f6gen von 1,2 Litern und einer hervorragenden Isolierung h\u00e4lt diese Flasche Ihre Getr\u00e4nke stundenlang auf der perfekten Temperatur.\" \/>\n<meta property=\"og:url\" content=\"https:\/\/www.fvdwpartijhandel.nl\/de\/product\/thermobecher-silver1200ml-mit-strohhalm-doppelwandig\/\" \/>\n<meta property=\"og:site_name\" content=\"Frank van de Wijgert partijhandel\" \/>\n<meta property=\"og:image\" content=\"https:\/\/www.fvdwpartijhandel.nl\/wp-content\/uploads\/2025\/09\/116164-N.jpg\" \/>\n\t<meta property=\"og:image:width\" content=\"500\" \/>\n\t<meta property=\"og:image:height\" content=\"500\" \/>\n\t<meta property=\"og:image:type\" content=\"image\/jpeg\" \/>\n<meta name=\"twitter:card\" content=\"summary_large_image\" \/>\n<script type=\"application\/ld+json\" class=\"yoast-schema-graph\">{\"@context\":\"https:\/\/schema.org\",\"@graph\":[{\"@type\":\"WebPage\",\"@id\":\"https:\/\/www.fvdwpartijhandel.nl\/de\/product\/thermobecher-silver1200ml-mit-strohhalm-doppelwandig\/\",\"url\":\"https:\/\/www.fvdwpartijhandel.nl\/de\/product\/thermobecher-silver1200ml-mit-strohhalm-doppelwandig\/\",\"name\":\"Thermobecher Silver1200ml mit Strohhalm Doppelwandig - Frank van de Wijgert partijhandel\",\"isPartOf\":{\"@id\":\"https:\/\/www.fvdwpartijhandel.nl\/de\/#website\"},\"primaryImageOfPage\":{\"@id\":\"https:\/\/www.fvdwpartijhandel.nl\/de\/product\/thermobecher-silver1200ml-mit-strohhalm-doppelwandig\/#primaryimage\"},\"image\":{\"@id\":\"https:\/\/www.fvdwpartijhandel.nl\/de\/product\/thermobecher-silver1200ml-mit-strohhalm-doppelwandig\/#primaryimage\"},\"thumbnailUrl\":\"https:\/\/www.fvdwpartijhandel.nl\/wp-content\/uploads\/2025\/09\/116164-N.jpg\",\"datePublished\":\"2025-09-05T11:34:13+00:00\",\"breadcrumb\":{\"@id\":\"https:\/\/www.fvdwpartijhandel.nl\/de\/product\/thermobecher-silver1200ml-mit-strohhalm-doppelwandig\/#breadcrumb\"},\"inLanguage\":\"de\",\"potentialAction\":[{\"@type\":\"ReadAction\",\"target\":[\"https:\/\/www.fvdwpartijhandel.nl\/de\/product\/thermobecher-silver1200ml-mit-strohhalm-doppelwandig\/\"]}]},{\"@type\":\"ImageObject\",\"inLanguage\":\"de\",\"@id\":\"https:\/\/www.fvdwpartijhandel.nl\/de\/product\/thermobecher-silver1200ml-mit-strohhalm-doppelwandig\/#primaryimage\",\"url\":\"https:\/\/www.fvdwpartijhandel.nl\/wp-content\/uploads\/2025\/09\/116164-N.jpg\",\"contentUrl\":\"https:\/\/www.fvdwpartijhandel.nl\/wp-content\/uploads\/2025\/09\/116164-N.jpg\",\"width\":500,\"height\":500},{\"@type\":\"BreadcrumbList\",\"@id\":\"https:\/\/www.fvdwpartijhandel.nl\/de\/product\/thermobecher-silver1200ml-mit-strohhalm-doppelwandig\/#breadcrumb\",\"itemListElement\":[{\"@type\":\"ListItem\",\"position\":1,\"name\":\"Startseite\",\"item\":\"https:\/\/www.fvdwpartijhandel.nl\/de\/startseite\/\"},{\"@type\":\"ListItem\",\"position\":2,\"name\":\"Shop\",\"item\":\"https:\/\/www.fvdwpartijhandel.nl\/de\/shop\/\"},{\"@type\":\"ListItem\",\"position\":3,\"name\":\"Thermobecher Silver1200ml mit Strohhalm Doppelwandig\"}]},{\"@type\":\"WebSite\",\"@id\":\"https:\/\/www.fvdwpartijhandel.nl\/de\/#website\",\"url\":\"https:\/\/www.fvdwpartijhandel.nl\/de\/\",\"name\":\"Frank van de Wijgert partijhandel\",\"description\":\"Al 10 jaar actief in de verkoop van restpartijen\",\"publisher\":{\"@id\":\"https:\/\/www.fvdwpartijhandel.nl\/de\/#organization\"},\"potentialAction\":[{\"@type\":\"SearchAction\",\"target\":{\"@type\":\"EntryPoint\",\"urlTemplate\":\"https:\/\/www.fvdwpartijhandel.nl\/de\/?s={search_term_string}\"},\"query-input\":{\"@type\":\"PropertyValueSpecification\",\"valueRequired\":true,\"valueName\":\"search_term_string\"}}],\"inLanguage\":\"de\"},{\"@type\":\"Organization\",\"@id\":\"https:\/\/www.fvdwpartijhandel.nl\/de\/#organization\",\"name\":\"Frank van de Wijgert partijhandel\",\"url\":\"https:\/\/www.fvdwpartijhandel.nl\/de\/\",\"logo\":{\"@type\":\"ImageObject\",\"inLanguage\":\"de\",\"@id\":\"https:\/\/www.fvdwpartijhandel.nl\/de\/#\/schema\/logo\/image\/\",\"url\":\"https:\/\/www.fvdwpartijhandel.nl\/wp-content\/uploads\/2025\/08\/Logo-Frank-van-de-Wijgert-nieuw-1.svg\",\"contentUrl\":\"https:\/\/www.fvdwpartijhandel.nl\/wp-content\/uploads\/2025\/08\/Logo-Frank-van-de-Wijgert-nieuw-1.svg\",\"width\":400,\"height\":57,\"caption\":\"Frank van de Wijgert partijhandel\"},\"image\":{\"@id\":\"https:\/\/www.fvdwpartijhandel.nl\/de\/#\/schema\/logo\/image\/\"}}]}<\/script>\n<!-- \/ Yoast SEO plugin. -->","yoast_head_json":{"title":"Thermobecher Silver1200ml mit Strohhalm Doppelwandig - Frank van de Wijgert partijhandel","robots":{"index":"index","follow":"follow","max-snippet":"max-snippet:-1","max-image-preview":"max-image-preview:large","max-video-preview":"max-video-preview:-1"},"canonical":"https:\/\/www.fvdwpartijhandel.nl\/de\/product\/thermobecher-silver1200ml-mit-strohhalm-doppelwandig\/","og_locale":"de_DE","og_type":"article","og_title":"Thermobecher Silver1200ml mit Strohhalm Doppelwandig - Frank van de Wijgert partijhandel","og_description":"Immer k\u00fchl und erfrischend &#8211; wo immer Sie sind. Diese Trinkflasche aus Edelstahl mit Strohhalm vereint Stil, Funktionalit\u00e4t und Haltbarkeit in einem. Mit einem gro\u00dfz\u00fcgigen Fassungsverm\u00f6gen von 1,2 Litern und einer hervorragenden Isolierung h\u00e4lt diese Flasche Ihre Getr\u00e4nke stundenlang auf der perfekten Temperatur.","og_url":"https:\/\/www.fvdwpartijhandel.nl\/de\/product\/thermobecher-silver1200ml-mit-strohhalm-doppelwandig\/","og_site_name":"Frank van de Wijgert partijhandel","og_image":[{"width":500,"height":500,"url":"https:\/\/www.fvdwpartijhandel.nl\/wp-content\/uploads\/2025\/09\/116164-N.jpg","type":"image\/jpeg"}],"twitter_card":"summary_large_image","schema":{"@context":"https:\/\/schema.org","@graph":[{"@type":"WebPage","@id":"https:\/\/www.fvdwpartijhandel.nl\/de\/product\/thermobecher-silver1200ml-mit-strohhalm-doppelwandig\/","url":"https:\/\/www.fvdwpartijhandel.nl\/de\/product\/thermobecher-silver1200ml-mit-strohhalm-doppelwandig\/","name":"Thermobecher Silver1200ml mit Strohhalm Doppelwandig - Frank van de Wijgert partijhandel","isPartOf":{"@id":"https:\/\/www.fvdwpartijhandel.nl\/de\/#website"},"primaryImageOfPage":{"@id":"https:\/\/www.fvdwpartijhandel.nl\/de\/product\/thermobecher-silver1200ml-mit-strohhalm-doppelwandig\/#primaryimage"},"image":{"@id":"https:\/\/www.fvdwpartijhandel.nl\/de\/product\/thermobecher-silver1200ml-mit-strohhalm-doppelwandig\/#primaryimage"},"thumbnailUrl":"https:\/\/www.fvdwpartijhandel.nl\/wp-content\/uploads\/2025\/09\/116164-N.jpg","datePublished":"2025-09-05T11:34:13+00:00","breadcrumb":{"@id":"https:\/\/www.fvdwpartijhandel.nl\/de\/product\/thermobecher-silver1200ml-mit-strohhalm-doppelwandig\/#breadcrumb"},"inLanguage":"de","potentialAction":[{"@type":"ReadAction","target":["https:\/\/www.fvdwpartijhandel.nl\/de\/product\/thermobecher-silver1200ml-mit-strohhalm-doppelwandig\/"]}]},{"@type":"ImageObject","inLanguage":"de","@id":"https:\/\/www.fvdwpartijhandel.nl\/de\/product\/thermobecher-silver1200ml-mit-strohhalm-doppelwandig\/#primaryimage","url":"https:\/\/www.fvdwpartijhandel.nl\/wp-content\/uploads\/2025\/09\/116164-N.jpg","contentUrl":"https:\/\/www.fvdwpartijhandel.nl\/wp-content\/uploads\/2025\/09\/116164-N.jpg","width":500,"height":500},{"@type":"BreadcrumbList","@id":"https:\/\/www.fvdwpartijhandel.nl\/de\/product\/thermobecher-silver1200ml-mit-strohhalm-doppelwandig\/#breadcrumb","itemListElement":[{"@type":"ListItem","position":1,"name":"Startseite","item":"https:\/\/www.fvdwpartijhandel.nl\/de\/startseite\/"},{"@type":"ListItem","position":2,"name":"Shop","item":"https:\/\/www.fvdwpartijhandel.nl\/de\/shop\/"},{"@type":"ListItem","position":3,"name":"Thermobecher Silver1200ml mit Strohhalm Doppelwandig"}]},{"@type":"WebSite","@id":"https:\/\/www.fvdwpartijhandel.nl\/de\/#website","url":"https:\/\/www.fvdwpartijhandel.nl\/de\/","name":"Frank van de Wijgert partijhandel","description":"Al 10 jaar actief in de verkoop van restpartijen","publisher":{"@id":"https:\/\/www.fvdwpartijhandel.nl\/de\/#organization"},"potentialAction":[{"@type":"SearchAction","target":{"@type":"EntryPoint","urlTemplate":"https:\/\/www.fvdwpartijhandel.nl\/de\/?s={search_term_string}"},"query-input":{"@type":"PropertyValueSpecification","valueRequired":true,"valueName":"search_term_string"}}],"inLanguage":"de"},{"@type":"Organization","@id":"https:\/\/www.fvdwpartijhandel.nl\/de\/#organization","name":"Frank van de Wijgert partijhandel","url":"https:\/\/www.fvdwpartijhandel.nl\/de\/","logo":{"@type":"ImageObject","inLanguage":"de","@id":"https:\/\/www.fvdwpartijhandel.nl\/de\/#\/schema\/logo\/image\/","url":"https:\/\/www.fvdwpartijhandel.nl\/wp-content\/uploads\/2025\/08\/Logo-Frank-van-de-Wijgert-nieuw-1.svg","contentUrl":"https:\/\/www.fvdwpartijhandel.nl\/wp-content\/uploads\/2025\/08\/Logo-Frank-van-de-Wijgert-nieuw-1.svg","width":400,"height":57,"caption":"Frank van de Wijgert partijhandel"},"image":{"@id":"https:\/\/www.fvdwpartijhandel.nl\/de\/#\/schema\/logo\/image\/"}}]}},"_links":{"self":[{"href":"https:\/\/www.fvdwpartijhandel.nl\/de\/wp-json\/wp\/v2\/product\/8619","targetHints":{"allow":["GET"]}}],"collection":[{"href":"https:\/\/www.fvdwpartijhandel.nl\/de\/wp-json\/wp\/v2\/product"}],"about":[{"href":"https:\/\/www.fvdwpartijhandel.nl\/de\/wp-json\/wp\/v2\/types\/product"}],"wp:featuredmedia":[{"embeddable":true,"href":"https:\/\/www.fvdwpartijhandel.nl\/de\/wp-json\/wp\/v2\/media\/8622"}],"wp:attachment":[{"href":"https:\/\/www.fvdwpartijhandel.nl\/de\/wp-json\/wp\/v2\/media?parent=8619"}],"wp:term":[{"taxonomy":"product_brand","embeddable":true,"href":"https:\/\/www.fvdwpartijhandel.nl\/de\/wp-json\/wp\/v2\/product_brand?post=8619"},{"taxonomy":"product_cat","embeddable":true,"href":"https:\/\/www.fvdwpartijhandel.nl\/de\/wp-json\/wp\/v2\/product_cat?post=8619"},{"taxonomy":"product_tag","embeddable":true,"href":"https:\/\/www.fvdwpartijhandel.nl\/de\/wp-json\/wp\/v2\/product_tag?post=8619"}],"curies":[{"name":"wp","href":"https:\/\/api.w.org\/{rel}","templated":true}]}}