{"id":8474,"date":"2025-08-19T07:29:57","date_gmt":"2025-08-19T07:29:57","guid":{"rendered":"https:\/\/www.fvdwpartijhandel.nl\/product\/gusta-tablet-sitzsack-24x15x32cm-samt-04120200\/"},"modified":"2025-12-12T12:09:01","modified_gmt":"2025-12-12T11:09:01","slug":"gusta-tablet-sitzsack-24x15x32cm-samt-04120200","status":"publish","type":"product","link":"https:\/\/www.fvdwpartijhandel.nl\/de\/product\/gusta-tablet-sitzsack-24x15x32cm-samt-04120200\/","title":{"rendered":"Gusta Tablet Sitzsack 24x15x32cm Samt 04120200"},"content":{"rendered":"<p>Dieser graue Sitzsack ist ideal, um Ihr Tablet darin zu verstauen. Der Tablet-Sitzsack aus Samt l\u00e4sst sich leicht am Schreibtisch, auf dem Sofa oder im Bett verwenden. Von nun an m\u00fcssen Sie das Tablet nicht mehr in der Hand halten, sondern k\u00f6nnen sich einfach zur\u00fccklehnen und entspannen. Werfen Sie auch einen Blick auf alle anderen praktischen Artikel von GUSTA f\u00fcr Ihren Laptop und Ihr Tablet.   <\/p>\n<p>Spezifikationen:<br \/>\n&#8211; Geeignet f\u00fcr Tablet<br \/>\n&#8211; Grau<br \/>\n&#8211; Samt<br \/>\n&#8211; 24 x 15 x 32 cm (LxBxH)<br \/>\n&#8211; Maschinenwaschbar<\/p>\n","protected":false},"excerpt":{"rendered":"<p>Dieser graue Sitzsack ist ideal, um Ihr Tablet darin zu verstauen. Der Tablet-Sitzsack aus Samt l\u00e4sst sich leicht am Schreibtisch, auf dem Sofa oder im Bett verwenden. Von nun an m\u00fcssen Sie das Tablet nicht mehr in der Hand halten, sondern k\u00f6nnen sich einfach zur\u00fccklehnen und entspannen. Werfen Sie auch einen Blick auf alle anderen [&hellip;]<\/p>\n","protected":false},"featured_media":8476,"template":"","meta":{"_acf_changed":false},"product_brand":[],"product_cat":[53],"product_tag":[],"class_list":{"0":"post-8474","1":"product","2":"type-product","3":"status-publish","4":"has-post-thumbnail","6":"product_cat-sonstiges","8":"first","9":"instock","10":"shipping-taxable","11":"product-type-simple"},"acf":[],"yoast_head":"<!-- This site is optimized with the Yoast SEO plugin v27.5 - https:\/\/yoast.com\/product\/yoast-seo-wordpress\/ -->\n<title>Gusta Tablet Sitzsack 24x15x32cm Samt 04120200 - Frank van de Wijgert partijhandel<\/title>\n<meta name=\"robots\" content=\"index, follow, max-snippet:-1, max-image-preview:large, max-video-preview:-1\" \/>\n<link rel=\"canonical\" href=\"https:\/\/www.fvdwpartijhandel.nl\/de\/product\/gusta-tablet-sitzsack-24x15x32cm-samt-04120200\/\" \/>\n<meta property=\"og:locale\" content=\"de_DE\" \/>\n<meta property=\"og:type\" content=\"article\" \/>\n<meta property=\"og:title\" content=\"Gusta Tablet Sitzsack 24x15x32cm Samt 04120200 - Frank van de Wijgert partijhandel\" \/>\n<meta property=\"og:description\" content=\"Dieser graue Sitzsack ist ideal, um Ihr Tablet darin zu verstauen. Der Tablet-Sitzsack aus Samt l\u00e4sst sich leicht am Schreibtisch, auf dem Sofa oder im Bett verwenden. Von nun an m\u00fcssen Sie das Tablet nicht mehr in der Hand halten, sondern k\u00f6nnen sich einfach zur\u00fccklehnen und entspannen. Werfen Sie auch einen Blick auf alle anderen [&hellip;]\" \/>\n<meta property=\"og:url\" content=\"https:\/\/www.fvdwpartijhandel.nl\/de\/product\/gusta-tablet-sitzsack-24x15x32cm-samt-04120200\/\" \/>\n<meta property=\"og:site_name\" content=\"Frank van de Wijgert partijhandel\" \/>\n<meta property=\"article:modified_time\" content=\"2025-12-12T11:09:01+00:00\" \/>\n<meta property=\"og:image\" content=\"https:\/\/www.fvdwpartijhandel.nl\/wp-content\/uploads\/2025\/08\/04120200.jpg\" \/>\n\t<meta property=\"og:image:width\" content=\"500\" \/>\n\t<meta property=\"og:image:height\" content=\"500\" \/>\n\t<meta property=\"og:image:type\" content=\"image\/jpeg\" \/>\n<meta name=\"twitter:card\" content=\"summary_large_image\" \/>\n<script type=\"application\/ld+json\" class=\"yoast-schema-graph\">{\"@context\":\"https:\\\/\\\/schema.org\",\"@graph\":[{\"@type\":\"WebPage\",\"@id\":\"https:\\\/\\\/www.fvdwpartijhandel.nl\\\/de\\\/product\\\/gusta-tablet-sitzsack-24x15x32cm-samt-04120200\\\/\",\"url\":\"https:\\\/\\\/www.fvdwpartijhandel.nl\\\/de\\\/product\\\/gusta-tablet-sitzsack-24x15x32cm-samt-04120200\\\/\",\"name\":\"Gusta Tablet Sitzsack 24x15x32cm Samt 04120200 - Frank van de Wijgert partijhandel\",\"isPartOf\":{\"@id\":\"https:\\\/\\\/www.fvdwpartijhandel.nl\\\/de\\\/#website\"},\"primaryImageOfPage\":{\"@id\":\"https:\\\/\\\/www.fvdwpartijhandel.nl\\\/de\\\/product\\\/gusta-tablet-sitzsack-24x15x32cm-samt-04120200\\\/#primaryimage\"},\"image\":{\"@id\":\"https:\\\/\\\/www.fvdwpartijhandel.nl\\\/de\\\/product\\\/gusta-tablet-sitzsack-24x15x32cm-samt-04120200\\\/#primaryimage\"},\"thumbnailUrl\":\"https:\\\/\\\/www.fvdwpartijhandel.nl\\\/wp-content\\\/uploads\\\/2025\\\/08\\\/04120200.jpg\",\"datePublished\":\"2025-08-19T07:29:57+00:00\",\"dateModified\":\"2025-12-12T11:09:01+00:00\",\"breadcrumb\":{\"@id\":\"https:\\\/\\\/www.fvdwpartijhandel.nl\\\/de\\\/product\\\/gusta-tablet-sitzsack-24x15x32cm-samt-04120200\\\/#breadcrumb\"},\"inLanguage\":\"de\",\"potentialAction\":[{\"@type\":\"ReadAction\",\"target\":[\"https:\\\/\\\/www.fvdwpartijhandel.nl\\\/de\\\/product\\\/gusta-tablet-sitzsack-24x15x32cm-samt-04120200\\\/\"]}]},{\"@type\":\"ImageObject\",\"inLanguage\":\"de\",\"@id\":\"https:\\\/\\\/www.fvdwpartijhandel.nl\\\/de\\\/product\\\/gusta-tablet-sitzsack-24x15x32cm-samt-04120200\\\/#primaryimage\",\"url\":\"https:\\\/\\\/www.fvdwpartijhandel.nl\\\/wp-content\\\/uploads\\\/2025\\\/08\\\/04120200.jpg\",\"contentUrl\":\"https:\\\/\\\/www.fvdwpartijhandel.nl\\\/wp-content\\\/uploads\\\/2025\\\/08\\\/04120200.jpg\",\"width\":500,\"height\":500},{\"@type\":\"BreadcrumbList\",\"@id\":\"https:\\\/\\\/www.fvdwpartijhandel.nl\\\/de\\\/product\\\/gusta-tablet-sitzsack-24x15x32cm-samt-04120200\\\/#breadcrumb\",\"itemListElement\":[{\"@type\":\"ListItem\",\"position\":1,\"name\":\"Startseite\",\"item\":\"https:\\\/\\\/www.fvdwpartijhandel.nl\\\/de\\\/startseite\\\/\"},{\"@type\":\"ListItem\",\"position\":2,\"name\":\"Shop\",\"item\":\"https:\\\/\\\/www.fvdwpartijhandel.nl\\\/de\\\/shop\\\/\"},{\"@type\":\"ListItem\",\"position\":3,\"name\":\"Gusta Tablet Sitzsack 24x15x32cm Samt 04120200\"}]},{\"@type\":\"WebSite\",\"@id\":\"https:\\\/\\\/www.fvdwpartijhandel.nl\\\/de\\\/#website\",\"url\":\"https:\\\/\\\/www.fvdwpartijhandel.nl\\\/de\\\/\",\"name\":\"Frank van de Wijgert partijhandel\",\"description\":\"Al 10 jaar actief in de verkoop van restpartijen\",\"publisher\":{\"@id\":\"https:\\\/\\\/www.fvdwpartijhandel.nl\\\/de\\\/#organization\"},\"potentialAction\":[{\"@type\":\"SearchAction\",\"target\":{\"@type\":\"EntryPoint\",\"urlTemplate\":\"https:\\\/\\\/www.fvdwpartijhandel.nl\\\/de\\\/?s={search_term_string}\"},\"query-input\":{\"@type\":\"PropertyValueSpecification\",\"valueRequired\":true,\"valueName\":\"search_term_string\"}}],\"inLanguage\":\"de\"},{\"@type\":\"Organization\",\"@id\":\"https:\\\/\\\/www.fvdwpartijhandel.nl\\\/de\\\/#organization\",\"name\":\"Frank van de Wijgert partijhandel\",\"url\":\"https:\\\/\\\/www.fvdwpartijhandel.nl\\\/de\\\/\",\"logo\":{\"@type\":\"ImageObject\",\"inLanguage\":\"de\",\"@id\":\"https:\\\/\\\/www.fvdwpartijhandel.nl\\\/de\\\/#\\\/schema\\\/logo\\\/image\\\/\",\"url\":\"https:\\\/\\\/www.fvdwpartijhandel.nl\\\/wp-content\\\/uploads\\\/2025\\\/08\\\/Logo-Frank-van-de-Wijgert-nieuw-1.svg\",\"contentUrl\":\"https:\\\/\\\/www.fvdwpartijhandel.nl\\\/wp-content\\\/uploads\\\/2025\\\/08\\\/Logo-Frank-van-de-Wijgert-nieuw-1.svg\",\"width\":400,\"height\":57,\"caption\":\"Frank van de Wijgert partijhandel\"},\"image\":{\"@id\":\"https:\\\/\\\/www.fvdwpartijhandel.nl\\\/de\\\/#\\\/schema\\\/logo\\\/image\\\/\"}}]}<\/script>\n<!-- \/ Yoast SEO plugin. -->","yoast_head_json":{"title":"Gusta Tablet Sitzsack 24x15x32cm Samt 04120200 - Frank van de Wijgert partijhandel","robots":{"index":"index","follow":"follow","max-snippet":"max-snippet:-1","max-image-preview":"max-image-preview:large","max-video-preview":"max-video-preview:-1"},"canonical":"https:\/\/www.fvdwpartijhandel.nl\/de\/product\/gusta-tablet-sitzsack-24x15x32cm-samt-04120200\/","og_locale":"de_DE","og_type":"article","og_title":"Gusta Tablet Sitzsack 24x15x32cm Samt 04120200 - Frank van de Wijgert partijhandel","og_description":"Dieser graue Sitzsack ist ideal, um Ihr Tablet darin zu verstauen. Der Tablet-Sitzsack aus Samt l\u00e4sst sich leicht am Schreibtisch, auf dem Sofa oder im Bett verwenden. Von nun an m\u00fcssen Sie das Tablet nicht mehr in der Hand halten, sondern k\u00f6nnen sich einfach zur\u00fccklehnen und entspannen. Werfen Sie auch einen Blick auf alle anderen [&hellip;]","og_url":"https:\/\/www.fvdwpartijhandel.nl\/de\/product\/gusta-tablet-sitzsack-24x15x32cm-samt-04120200\/","og_site_name":"Frank van de Wijgert partijhandel","article_modified_time":"2025-12-12T11:09:01+00:00","og_image":[{"width":500,"height":500,"url":"https:\/\/www.fvdwpartijhandel.nl\/wp-content\/uploads\/2025\/08\/04120200.jpg","type":"image\/jpeg"}],"twitter_card":"summary_large_image","schema":{"@context":"https:\/\/schema.org","@graph":[{"@type":"WebPage","@id":"https:\/\/www.fvdwpartijhandel.nl\/de\/product\/gusta-tablet-sitzsack-24x15x32cm-samt-04120200\/","url":"https:\/\/www.fvdwpartijhandel.nl\/de\/product\/gusta-tablet-sitzsack-24x15x32cm-samt-04120200\/","name":"Gusta Tablet Sitzsack 24x15x32cm Samt 04120200 - Frank van de Wijgert partijhandel","isPartOf":{"@id":"https:\/\/www.fvdwpartijhandel.nl\/de\/#website"},"primaryImageOfPage":{"@id":"https:\/\/www.fvdwpartijhandel.nl\/de\/product\/gusta-tablet-sitzsack-24x15x32cm-samt-04120200\/#primaryimage"},"image":{"@id":"https:\/\/www.fvdwpartijhandel.nl\/de\/product\/gusta-tablet-sitzsack-24x15x32cm-samt-04120200\/#primaryimage"},"thumbnailUrl":"https:\/\/www.fvdwpartijhandel.nl\/wp-content\/uploads\/2025\/08\/04120200.jpg","datePublished":"2025-08-19T07:29:57+00:00","dateModified":"2025-12-12T11:09:01+00:00","breadcrumb":{"@id":"https:\/\/www.fvdwpartijhandel.nl\/de\/product\/gusta-tablet-sitzsack-24x15x32cm-samt-04120200\/#breadcrumb"},"inLanguage":"de","potentialAction":[{"@type":"ReadAction","target":["https:\/\/www.fvdwpartijhandel.nl\/de\/product\/gusta-tablet-sitzsack-24x15x32cm-samt-04120200\/"]}]},{"@type":"ImageObject","inLanguage":"de","@id":"https:\/\/www.fvdwpartijhandel.nl\/de\/product\/gusta-tablet-sitzsack-24x15x32cm-samt-04120200\/#primaryimage","url":"https:\/\/www.fvdwpartijhandel.nl\/wp-content\/uploads\/2025\/08\/04120200.jpg","contentUrl":"https:\/\/www.fvdwpartijhandel.nl\/wp-content\/uploads\/2025\/08\/04120200.jpg","width":500,"height":500},{"@type":"BreadcrumbList","@id":"https:\/\/www.fvdwpartijhandel.nl\/de\/product\/gusta-tablet-sitzsack-24x15x32cm-samt-04120200\/#breadcrumb","itemListElement":[{"@type":"ListItem","position":1,"name":"Startseite","item":"https:\/\/www.fvdwpartijhandel.nl\/de\/startseite\/"},{"@type":"ListItem","position":2,"name":"Shop","item":"https:\/\/www.fvdwpartijhandel.nl\/de\/shop\/"},{"@type":"ListItem","position":3,"name":"Gusta Tablet Sitzsack 24x15x32cm Samt 04120200"}]},{"@type":"WebSite","@id":"https:\/\/www.fvdwpartijhandel.nl\/de\/#website","url":"https:\/\/www.fvdwpartijhandel.nl\/de\/","name":"Frank van de Wijgert partijhandel","description":"Al 10 jaar actief in de verkoop van restpartijen","publisher":{"@id":"https:\/\/www.fvdwpartijhandel.nl\/de\/#organization"},"potentialAction":[{"@type":"SearchAction","target":{"@type":"EntryPoint","urlTemplate":"https:\/\/www.fvdwpartijhandel.nl\/de\/?s={search_term_string}"},"query-input":{"@type":"PropertyValueSpecification","valueRequired":true,"valueName":"search_term_string"}}],"inLanguage":"de"},{"@type":"Organization","@id":"https:\/\/www.fvdwpartijhandel.nl\/de\/#organization","name":"Frank van de Wijgert partijhandel","url":"https:\/\/www.fvdwpartijhandel.nl\/de\/","logo":{"@type":"ImageObject","inLanguage":"de","@id":"https:\/\/www.fvdwpartijhandel.nl\/de\/#\/schema\/logo\/image\/","url":"https:\/\/www.fvdwpartijhandel.nl\/wp-content\/uploads\/2025\/08\/Logo-Frank-van-de-Wijgert-nieuw-1.svg","contentUrl":"https:\/\/www.fvdwpartijhandel.nl\/wp-content\/uploads\/2025\/08\/Logo-Frank-van-de-Wijgert-nieuw-1.svg","width":400,"height":57,"caption":"Frank van de Wijgert partijhandel"},"image":{"@id":"https:\/\/www.fvdwpartijhandel.nl\/de\/#\/schema\/logo\/image\/"}}]}},"_links":{"self":[{"href":"https:\/\/www.fvdwpartijhandel.nl\/de\/wp-json\/wp\/v2\/product\/8474","targetHints":{"allow":["GET"]}}],"collection":[{"href":"https:\/\/www.fvdwpartijhandel.nl\/de\/wp-json\/wp\/v2\/product"}],"about":[{"href":"https:\/\/www.fvdwpartijhandel.nl\/de\/wp-json\/wp\/v2\/types\/product"}],"wp:featuredmedia":[{"embeddable":true,"href":"https:\/\/www.fvdwpartijhandel.nl\/de\/wp-json\/wp\/v2\/media\/8476"}],"wp:attachment":[{"href":"https:\/\/www.fvdwpartijhandel.nl\/de\/wp-json\/wp\/v2\/media?parent=8474"}],"wp:term":[{"taxonomy":"product_brand","embeddable":true,"href":"https:\/\/www.fvdwpartijhandel.nl\/de\/wp-json\/wp\/v2\/product_brand?post=8474"},{"taxonomy":"product_cat","embeddable":true,"href":"https:\/\/www.fvdwpartijhandel.nl\/de\/wp-json\/wp\/v2\/product_cat?post=8474"},{"taxonomy":"product_tag","embeddable":true,"href":"https:\/\/www.fvdwpartijhandel.nl\/de\/wp-json\/wp\/v2\/product_tag?post=8474"}],"curies":[{"name":"wp","href":"https:\/\/api.w.org\/{rel}","templated":true}]}}