{"id":8417,"date":"2025-08-19T07:31:18","date_gmt":"2025-08-19T07:31:18","guid":{"rendered":"https:\/\/www.fvdwpartijhandel.nl\/product\/akku-heckenschere-hofftech-20v-2000-mah-510-mm-klinge\/"},"modified":"2025-12-12T11:32:05","modified_gmt":"2025-12-12T10:32:05","slug":"akku-heckenschere-hofftech-20v-2000-mah-510-mm-klinge","status":"publish","type":"product","link":"https:\/\/www.fvdwpartijhandel.nl\/de\/product\/akku-heckenschere-hofftech-20v-2000-mah-510-mm-klinge\/","title":{"rendered":"Akku-Heckenschere Hofftech &#8211; 20V &#8211; 2000 mAh &#8211; 510 mm Klinge"},"content":{"rendered":"<p>Entdecken Sie die Hofftech Akku-Heckenschere, ein vielseitiges Ger\u00e4t, das Ihnen die Freiheit bietet, in jeder Ecke des Gartens ohne l\u00e4stige Kabel zu arbeiten. Dank des mitgelieferten Akkus k\u00f6nnen Sie ohne Unterbrechung sofort mit der Arbeit beginnen. Hier sind die Spezifikationen, die diese Heckenschere zu einem leistungsstarken und praktischen Ger\u00e4t machen.  <\/p>\n<p>Dank der Akkufunktion k\u00f6nnen Sie sich im Garten frei bewegen, ohne durch Kabel eingeschr\u00e4nkt zu sein.<\/p>\n<p>Passt m\u00fchelos in jede Ecke Ihres Au\u00dfenbereichs.<\/p>\n","protected":false},"excerpt":{"rendered":"<p>Entdecken Sie die Hofftech Akku-Heckenschere, ein vielseitiges Ger\u00e4t, das Ihnen die Freiheit bietet, in jeder Ecke des Gartens ohne l\u00e4stige Kabel zu arbeiten. Dank des mitgelieferten Akkus k\u00f6nnen Sie ohne Unterbrechung sofort mit der Arbeit beginnen. Hier sind die Spezifikationen, die diese Heckenschere zu einem leistungsstarken und praktischen Ger\u00e4t machen. Dank der Akkufunktion k\u00f6nnen Sie [&hellip;]<\/p>\n","protected":false},"featured_media":8419,"template":"","meta":{"_acf_changed":false},"product_brand":[],"product_cat":[62],"product_tag":[],"class_list":{"0":"post-8417","1":"product","2":"type-product","3":"status-publish","4":"has-post-thumbnail","6":"product_cat-werkzeuge","8":"first","9":"instock","10":"shipping-taxable","11":"product-type-simple"},"acf":[],"yoast_head":"<!-- This site is optimized with the Yoast SEO plugin v27.5 - https:\/\/yoast.com\/product\/yoast-seo-wordpress\/ -->\n<title>Akku-Heckenschere Hofftech - 20V - 2000 mAh - 510 mm Klinge - Frank van de Wijgert partijhandel<\/title>\n<meta name=\"robots\" content=\"index, follow, max-snippet:-1, max-image-preview:large, max-video-preview:-1\" \/>\n<link rel=\"canonical\" href=\"https:\/\/www.fvdwpartijhandel.nl\/de\/product\/akku-heckenschere-hofftech-20v-2000-mah-510-mm-klinge\/\" \/>\n<meta property=\"og:locale\" content=\"de_DE\" \/>\n<meta property=\"og:type\" content=\"article\" \/>\n<meta property=\"og:title\" content=\"Akku-Heckenschere Hofftech - 20V - 2000 mAh - 510 mm Klinge - Frank van de Wijgert partijhandel\" \/>\n<meta property=\"og:description\" content=\"Entdecken Sie die Hofftech Akku-Heckenschere, ein vielseitiges Ger\u00e4t, das Ihnen die Freiheit bietet, in jeder Ecke des Gartens ohne l\u00e4stige Kabel zu arbeiten. Dank des mitgelieferten Akkus k\u00f6nnen Sie ohne Unterbrechung sofort mit der Arbeit beginnen. Hier sind die Spezifikationen, die diese Heckenschere zu einem leistungsstarken und praktischen Ger\u00e4t machen. Dank der Akkufunktion k\u00f6nnen Sie [&hellip;]\" \/>\n<meta property=\"og:url\" content=\"https:\/\/www.fvdwpartijhandel.nl\/de\/product\/akku-heckenschere-hofftech-20v-2000-mah-510-mm-klinge\/\" \/>\n<meta property=\"og:site_name\" content=\"Frank van de Wijgert partijhandel\" \/>\n<meta property=\"article:modified_time\" content=\"2025-12-12T10:32:05+00:00\" \/>\n<meta property=\"og:image\" content=\"https:\/\/www.fvdwpartijhandel.nl\/wp-content\/uploads\/2025\/08\/115665N.jpg\" \/>\n\t<meta property=\"og:image:width\" content=\"500\" \/>\n\t<meta property=\"og:image:height\" content=\"500\" \/>\n\t<meta property=\"og:image:type\" content=\"image\/jpeg\" \/>\n<meta name=\"twitter:card\" content=\"summary_large_image\" \/>\n<script type=\"application\/ld+json\" class=\"yoast-schema-graph\">{\"@context\":\"https:\\\/\\\/schema.org\",\"@graph\":[{\"@type\":\"WebPage\",\"@id\":\"https:\\\/\\\/www.fvdwpartijhandel.nl\\\/de\\\/product\\\/akku-heckenschere-hofftech-20v-2000-mah-510-mm-klinge\\\/\",\"url\":\"https:\\\/\\\/www.fvdwpartijhandel.nl\\\/de\\\/product\\\/akku-heckenschere-hofftech-20v-2000-mah-510-mm-klinge\\\/\",\"name\":\"Akku-Heckenschere Hofftech - 20V - 2000 mAh - 510 mm Klinge - Frank van de Wijgert partijhandel\",\"isPartOf\":{\"@id\":\"https:\\\/\\\/www.fvdwpartijhandel.nl\\\/de\\\/#website\"},\"primaryImageOfPage\":{\"@id\":\"https:\\\/\\\/www.fvdwpartijhandel.nl\\\/de\\\/product\\\/akku-heckenschere-hofftech-20v-2000-mah-510-mm-klinge\\\/#primaryimage\"},\"image\":{\"@id\":\"https:\\\/\\\/www.fvdwpartijhandel.nl\\\/de\\\/product\\\/akku-heckenschere-hofftech-20v-2000-mah-510-mm-klinge\\\/#primaryimage\"},\"thumbnailUrl\":\"https:\\\/\\\/www.fvdwpartijhandel.nl\\\/wp-content\\\/uploads\\\/2025\\\/08\\\/115665N.jpg\",\"datePublished\":\"2025-08-19T07:31:18+00:00\",\"dateModified\":\"2025-12-12T10:32:05+00:00\",\"breadcrumb\":{\"@id\":\"https:\\\/\\\/www.fvdwpartijhandel.nl\\\/de\\\/product\\\/akku-heckenschere-hofftech-20v-2000-mah-510-mm-klinge\\\/#breadcrumb\"},\"inLanguage\":\"de\",\"potentialAction\":[{\"@type\":\"ReadAction\",\"target\":[\"https:\\\/\\\/www.fvdwpartijhandel.nl\\\/de\\\/product\\\/akku-heckenschere-hofftech-20v-2000-mah-510-mm-klinge\\\/\"]}]},{\"@type\":\"ImageObject\",\"inLanguage\":\"de\",\"@id\":\"https:\\\/\\\/www.fvdwpartijhandel.nl\\\/de\\\/product\\\/akku-heckenschere-hofftech-20v-2000-mah-510-mm-klinge\\\/#primaryimage\",\"url\":\"https:\\\/\\\/www.fvdwpartijhandel.nl\\\/wp-content\\\/uploads\\\/2025\\\/08\\\/115665N.jpg\",\"contentUrl\":\"https:\\\/\\\/www.fvdwpartijhandel.nl\\\/wp-content\\\/uploads\\\/2025\\\/08\\\/115665N.jpg\",\"width\":500,\"height\":500},{\"@type\":\"BreadcrumbList\",\"@id\":\"https:\\\/\\\/www.fvdwpartijhandel.nl\\\/de\\\/product\\\/akku-heckenschere-hofftech-20v-2000-mah-510-mm-klinge\\\/#breadcrumb\",\"itemListElement\":[{\"@type\":\"ListItem\",\"position\":1,\"name\":\"Startseite\",\"item\":\"https:\\\/\\\/www.fvdwpartijhandel.nl\\\/de\\\/startseite\\\/\"},{\"@type\":\"ListItem\",\"position\":2,\"name\":\"Shop\",\"item\":\"https:\\\/\\\/www.fvdwpartijhandel.nl\\\/de\\\/shop\\\/\"},{\"@type\":\"ListItem\",\"position\":3,\"name\":\"Akku-Heckenschere Hofftech &#8211; 20V &#8211; 2000 mAh &#8211; 510 mm Klinge\"}]},{\"@type\":\"WebSite\",\"@id\":\"https:\\\/\\\/www.fvdwpartijhandel.nl\\\/de\\\/#website\",\"url\":\"https:\\\/\\\/www.fvdwpartijhandel.nl\\\/de\\\/\",\"name\":\"Frank van de Wijgert partijhandel\",\"description\":\"Al 10 jaar actief in de verkoop van restpartijen\",\"publisher\":{\"@id\":\"https:\\\/\\\/www.fvdwpartijhandel.nl\\\/de\\\/#organization\"},\"potentialAction\":[{\"@type\":\"SearchAction\",\"target\":{\"@type\":\"EntryPoint\",\"urlTemplate\":\"https:\\\/\\\/www.fvdwpartijhandel.nl\\\/de\\\/?s={search_term_string}\"},\"query-input\":{\"@type\":\"PropertyValueSpecification\",\"valueRequired\":true,\"valueName\":\"search_term_string\"}}],\"inLanguage\":\"de\"},{\"@type\":\"Organization\",\"@id\":\"https:\\\/\\\/www.fvdwpartijhandel.nl\\\/de\\\/#organization\",\"name\":\"Frank van de Wijgert partijhandel\",\"url\":\"https:\\\/\\\/www.fvdwpartijhandel.nl\\\/de\\\/\",\"logo\":{\"@type\":\"ImageObject\",\"inLanguage\":\"de\",\"@id\":\"https:\\\/\\\/www.fvdwpartijhandel.nl\\\/de\\\/#\\\/schema\\\/logo\\\/image\\\/\",\"url\":\"https:\\\/\\\/www.fvdwpartijhandel.nl\\\/wp-content\\\/uploads\\\/2025\\\/08\\\/Logo-Frank-van-de-Wijgert-nieuw-1.svg\",\"contentUrl\":\"https:\\\/\\\/www.fvdwpartijhandel.nl\\\/wp-content\\\/uploads\\\/2025\\\/08\\\/Logo-Frank-van-de-Wijgert-nieuw-1.svg\",\"width\":400,\"height\":57,\"caption\":\"Frank van de Wijgert partijhandel\"},\"image\":{\"@id\":\"https:\\\/\\\/www.fvdwpartijhandel.nl\\\/de\\\/#\\\/schema\\\/logo\\\/image\\\/\"}}]}<\/script>\n<!-- \/ Yoast SEO plugin. -->","yoast_head_json":{"title":"Akku-Heckenschere Hofftech - 20V - 2000 mAh - 510 mm Klinge - Frank van de Wijgert partijhandel","robots":{"index":"index","follow":"follow","max-snippet":"max-snippet:-1","max-image-preview":"max-image-preview:large","max-video-preview":"max-video-preview:-1"},"canonical":"https:\/\/www.fvdwpartijhandel.nl\/de\/product\/akku-heckenschere-hofftech-20v-2000-mah-510-mm-klinge\/","og_locale":"de_DE","og_type":"article","og_title":"Akku-Heckenschere Hofftech - 20V - 2000 mAh - 510 mm Klinge - Frank van de Wijgert partijhandel","og_description":"Entdecken Sie die Hofftech Akku-Heckenschere, ein vielseitiges Ger\u00e4t, das Ihnen die Freiheit bietet, in jeder Ecke des Gartens ohne l\u00e4stige Kabel zu arbeiten. Dank des mitgelieferten Akkus k\u00f6nnen Sie ohne Unterbrechung sofort mit der Arbeit beginnen. Hier sind die Spezifikationen, die diese Heckenschere zu einem leistungsstarken und praktischen Ger\u00e4t machen. Dank der Akkufunktion k\u00f6nnen Sie [&hellip;]","og_url":"https:\/\/www.fvdwpartijhandel.nl\/de\/product\/akku-heckenschere-hofftech-20v-2000-mah-510-mm-klinge\/","og_site_name":"Frank van de Wijgert partijhandel","article_modified_time":"2025-12-12T10:32:05+00:00","og_image":[{"width":500,"height":500,"url":"https:\/\/www.fvdwpartijhandel.nl\/wp-content\/uploads\/2025\/08\/115665N.jpg","type":"image\/jpeg"}],"twitter_card":"summary_large_image","schema":{"@context":"https:\/\/schema.org","@graph":[{"@type":"WebPage","@id":"https:\/\/www.fvdwpartijhandel.nl\/de\/product\/akku-heckenschere-hofftech-20v-2000-mah-510-mm-klinge\/","url":"https:\/\/www.fvdwpartijhandel.nl\/de\/product\/akku-heckenschere-hofftech-20v-2000-mah-510-mm-klinge\/","name":"Akku-Heckenschere Hofftech - 20V - 2000 mAh - 510 mm Klinge - Frank van de Wijgert partijhandel","isPartOf":{"@id":"https:\/\/www.fvdwpartijhandel.nl\/de\/#website"},"primaryImageOfPage":{"@id":"https:\/\/www.fvdwpartijhandel.nl\/de\/product\/akku-heckenschere-hofftech-20v-2000-mah-510-mm-klinge\/#primaryimage"},"image":{"@id":"https:\/\/www.fvdwpartijhandel.nl\/de\/product\/akku-heckenschere-hofftech-20v-2000-mah-510-mm-klinge\/#primaryimage"},"thumbnailUrl":"https:\/\/www.fvdwpartijhandel.nl\/wp-content\/uploads\/2025\/08\/115665N.jpg","datePublished":"2025-08-19T07:31:18+00:00","dateModified":"2025-12-12T10:32:05+00:00","breadcrumb":{"@id":"https:\/\/www.fvdwpartijhandel.nl\/de\/product\/akku-heckenschere-hofftech-20v-2000-mah-510-mm-klinge\/#breadcrumb"},"inLanguage":"de","potentialAction":[{"@type":"ReadAction","target":["https:\/\/www.fvdwpartijhandel.nl\/de\/product\/akku-heckenschere-hofftech-20v-2000-mah-510-mm-klinge\/"]}]},{"@type":"ImageObject","inLanguage":"de","@id":"https:\/\/www.fvdwpartijhandel.nl\/de\/product\/akku-heckenschere-hofftech-20v-2000-mah-510-mm-klinge\/#primaryimage","url":"https:\/\/www.fvdwpartijhandel.nl\/wp-content\/uploads\/2025\/08\/115665N.jpg","contentUrl":"https:\/\/www.fvdwpartijhandel.nl\/wp-content\/uploads\/2025\/08\/115665N.jpg","width":500,"height":500},{"@type":"BreadcrumbList","@id":"https:\/\/www.fvdwpartijhandel.nl\/de\/product\/akku-heckenschere-hofftech-20v-2000-mah-510-mm-klinge\/#breadcrumb","itemListElement":[{"@type":"ListItem","position":1,"name":"Startseite","item":"https:\/\/www.fvdwpartijhandel.nl\/de\/startseite\/"},{"@type":"ListItem","position":2,"name":"Shop","item":"https:\/\/www.fvdwpartijhandel.nl\/de\/shop\/"},{"@type":"ListItem","position":3,"name":"Akku-Heckenschere Hofftech &#8211; 20V &#8211; 2000 mAh &#8211; 510 mm Klinge"}]},{"@type":"WebSite","@id":"https:\/\/www.fvdwpartijhandel.nl\/de\/#website","url":"https:\/\/www.fvdwpartijhandel.nl\/de\/","name":"Frank van de Wijgert partijhandel","description":"Al 10 jaar actief in de verkoop van restpartijen","publisher":{"@id":"https:\/\/www.fvdwpartijhandel.nl\/de\/#organization"},"potentialAction":[{"@type":"SearchAction","target":{"@type":"EntryPoint","urlTemplate":"https:\/\/www.fvdwpartijhandel.nl\/de\/?s={search_term_string}"},"query-input":{"@type":"PropertyValueSpecification","valueRequired":true,"valueName":"search_term_string"}}],"inLanguage":"de"},{"@type":"Organization","@id":"https:\/\/www.fvdwpartijhandel.nl\/de\/#organization","name":"Frank van de Wijgert partijhandel","url":"https:\/\/www.fvdwpartijhandel.nl\/de\/","logo":{"@type":"ImageObject","inLanguage":"de","@id":"https:\/\/www.fvdwpartijhandel.nl\/de\/#\/schema\/logo\/image\/","url":"https:\/\/www.fvdwpartijhandel.nl\/wp-content\/uploads\/2025\/08\/Logo-Frank-van-de-Wijgert-nieuw-1.svg","contentUrl":"https:\/\/www.fvdwpartijhandel.nl\/wp-content\/uploads\/2025\/08\/Logo-Frank-van-de-Wijgert-nieuw-1.svg","width":400,"height":57,"caption":"Frank van de Wijgert partijhandel"},"image":{"@id":"https:\/\/www.fvdwpartijhandel.nl\/de\/#\/schema\/logo\/image\/"}}]}},"_links":{"self":[{"href":"https:\/\/www.fvdwpartijhandel.nl\/de\/wp-json\/wp\/v2\/product\/8417","targetHints":{"allow":["GET"]}}],"collection":[{"href":"https:\/\/www.fvdwpartijhandel.nl\/de\/wp-json\/wp\/v2\/product"}],"about":[{"href":"https:\/\/www.fvdwpartijhandel.nl\/de\/wp-json\/wp\/v2\/types\/product"}],"wp:featuredmedia":[{"embeddable":true,"href":"https:\/\/www.fvdwpartijhandel.nl\/de\/wp-json\/wp\/v2\/media\/8419"}],"wp:attachment":[{"href":"https:\/\/www.fvdwpartijhandel.nl\/de\/wp-json\/wp\/v2\/media?parent=8417"}],"wp:term":[{"taxonomy":"product_brand","embeddable":true,"href":"https:\/\/www.fvdwpartijhandel.nl\/de\/wp-json\/wp\/v2\/product_brand?post=8417"},{"taxonomy":"product_cat","embeddable":true,"href":"https:\/\/www.fvdwpartijhandel.nl\/de\/wp-json\/wp\/v2\/product_cat?post=8417"},{"taxonomy":"product_tag","embeddable":true,"href":"https:\/\/www.fvdwpartijhandel.nl\/de\/wp-json\/wp\/v2\/product_tag?post=8417"}],"curies":[{"name":"wp","href":"https:\/\/api.w.org\/{rel}","templated":true}]}}