{"id":8406,"date":"2025-08-19T07:31:18","date_gmt":"2025-08-19T07:31:18","guid":{"rendered":"https:\/\/www.fvdwpartijhandel.nl\/product\/schnurloser-rasentrimmer-forstmaeher-hofftech-20v-1300mah\/"},"modified":"2025-12-12T11:32:10","modified_gmt":"2025-12-12T10:32:10","slug":"schnurloser-rasentrimmer-forstmaeher-hofftech-20v-1300mah","status":"publish","type":"product","link":"https:\/\/www.fvdwpartijhandel.nl\/de\/product\/schnurloser-rasentrimmer-forstmaeher-hofftech-20v-1300mah\/","title":{"rendered":"Schnurloser Rasentrimmer\/Forstm\u00e4her Hofftech 20v 1300mah"},"content":{"rendered":"<p>Der Hofftech Accu-Rasentrimmer mit automatischer Stromversorgung ist Ihr neuer bester Freund im Garten.<\/p>\n<p>Mit einem leistungsstarken 20-Volt-Motor und einem 1300-mAh-Akku sorgt dieser Rasentrimmer f\u00fcr schnellere und effizientere Ergebnisse.<\/p>\n<p>Egal, ob Sie einen gro\u00dfen Rasen oder einen kleinen Garten haben, mit diesem Trimmer macht die Arbeit viel leichter und mehr Spa\u00df.<\/p>\n","protected":false},"excerpt":{"rendered":"<p>Der Hofftech Accu-Rasentrimmer mit automatischer Stromversorgung ist Ihr neuer bester Freund im Garten. Mit einem leistungsstarken 20-Volt-Motor und einem 1300-mAh-Akku sorgt dieser Rasentrimmer f\u00fcr schnellere und effizientere Ergebnisse. Egal, ob Sie einen gro\u00dfen Rasen oder einen kleinen Garten haben, mit diesem Trimmer macht die Arbeit viel leichter und mehr Spa\u00df.<\/p>\n","protected":false},"featured_media":8408,"template":"","meta":{"_acf_changed":false},"product_brand":[],"product_cat":[62],"product_tag":[],"class_list":{"0":"post-8406","1":"product","2":"type-product","3":"status-publish","4":"has-post-thumbnail","6":"product_cat-werkzeuge","8":"first","9":"instock","10":"shipping-taxable","11":"product-type-simple"},"acf":[],"yoast_head":"<!-- This site is optimized with the Yoast SEO plugin v27.5 - https:\/\/yoast.com\/product\/yoast-seo-wordpress\/ -->\n<title>Schnurloser Rasentrimmer\/Forstm\u00e4her Hofftech 20v 1300mah - Frank van de Wijgert partijhandel<\/title>\n<meta name=\"robots\" content=\"index, follow, max-snippet:-1, max-image-preview:large, max-video-preview:-1\" \/>\n<link rel=\"canonical\" href=\"https:\/\/www.fvdwpartijhandel.nl\/de\/product\/schnurloser-rasentrimmer-forstmaeher-hofftech-20v-1300mah\/\" \/>\n<meta property=\"og:locale\" content=\"de_DE\" \/>\n<meta property=\"og:type\" content=\"article\" \/>\n<meta property=\"og:title\" content=\"Schnurloser Rasentrimmer\/Forstm\u00e4her Hofftech 20v 1300mah - Frank van de Wijgert partijhandel\" \/>\n<meta property=\"og:description\" content=\"Der Hofftech Accu-Rasentrimmer mit automatischer Stromversorgung ist Ihr neuer bester Freund im Garten. Mit einem leistungsstarken 20-Volt-Motor und einem 1300-mAh-Akku sorgt dieser Rasentrimmer f\u00fcr schnellere und effizientere Ergebnisse. Egal, ob Sie einen gro\u00dfen Rasen oder einen kleinen Garten haben, mit diesem Trimmer macht die Arbeit viel leichter und mehr Spa\u00df.\" \/>\n<meta property=\"og:url\" content=\"https:\/\/www.fvdwpartijhandel.nl\/de\/product\/schnurloser-rasentrimmer-forstmaeher-hofftech-20v-1300mah\/\" \/>\n<meta property=\"og:site_name\" content=\"Frank van de Wijgert partijhandel\" \/>\n<meta property=\"article:modified_time\" content=\"2025-12-12T10:32:10+00:00\" \/>\n<meta property=\"og:image\" content=\"https:\/\/www.fvdwpartijhandel.nl\/wp-content\/uploads\/2025\/08\/115666.jpg\" \/>\n\t<meta property=\"og:image:width\" content=\"500\" \/>\n\t<meta property=\"og:image:height\" content=\"500\" \/>\n\t<meta property=\"og:image:type\" content=\"image\/jpeg\" \/>\n<meta name=\"twitter:card\" content=\"summary_large_image\" \/>\n<script type=\"application\/ld+json\" class=\"yoast-schema-graph\">{\"@context\":\"https:\\\/\\\/schema.org\",\"@graph\":[{\"@type\":\"WebPage\",\"@id\":\"https:\\\/\\\/www.fvdwpartijhandel.nl\\\/de\\\/product\\\/schnurloser-rasentrimmer-forstmaeher-hofftech-20v-1300mah\\\/\",\"url\":\"https:\\\/\\\/www.fvdwpartijhandel.nl\\\/de\\\/product\\\/schnurloser-rasentrimmer-forstmaeher-hofftech-20v-1300mah\\\/\",\"name\":\"Schnurloser Rasentrimmer\\\/Forstm\u00e4her Hofftech 20v 1300mah - Frank van de Wijgert partijhandel\",\"isPartOf\":{\"@id\":\"https:\\\/\\\/www.fvdwpartijhandel.nl\\\/de\\\/#website\"},\"primaryImageOfPage\":{\"@id\":\"https:\\\/\\\/www.fvdwpartijhandel.nl\\\/de\\\/product\\\/schnurloser-rasentrimmer-forstmaeher-hofftech-20v-1300mah\\\/#primaryimage\"},\"image\":{\"@id\":\"https:\\\/\\\/www.fvdwpartijhandel.nl\\\/de\\\/product\\\/schnurloser-rasentrimmer-forstmaeher-hofftech-20v-1300mah\\\/#primaryimage\"},\"thumbnailUrl\":\"https:\\\/\\\/www.fvdwpartijhandel.nl\\\/wp-content\\\/uploads\\\/2025\\\/08\\\/115666.jpg\",\"datePublished\":\"2025-08-19T07:31:18+00:00\",\"dateModified\":\"2025-12-12T10:32:10+00:00\",\"breadcrumb\":{\"@id\":\"https:\\\/\\\/www.fvdwpartijhandel.nl\\\/de\\\/product\\\/schnurloser-rasentrimmer-forstmaeher-hofftech-20v-1300mah\\\/#breadcrumb\"},\"inLanguage\":\"de\",\"potentialAction\":[{\"@type\":\"ReadAction\",\"target\":[\"https:\\\/\\\/www.fvdwpartijhandel.nl\\\/de\\\/product\\\/schnurloser-rasentrimmer-forstmaeher-hofftech-20v-1300mah\\\/\"]}]},{\"@type\":\"ImageObject\",\"inLanguage\":\"de\",\"@id\":\"https:\\\/\\\/www.fvdwpartijhandel.nl\\\/de\\\/product\\\/schnurloser-rasentrimmer-forstmaeher-hofftech-20v-1300mah\\\/#primaryimage\",\"url\":\"https:\\\/\\\/www.fvdwpartijhandel.nl\\\/wp-content\\\/uploads\\\/2025\\\/08\\\/115666.jpg\",\"contentUrl\":\"https:\\\/\\\/www.fvdwpartijhandel.nl\\\/wp-content\\\/uploads\\\/2025\\\/08\\\/115666.jpg\",\"width\":500,\"height\":500},{\"@type\":\"BreadcrumbList\",\"@id\":\"https:\\\/\\\/www.fvdwpartijhandel.nl\\\/de\\\/product\\\/schnurloser-rasentrimmer-forstmaeher-hofftech-20v-1300mah\\\/#breadcrumb\",\"itemListElement\":[{\"@type\":\"ListItem\",\"position\":1,\"name\":\"Startseite\",\"item\":\"https:\\\/\\\/www.fvdwpartijhandel.nl\\\/de\\\/startseite\\\/\"},{\"@type\":\"ListItem\",\"position\":2,\"name\":\"Shop\",\"item\":\"https:\\\/\\\/www.fvdwpartijhandel.nl\\\/de\\\/shop\\\/\"},{\"@type\":\"ListItem\",\"position\":3,\"name\":\"Schnurloser Rasentrimmer\\\/Forstm\u00e4her Hofftech 20v 1300mah\"}]},{\"@type\":\"WebSite\",\"@id\":\"https:\\\/\\\/www.fvdwpartijhandel.nl\\\/de\\\/#website\",\"url\":\"https:\\\/\\\/www.fvdwpartijhandel.nl\\\/de\\\/\",\"name\":\"Frank van de Wijgert partijhandel\",\"description\":\"Al 10 jaar actief in de verkoop van restpartijen\",\"publisher\":{\"@id\":\"https:\\\/\\\/www.fvdwpartijhandel.nl\\\/de\\\/#organization\"},\"potentialAction\":[{\"@type\":\"SearchAction\",\"target\":{\"@type\":\"EntryPoint\",\"urlTemplate\":\"https:\\\/\\\/www.fvdwpartijhandel.nl\\\/de\\\/?s={search_term_string}\"},\"query-input\":{\"@type\":\"PropertyValueSpecification\",\"valueRequired\":true,\"valueName\":\"search_term_string\"}}],\"inLanguage\":\"de\"},{\"@type\":\"Organization\",\"@id\":\"https:\\\/\\\/www.fvdwpartijhandel.nl\\\/de\\\/#organization\",\"name\":\"Frank van de Wijgert partijhandel\",\"url\":\"https:\\\/\\\/www.fvdwpartijhandel.nl\\\/de\\\/\",\"logo\":{\"@type\":\"ImageObject\",\"inLanguage\":\"de\",\"@id\":\"https:\\\/\\\/www.fvdwpartijhandel.nl\\\/de\\\/#\\\/schema\\\/logo\\\/image\\\/\",\"url\":\"https:\\\/\\\/www.fvdwpartijhandel.nl\\\/wp-content\\\/uploads\\\/2025\\\/08\\\/Logo-Frank-van-de-Wijgert-nieuw-1.svg\",\"contentUrl\":\"https:\\\/\\\/www.fvdwpartijhandel.nl\\\/wp-content\\\/uploads\\\/2025\\\/08\\\/Logo-Frank-van-de-Wijgert-nieuw-1.svg\",\"width\":400,\"height\":57,\"caption\":\"Frank van de Wijgert partijhandel\"},\"image\":{\"@id\":\"https:\\\/\\\/www.fvdwpartijhandel.nl\\\/de\\\/#\\\/schema\\\/logo\\\/image\\\/\"}}]}<\/script>\n<!-- \/ Yoast SEO plugin. -->","yoast_head_json":{"title":"Schnurloser Rasentrimmer\/Forstm\u00e4her Hofftech 20v 1300mah - Frank van de Wijgert partijhandel","robots":{"index":"index","follow":"follow","max-snippet":"max-snippet:-1","max-image-preview":"max-image-preview:large","max-video-preview":"max-video-preview:-1"},"canonical":"https:\/\/www.fvdwpartijhandel.nl\/de\/product\/schnurloser-rasentrimmer-forstmaeher-hofftech-20v-1300mah\/","og_locale":"de_DE","og_type":"article","og_title":"Schnurloser Rasentrimmer\/Forstm\u00e4her Hofftech 20v 1300mah - Frank van de Wijgert partijhandel","og_description":"Der Hofftech Accu-Rasentrimmer mit automatischer Stromversorgung ist Ihr neuer bester Freund im Garten. Mit einem leistungsstarken 20-Volt-Motor und einem 1300-mAh-Akku sorgt dieser Rasentrimmer f\u00fcr schnellere und effizientere Ergebnisse. Egal, ob Sie einen gro\u00dfen Rasen oder einen kleinen Garten haben, mit diesem Trimmer macht die Arbeit viel leichter und mehr Spa\u00df.","og_url":"https:\/\/www.fvdwpartijhandel.nl\/de\/product\/schnurloser-rasentrimmer-forstmaeher-hofftech-20v-1300mah\/","og_site_name":"Frank van de Wijgert partijhandel","article_modified_time":"2025-12-12T10:32:10+00:00","og_image":[{"width":500,"height":500,"url":"https:\/\/www.fvdwpartijhandel.nl\/wp-content\/uploads\/2025\/08\/115666.jpg","type":"image\/jpeg"}],"twitter_card":"summary_large_image","schema":{"@context":"https:\/\/schema.org","@graph":[{"@type":"WebPage","@id":"https:\/\/www.fvdwpartijhandel.nl\/de\/product\/schnurloser-rasentrimmer-forstmaeher-hofftech-20v-1300mah\/","url":"https:\/\/www.fvdwpartijhandel.nl\/de\/product\/schnurloser-rasentrimmer-forstmaeher-hofftech-20v-1300mah\/","name":"Schnurloser Rasentrimmer\/Forstm\u00e4her Hofftech 20v 1300mah - Frank van de Wijgert partijhandel","isPartOf":{"@id":"https:\/\/www.fvdwpartijhandel.nl\/de\/#website"},"primaryImageOfPage":{"@id":"https:\/\/www.fvdwpartijhandel.nl\/de\/product\/schnurloser-rasentrimmer-forstmaeher-hofftech-20v-1300mah\/#primaryimage"},"image":{"@id":"https:\/\/www.fvdwpartijhandel.nl\/de\/product\/schnurloser-rasentrimmer-forstmaeher-hofftech-20v-1300mah\/#primaryimage"},"thumbnailUrl":"https:\/\/www.fvdwpartijhandel.nl\/wp-content\/uploads\/2025\/08\/115666.jpg","datePublished":"2025-08-19T07:31:18+00:00","dateModified":"2025-12-12T10:32:10+00:00","breadcrumb":{"@id":"https:\/\/www.fvdwpartijhandel.nl\/de\/product\/schnurloser-rasentrimmer-forstmaeher-hofftech-20v-1300mah\/#breadcrumb"},"inLanguage":"de","potentialAction":[{"@type":"ReadAction","target":["https:\/\/www.fvdwpartijhandel.nl\/de\/product\/schnurloser-rasentrimmer-forstmaeher-hofftech-20v-1300mah\/"]}]},{"@type":"ImageObject","inLanguage":"de","@id":"https:\/\/www.fvdwpartijhandel.nl\/de\/product\/schnurloser-rasentrimmer-forstmaeher-hofftech-20v-1300mah\/#primaryimage","url":"https:\/\/www.fvdwpartijhandel.nl\/wp-content\/uploads\/2025\/08\/115666.jpg","contentUrl":"https:\/\/www.fvdwpartijhandel.nl\/wp-content\/uploads\/2025\/08\/115666.jpg","width":500,"height":500},{"@type":"BreadcrumbList","@id":"https:\/\/www.fvdwpartijhandel.nl\/de\/product\/schnurloser-rasentrimmer-forstmaeher-hofftech-20v-1300mah\/#breadcrumb","itemListElement":[{"@type":"ListItem","position":1,"name":"Startseite","item":"https:\/\/www.fvdwpartijhandel.nl\/de\/startseite\/"},{"@type":"ListItem","position":2,"name":"Shop","item":"https:\/\/www.fvdwpartijhandel.nl\/de\/shop\/"},{"@type":"ListItem","position":3,"name":"Schnurloser Rasentrimmer\/Forstm\u00e4her Hofftech 20v 1300mah"}]},{"@type":"WebSite","@id":"https:\/\/www.fvdwpartijhandel.nl\/de\/#website","url":"https:\/\/www.fvdwpartijhandel.nl\/de\/","name":"Frank van de Wijgert partijhandel","description":"Al 10 jaar actief in de verkoop van restpartijen","publisher":{"@id":"https:\/\/www.fvdwpartijhandel.nl\/de\/#organization"},"potentialAction":[{"@type":"SearchAction","target":{"@type":"EntryPoint","urlTemplate":"https:\/\/www.fvdwpartijhandel.nl\/de\/?s={search_term_string}"},"query-input":{"@type":"PropertyValueSpecification","valueRequired":true,"valueName":"search_term_string"}}],"inLanguage":"de"},{"@type":"Organization","@id":"https:\/\/www.fvdwpartijhandel.nl\/de\/#organization","name":"Frank van de Wijgert partijhandel","url":"https:\/\/www.fvdwpartijhandel.nl\/de\/","logo":{"@type":"ImageObject","inLanguage":"de","@id":"https:\/\/www.fvdwpartijhandel.nl\/de\/#\/schema\/logo\/image\/","url":"https:\/\/www.fvdwpartijhandel.nl\/wp-content\/uploads\/2025\/08\/Logo-Frank-van-de-Wijgert-nieuw-1.svg","contentUrl":"https:\/\/www.fvdwpartijhandel.nl\/wp-content\/uploads\/2025\/08\/Logo-Frank-van-de-Wijgert-nieuw-1.svg","width":400,"height":57,"caption":"Frank van de Wijgert partijhandel"},"image":{"@id":"https:\/\/www.fvdwpartijhandel.nl\/de\/#\/schema\/logo\/image\/"}}]}},"_links":{"self":[{"href":"https:\/\/www.fvdwpartijhandel.nl\/de\/wp-json\/wp\/v2\/product\/8406","targetHints":{"allow":["GET"]}}],"collection":[{"href":"https:\/\/www.fvdwpartijhandel.nl\/de\/wp-json\/wp\/v2\/product"}],"about":[{"href":"https:\/\/www.fvdwpartijhandel.nl\/de\/wp-json\/wp\/v2\/types\/product"}],"wp:featuredmedia":[{"embeddable":true,"href":"https:\/\/www.fvdwpartijhandel.nl\/de\/wp-json\/wp\/v2\/media\/8408"}],"wp:attachment":[{"href":"https:\/\/www.fvdwpartijhandel.nl\/de\/wp-json\/wp\/v2\/media?parent=8406"}],"wp:term":[{"taxonomy":"product_brand","embeddable":true,"href":"https:\/\/www.fvdwpartijhandel.nl\/de\/wp-json\/wp\/v2\/product_brand?post=8406"},{"taxonomy":"product_cat","embeddable":true,"href":"https:\/\/www.fvdwpartijhandel.nl\/de\/wp-json\/wp\/v2\/product_cat?post=8406"},{"taxonomy":"product_tag","embeddable":true,"href":"https:\/\/www.fvdwpartijhandel.nl\/de\/wp-json\/wp\/v2\/product_tag?post=8406"}],"curies":[{"name":"wp","href":"https:\/\/api.w.org\/{rel}","templated":true}]}}