{"id":8252,"date":"2025-08-19T07:29:58","date_gmt":"2025-08-19T07:29:58","guid":{"rendered":"https:\/\/www.fvdwpartijhandel.nl\/product\/gusta-s-2-bbq-grillmatten-schwarz-03250270\/"},"modified":"2025-12-12T11:57:15","modified_gmt":"2025-12-12T10:57:15","slug":"gusta-s-2-bbq-grillmatten-schwarz-03250270","status":"publish","type":"product","link":"https:\/\/www.fvdwpartijhandel.nl\/de\/product\/gusta-s-2-bbq-grillmatten-schwarz-03250270\/","title":{"rendered":"Gusta S\/2 BBQ Grillmatten Schwarz 03250270"},"content":{"rendered":"<p>Sie grillen gerne, m\u00f6chten aber den Grillrost sauber halten und trotzdem Ihre Gerichte variieren?<br data-start=\"206\" data-end=\"209\">Diese hitzebest\u00e4ndigen Grillmatten eignen sich sowohl f\u00fcr den Grill als auch f\u00fcr den Backofen.<br data-start=\"280\" data-end=\"283\">Sie werden m\u00fchelos gegrilltes Gem\u00fcse, Fisch oder sogar Pizzen zubereiten, ohne dass etwas anhaftet oder anbrennt.<br data-start=\"372\" data-end=\"375\">Leicht zu reinigen und immer wieder verwendbar.<br data-start=\"430\" data-end=\"433\">Eine clevere Erg\u00e4nzung f\u00fcr jeden Grillmeister oder Hobbykoch.<\/p>\n","protected":false},"excerpt":{"rendered":"<p>Sie grillen gerne, m\u00f6chten aber den Grillrost sauber halten und trotzdem Ihre Gerichte variieren?Diese hitzebest\u00e4ndigen Grillmatten eignen sich sowohl f\u00fcr den Grill als auch f\u00fcr den Backofen.Sie werden m\u00fchelos gegrilltes Gem\u00fcse, Fisch oder sogar Pizzen zubereiten, ohne dass etwas anhaftet oder anbrennt.Leicht zu reinigen und immer wieder verwendbar.Eine clevere Erg\u00e4nzung f\u00fcr jeden Grillmeister oder Hobbykoch.<\/p>\n","protected":false},"featured_media":8254,"template":"","meta":{"_acf_changed":false},"product_brand":[],"product_cat":[57],"product_tag":[],"class_list":{"0":"post-8252","1":"product","2":"type-product","3":"status-publish","4":"has-post-thumbnail","6":"product_cat-haushalt-kochen","8":"first","9":"instock","10":"shipping-taxable","11":"product-type-simple"},"acf":[],"yoast_head":"<!-- This site is optimized with the Yoast SEO plugin v27.5 - https:\/\/yoast.com\/product\/yoast-seo-wordpress\/ -->\n<title>Gusta S\/2 BBQ Grillmatten Schwarz 03250270 - Frank van de Wijgert partijhandel<\/title>\n<meta name=\"robots\" content=\"index, follow, max-snippet:-1, max-image-preview:large, max-video-preview:-1\" \/>\n<link rel=\"canonical\" href=\"https:\/\/www.fvdwpartijhandel.nl\/de\/product\/gusta-s-2-bbq-grillmatten-schwarz-03250270\/\" \/>\n<meta property=\"og:locale\" content=\"de_DE\" \/>\n<meta property=\"og:type\" content=\"article\" \/>\n<meta property=\"og:title\" content=\"Gusta S\/2 BBQ Grillmatten Schwarz 03250270 - Frank van de Wijgert partijhandel\" \/>\n<meta property=\"og:description\" content=\"Sie grillen gerne, m\u00f6chten aber den Grillrost sauber halten und trotzdem Ihre Gerichte variieren?Diese hitzebest\u00e4ndigen Grillmatten eignen sich sowohl f\u00fcr den Grill als auch f\u00fcr den Backofen.Sie werden m\u00fchelos gegrilltes Gem\u00fcse, Fisch oder sogar Pizzen zubereiten, ohne dass etwas anhaftet oder anbrennt.Leicht zu reinigen und immer wieder verwendbar.Eine clevere Erg\u00e4nzung f\u00fcr jeden Grillmeister oder Hobbykoch.\" \/>\n<meta property=\"og:url\" content=\"https:\/\/www.fvdwpartijhandel.nl\/de\/product\/gusta-s-2-bbq-grillmatten-schwarz-03250270\/\" \/>\n<meta property=\"og:site_name\" content=\"Frank van de Wijgert partijhandel\" \/>\n<meta property=\"article:modified_time\" content=\"2025-12-12T10:57:15+00:00\" \/>\n<meta property=\"og:image\" content=\"https:\/\/www.fvdwpartijhandel.nl\/wp-content\/uploads\/2025\/08\/03250270.jpg\" \/>\n\t<meta property=\"og:image:width\" content=\"500\" \/>\n\t<meta property=\"og:image:height\" content=\"500\" \/>\n\t<meta property=\"og:image:type\" content=\"image\/jpeg\" \/>\n<meta name=\"twitter:card\" content=\"summary_large_image\" \/>\n<script type=\"application\/ld+json\" class=\"yoast-schema-graph\">{\"@context\":\"https:\\\/\\\/schema.org\",\"@graph\":[{\"@type\":\"WebPage\",\"@id\":\"https:\\\/\\\/www.fvdwpartijhandel.nl\\\/de\\\/product\\\/gusta-s-2-bbq-grillmatten-schwarz-03250270\\\/\",\"url\":\"https:\\\/\\\/www.fvdwpartijhandel.nl\\\/de\\\/product\\\/gusta-s-2-bbq-grillmatten-schwarz-03250270\\\/\",\"name\":\"Gusta S\\\/2 BBQ Grillmatten Schwarz 03250270 - Frank van de Wijgert partijhandel\",\"isPartOf\":{\"@id\":\"https:\\\/\\\/www.fvdwpartijhandel.nl\\\/de\\\/#website\"},\"primaryImageOfPage\":{\"@id\":\"https:\\\/\\\/www.fvdwpartijhandel.nl\\\/de\\\/product\\\/gusta-s-2-bbq-grillmatten-schwarz-03250270\\\/#primaryimage\"},\"image\":{\"@id\":\"https:\\\/\\\/www.fvdwpartijhandel.nl\\\/de\\\/product\\\/gusta-s-2-bbq-grillmatten-schwarz-03250270\\\/#primaryimage\"},\"thumbnailUrl\":\"https:\\\/\\\/www.fvdwpartijhandel.nl\\\/wp-content\\\/uploads\\\/2025\\\/08\\\/03250270.jpg\",\"datePublished\":\"2025-08-19T07:29:58+00:00\",\"dateModified\":\"2025-12-12T10:57:15+00:00\",\"breadcrumb\":{\"@id\":\"https:\\\/\\\/www.fvdwpartijhandel.nl\\\/de\\\/product\\\/gusta-s-2-bbq-grillmatten-schwarz-03250270\\\/#breadcrumb\"},\"inLanguage\":\"de\",\"potentialAction\":[{\"@type\":\"ReadAction\",\"target\":[\"https:\\\/\\\/www.fvdwpartijhandel.nl\\\/de\\\/product\\\/gusta-s-2-bbq-grillmatten-schwarz-03250270\\\/\"]}]},{\"@type\":\"ImageObject\",\"inLanguage\":\"de\",\"@id\":\"https:\\\/\\\/www.fvdwpartijhandel.nl\\\/de\\\/product\\\/gusta-s-2-bbq-grillmatten-schwarz-03250270\\\/#primaryimage\",\"url\":\"https:\\\/\\\/www.fvdwpartijhandel.nl\\\/wp-content\\\/uploads\\\/2025\\\/08\\\/03250270.jpg\",\"contentUrl\":\"https:\\\/\\\/www.fvdwpartijhandel.nl\\\/wp-content\\\/uploads\\\/2025\\\/08\\\/03250270.jpg\",\"width\":500,\"height\":500},{\"@type\":\"BreadcrumbList\",\"@id\":\"https:\\\/\\\/www.fvdwpartijhandel.nl\\\/de\\\/product\\\/gusta-s-2-bbq-grillmatten-schwarz-03250270\\\/#breadcrumb\",\"itemListElement\":[{\"@type\":\"ListItem\",\"position\":1,\"name\":\"Startseite\",\"item\":\"https:\\\/\\\/www.fvdwpartijhandel.nl\\\/de\\\/startseite\\\/\"},{\"@type\":\"ListItem\",\"position\":2,\"name\":\"Shop\",\"item\":\"https:\\\/\\\/www.fvdwpartijhandel.nl\\\/de\\\/shop\\\/\"},{\"@type\":\"ListItem\",\"position\":3,\"name\":\"Gusta S\\\/2 BBQ Grillmatten Schwarz 03250270\"}]},{\"@type\":\"WebSite\",\"@id\":\"https:\\\/\\\/www.fvdwpartijhandel.nl\\\/de\\\/#website\",\"url\":\"https:\\\/\\\/www.fvdwpartijhandel.nl\\\/de\\\/\",\"name\":\"Frank van de Wijgert partijhandel\",\"description\":\"Al 10 jaar actief in de verkoop van restpartijen\",\"publisher\":{\"@id\":\"https:\\\/\\\/www.fvdwpartijhandel.nl\\\/de\\\/#organization\"},\"potentialAction\":[{\"@type\":\"SearchAction\",\"target\":{\"@type\":\"EntryPoint\",\"urlTemplate\":\"https:\\\/\\\/www.fvdwpartijhandel.nl\\\/de\\\/?s={search_term_string}\"},\"query-input\":{\"@type\":\"PropertyValueSpecification\",\"valueRequired\":true,\"valueName\":\"search_term_string\"}}],\"inLanguage\":\"de\"},{\"@type\":\"Organization\",\"@id\":\"https:\\\/\\\/www.fvdwpartijhandel.nl\\\/de\\\/#organization\",\"name\":\"Frank van de Wijgert partijhandel\",\"url\":\"https:\\\/\\\/www.fvdwpartijhandel.nl\\\/de\\\/\",\"logo\":{\"@type\":\"ImageObject\",\"inLanguage\":\"de\",\"@id\":\"https:\\\/\\\/www.fvdwpartijhandel.nl\\\/de\\\/#\\\/schema\\\/logo\\\/image\\\/\",\"url\":\"https:\\\/\\\/www.fvdwpartijhandel.nl\\\/wp-content\\\/uploads\\\/2025\\\/08\\\/Logo-Frank-van-de-Wijgert-nieuw-1.svg\",\"contentUrl\":\"https:\\\/\\\/www.fvdwpartijhandel.nl\\\/wp-content\\\/uploads\\\/2025\\\/08\\\/Logo-Frank-van-de-Wijgert-nieuw-1.svg\",\"width\":400,\"height\":57,\"caption\":\"Frank van de Wijgert partijhandel\"},\"image\":{\"@id\":\"https:\\\/\\\/www.fvdwpartijhandel.nl\\\/de\\\/#\\\/schema\\\/logo\\\/image\\\/\"}}]}<\/script>\n<!-- \/ Yoast SEO plugin. -->","yoast_head_json":{"title":"Gusta S\/2 BBQ Grillmatten Schwarz 03250270 - Frank van de Wijgert partijhandel","robots":{"index":"index","follow":"follow","max-snippet":"max-snippet:-1","max-image-preview":"max-image-preview:large","max-video-preview":"max-video-preview:-1"},"canonical":"https:\/\/www.fvdwpartijhandel.nl\/de\/product\/gusta-s-2-bbq-grillmatten-schwarz-03250270\/","og_locale":"de_DE","og_type":"article","og_title":"Gusta S\/2 BBQ Grillmatten Schwarz 03250270 - Frank van de Wijgert partijhandel","og_description":"Sie grillen gerne, m\u00f6chten aber den Grillrost sauber halten und trotzdem Ihre Gerichte variieren?Diese hitzebest\u00e4ndigen Grillmatten eignen sich sowohl f\u00fcr den Grill als auch f\u00fcr den Backofen.Sie werden m\u00fchelos gegrilltes Gem\u00fcse, Fisch oder sogar Pizzen zubereiten, ohne dass etwas anhaftet oder anbrennt.Leicht zu reinigen und immer wieder verwendbar.Eine clevere Erg\u00e4nzung f\u00fcr jeden Grillmeister oder Hobbykoch.","og_url":"https:\/\/www.fvdwpartijhandel.nl\/de\/product\/gusta-s-2-bbq-grillmatten-schwarz-03250270\/","og_site_name":"Frank van de Wijgert partijhandel","article_modified_time":"2025-12-12T10:57:15+00:00","og_image":[{"width":500,"height":500,"url":"https:\/\/www.fvdwpartijhandel.nl\/wp-content\/uploads\/2025\/08\/03250270.jpg","type":"image\/jpeg"}],"twitter_card":"summary_large_image","schema":{"@context":"https:\/\/schema.org","@graph":[{"@type":"WebPage","@id":"https:\/\/www.fvdwpartijhandel.nl\/de\/product\/gusta-s-2-bbq-grillmatten-schwarz-03250270\/","url":"https:\/\/www.fvdwpartijhandel.nl\/de\/product\/gusta-s-2-bbq-grillmatten-schwarz-03250270\/","name":"Gusta S\/2 BBQ Grillmatten Schwarz 03250270 - Frank van de Wijgert partijhandel","isPartOf":{"@id":"https:\/\/www.fvdwpartijhandel.nl\/de\/#website"},"primaryImageOfPage":{"@id":"https:\/\/www.fvdwpartijhandel.nl\/de\/product\/gusta-s-2-bbq-grillmatten-schwarz-03250270\/#primaryimage"},"image":{"@id":"https:\/\/www.fvdwpartijhandel.nl\/de\/product\/gusta-s-2-bbq-grillmatten-schwarz-03250270\/#primaryimage"},"thumbnailUrl":"https:\/\/www.fvdwpartijhandel.nl\/wp-content\/uploads\/2025\/08\/03250270.jpg","datePublished":"2025-08-19T07:29:58+00:00","dateModified":"2025-12-12T10:57:15+00:00","breadcrumb":{"@id":"https:\/\/www.fvdwpartijhandel.nl\/de\/product\/gusta-s-2-bbq-grillmatten-schwarz-03250270\/#breadcrumb"},"inLanguage":"de","potentialAction":[{"@type":"ReadAction","target":["https:\/\/www.fvdwpartijhandel.nl\/de\/product\/gusta-s-2-bbq-grillmatten-schwarz-03250270\/"]}]},{"@type":"ImageObject","inLanguage":"de","@id":"https:\/\/www.fvdwpartijhandel.nl\/de\/product\/gusta-s-2-bbq-grillmatten-schwarz-03250270\/#primaryimage","url":"https:\/\/www.fvdwpartijhandel.nl\/wp-content\/uploads\/2025\/08\/03250270.jpg","contentUrl":"https:\/\/www.fvdwpartijhandel.nl\/wp-content\/uploads\/2025\/08\/03250270.jpg","width":500,"height":500},{"@type":"BreadcrumbList","@id":"https:\/\/www.fvdwpartijhandel.nl\/de\/product\/gusta-s-2-bbq-grillmatten-schwarz-03250270\/#breadcrumb","itemListElement":[{"@type":"ListItem","position":1,"name":"Startseite","item":"https:\/\/www.fvdwpartijhandel.nl\/de\/startseite\/"},{"@type":"ListItem","position":2,"name":"Shop","item":"https:\/\/www.fvdwpartijhandel.nl\/de\/shop\/"},{"@type":"ListItem","position":3,"name":"Gusta S\/2 BBQ Grillmatten Schwarz 03250270"}]},{"@type":"WebSite","@id":"https:\/\/www.fvdwpartijhandel.nl\/de\/#website","url":"https:\/\/www.fvdwpartijhandel.nl\/de\/","name":"Frank van de Wijgert partijhandel","description":"Al 10 jaar actief in de verkoop van restpartijen","publisher":{"@id":"https:\/\/www.fvdwpartijhandel.nl\/de\/#organization"},"potentialAction":[{"@type":"SearchAction","target":{"@type":"EntryPoint","urlTemplate":"https:\/\/www.fvdwpartijhandel.nl\/de\/?s={search_term_string}"},"query-input":{"@type":"PropertyValueSpecification","valueRequired":true,"valueName":"search_term_string"}}],"inLanguage":"de"},{"@type":"Organization","@id":"https:\/\/www.fvdwpartijhandel.nl\/de\/#organization","name":"Frank van de Wijgert partijhandel","url":"https:\/\/www.fvdwpartijhandel.nl\/de\/","logo":{"@type":"ImageObject","inLanguage":"de","@id":"https:\/\/www.fvdwpartijhandel.nl\/de\/#\/schema\/logo\/image\/","url":"https:\/\/www.fvdwpartijhandel.nl\/wp-content\/uploads\/2025\/08\/Logo-Frank-van-de-Wijgert-nieuw-1.svg","contentUrl":"https:\/\/www.fvdwpartijhandel.nl\/wp-content\/uploads\/2025\/08\/Logo-Frank-van-de-Wijgert-nieuw-1.svg","width":400,"height":57,"caption":"Frank van de Wijgert partijhandel"},"image":{"@id":"https:\/\/www.fvdwpartijhandel.nl\/de\/#\/schema\/logo\/image\/"}}]}},"_links":{"self":[{"href":"https:\/\/www.fvdwpartijhandel.nl\/de\/wp-json\/wp\/v2\/product\/8252","targetHints":{"allow":["GET"]}}],"collection":[{"href":"https:\/\/www.fvdwpartijhandel.nl\/de\/wp-json\/wp\/v2\/product"}],"about":[{"href":"https:\/\/www.fvdwpartijhandel.nl\/de\/wp-json\/wp\/v2\/types\/product"}],"wp:featuredmedia":[{"embeddable":true,"href":"https:\/\/www.fvdwpartijhandel.nl\/de\/wp-json\/wp\/v2\/media\/8254"}],"wp:attachment":[{"href":"https:\/\/www.fvdwpartijhandel.nl\/de\/wp-json\/wp\/v2\/media?parent=8252"}],"wp:term":[{"taxonomy":"product_brand","embeddable":true,"href":"https:\/\/www.fvdwpartijhandel.nl\/de\/wp-json\/wp\/v2\/product_brand?post=8252"},{"taxonomy":"product_cat","embeddable":true,"href":"https:\/\/www.fvdwpartijhandel.nl\/de\/wp-json\/wp\/v2\/product_cat?post=8252"},{"taxonomy":"product_tag","embeddable":true,"href":"https:\/\/www.fvdwpartijhandel.nl\/de\/wp-json\/wp\/v2\/product_tag?post=8252"}],"curies":[{"name":"wp","href":"https:\/\/api.w.org\/{rel}","templated":true}]}}