{"id":7887,"date":"2025-10-03T11:06:19","date_gmt":"2025-10-03T09:06:19","guid":{"rendered":"https:\/\/www.fvdwpartijhandel.nl\/product\/schmetterlingsbohrer-set-4-tlg\/"},"modified":"2025-10-03T11:06:19","modified_gmt":"2025-10-03T09:06:19","slug":"schmetterlingsbohrer-set-4-tlg","status":"publish","type":"product","link":"https:\/\/www.fvdwpartijhandel.nl\/de\/product\/schmetterlingsbohrer-set-4-tlg\/","title":{"rendered":"Schmetterlingsbohrer-Set 4-tlg."},"content":{"rendered":"<p>Schnell und einfach ein tiefes Loch in Holz bohren? Verwenden Sie dazu einen Schmetterlingsbohrer oder einen Schnellbohrer. Ein sch\u00f6nes rundes Loch mit einem pr\u00e4zisen Durchmesser f\u00fcr die Durchf\u00fchrung von z.B. Schn\u00fcren und Kabeln. Die Spitzen am Bohrkopf sorgen zusammen mit der hohen Drehzahl f\u00fcr eine reibungslose Bewegung durch Holz und Plattenmaterial. Ein hochwertiges Set von Schnellbohrern aus Kohlenstoffstahl f\u00fcr Bohrl\u00f6cher von 13, 16, 22 und 25 mm.    <\/p>\n<p>Spezifikationen;<\/p>\n<p>&#8211; Anzahl; 4 St\u00fcck.<br \/>\n&#8211; Gr\u00f6\u00dfe; 13, 16, 22 und 25 mm x 150 mm.<br \/>\n&#8211; Material; Kohlenstoffstahl.<br \/>\n&#8211; Geeignet f\u00fcr Holz und Plattenmaterial.<\/p>\n","protected":false},"excerpt":{"rendered":"<p>Schnell und einfach ein tiefes Loch in Holz bohren? Verwenden Sie dazu einen Schmetterlingsbohrer oder einen Schnellbohrer. Ein sch\u00f6nes rundes Loch mit einem pr\u00e4zisen Durchmesser f\u00fcr die Durchf\u00fchrung von z.B. Schn\u00fcren und Kabeln. Die Spitzen am Bohrkopf sorgen zusammen mit der hohen Drehzahl f\u00fcr eine reibungslose Bewegung durch Holz und Plattenmaterial. Ein hochwertiges Set von [&hellip;]<\/p>\n","protected":false},"featured_media":7889,"template":"","meta":{"_acf_changed":false},"product_brand":[],"product_cat":[62],"product_tag":[],"class_list":{"0":"post-7887","1":"product","2":"type-product","3":"status-publish","4":"has-post-thumbnail","6":"product_cat-werkzeuge","8":"first","9":"instock","10":"shipping-taxable","11":"product-type-simple"},"acf":[],"yoast_head":"<!-- This site is optimized with the Yoast SEO plugin v27.5 - https:\/\/yoast.com\/product\/yoast-seo-wordpress\/ -->\n<title>Schmetterlingsbohrer-Set 4-tlg. - Frank van de Wijgert partijhandel<\/title>\n<meta name=\"robots\" content=\"index, follow, max-snippet:-1, max-image-preview:large, max-video-preview:-1\" \/>\n<link rel=\"canonical\" href=\"https:\/\/www.fvdwpartijhandel.nl\/de\/product\/schmetterlingsbohrer-set-4-tlg\/\" \/>\n<meta property=\"og:locale\" content=\"de_DE\" \/>\n<meta property=\"og:type\" content=\"article\" \/>\n<meta property=\"og:title\" content=\"Schmetterlingsbohrer-Set 4-tlg. - Frank van de Wijgert partijhandel\" \/>\n<meta property=\"og:description\" content=\"Schnell und einfach ein tiefes Loch in Holz bohren? Verwenden Sie dazu einen Schmetterlingsbohrer oder einen Schnellbohrer. Ein sch\u00f6nes rundes Loch mit einem pr\u00e4zisen Durchmesser f\u00fcr die Durchf\u00fchrung von z.B. Schn\u00fcren und Kabeln. Die Spitzen am Bohrkopf sorgen zusammen mit der hohen Drehzahl f\u00fcr eine reibungslose Bewegung durch Holz und Plattenmaterial. Ein hochwertiges Set von [&hellip;]\" \/>\n<meta property=\"og:url\" content=\"https:\/\/www.fvdwpartijhandel.nl\/de\/product\/schmetterlingsbohrer-set-4-tlg\/\" \/>\n<meta property=\"og:site_name\" content=\"Frank van de Wijgert partijhandel\" \/>\n<meta property=\"og:image\" content=\"https:\/\/www.fvdwpartijhandel.nl\/wp-content\/uploads\/2025\/10\/116210.jpg\" \/>\n\t<meta property=\"og:image:width\" content=\"1198\" \/>\n\t<meta property=\"og:image:height\" content=\"1200\" \/>\n\t<meta property=\"og:image:type\" content=\"image\/jpeg\" \/>\n<meta name=\"twitter:card\" content=\"summary_large_image\" \/>\n<script type=\"application\/ld+json\" class=\"yoast-schema-graph\">{\"@context\":\"https:\\\/\\\/schema.org\",\"@graph\":[{\"@type\":\"WebPage\",\"@id\":\"https:\\\/\\\/www.fvdwpartijhandel.nl\\\/de\\\/product\\\/schmetterlingsbohrer-set-4-tlg\\\/\",\"url\":\"https:\\\/\\\/www.fvdwpartijhandel.nl\\\/de\\\/product\\\/schmetterlingsbohrer-set-4-tlg\\\/\",\"name\":\"Schmetterlingsbohrer-Set 4-tlg. - Frank van de Wijgert partijhandel\",\"isPartOf\":{\"@id\":\"https:\\\/\\\/www.fvdwpartijhandel.nl\\\/de\\\/#website\"},\"primaryImageOfPage\":{\"@id\":\"https:\\\/\\\/www.fvdwpartijhandel.nl\\\/de\\\/product\\\/schmetterlingsbohrer-set-4-tlg\\\/#primaryimage\"},\"image\":{\"@id\":\"https:\\\/\\\/www.fvdwpartijhandel.nl\\\/de\\\/product\\\/schmetterlingsbohrer-set-4-tlg\\\/#primaryimage\"},\"thumbnailUrl\":\"https:\\\/\\\/www.fvdwpartijhandel.nl\\\/wp-content\\\/uploads\\\/2025\\\/10\\\/116210.jpg\",\"datePublished\":\"2025-10-03T09:06:19+00:00\",\"breadcrumb\":{\"@id\":\"https:\\\/\\\/www.fvdwpartijhandel.nl\\\/de\\\/product\\\/schmetterlingsbohrer-set-4-tlg\\\/#breadcrumb\"},\"inLanguage\":\"de\",\"potentialAction\":[{\"@type\":\"ReadAction\",\"target\":[\"https:\\\/\\\/www.fvdwpartijhandel.nl\\\/de\\\/product\\\/schmetterlingsbohrer-set-4-tlg\\\/\"]}]},{\"@type\":\"ImageObject\",\"inLanguage\":\"de\",\"@id\":\"https:\\\/\\\/www.fvdwpartijhandel.nl\\\/de\\\/product\\\/schmetterlingsbohrer-set-4-tlg\\\/#primaryimage\",\"url\":\"https:\\\/\\\/www.fvdwpartijhandel.nl\\\/wp-content\\\/uploads\\\/2025\\\/10\\\/116210.jpg\",\"contentUrl\":\"https:\\\/\\\/www.fvdwpartijhandel.nl\\\/wp-content\\\/uploads\\\/2025\\\/10\\\/116210.jpg\",\"width\":1198,\"height\":1200},{\"@type\":\"BreadcrumbList\",\"@id\":\"https:\\\/\\\/www.fvdwpartijhandel.nl\\\/de\\\/product\\\/schmetterlingsbohrer-set-4-tlg\\\/#breadcrumb\",\"itemListElement\":[{\"@type\":\"ListItem\",\"position\":1,\"name\":\"Startseite\",\"item\":\"https:\\\/\\\/www.fvdwpartijhandel.nl\\\/de\\\/startseite\\\/\"},{\"@type\":\"ListItem\",\"position\":2,\"name\":\"Shop\",\"item\":\"https:\\\/\\\/www.fvdwpartijhandel.nl\\\/de\\\/shop\\\/\"},{\"@type\":\"ListItem\",\"position\":3,\"name\":\"Schmetterlingsbohrer-Set 4-tlg.\"}]},{\"@type\":\"WebSite\",\"@id\":\"https:\\\/\\\/www.fvdwpartijhandel.nl\\\/de\\\/#website\",\"url\":\"https:\\\/\\\/www.fvdwpartijhandel.nl\\\/de\\\/\",\"name\":\"Frank van de Wijgert partijhandel\",\"description\":\"Al 10 jaar actief in de verkoop van restpartijen\",\"publisher\":{\"@id\":\"https:\\\/\\\/www.fvdwpartijhandel.nl\\\/de\\\/#organization\"},\"potentialAction\":[{\"@type\":\"SearchAction\",\"target\":{\"@type\":\"EntryPoint\",\"urlTemplate\":\"https:\\\/\\\/www.fvdwpartijhandel.nl\\\/de\\\/?s={search_term_string}\"},\"query-input\":{\"@type\":\"PropertyValueSpecification\",\"valueRequired\":true,\"valueName\":\"search_term_string\"}}],\"inLanguage\":\"de\"},{\"@type\":\"Organization\",\"@id\":\"https:\\\/\\\/www.fvdwpartijhandel.nl\\\/de\\\/#organization\",\"name\":\"Frank van de Wijgert partijhandel\",\"url\":\"https:\\\/\\\/www.fvdwpartijhandel.nl\\\/de\\\/\",\"logo\":{\"@type\":\"ImageObject\",\"inLanguage\":\"de\",\"@id\":\"https:\\\/\\\/www.fvdwpartijhandel.nl\\\/de\\\/#\\\/schema\\\/logo\\\/image\\\/\",\"url\":\"https:\\\/\\\/www.fvdwpartijhandel.nl\\\/wp-content\\\/uploads\\\/2025\\\/08\\\/Logo-Frank-van-de-Wijgert-nieuw-1.svg\",\"contentUrl\":\"https:\\\/\\\/www.fvdwpartijhandel.nl\\\/wp-content\\\/uploads\\\/2025\\\/08\\\/Logo-Frank-van-de-Wijgert-nieuw-1.svg\",\"width\":400,\"height\":57,\"caption\":\"Frank van de Wijgert partijhandel\"},\"image\":{\"@id\":\"https:\\\/\\\/www.fvdwpartijhandel.nl\\\/de\\\/#\\\/schema\\\/logo\\\/image\\\/\"}}]}<\/script>\n<!-- \/ Yoast SEO plugin. -->","yoast_head_json":{"title":"Schmetterlingsbohrer-Set 4-tlg. - Frank van de Wijgert partijhandel","robots":{"index":"index","follow":"follow","max-snippet":"max-snippet:-1","max-image-preview":"max-image-preview:large","max-video-preview":"max-video-preview:-1"},"canonical":"https:\/\/www.fvdwpartijhandel.nl\/de\/product\/schmetterlingsbohrer-set-4-tlg\/","og_locale":"de_DE","og_type":"article","og_title":"Schmetterlingsbohrer-Set 4-tlg. - Frank van de Wijgert partijhandel","og_description":"Schnell und einfach ein tiefes Loch in Holz bohren? Verwenden Sie dazu einen Schmetterlingsbohrer oder einen Schnellbohrer. Ein sch\u00f6nes rundes Loch mit einem pr\u00e4zisen Durchmesser f\u00fcr die Durchf\u00fchrung von z.B. Schn\u00fcren und Kabeln. Die Spitzen am Bohrkopf sorgen zusammen mit der hohen Drehzahl f\u00fcr eine reibungslose Bewegung durch Holz und Plattenmaterial. Ein hochwertiges Set von [&hellip;]","og_url":"https:\/\/www.fvdwpartijhandel.nl\/de\/product\/schmetterlingsbohrer-set-4-tlg\/","og_site_name":"Frank van de Wijgert partijhandel","og_image":[{"width":1198,"height":1200,"url":"https:\/\/www.fvdwpartijhandel.nl\/wp-content\/uploads\/2025\/10\/116210.jpg","type":"image\/jpeg"}],"twitter_card":"summary_large_image","schema":{"@context":"https:\/\/schema.org","@graph":[{"@type":"WebPage","@id":"https:\/\/www.fvdwpartijhandel.nl\/de\/product\/schmetterlingsbohrer-set-4-tlg\/","url":"https:\/\/www.fvdwpartijhandel.nl\/de\/product\/schmetterlingsbohrer-set-4-tlg\/","name":"Schmetterlingsbohrer-Set 4-tlg. - Frank van de Wijgert partijhandel","isPartOf":{"@id":"https:\/\/www.fvdwpartijhandel.nl\/de\/#website"},"primaryImageOfPage":{"@id":"https:\/\/www.fvdwpartijhandel.nl\/de\/product\/schmetterlingsbohrer-set-4-tlg\/#primaryimage"},"image":{"@id":"https:\/\/www.fvdwpartijhandel.nl\/de\/product\/schmetterlingsbohrer-set-4-tlg\/#primaryimage"},"thumbnailUrl":"https:\/\/www.fvdwpartijhandel.nl\/wp-content\/uploads\/2025\/10\/116210.jpg","datePublished":"2025-10-03T09:06:19+00:00","breadcrumb":{"@id":"https:\/\/www.fvdwpartijhandel.nl\/de\/product\/schmetterlingsbohrer-set-4-tlg\/#breadcrumb"},"inLanguage":"de","potentialAction":[{"@type":"ReadAction","target":["https:\/\/www.fvdwpartijhandel.nl\/de\/product\/schmetterlingsbohrer-set-4-tlg\/"]}]},{"@type":"ImageObject","inLanguage":"de","@id":"https:\/\/www.fvdwpartijhandel.nl\/de\/product\/schmetterlingsbohrer-set-4-tlg\/#primaryimage","url":"https:\/\/www.fvdwpartijhandel.nl\/wp-content\/uploads\/2025\/10\/116210.jpg","contentUrl":"https:\/\/www.fvdwpartijhandel.nl\/wp-content\/uploads\/2025\/10\/116210.jpg","width":1198,"height":1200},{"@type":"BreadcrumbList","@id":"https:\/\/www.fvdwpartijhandel.nl\/de\/product\/schmetterlingsbohrer-set-4-tlg\/#breadcrumb","itemListElement":[{"@type":"ListItem","position":1,"name":"Startseite","item":"https:\/\/www.fvdwpartijhandel.nl\/de\/startseite\/"},{"@type":"ListItem","position":2,"name":"Shop","item":"https:\/\/www.fvdwpartijhandel.nl\/de\/shop\/"},{"@type":"ListItem","position":3,"name":"Schmetterlingsbohrer-Set 4-tlg."}]},{"@type":"WebSite","@id":"https:\/\/www.fvdwpartijhandel.nl\/de\/#website","url":"https:\/\/www.fvdwpartijhandel.nl\/de\/","name":"Frank van de Wijgert partijhandel","description":"Al 10 jaar actief in de verkoop van restpartijen","publisher":{"@id":"https:\/\/www.fvdwpartijhandel.nl\/de\/#organization"},"potentialAction":[{"@type":"SearchAction","target":{"@type":"EntryPoint","urlTemplate":"https:\/\/www.fvdwpartijhandel.nl\/de\/?s={search_term_string}"},"query-input":{"@type":"PropertyValueSpecification","valueRequired":true,"valueName":"search_term_string"}}],"inLanguage":"de"},{"@type":"Organization","@id":"https:\/\/www.fvdwpartijhandel.nl\/de\/#organization","name":"Frank van de Wijgert partijhandel","url":"https:\/\/www.fvdwpartijhandel.nl\/de\/","logo":{"@type":"ImageObject","inLanguage":"de","@id":"https:\/\/www.fvdwpartijhandel.nl\/de\/#\/schema\/logo\/image\/","url":"https:\/\/www.fvdwpartijhandel.nl\/wp-content\/uploads\/2025\/08\/Logo-Frank-van-de-Wijgert-nieuw-1.svg","contentUrl":"https:\/\/www.fvdwpartijhandel.nl\/wp-content\/uploads\/2025\/08\/Logo-Frank-van-de-Wijgert-nieuw-1.svg","width":400,"height":57,"caption":"Frank van de Wijgert partijhandel"},"image":{"@id":"https:\/\/www.fvdwpartijhandel.nl\/de\/#\/schema\/logo\/image\/"}}]}},"_links":{"self":[{"href":"https:\/\/www.fvdwpartijhandel.nl\/de\/wp-json\/wp\/v2\/product\/7887","targetHints":{"allow":["GET"]}}],"collection":[{"href":"https:\/\/www.fvdwpartijhandel.nl\/de\/wp-json\/wp\/v2\/product"}],"about":[{"href":"https:\/\/www.fvdwpartijhandel.nl\/de\/wp-json\/wp\/v2\/types\/product"}],"wp:featuredmedia":[{"embeddable":true,"href":"https:\/\/www.fvdwpartijhandel.nl\/de\/wp-json\/wp\/v2\/media\/7889"}],"wp:attachment":[{"href":"https:\/\/www.fvdwpartijhandel.nl\/de\/wp-json\/wp\/v2\/media?parent=7887"}],"wp:term":[{"taxonomy":"product_brand","embeddable":true,"href":"https:\/\/www.fvdwpartijhandel.nl\/de\/wp-json\/wp\/v2\/product_brand?post=7887"},{"taxonomy":"product_cat","embeddable":true,"href":"https:\/\/www.fvdwpartijhandel.nl\/de\/wp-json\/wp\/v2\/product_cat?post=7887"},{"taxonomy":"product_tag","embeddable":true,"href":"https:\/\/www.fvdwpartijhandel.nl\/de\/wp-json\/wp\/v2\/product_tag?post=7887"}],"curies":[{"name":"wp","href":"https:\/\/api.w.org\/{rel}","templated":true}]}}