{"id":7796,"date":"2025-11-26T07:37:26","date_gmt":"2025-11-26T06:37:26","guid":{"rendered":"https:\/\/www.fvdwpartijhandel.nl\/product\/grasschere-black-decker-34-5cm\/"},"modified":"2025-11-26T07:37:26","modified_gmt":"2025-11-26T06:37:26","slug":"grasschere-black-decker-34-5cm","status":"publish","type":"product","link":"https:\/\/www.fvdwpartijhandel.nl\/de\/product\/grasschere-black-decker-34-5cm\/","title":{"rendered":"Grasschere Black &amp; Decker 34.5cm"},"content":{"rendered":"<p>Verwenden Sie diese praktische BLACK+DECKER Grasschere, um Ihren Rasen sch\u00f6n und ordentlich zu halten. Sie verwenden diese Grasschere, um schwer zug\u00e4ngliche Stellen Ihres Rasens zu trimmen oder zu beschneiden. 34,5 Zentimeter lang ist die Grasschere. Dadurch liegt er gut in der Hand und Sie k\u00f6nnen ihn \u00fcber einen l\u00e4ngeren Zeitraum am St\u00fcck verwenden. Das Besondere an diesem Rasentrimmer sind jedoch seine Klingen aus geschmiedetem Stahl. Dank dieser Klingen h\u00e4lt dieses leistungsstarke Gartenger\u00e4t l\u00e4nger und schneidet m\u00fchelos durch das Gras. Die Klingen sind au\u00dferdem mit Ilafron Resist ausgestattet, einer Antihaftbeschichtung, die verhindert, dass Gras und andere Gartenabf\u00e4lle an der Grasschere haften bleiben.     <\/p>\n","protected":false},"excerpt":{"rendered":"<p>Verwenden Sie diese praktische BLACK+DECKER Grasschere, um Ihren Rasen sch\u00f6n und ordentlich zu halten. Sie verwenden diese Grasschere, um schwer zug\u00e4ngliche Stellen Ihres Rasens zu trimmen oder zu beschneiden. 34,5 Zentimeter lang ist die Grasschere. Dadurch liegt er gut in der Hand und Sie k\u00f6nnen ihn \u00fcber einen l\u00e4ngeren Zeitraum am St\u00fcck verwenden. Das Besondere [&hellip;]<\/p>\n","protected":false},"featured_media":7798,"template":"","meta":{"_acf_changed":false},"product_brand":[],"product_cat":[65,62],"product_tag":[],"class_list":{"0":"post-7796","1":"product","2":"type-product","3":"status-publish","4":"has-post-thumbnail","6":"product_cat-garten-drausen","7":"product_cat-werkzeuge","9":"first","10":"instock","11":"shipping-taxable","12":"product-type-simple"},"acf":[],"yoast_head":"<!-- This site is optimized with the Yoast SEO plugin v27.2 - https:\/\/yoast.com\/product\/yoast-seo-wordpress\/ -->\n<title>Grasschere Black &amp; Decker 34.5cm - Frank van de Wijgert partijhandel<\/title>\n<meta name=\"robots\" content=\"index, follow, max-snippet:-1, max-image-preview:large, max-video-preview:-1\" \/>\n<link rel=\"canonical\" href=\"https:\/\/www.fvdwpartijhandel.nl\/de\/product\/grasschere-black-decker-34-5cm\/\" \/>\n<meta property=\"og:locale\" content=\"de_DE\" \/>\n<meta property=\"og:type\" content=\"article\" \/>\n<meta property=\"og:title\" content=\"Grasschere Black &amp; Decker 34.5cm - Frank van de Wijgert partijhandel\" \/>\n<meta property=\"og:description\" content=\"Verwenden Sie diese praktische BLACK+DECKER Grasschere, um Ihren Rasen sch\u00f6n und ordentlich zu halten. Sie verwenden diese Grasschere, um schwer zug\u00e4ngliche Stellen Ihres Rasens zu trimmen oder zu beschneiden. 34,5 Zentimeter lang ist die Grasschere. Dadurch liegt er gut in der Hand und Sie k\u00f6nnen ihn \u00fcber einen l\u00e4ngeren Zeitraum am St\u00fcck verwenden. Das Besondere [&hellip;]\" \/>\n<meta property=\"og:url\" content=\"https:\/\/www.fvdwpartijhandel.nl\/de\/product\/grasschere-black-decker-34-5cm\/\" \/>\n<meta property=\"og:site_name\" content=\"Frank van de Wijgert partijhandel\" \/>\n<meta property=\"og:image\" content=\"https:\/\/www.fvdwpartijhandel.nl\/wp-content\/uploads\/2025\/11\/116340.jpg\" \/>\n\t<meta property=\"og:image:width\" content=\"500\" \/>\n\t<meta property=\"og:image:height\" content=\"500\" \/>\n\t<meta property=\"og:image:type\" content=\"image\/jpeg\" \/>\n<meta name=\"twitter:card\" content=\"summary_large_image\" \/>\n<meta name=\"twitter:label1\" content=\"Gesch\u00e4tzte Lesezeit\" \/>\n\t<meta name=\"twitter:data1\" content=\"1\u00a0Minute\" \/>\n<script type=\"application\/ld+json\" class=\"yoast-schema-graph\">{\"@context\":\"https:\/\/schema.org\",\"@graph\":[{\"@type\":\"WebPage\",\"@id\":\"https:\/\/www.fvdwpartijhandel.nl\/de\/product\/grasschere-black-decker-34-5cm\/\",\"url\":\"https:\/\/www.fvdwpartijhandel.nl\/de\/product\/grasschere-black-decker-34-5cm\/\",\"name\":\"Grasschere Black &amp; Decker 34.5cm - Frank van de Wijgert partijhandel\",\"isPartOf\":{\"@id\":\"https:\/\/www.fvdwpartijhandel.nl\/de\/#website\"},\"primaryImageOfPage\":{\"@id\":\"https:\/\/www.fvdwpartijhandel.nl\/de\/product\/grasschere-black-decker-34-5cm\/#primaryimage\"},\"image\":{\"@id\":\"https:\/\/www.fvdwpartijhandel.nl\/de\/product\/grasschere-black-decker-34-5cm\/#primaryimage\"},\"thumbnailUrl\":\"https:\/\/www.fvdwpartijhandel.nl\/wp-content\/uploads\/2025\/11\/116340.jpg\",\"datePublished\":\"2025-11-26T06:37:26+00:00\",\"breadcrumb\":{\"@id\":\"https:\/\/www.fvdwpartijhandel.nl\/de\/product\/grasschere-black-decker-34-5cm\/#breadcrumb\"},\"inLanguage\":\"de\",\"potentialAction\":[{\"@type\":\"ReadAction\",\"target\":[\"https:\/\/www.fvdwpartijhandel.nl\/de\/product\/grasschere-black-decker-34-5cm\/\"]}]},{\"@type\":\"ImageObject\",\"inLanguage\":\"de\",\"@id\":\"https:\/\/www.fvdwpartijhandel.nl\/de\/product\/grasschere-black-decker-34-5cm\/#primaryimage\",\"url\":\"https:\/\/www.fvdwpartijhandel.nl\/wp-content\/uploads\/2025\/11\/116340.jpg\",\"contentUrl\":\"https:\/\/www.fvdwpartijhandel.nl\/wp-content\/uploads\/2025\/11\/116340.jpg\",\"width\":500,\"height\":500},{\"@type\":\"BreadcrumbList\",\"@id\":\"https:\/\/www.fvdwpartijhandel.nl\/de\/product\/grasschere-black-decker-34-5cm\/#breadcrumb\",\"itemListElement\":[{\"@type\":\"ListItem\",\"position\":1,\"name\":\"Startseite\",\"item\":\"https:\/\/www.fvdwpartijhandel.nl\/de\/startseite\/\"},{\"@type\":\"ListItem\",\"position\":2,\"name\":\"Shop\",\"item\":\"https:\/\/www.fvdwpartijhandel.nl\/de\/shop\/\"},{\"@type\":\"ListItem\",\"position\":3,\"name\":\"Grasschere Black &amp; Decker 34.5cm\"}]},{\"@type\":\"WebSite\",\"@id\":\"https:\/\/www.fvdwpartijhandel.nl\/de\/#website\",\"url\":\"https:\/\/www.fvdwpartijhandel.nl\/de\/\",\"name\":\"Frank van de Wijgert partijhandel\",\"description\":\"Al 10 jaar actief in de verkoop van restpartijen\",\"publisher\":{\"@id\":\"https:\/\/www.fvdwpartijhandel.nl\/de\/#organization\"},\"potentialAction\":[{\"@type\":\"SearchAction\",\"target\":{\"@type\":\"EntryPoint\",\"urlTemplate\":\"https:\/\/www.fvdwpartijhandel.nl\/de\/?s={search_term_string}\"},\"query-input\":{\"@type\":\"PropertyValueSpecification\",\"valueRequired\":true,\"valueName\":\"search_term_string\"}}],\"inLanguage\":\"de\"},{\"@type\":\"Organization\",\"@id\":\"https:\/\/www.fvdwpartijhandel.nl\/de\/#organization\",\"name\":\"Frank van de Wijgert partijhandel\",\"url\":\"https:\/\/www.fvdwpartijhandel.nl\/de\/\",\"logo\":{\"@type\":\"ImageObject\",\"inLanguage\":\"de\",\"@id\":\"https:\/\/www.fvdwpartijhandel.nl\/de\/#\/schema\/logo\/image\/\",\"url\":\"https:\/\/www.fvdwpartijhandel.nl\/wp-content\/uploads\/2025\/08\/Logo-Frank-van-de-Wijgert-nieuw-1.svg\",\"contentUrl\":\"https:\/\/www.fvdwpartijhandel.nl\/wp-content\/uploads\/2025\/08\/Logo-Frank-van-de-Wijgert-nieuw-1.svg\",\"width\":400,\"height\":57,\"caption\":\"Frank van de Wijgert partijhandel\"},\"image\":{\"@id\":\"https:\/\/www.fvdwpartijhandel.nl\/de\/#\/schema\/logo\/image\/\"}}]}<\/script>\n<!-- \/ Yoast SEO plugin. -->","yoast_head_json":{"title":"Grasschere Black &amp; Decker 34.5cm - Frank van de Wijgert partijhandel","robots":{"index":"index","follow":"follow","max-snippet":"max-snippet:-1","max-image-preview":"max-image-preview:large","max-video-preview":"max-video-preview:-1"},"canonical":"https:\/\/www.fvdwpartijhandel.nl\/de\/product\/grasschere-black-decker-34-5cm\/","og_locale":"de_DE","og_type":"article","og_title":"Grasschere Black &amp; Decker 34.5cm - Frank van de Wijgert partijhandel","og_description":"Verwenden Sie diese praktische BLACK+DECKER Grasschere, um Ihren Rasen sch\u00f6n und ordentlich zu halten. Sie verwenden diese Grasschere, um schwer zug\u00e4ngliche Stellen Ihres Rasens zu trimmen oder zu beschneiden. 34,5 Zentimeter lang ist die Grasschere. Dadurch liegt er gut in der Hand und Sie k\u00f6nnen ihn \u00fcber einen l\u00e4ngeren Zeitraum am St\u00fcck verwenden. Das Besondere [&hellip;]","og_url":"https:\/\/www.fvdwpartijhandel.nl\/de\/product\/grasschere-black-decker-34-5cm\/","og_site_name":"Frank van de Wijgert partijhandel","og_image":[{"width":500,"height":500,"url":"https:\/\/www.fvdwpartijhandel.nl\/wp-content\/uploads\/2025\/11\/116340.jpg","type":"image\/jpeg"}],"twitter_card":"summary_large_image","twitter_misc":{"Gesch\u00e4tzte Lesezeit":"1\u00a0Minute"},"schema":{"@context":"https:\/\/schema.org","@graph":[{"@type":"WebPage","@id":"https:\/\/www.fvdwpartijhandel.nl\/de\/product\/grasschere-black-decker-34-5cm\/","url":"https:\/\/www.fvdwpartijhandel.nl\/de\/product\/grasschere-black-decker-34-5cm\/","name":"Grasschere Black &amp; Decker 34.5cm - Frank van de Wijgert partijhandel","isPartOf":{"@id":"https:\/\/www.fvdwpartijhandel.nl\/de\/#website"},"primaryImageOfPage":{"@id":"https:\/\/www.fvdwpartijhandel.nl\/de\/product\/grasschere-black-decker-34-5cm\/#primaryimage"},"image":{"@id":"https:\/\/www.fvdwpartijhandel.nl\/de\/product\/grasschere-black-decker-34-5cm\/#primaryimage"},"thumbnailUrl":"https:\/\/www.fvdwpartijhandel.nl\/wp-content\/uploads\/2025\/11\/116340.jpg","datePublished":"2025-11-26T06:37:26+00:00","breadcrumb":{"@id":"https:\/\/www.fvdwpartijhandel.nl\/de\/product\/grasschere-black-decker-34-5cm\/#breadcrumb"},"inLanguage":"de","potentialAction":[{"@type":"ReadAction","target":["https:\/\/www.fvdwpartijhandel.nl\/de\/product\/grasschere-black-decker-34-5cm\/"]}]},{"@type":"ImageObject","inLanguage":"de","@id":"https:\/\/www.fvdwpartijhandel.nl\/de\/product\/grasschere-black-decker-34-5cm\/#primaryimage","url":"https:\/\/www.fvdwpartijhandel.nl\/wp-content\/uploads\/2025\/11\/116340.jpg","contentUrl":"https:\/\/www.fvdwpartijhandel.nl\/wp-content\/uploads\/2025\/11\/116340.jpg","width":500,"height":500},{"@type":"BreadcrumbList","@id":"https:\/\/www.fvdwpartijhandel.nl\/de\/product\/grasschere-black-decker-34-5cm\/#breadcrumb","itemListElement":[{"@type":"ListItem","position":1,"name":"Startseite","item":"https:\/\/www.fvdwpartijhandel.nl\/de\/startseite\/"},{"@type":"ListItem","position":2,"name":"Shop","item":"https:\/\/www.fvdwpartijhandel.nl\/de\/shop\/"},{"@type":"ListItem","position":3,"name":"Grasschere Black &amp; Decker 34.5cm"}]},{"@type":"WebSite","@id":"https:\/\/www.fvdwpartijhandel.nl\/de\/#website","url":"https:\/\/www.fvdwpartijhandel.nl\/de\/","name":"Frank van de Wijgert partijhandel","description":"Al 10 jaar actief in de verkoop van restpartijen","publisher":{"@id":"https:\/\/www.fvdwpartijhandel.nl\/de\/#organization"},"potentialAction":[{"@type":"SearchAction","target":{"@type":"EntryPoint","urlTemplate":"https:\/\/www.fvdwpartijhandel.nl\/de\/?s={search_term_string}"},"query-input":{"@type":"PropertyValueSpecification","valueRequired":true,"valueName":"search_term_string"}}],"inLanguage":"de"},{"@type":"Organization","@id":"https:\/\/www.fvdwpartijhandel.nl\/de\/#organization","name":"Frank van de Wijgert partijhandel","url":"https:\/\/www.fvdwpartijhandel.nl\/de\/","logo":{"@type":"ImageObject","inLanguage":"de","@id":"https:\/\/www.fvdwpartijhandel.nl\/de\/#\/schema\/logo\/image\/","url":"https:\/\/www.fvdwpartijhandel.nl\/wp-content\/uploads\/2025\/08\/Logo-Frank-van-de-Wijgert-nieuw-1.svg","contentUrl":"https:\/\/www.fvdwpartijhandel.nl\/wp-content\/uploads\/2025\/08\/Logo-Frank-van-de-Wijgert-nieuw-1.svg","width":400,"height":57,"caption":"Frank van de Wijgert partijhandel"},"image":{"@id":"https:\/\/www.fvdwpartijhandel.nl\/de\/#\/schema\/logo\/image\/"}}]}},"_links":{"self":[{"href":"https:\/\/www.fvdwpartijhandel.nl\/de\/wp-json\/wp\/v2\/product\/7796","targetHints":{"allow":["GET"]}}],"collection":[{"href":"https:\/\/www.fvdwpartijhandel.nl\/de\/wp-json\/wp\/v2\/product"}],"about":[{"href":"https:\/\/www.fvdwpartijhandel.nl\/de\/wp-json\/wp\/v2\/types\/product"}],"wp:featuredmedia":[{"embeddable":true,"href":"https:\/\/www.fvdwpartijhandel.nl\/de\/wp-json\/wp\/v2\/media\/7798"}],"wp:attachment":[{"href":"https:\/\/www.fvdwpartijhandel.nl\/de\/wp-json\/wp\/v2\/media?parent=7796"}],"wp:term":[{"taxonomy":"product_brand","embeddable":true,"href":"https:\/\/www.fvdwpartijhandel.nl\/de\/wp-json\/wp\/v2\/product_brand?post=7796"},{"taxonomy":"product_cat","embeddable":true,"href":"https:\/\/www.fvdwpartijhandel.nl\/de\/wp-json\/wp\/v2\/product_cat?post=7796"},{"taxonomy":"product_tag","embeddable":true,"href":"https:\/\/www.fvdwpartijhandel.nl\/de\/wp-json\/wp\/v2\/product_tag?post=7796"}],"curies":[{"name":"wp","href":"https:\/\/api.w.org\/{rel}","templated":true}]}}