{"id":7456,"date":"2025-08-19T07:31:09","date_gmt":"2025-08-19T07:31:09","guid":{"rendered":"https:\/\/www.fvdwpartijhandel.nl\/product\/diy-bemalbarer-nussknacker-aus-holz-7x65x255-cm\/"},"modified":"2025-12-16T10:39:10","modified_gmt":"2025-12-16T09:39:10","slug":"diy-bemalbarer-nussknacker-aus-holz-7x65x255-cm","status":"publish","type":"product","link":"https:\/\/www.fvdwpartijhandel.nl\/de\/product\/diy-bemalbarer-nussknacker-aus-holz-7x65x255-cm\/","title":{"rendered":"DIY Bemalbarer Nussknacker aus Holz 7&#215;6,5&#215;25,5 cm"},"content":{"rendered":"<p>Lassen Sie Ihrer Kreativit\u00e4t freien Lauf mit diesen 25,5 cm gro\u00dfen DIY-Nussknackern aus Holz. Diese bemalbaren Nussknacker sind aus rohem Holz und perfekt, um sie selbst mit Farbe, Glitter, Stoff oder anderen Dekorationen zu verzieren. Ob Sie sich f\u00fcr einen klassischen Weihnachtslook oder einen modernen Twist entscheiden &#8211; mit diesem Set k\u00f6nnen Sie jedem Nussknacker einen pers\u00f6nlichen Look verleihen. Nussknacker in 2   <\/p>\n","protected":false},"excerpt":{"rendered":"<p>Lassen Sie Ihrer Kreativit\u00e4t freien Lauf mit diesen 25,5 cm gro\u00dfen DIY-Nussknackern aus Holz. Diese bemalbaren Nussknacker sind aus rohem Holz und perfekt, um sie selbst mit Farbe, Glitter, Stoff oder anderen Dekorationen zu verzieren. Ob Sie sich f\u00fcr einen klassischen Weihnachtslook oder einen modernen Twist entscheiden &#8211; mit diesem Set k\u00f6nnen Sie jedem Nussknacker [&hellip;]<\/p>\n","protected":false},"featured_media":7458,"template":"","meta":{"_acf_changed":false},"product_brand":[],"product_cat":[59],"product_tag":[],"class_list":{"0":"post-7456","1":"product","2":"type-product","3":"status-publish","4":"has-post-thumbnail","6":"product_cat-dekoration","8":"first","9":"instock","10":"shipping-taxable","11":"product-type-simple"},"acf":[],"yoast_head":"<!-- This site is optimized with the Yoast SEO plugin v27.5 - https:\/\/yoast.com\/product\/yoast-seo-wordpress\/ -->\n<title>DIY Bemalbarer Nussknacker aus Holz 7x6,5x25,5 cm - Frank van de Wijgert partijhandel<\/title>\n<meta name=\"robots\" content=\"index, follow, max-snippet:-1, max-image-preview:large, max-video-preview:-1\" \/>\n<link rel=\"canonical\" href=\"https:\/\/www.fvdwpartijhandel.nl\/de\/product\/diy-bemalbarer-nussknacker-aus-holz-7x65x255-cm\/\" \/>\n<meta property=\"og:locale\" content=\"de_DE\" \/>\n<meta property=\"og:type\" content=\"article\" \/>\n<meta property=\"og:title\" content=\"DIY Bemalbarer Nussknacker aus Holz 7x6,5x25,5 cm - Frank van de Wijgert partijhandel\" \/>\n<meta property=\"og:description\" content=\"Lassen Sie Ihrer Kreativit\u00e4t freien Lauf mit diesen 25,5 cm gro\u00dfen DIY-Nussknackern aus Holz. Diese bemalbaren Nussknacker sind aus rohem Holz und perfekt, um sie selbst mit Farbe, Glitter, Stoff oder anderen Dekorationen zu verzieren. Ob Sie sich f\u00fcr einen klassischen Weihnachtslook oder einen modernen Twist entscheiden &#8211; mit diesem Set k\u00f6nnen Sie jedem Nussknacker [&hellip;]\" \/>\n<meta property=\"og:url\" content=\"https:\/\/www.fvdwpartijhandel.nl\/de\/product\/diy-bemalbarer-nussknacker-aus-holz-7x65x255-cm\/\" \/>\n<meta property=\"og:site_name\" content=\"Frank van de Wijgert partijhandel\" \/>\n<meta property=\"article:modified_time\" content=\"2025-12-16T09:39:10+00:00\" \/>\n<meta property=\"og:image\" content=\"https:\/\/www.fvdwpartijhandel.nl\/wp-content\/uploads\/2025\/08\/115427.jpg\" \/>\n\t<meta property=\"og:image:width\" content=\"500\" \/>\n\t<meta property=\"og:image:height\" content=\"500\" \/>\n\t<meta property=\"og:image:type\" content=\"image\/jpeg\" \/>\n<meta name=\"twitter:card\" content=\"summary_large_image\" \/>\n<script type=\"application\/ld+json\" class=\"yoast-schema-graph\">{\"@context\":\"https:\\\/\\\/schema.org\",\"@graph\":[{\"@type\":\"WebPage\",\"@id\":\"https:\\\/\\\/www.fvdwpartijhandel.nl\\\/de\\\/product\\\/diy-bemalbarer-nussknacker-aus-holz-7x65x255-cm\\\/\",\"url\":\"https:\\\/\\\/www.fvdwpartijhandel.nl\\\/de\\\/product\\\/diy-bemalbarer-nussknacker-aus-holz-7x65x255-cm\\\/\",\"name\":\"DIY Bemalbarer Nussknacker aus Holz 7x6,5x25,5 cm - Frank van de Wijgert partijhandel\",\"isPartOf\":{\"@id\":\"https:\\\/\\\/www.fvdwpartijhandel.nl\\\/de\\\/#website\"},\"primaryImageOfPage\":{\"@id\":\"https:\\\/\\\/www.fvdwpartijhandel.nl\\\/de\\\/product\\\/diy-bemalbarer-nussknacker-aus-holz-7x65x255-cm\\\/#primaryimage\"},\"image\":{\"@id\":\"https:\\\/\\\/www.fvdwpartijhandel.nl\\\/de\\\/product\\\/diy-bemalbarer-nussknacker-aus-holz-7x65x255-cm\\\/#primaryimage\"},\"thumbnailUrl\":\"https:\\\/\\\/www.fvdwpartijhandel.nl\\\/wp-content\\\/uploads\\\/2025\\\/08\\\/115427.jpg\",\"datePublished\":\"2025-08-19T07:31:09+00:00\",\"dateModified\":\"2025-12-16T09:39:10+00:00\",\"breadcrumb\":{\"@id\":\"https:\\\/\\\/www.fvdwpartijhandel.nl\\\/de\\\/product\\\/diy-bemalbarer-nussknacker-aus-holz-7x65x255-cm\\\/#breadcrumb\"},\"inLanguage\":\"de\",\"potentialAction\":[{\"@type\":\"ReadAction\",\"target\":[\"https:\\\/\\\/www.fvdwpartijhandel.nl\\\/de\\\/product\\\/diy-bemalbarer-nussknacker-aus-holz-7x65x255-cm\\\/\"]}]},{\"@type\":\"ImageObject\",\"inLanguage\":\"de\",\"@id\":\"https:\\\/\\\/www.fvdwpartijhandel.nl\\\/de\\\/product\\\/diy-bemalbarer-nussknacker-aus-holz-7x65x255-cm\\\/#primaryimage\",\"url\":\"https:\\\/\\\/www.fvdwpartijhandel.nl\\\/wp-content\\\/uploads\\\/2025\\\/08\\\/115427.jpg\",\"contentUrl\":\"https:\\\/\\\/www.fvdwpartijhandel.nl\\\/wp-content\\\/uploads\\\/2025\\\/08\\\/115427.jpg\",\"width\":500,\"height\":500},{\"@type\":\"BreadcrumbList\",\"@id\":\"https:\\\/\\\/www.fvdwpartijhandel.nl\\\/de\\\/product\\\/diy-bemalbarer-nussknacker-aus-holz-7x65x255-cm\\\/#breadcrumb\",\"itemListElement\":[{\"@type\":\"ListItem\",\"position\":1,\"name\":\"Startseite\",\"item\":\"https:\\\/\\\/www.fvdwpartijhandel.nl\\\/de\\\/startseite\\\/\"},{\"@type\":\"ListItem\",\"position\":2,\"name\":\"Shop\",\"item\":\"https:\\\/\\\/www.fvdwpartijhandel.nl\\\/de\\\/shop\\\/\"},{\"@type\":\"ListItem\",\"position\":3,\"name\":\"DIY Bemalbarer Nussknacker aus Holz 7&#215;6,5&#215;25,5 cm\"}]},{\"@type\":\"WebSite\",\"@id\":\"https:\\\/\\\/www.fvdwpartijhandel.nl\\\/de\\\/#website\",\"url\":\"https:\\\/\\\/www.fvdwpartijhandel.nl\\\/de\\\/\",\"name\":\"Frank van de Wijgert partijhandel\",\"description\":\"Al 10 jaar actief in de verkoop van restpartijen\",\"publisher\":{\"@id\":\"https:\\\/\\\/www.fvdwpartijhandel.nl\\\/de\\\/#organization\"},\"potentialAction\":[{\"@type\":\"SearchAction\",\"target\":{\"@type\":\"EntryPoint\",\"urlTemplate\":\"https:\\\/\\\/www.fvdwpartijhandel.nl\\\/de\\\/?s={search_term_string}\"},\"query-input\":{\"@type\":\"PropertyValueSpecification\",\"valueRequired\":true,\"valueName\":\"search_term_string\"}}],\"inLanguage\":\"de\"},{\"@type\":\"Organization\",\"@id\":\"https:\\\/\\\/www.fvdwpartijhandel.nl\\\/de\\\/#organization\",\"name\":\"Frank van de Wijgert partijhandel\",\"url\":\"https:\\\/\\\/www.fvdwpartijhandel.nl\\\/de\\\/\",\"logo\":{\"@type\":\"ImageObject\",\"inLanguage\":\"de\",\"@id\":\"https:\\\/\\\/www.fvdwpartijhandel.nl\\\/de\\\/#\\\/schema\\\/logo\\\/image\\\/\",\"url\":\"https:\\\/\\\/www.fvdwpartijhandel.nl\\\/wp-content\\\/uploads\\\/2025\\\/08\\\/Logo-Frank-van-de-Wijgert-nieuw-1.svg\",\"contentUrl\":\"https:\\\/\\\/www.fvdwpartijhandel.nl\\\/wp-content\\\/uploads\\\/2025\\\/08\\\/Logo-Frank-van-de-Wijgert-nieuw-1.svg\",\"width\":400,\"height\":57,\"caption\":\"Frank van de Wijgert partijhandel\"},\"image\":{\"@id\":\"https:\\\/\\\/www.fvdwpartijhandel.nl\\\/de\\\/#\\\/schema\\\/logo\\\/image\\\/\"}}]}<\/script>\n<!-- \/ Yoast SEO plugin. -->","yoast_head_json":{"title":"DIY Bemalbarer Nussknacker aus Holz 7x6,5x25,5 cm - Frank van de Wijgert partijhandel","robots":{"index":"index","follow":"follow","max-snippet":"max-snippet:-1","max-image-preview":"max-image-preview:large","max-video-preview":"max-video-preview:-1"},"canonical":"https:\/\/www.fvdwpartijhandel.nl\/de\/product\/diy-bemalbarer-nussknacker-aus-holz-7x65x255-cm\/","og_locale":"de_DE","og_type":"article","og_title":"DIY Bemalbarer Nussknacker aus Holz 7x6,5x25,5 cm - Frank van de Wijgert partijhandel","og_description":"Lassen Sie Ihrer Kreativit\u00e4t freien Lauf mit diesen 25,5 cm gro\u00dfen DIY-Nussknackern aus Holz. Diese bemalbaren Nussknacker sind aus rohem Holz und perfekt, um sie selbst mit Farbe, Glitter, Stoff oder anderen Dekorationen zu verzieren. Ob Sie sich f\u00fcr einen klassischen Weihnachtslook oder einen modernen Twist entscheiden &#8211; mit diesem Set k\u00f6nnen Sie jedem Nussknacker [&hellip;]","og_url":"https:\/\/www.fvdwpartijhandel.nl\/de\/product\/diy-bemalbarer-nussknacker-aus-holz-7x65x255-cm\/","og_site_name":"Frank van de Wijgert partijhandel","article_modified_time":"2025-12-16T09:39:10+00:00","og_image":[{"width":500,"height":500,"url":"https:\/\/www.fvdwpartijhandel.nl\/wp-content\/uploads\/2025\/08\/115427.jpg","type":"image\/jpeg"}],"twitter_card":"summary_large_image","schema":{"@context":"https:\/\/schema.org","@graph":[{"@type":"WebPage","@id":"https:\/\/www.fvdwpartijhandel.nl\/de\/product\/diy-bemalbarer-nussknacker-aus-holz-7x65x255-cm\/","url":"https:\/\/www.fvdwpartijhandel.nl\/de\/product\/diy-bemalbarer-nussknacker-aus-holz-7x65x255-cm\/","name":"DIY Bemalbarer Nussknacker aus Holz 7x6,5x25,5 cm - Frank van de Wijgert partijhandel","isPartOf":{"@id":"https:\/\/www.fvdwpartijhandel.nl\/de\/#website"},"primaryImageOfPage":{"@id":"https:\/\/www.fvdwpartijhandel.nl\/de\/product\/diy-bemalbarer-nussknacker-aus-holz-7x65x255-cm\/#primaryimage"},"image":{"@id":"https:\/\/www.fvdwpartijhandel.nl\/de\/product\/diy-bemalbarer-nussknacker-aus-holz-7x65x255-cm\/#primaryimage"},"thumbnailUrl":"https:\/\/www.fvdwpartijhandel.nl\/wp-content\/uploads\/2025\/08\/115427.jpg","datePublished":"2025-08-19T07:31:09+00:00","dateModified":"2025-12-16T09:39:10+00:00","breadcrumb":{"@id":"https:\/\/www.fvdwpartijhandel.nl\/de\/product\/diy-bemalbarer-nussknacker-aus-holz-7x65x255-cm\/#breadcrumb"},"inLanguage":"de","potentialAction":[{"@type":"ReadAction","target":["https:\/\/www.fvdwpartijhandel.nl\/de\/product\/diy-bemalbarer-nussknacker-aus-holz-7x65x255-cm\/"]}]},{"@type":"ImageObject","inLanguage":"de","@id":"https:\/\/www.fvdwpartijhandel.nl\/de\/product\/diy-bemalbarer-nussknacker-aus-holz-7x65x255-cm\/#primaryimage","url":"https:\/\/www.fvdwpartijhandel.nl\/wp-content\/uploads\/2025\/08\/115427.jpg","contentUrl":"https:\/\/www.fvdwpartijhandel.nl\/wp-content\/uploads\/2025\/08\/115427.jpg","width":500,"height":500},{"@type":"BreadcrumbList","@id":"https:\/\/www.fvdwpartijhandel.nl\/de\/product\/diy-bemalbarer-nussknacker-aus-holz-7x65x255-cm\/#breadcrumb","itemListElement":[{"@type":"ListItem","position":1,"name":"Startseite","item":"https:\/\/www.fvdwpartijhandel.nl\/de\/startseite\/"},{"@type":"ListItem","position":2,"name":"Shop","item":"https:\/\/www.fvdwpartijhandel.nl\/de\/shop\/"},{"@type":"ListItem","position":3,"name":"DIY Bemalbarer Nussknacker aus Holz 7&#215;6,5&#215;25,5 cm"}]},{"@type":"WebSite","@id":"https:\/\/www.fvdwpartijhandel.nl\/de\/#website","url":"https:\/\/www.fvdwpartijhandel.nl\/de\/","name":"Frank van de Wijgert partijhandel","description":"Al 10 jaar actief in de verkoop van restpartijen","publisher":{"@id":"https:\/\/www.fvdwpartijhandel.nl\/de\/#organization"},"potentialAction":[{"@type":"SearchAction","target":{"@type":"EntryPoint","urlTemplate":"https:\/\/www.fvdwpartijhandel.nl\/de\/?s={search_term_string}"},"query-input":{"@type":"PropertyValueSpecification","valueRequired":true,"valueName":"search_term_string"}}],"inLanguage":"de"},{"@type":"Organization","@id":"https:\/\/www.fvdwpartijhandel.nl\/de\/#organization","name":"Frank van de Wijgert partijhandel","url":"https:\/\/www.fvdwpartijhandel.nl\/de\/","logo":{"@type":"ImageObject","inLanguage":"de","@id":"https:\/\/www.fvdwpartijhandel.nl\/de\/#\/schema\/logo\/image\/","url":"https:\/\/www.fvdwpartijhandel.nl\/wp-content\/uploads\/2025\/08\/Logo-Frank-van-de-Wijgert-nieuw-1.svg","contentUrl":"https:\/\/www.fvdwpartijhandel.nl\/wp-content\/uploads\/2025\/08\/Logo-Frank-van-de-Wijgert-nieuw-1.svg","width":400,"height":57,"caption":"Frank van de Wijgert partijhandel"},"image":{"@id":"https:\/\/www.fvdwpartijhandel.nl\/de\/#\/schema\/logo\/image\/"}}]}},"_links":{"self":[{"href":"https:\/\/www.fvdwpartijhandel.nl\/de\/wp-json\/wp\/v2\/product\/7456","targetHints":{"allow":["GET"]}}],"collection":[{"href":"https:\/\/www.fvdwpartijhandel.nl\/de\/wp-json\/wp\/v2\/product"}],"about":[{"href":"https:\/\/www.fvdwpartijhandel.nl\/de\/wp-json\/wp\/v2\/types\/product"}],"wp:featuredmedia":[{"embeddable":true,"href":"https:\/\/www.fvdwpartijhandel.nl\/de\/wp-json\/wp\/v2\/media\/7458"}],"wp:attachment":[{"href":"https:\/\/www.fvdwpartijhandel.nl\/de\/wp-json\/wp\/v2\/media?parent=7456"}],"wp:term":[{"taxonomy":"product_brand","embeddable":true,"href":"https:\/\/www.fvdwpartijhandel.nl\/de\/wp-json\/wp\/v2\/product_brand?post=7456"},{"taxonomy":"product_cat","embeddable":true,"href":"https:\/\/www.fvdwpartijhandel.nl\/de\/wp-json\/wp\/v2\/product_cat?post=7456"},{"taxonomy":"product_tag","embeddable":true,"href":"https:\/\/www.fvdwpartijhandel.nl\/de\/wp-json\/wp\/v2\/product_tag?post=7456"}],"curies":[{"name":"wp","href":"https:\/\/api.w.org\/{rel}","templated":true}]}}