{"id":7435,"date":"2025-08-19T07:31:09","date_gmt":"2025-08-19T07:31:09","guid":{"rendered":"https:\/\/www.fvdwpartijhandel.nl\/product\/fressnapf-fuer-hund-und-katze-aus-rutschfestem-metall-500ml\/"},"modified":"2025-12-16T11:01:20","modified_gmt":"2025-12-16T10:01:20","slug":"fressnapf-fuer-hund-und-katze-aus-rutschfestem-metall-500ml","status":"publish","type":"product","link":"https:\/\/www.fvdwpartijhandel.nl\/de\/product\/fressnapf-fuer-hund-und-katze-aus-rutschfestem-metall-500ml\/","title":{"rendered":"Fressnapf f\u00fcr Hund und Katze aus rutschfestem Metall 500ml"},"content":{"rendered":"<p><strong><span dir=\"auto\">Suchen Sie einen lustigen und funktionellen Futternapf f\u00fcr Ihren Hund? Der gro\u00dfe 25 cm Futternapf aus Edelstahl mit Gummiboden ist perfekt! <\/span><\/strong><\/p>\n<ul>\n<li style=\"list-style-type: none;\"><span dir=\"auto\">Leicht sauber zu halten und hygienisch.<\/span><\/li>\n<\/ul>\n<ul>\n<li style=\"list-style-type: none;\">\n<\/li>\n<\/ul>\n<ul>\n<li style=\"list-style-type: none;\">\n<ul>\n<li><span dir=\"auto\">Perfekt f\u00fcr Wasser und Lebensmittel.<\/span><\/li>\n<\/ul>\n<\/li>\n<\/ul>\n<ul>\n<li style=\"list-style-type: none;\">\n<ul>\n<li><span dir=\"auto\">notwendige und praktische Ausr\u00fcstung f\u00fcr jedes Haustier<\/span><\/li>\n<\/ul>\n<\/li>\n<\/ul>\n<ul>\n<li style=\"list-style-type: none;\">\n<ul>\n<li><span dir=\"auto\">f\u00fcr den Innen- und Au\u00dfenbereich<\/span><\/li>\n<\/ul>\n<\/li>\n<\/ul>\n<ul>\n<li style=\"list-style-type: none;\">\n<ul>\n<li><span dir=\"auto\">Die spezielle Form verhindert, dass das Tier den Napf umst\u00f6\u00dft.<\/span><\/li>\n<\/ul>\n<\/li>\n<\/ul>\n","protected":false},"excerpt":{"rendered":"<p>Suchen Sie einen lustigen und funktionellen Futternapf f\u00fcr Ihren Hund? Der gro\u00dfe 25 cm Futternapf aus Edelstahl mit Gummiboden ist perfekt! Leicht sauber zu halten und hygienisch. Perfekt f\u00fcr Wasser und Lebensmittel. notwendige und praktische Ausr\u00fcstung f\u00fcr jedes Haustier f\u00fcr den Innen- und Au\u00dfenbereich Die spezielle Form verhindert, dass das Tier den Napf umst\u00f6\u00dft.<\/p>\n","protected":false},"featured_media":7437,"template":"","meta":{"_acf_changed":false},"product_brand":[],"product_cat":[58],"product_tag":[],"class_list":{"0":"post-7435","1":"product","2":"type-product","3":"status-publish","4":"has-post-thumbnail","6":"product_cat-tier","8":"first","9":"instock","10":"shipping-taxable","11":"product-type-simple"},"acf":[],"yoast_head":"<!-- This site is optimized with the Yoast SEO plugin v27.5 - https:\/\/yoast.com\/product\/yoast-seo-wordpress\/ -->\n<title>Fressnapf f\u00fcr Hund und Katze aus rutschfestem Metall 500ml - Frank van de Wijgert partijhandel<\/title>\n<meta name=\"robots\" content=\"index, follow, max-snippet:-1, max-image-preview:large, max-video-preview:-1\" \/>\n<link rel=\"canonical\" href=\"https:\/\/www.fvdwpartijhandel.nl\/de\/product\/fressnapf-fuer-hund-und-katze-aus-rutschfestem-metall-500ml\/\" \/>\n<meta property=\"og:locale\" content=\"de_DE\" \/>\n<meta property=\"og:type\" content=\"article\" \/>\n<meta property=\"og:title\" content=\"Fressnapf f\u00fcr Hund und Katze aus rutschfestem Metall 500ml - Frank van de Wijgert partijhandel\" \/>\n<meta property=\"og:description\" content=\"Suchen Sie einen lustigen und funktionellen Futternapf f\u00fcr Ihren Hund? Der gro\u00dfe 25 cm Futternapf aus Edelstahl mit Gummiboden ist perfekt! Leicht sauber zu halten und hygienisch. Perfekt f\u00fcr Wasser und Lebensmittel. notwendige und praktische Ausr\u00fcstung f\u00fcr jedes Haustier f\u00fcr den Innen- und Au\u00dfenbereich Die spezielle Form verhindert, dass das Tier den Napf umst\u00f6\u00dft.\" \/>\n<meta property=\"og:url\" content=\"https:\/\/www.fvdwpartijhandel.nl\/de\/product\/fressnapf-fuer-hund-und-katze-aus-rutschfestem-metall-500ml\/\" \/>\n<meta property=\"og:site_name\" content=\"Frank van de Wijgert partijhandel\" \/>\n<meta property=\"article:modified_time\" content=\"2025-12-16T10:01:20+00:00\" \/>\n<meta property=\"og:image\" content=\"https:\/\/www.fvdwpartijhandel.nl\/wp-content\/uploads\/2025\/08\/115659.jpg\" \/>\n\t<meta property=\"og:image:width\" content=\"500\" \/>\n\t<meta property=\"og:image:height\" content=\"500\" \/>\n\t<meta property=\"og:image:type\" content=\"image\/jpeg\" \/>\n<meta name=\"twitter:card\" content=\"summary_large_image\" \/>\n<script type=\"application\/ld+json\" class=\"yoast-schema-graph\">{\"@context\":\"https:\\\/\\\/schema.org\",\"@graph\":[{\"@type\":\"WebPage\",\"@id\":\"https:\\\/\\\/www.fvdwpartijhandel.nl\\\/de\\\/product\\\/fressnapf-fuer-hund-und-katze-aus-rutschfestem-metall-500ml\\\/\",\"url\":\"https:\\\/\\\/www.fvdwpartijhandel.nl\\\/de\\\/product\\\/fressnapf-fuer-hund-und-katze-aus-rutschfestem-metall-500ml\\\/\",\"name\":\"Fressnapf f\u00fcr Hund und Katze aus rutschfestem Metall 500ml - Frank van de Wijgert partijhandel\",\"isPartOf\":{\"@id\":\"https:\\\/\\\/www.fvdwpartijhandel.nl\\\/de\\\/#website\"},\"primaryImageOfPage\":{\"@id\":\"https:\\\/\\\/www.fvdwpartijhandel.nl\\\/de\\\/product\\\/fressnapf-fuer-hund-und-katze-aus-rutschfestem-metall-500ml\\\/#primaryimage\"},\"image\":{\"@id\":\"https:\\\/\\\/www.fvdwpartijhandel.nl\\\/de\\\/product\\\/fressnapf-fuer-hund-und-katze-aus-rutschfestem-metall-500ml\\\/#primaryimage\"},\"thumbnailUrl\":\"https:\\\/\\\/www.fvdwpartijhandel.nl\\\/wp-content\\\/uploads\\\/2025\\\/08\\\/115659.jpg\",\"datePublished\":\"2025-08-19T07:31:09+00:00\",\"dateModified\":\"2025-12-16T10:01:20+00:00\",\"breadcrumb\":{\"@id\":\"https:\\\/\\\/www.fvdwpartijhandel.nl\\\/de\\\/product\\\/fressnapf-fuer-hund-und-katze-aus-rutschfestem-metall-500ml\\\/#breadcrumb\"},\"inLanguage\":\"de\",\"potentialAction\":[{\"@type\":\"ReadAction\",\"target\":[\"https:\\\/\\\/www.fvdwpartijhandel.nl\\\/de\\\/product\\\/fressnapf-fuer-hund-und-katze-aus-rutschfestem-metall-500ml\\\/\"]}]},{\"@type\":\"ImageObject\",\"inLanguage\":\"de\",\"@id\":\"https:\\\/\\\/www.fvdwpartijhandel.nl\\\/de\\\/product\\\/fressnapf-fuer-hund-und-katze-aus-rutschfestem-metall-500ml\\\/#primaryimage\",\"url\":\"https:\\\/\\\/www.fvdwpartijhandel.nl\\\/wp-content\\\/uploads\\\/2025\\\/08\\\/115659.jpg\",\"contentUrl\":\"https:\\\/\\\/www.fvdwpartijhandel.nl\\\/wp-content\\\/uploads\\\/2025\\\/08\\\/115659.jpg\",\"width\":500,\"height\":500},{\"@type\":\"BreadcrumbList\",\"@id\":\"https:\\\/\\\/www.fvdwpartijhandel.nl\\\/de\\\/product\\\/fressnapf-fuer-hund-und-katze-aus-rutschfestem-metall-500ml\\\/#breadcrumb\",\"itemListElement\":[{\"@type\":\"ListItem\",\"position\":1,\"name\":\"Startseite\",\"item\":\"https:\\\/\\\/www.fvdwpartijhandel.nl\\\/de\\\/startseite\\\/\"},{\"@type\":\"ListItem\",\"position\":2,\"name\":\"Shop\",\"item\":\"https:\\\/\\\/www.fvdwpartijhandel.nl\\\/de\\\/shop\\\/\"},{\"@type\":\"ListItem\",\"position\":3,\"name\":\"Fressnapf f\u00fcr Hund und Katze aus rutschfestem Metall 500ml\"}]},{\"@type\":\"WebSite\",\"@id\":\"https:\\\/\\\/www.fvdwpartijhandel.nl\\\/de\\\/#website\",\"url\":\"https:\\\/\\\/www.fvdwpartijhandel.nl\\\/de\\\/\",\"name\":\"Frank van de Wijgert partijhandel\",\"description\":\"Al 10 jaar actief in de verkoop van restpartijen\",\"publisher\":{\"@id\":\"https:\\\/\\\/www.fvdwpartijhandel.nl\\\/de\\\/#organization\"},\"potentialAction\":[{\"@type\":\"SearchAction\",\"target\":{\"@type\":\"EntryPoint\",\"urlTemplate\":\"https:\\\/\\\/www.fvdwpartijhandel.nl\\\/de\\\/?s={search_term_string}\"},\"query-input\":{\"@type\":\"PropertyValueSpecification\",\"valueRequired\":true,\"valueName\":\"search_term_string\"}}],\"inLanguage\":\"de\"},{\"@type\":\"Organization\",\"@id\":\"https:\\\/\\\/www.fvdwpartijhandel.nl\\\/de\\\/#organization\",\"name\":\"Frank van de Wijgert partijhandel\",\"url\":\"https:\\\/\\\/www.fvdwpartijhandel.nl\\\/de\\\/\",\"logo\":{\"@type\":\"ImageObject\",\"inLanguage\":\"de\",\"@id\":\"https:\\\/\\\/www.fvdwpartijhandel.nl\\\/de\\\/#\\\/schema\\\/logo\\\/image\\\/\",\"url\":\"https:\\\/\\\/www.fvdwpartijhandel.nl\\\/wp-content\\\/uploads\\\/2025\\\/08\\\/Logo-Frank-van-de-Wijgert-nieuw-1.svg\",\"contentUrl\":\"https:\\\/\\\/www.fvdwpartijhandel.nl\\\/wp-content\\\/uploads\\\/2025\\\/08\\\/Logo-Frank-van-de-Wijgert-nieuw-1.svg\",\"width\":400,\"height\":57,\"caption\":\"Frank van de Wijgert partijhandel\"},\"image\":{\"@id\":\"https:\\\/\\\/www.fvdwpartijhandel.nl\\\/de\\\/#\\\/schema\\\/logo\\\/image\\\/\"}}]}<\/script>\n<!-- \/ Yoast SEO plugin. -->","yoast_head_json":{"title":"Fressnapf f\u00fcr Hund und Katze aus rutschfestem Metall 500ml - Frank van de Wijgert partijhandel","robots":{"index":"index","follow":"follow","max-snippet":"max-snippet:-1","max-image-preview":"max-image-preview:large","max-video-preview":"max-video-preview:-1"},"canonical":"https:\/\/www.fvdwpartijhandel.nl\/de\/product\/fressnapf-fuer-hund-und-katze-aus-rutschfestem-metall-500ml\/","og_locale":"de_DE","og_type":"article","og_title":"Fressnapf f\u00fcr Hund und Katze aus rutschfestem Metall 500ml - Frank van de Wijgert partijhandel","og_description":"Suchen Sie einen lustigen und funktionellen Futternapf f\u00fcr Ihren Hund? Der gro\u00dfe 25 cm Futternapf aus Edelstahl mit Gummiboden ist perfekt! Leicht sauber zu halten und hygienisch. Perfekt f\u00fcr Wasser und Lebensmittel. notwendige und praktische Ausr\u00fcstung f\u00fcr jedes Haustier f\u00fcr den Innen- und Au\u00dfenbereich Die spezielle Form verhindert, dass das Tier den Napf umst\u00f6\u00dft.","og_url":"https:\/\/www.fvdwpartijhandel.nl\/de\/product\/fressnapf-fuer-hund-und-katze-aus-rutschfestem-metall-500ml\/","og_site_name":"Frank van de Wijgert partijhandel","article_modified_time":"2025-12-16T10:01:20+00:00","og_image":[{"width":500,"height":500,"url":"https:\/\/www.fvdwpartijhandel.nl\/wp-content\/uploads\/2025\/08\/115659.jpg","type":"image\/jpeg"}],"twitter_card":"summary_large_image","schema":{"@context":"https:\/\/schema.org","@graph":[{"@type":"WebPage","@id":"https:\/\/www.fvdwpartijhandel.nl\/de\/product\/fressnapf-fuer-hund-und-katze-aus-rutschfestem-metall-500ml\/","url":"https:\/\/www.fvdwpartijhandel.nl\/de\/product\/fressnapf-fuer-hund-und-katze-aus-rutschfestem-metall-500ml\/","name":"Fressnapf f\u00fcr Hund und Katze aus rutschfestem Metall 500ml - Frank van de Wijgert partijhandel","isPartOf":{"@id":"https:\/\/www.fvdwpartijhandel.nl\/de\/#website"},"primaryImageOfPage":{"@id":"https:\/\/www.fvdwpartijhandel.nl\/de\/product\/fressnapf-fuer-hund-und-katze-aus-rutschfestem-metall-500ml\/#primaryimage"},"image":{"@id":"https:\/\/www.fvdwpartijhandel.nl\/de\/product\/fressnapf-fuer-hund-und-katze-aus-rutschfestem-metall-500ml\/#primaryimage"},"thumbnailUrl":"https:\/\/www.fvdwpartijhandel.nl\/wp-content\/uploads\/2025\/08\/115659.jpg","datePublished":"2025-08-19T07:31:09+00:00","dateModified":"2025-12-16T10:01:20+00:00","breadcrumb":{"@id":"https:\/\/www.fvdwpartijhandel.nl\/de\/product\/fressnapf-fuer-hund-und-katze-aus-rutschfestem-metall-500ml\/#breadcrumb"},"inLanguage":"de","potentialAction":[{"@type":"ReadAction","target":["https:\/\/www.fvdwpartijhandel.nl\/de\/product\/fressnapf-fuer-hund-und-katze-aus-rutschfestem-metall-500ml\/"]}]},{"@type":"ImageObject","inLanguage":"de","@id":"https:\/\/www.fvdwpartijhandel.nl\/de\/product\/fressnapf-fuer-hund-und-katze-aus-rutschfestem-metall-500ml\/#primaryimage","url":"https:\/\/www.fvdwpartijhandel.nl\/wp-content\/uploads\/2025\/08\/115659.jpg","contentUrl":"https:\/\/www.fvdwpartijhandel.nl\/wp-content\/uploads\/2025\/08\/115659.jpg","width":500,"height":500},{"@type":"BreadcrumbList","@id":"https:\/\/www.fvdwpartijhandel.nl\/de\/product\/fressnapf-fuer-hund-und-katze-aus-rutschfestem-metall-500ml\/#breadcrumb","itemListElement":[{"@type":"ListItem","position":1,"name":"Startseite","item":"https:\/\/www.fvdwpartijhandel.nl\/de\/startseite\/"},{"@type":"ListItem","position":2,"name":"Shop","item":"https:\/\/www.fvdwpartijhandel.nl\/de\/shop\/"},{"@type":"ListItem","position":3,"name":"Fressnapf f\u00fcr Hund und Katze aus rutschfestem Metall 500ml"}]},{"@type":"WebSite","@id":"https:\/\/www.fvdwpartijhandel.nl\/de\/#website","url":"https:\/\/www.fvdwpartijhandel.nl\/de\/","name":"Frank van de Wijgert partijhandel","description":"Al 10 jaar actief in de verkoop van restpartijen","publisher":{"@id":"https:\/\/www.fvdwpartijhandel.nl\/de\/#organization"},"potentialAction":[{"@type":"SearchAction","target":{"@type":"EntryPoint","urlTemplate":"https:\/\/www.fvdwpartijhandel.nl\/de\/?s={search_term_string}"},"query-input":{"@type":"PropertyValueSpecification","valueRequired":true,"valueName":"search_term_string"}}],"inLanguage":"de"},{"@type":"Organization","@id":"https:\/\/www.fvdwpartijhandel.nl\/de\/#organization","name":"Frank van de Wijgert partijhandel","url":"https:\/\/www.fvdwpartijhandel.nl\/de\/","logo":{"@type":"ImageObject","inLanguage":"de","@id":"https:\/\/www.fvdwpartijhandel.nl\/de\/#\/schema\/logo\/image\/","url":"https:\/\/www.fvdwpartijhandel.nl\/wp-content\/uploads\/2025\/08\/Logo-Frank-van-de-Wijgert-nieuw-1.svg","contentUrl":"https:\/\/www.fvdwpartijhandel.nl\/wp-content\/uploads\/2025\/08\/Logo-Frank-van-de-Wijgert-nieuw-1.svg","width":400,"height":57,"caption":"Frank van de Wijgert partijhandel"},"image":{"@id":"https:\/\/www.fvdwpartijhandel.nl\/de\/#\/schema\/logo\/image\/"}}]}},"_links":{"self":[{"href":"https:\/\/www.fvdwpartijhandel.nl\/de\/wp-json\/wp\/v2\/product\/7435","targetHints":{"allow":["GET"]}}],"collection":[{"href":"https:\/\/www.fvdwpartijhandel.nl\/de\/wp-json\/wp\/v2\/product"}],"about":[{"href":"https:\/\/www.fvdwpartijhandel.nl\/de\/wp-json\/wp\/v2\/types\/product"}],"wp:featuredmedia":[{"embeddable":true,"href":"https:\/\/www.fvdwpartijhandel.nl\/de\/wp-json\/wp\/v2\/media\/7437"}],"wp:attachment":[{"href":"https:\/\/www.fvdwpartijhandel.nl\/de\/wp-json\/wp\/v2\/media?parent=7435"}],"wp:term":[{"taxonomy":"product_brand","embeddable":true,"href":"https:\/\/www.fvdwpartijhandel.nl\/de\/wp-json\/wp\/v2\/product_brand?post=7435"},{"taxonomy":"product_cat","embeddable":true,"href":"https:\/\/www.fvdwpartijhandel.nl\/de\/wp-json\/wp\/v2\/product_cat?post=7435"},{"taxonomy":"product_tag","embeddable":true,"href":"https:\/\/www.fvdwpartijhandel.nl\/de\/wp-json\/wp\/v2\/product_tag?post=7435"}],"curies":[{"name":"wp","href":"https:\/\/api.w.org\/{rel}","templated":true}]}}