{"id":7428,"date":"2025-08-19T07:31:18","date_gmt":"2025-08-19T07:31:18","guid":{"rendered":"https:\/\/www.fvdwpartijhandel.nl\/product\/luftpumpe-hofftech-18v-1330mah-mit-zubehoer-1300mah\/"},"modified":"2025-12-12T11:30:58","modified_gmt":"2025-12-12T10:30:58","slug":"luftpumpe-hofftech-18v-1330mah-mit-zubehoer-1300mah","status":"publish","type":"product","link":"https:\/\/www.fvdwpartijhandel.nl\/de\/product\/luftpumpe-hofftech-18v-1330mah-mit-zubehoer-1300mah\/","title":{"rendered":"Luftpumpe Hofftech 18V 1330mAh &#8211; mit Zubeh\u00f6r &#8211; 1300mAH"},"content":{"rendered":"<p>Swimmingpools, aufblasbare Boote, Luftmatratzen oder Luftmatratzen sind beliebte Gegenst\u00e4nde, die in der Freizeit gerne genutzt werden. Das \u00c4rgerliche daran ist, dass meist keine geeignete Pumpe zur Verf\u00fcgung steht, wenn diese Gegenst\u00e4nde aufgeblasen werden m\u00fcssen. Mit unserer batteriebetriebenen Luftpumpe von Hofftech k\u00f6nnen Sie sich von nun an entspannt zur\u00fccklehnen, denn diese Luftpumpe erledigt solche Aufgaben schnell und problemlos.  <\/p>\n","protected":false},"excerpt":{"rendered":"<p>Swimmingpools, aufblasbare Boote, Luftmatratzen oder Luftmatratzen sind beliebte Gegenst\u00e4nde, die in der Freizeit gerne genutzt werden. Das \u00c4rgerliche daran ist, dass meist keine geeignete Pumpe zur Verf\u00fcgung steht, wenn diese Gegenst\u00e4nde aufgeblasen werden m\u00fcssen. Mit unserer batteriebetriebenen Luftpumpe von Hofftech k\u00f6nnen Sie sich von nun an entspannt zur\u00fccklehnen, denn diese Luftpumpe erledigt solche Aufgaben schnell [&hellip;]<\/p>\n","protected":false},"featured_media":7430,"template":"","meta":{"_acf_changed":false},"product_brand":[],"product_cat":[62],"product_tag":[],"class_list":{"0":"post-7428","1":"product","2":"type-product","3":"status-publish","4":"has-post-thumbnail","6":"product_cat-werkzeuge","8":"first","9":"instock","10":"shipping-taxable","11":"product-type-simple"},"acf":[],"yoast_head":"<!-- This site is optimized with the Yoast SEO plugin v27.5 - https:\/\/yoast.com\/product\/yoast-seo-wordpress\/ -->\n<title>Luftpumpe Hofftech 18V 1330mAh - mit Zubeh\u00f6r - 1300mAH - Frank van de Wijgert partijhandel<\/title>\n<meta name=\"robots\" content=\"index, follow, max-snippet:-1, max-image-preview:large, max-video-preview:-1\" \/>\n<link rel=\"canonical\" href=\"https:\/\/www.fvdwpartijhandel.nl\/de\/product\/luftpumpe-hofftech-18v-1330mah-mit-zubehoer-1300mah\/\" \/>\n<meta property=\"og:locale\" content=\"de_DE\" \/>\n<meta property=\"og:type\" content=\"article\" \/>\n<meta property=\"og:title\" content=\"Luftpumpe Hofftech 18V 1330mAh - mit Zubeh\u00f6r - 1300mAH - Frank van de Wijgert partijhandel\" \/>\n<meta property=\"og:description\" content=\"Swimmingpools, aufblasbare Boote, Luftmatratzen oder Luftmatratzen sind beliebte Gegenst\u00e4nde, die in der Freizeit gerne genutzt werden. Das \u00c4rgerliche daran ist, dass meist keine geeignete Pumpe zur Verf\u00fcgung steht, wenn diese Gegenst\u00e4nde aufgeblasen werden m\u00fcssen. Mit unserer batteriebetriebenen Luftpumpe von Hofftech k\u00f6nnen Sie sich von nun an entspannt zur\u00fccklehnen, denn diese Luftpumpe erledigt solche Aufgaben schnell [&hellip;]\" \/>\n<meta property=\"og:url\" content=\"https:\/\/www.fvdwpartijhandel.nl\/de\/product\/luftpumpe-hofftech-18v-1330mah-mit-zubehoer-1300mah\/\" \/>\n<meta property=\"og:site_name\" content=\"Frank van de Wijgert partijhandel\" \/>\n<meta property=\"article:modified_time\" content=\"2025-12-12T10:30:58+00:00\" \/>\n<meta property=\"og:image\" content=\"https:\/\/www.fvdwpartijhandel.nl\/wp-content\/uploads\/2025\/08\/115667.jpg\" \/>\n\t<meta property=\"og:image:width\" content=\"500\" \/>\n\t<meta property=\"og:image:height\" content=\"500\" \/>\n\t<meta property=\"og:image:type\" content=\"image\/jpeg\" \/>\n<meta name=\"twitter:card\" content=\"summary_large_image\" \/>\n<script type=\"application\/ld+json\" class=\"yoast-schema-graph\">{\"@context\":\"https:\\\/\\\/schema.org\",\"@graph\":[{\"@type\":\"WebPage\",\"@id\":\"https:\\\/\\\/www.fvdwpartijhandel.nl\\\/de\\\/product\\\/luftpumpe-hofftech-18v-1330mah-mit-zubehoer-1300mah\\\/\",\"url\":\"https:\\\/\\\/www.fvdwpartijhandel.nl\\\/de\\\/product\\\/luftpumpe-hofftech-18v-1330mah-mit-zubehoer-1300mah\\\/\",\"name\":\"Luftpumpe Hofftech 18V 1330mAh - mit Zubeh\u00f6r - 1300mAH - Frank van de Wijgert partijhandel\",\"isPartOf\":{\"@id\":\"https:\\\/\\\/www.fvdwpartijhandel.nl\\\/de\\\/#website\"},\"primaryImageOfPage\":{\"@id\":\"https:\\\/\\\/www.fvdwpartijhandel.nl\\\/de\\\/product\\\/luftpumpe-hofftech-18v-1330mah-mit-zubehoer-1300mah\\\/#primaryimage\"},\"image\":{\"@id\":\"https:\\\/\\\/www.fvdwpartijhandel.nl\\\/de\\\/product\\\/luftpumpe-hofftech-18v-1330mah-mit-zubehoer-1300mah\\\/#primaryimage\"},\"thumbnailUrl\":\"https:\\\/\\\/www.fvdwpartijhandel.nl\\\/wp-content\\\/uploads\\\/2025\\\/08\\\/115667.jpg\",\"datePublished\":\"2025-08-19T07:31:18+00:00\",\"dateModified\":\"2025-12-12T10:30:58+00:00\",\"breadcrumb\":{\"@id\":\"https:\\\/\\\/www.fvdwpartijhandel.nl\\\/de\\\/product\\\/luftpumpe-hofftech-18v-1330mah-mit-zubehoer-1300mah\\\/#breadcrumb\"},\"inLanguage\":\"de\",\"potentialAction\":[{\"@type\":\"ReadAction\",\"target\":[\"https:\\\/\\\/www.fvdwpartijhandel.nl\\\/de\\\/product\\\/luftpumpe-hofftech-18v-1330mah-mit-zubehoer-1300mah\\\/\"]}]},{\"@type\":\"ImageObject\",\"inLanguage\":\"de\",\"@id\":\"https:\\\/\\\/www.fvdwpartijhandel.nl\\\/de\\\/product\\\/luftpumpe-hofftech-18v-1330mah-mit-zubehoer-1300mah\\\/#primaryimage\",\"url\":\"https:\\\/\\\/www.fvdwpartijhandel.nl\\\/wp-content\\\/uploads\\\/2025\\\/08\\\/115667.jpg\",\"contentUrl\":\"https:\\\/\\\/www.fvdwpartijhandel.nl\\\/wp-content\\\/uploads\\\/2025\\\/08\\\/115667.jpg\",\"width\":500,\"height\":500},{\"@type\":\"BreadcrumbList\",\"@id\":\"https:\\\/\\\/www.fvdwpartijhandel.nl\\\/de\\\/product\\\/luftpumpe-hofftech-18v-1330mah-mit-zubehoer-1300mah\\\/#breadcrumb\",\"itemListElement\":[{\"@type\":\"ListItem\",\"position\":1,\"name\":\"Startseite\",\"item\":\"https:\\\/\\\/www.fvdwpartijhandel.nl\\\/de\\\/startseite\\\/\"},{\"@type\":\"ListItem\",\"position\":2,\"name\":\"Shop\",\"item\":\"https:\\\/\\\/www.fvdwpartijhandel.nl\\\/de\\\/shop\\\/\"},{\"@type\":\"ListItem\",\"position\":3,\"name\":\"Luftpumpe Hofftech 18V 1330mAh &#8211; mit Zubeh\u00f6r &#8211; 1300mAH\"}]},{\"@type\":\"WebSite\",\"@id\":\"https:\\\/\\\/www.fvdwpartijhandel.nl\\\/de\\\/#website\",\"url\":\"https:\\\/\\\/www.fvdwpartijhandel.nl\\\/de\\\/\",\"name\":\"Frank van de Wijgert partijhandel\",\"description\":\"Al 10 jaar actief in de verkoop van restpartijen\",\"publisher\":{\"@id\":\"https:\\\/\\\/www.fvdwpartijhandel.nl\\\/de\\\/#organization\"},\"potentialAction\":[{\"@type\":\"SearchAction\",\"target\":{\"@type\":\"EntryPoint\",\"urlTemplate\":\"https:\\\/\\\/www.fvdwpartijhandel.nl\\\/de\\\/?s={search_term_string}\"},\"query-input\":{\"@type\":\"PropertyValueSpecification\",\"valueRequired\":true,\"valueName\":\"search_term_string\"}}],\"inLanguage\":\"de\"},{\"@type\":\"Organization\",\"@id\":\"https:\\\/\\\/www.fvdwpartijhandel.nl\\\/de\\\/#organization\",\"name\":\"Frank van de Wijgert partijhandel\",\"url\":\"https:\\\/\\\/www.fvdwpartijhandel.nl\\\/de\\\/\",\"logo\":{\"@type\":\"ImageObject\",\"inLanguage\":\"de\",\"@id\":\"https:\\\/\\\/www.fvdwpartijhandel.nl\\\/de\\\/#\\\/schema\\\/logo\\\/image\\\/\",\"url\":\"https:\\\/\\\/www.fvdwpartijhandel.nl\\\/wp-content\\\/uploads\\\/2025\\\/08\\\/Logo-Frank-van-de-Wijgert-nieuw-1.svg\",\"contentUrl\":\"https:\\\/\\\/www.fvdwpartijhandel.nl\\\/wp-content\\\/uploads\\\/2025\\\/08\\\/Logo-Frank-van-de-Wijgert-nieuw-1.svg\",\"width\":400,\"height\":57,\"caption\":\"Frank van de Wijgert partijhandel\"},\"image\":{\"@id\":\"https:\\\/\\\/www.fvdwpartijhandel.nl\\\/de\\\/#\\\/schema\\\/logo\\\/image\\\/\"}}]}<\/script>\n<!-- \/ Yoast SEO plugin. -->","yoast_head_json":{"title":"Luftpumpe Hofftech 18V 1330mAh - mit Zubeh\u00f6r - 1300mAH - Frank van de Wijgert partijhandel","robots":{"index":"index","follow":"follow","max-snippet":"max-snippet:-1","max-image-preview":"max-image-preview:large","max-video-preview":"max-video-preview:-1"},"canonical":"https:\/\/www.fvdwpartijhandel.nl\/de\/product\/luftpumpe-hofftech-18v-1330mah-mit-zubehoer-1300mah\/","og_locale":"de_DE","og_type":"article","og_title":"Luftpumpe Hofftech 18V 1330mAh - mit Zubeh\u00f6r - 1300mAH - Frank van de Wijgert partijhandel","og_description":"Swimmingpools, aufblasbare Boote, Luftmatratzen oder Luftmatratzen sind beliebte Gegenst\u00e4nde, die in der Freizeit gerne genutzt werden. Das \u00c4rgerliche daran ist, dass meist keine geeignete Pumpe zur Verf\u00fcgung steht, wenn diese Gegenst\u00e4nde aufgeblasen werden m\u00fcssen. Mit unserer batteriebetriebenen Luftpumpe von Hofftech k\u00f6nnen Sie sich von nun an entspannt zur\u00fccklehnen, denn diese Luftpumpe erledigt solche Aufgaben schnell [&hellip;]","og_url":"https:\/\/www.fvdwpartijhandel.nl\/de\/product\/luftpumpe-hofftech-18v-1330mah-mit-zubehoer-1300mah\/","og_site_name":"Frank van de Wijgert partijhandel","article_modified_time":"2025-12-12T10:30:58+00:00","og_image":[{"width":500,"height":500,"url":"https:\/\/www.fvdwpartijhandel.nl\/wp-content\/uploads\/2025\/08\/115667.jpg","type":"image\/jpeg"}],"twitter_card":"summary_large_image","schema":{"@context":"https:\/\/schema.org","@graph":[{"@type":"WebPage","@id":"https:\/\/www.fvdwpartijhandel.nl\/de\/product\/luftpumpe-hofftech-18v-1330mah-mit-zubehoer-1300mah\/","url":"https:\/\/www.fvdwpartijhandel.nl\/de\/product\/luftpumpe-hofftech-18v-1330mah-mit-zubehoer-1300mah\/","name":"Luftpumpe Hofftech 18V 1330mAh - mit Zubeh\u00f6r - 1300mAH - Frank van de Wijgert partijhandel","isPartOf":{"@id":"https:\/\/www.fvdwpartijhandel.nl\/de\/#website"},"primaryImageOfPage":{"@id":"https:\/\/www.fvdwpartijhandel.nl\/de\/product\/luftpumpe-hofftech-18v-1330mah-mit-zubehoer-1300mah\/#primaryimage"},"image":{"@id":"https:\/\/www.fvdwpartijhandel.nl\/de\/product\/luftpumpe-hofftech-18v-1330mah-mit-zubehoer-1300mah\/#primaryimage"},"thumbnailUrl":"https:\/\/www.fvdwpartijhandel.nl\/wp-content\/uploads\/2025\/08\/115667.jpg","datePublished":"2025-08-19T07:31:18+00:00","dateModified":"2025-12-12T10:30:58+00:00","breadcrumb":{"@id":"https:\/\/www.fvdwpartijhandel.nl\/de\/product\/luftpumpe-hofftech-18v-1330mah-mit-zubehoer-1300mah\/#breadcrumb"},"inLanguage":"de","potentialAction":[{"@type":"ReadAction","target":["https:\/\/www.fvdwpartijhandel.nl\/de\/product\/luftpumpe-hofftech-18v-1330mah-mit-zubehoer-1300mah\/"]}]},{"@type":"ImageObject","inLanguage":"de","@id":"https:\/\/www.fvdwpartijhandel.nl\/de\/product\/luftpumpe-hofftech-18v-1330mah-mit-zubehoer-1300mah\/#primaryimage","url":"https:\/\/www.fvdwpartijhandel.nl\/wp-content\/uploads\/2025\/08\/115667.jpg","contentUrl":"https:\/\/www.fvdwpartijhandel.nl\/wp-content\/uploads\/2025\/08\/115667.jpg","width":500,"height":500},{"@type":"BreadcrumbList","@id":"https:\/\/www.fvdwpartijhandel.nl\/de\/product\/luftpumpe-hofftech-18v-1330mah-mit-zubehoer-1300mah\/#breadcrumb","itemListElement":[{"@type":"ListItem","position":1,"name":"Startseite","item":"https:\/\/www.fvdwpartijhandel.nl\/de\/startseite\/"},{"@type":"ListItem","position":2,"name":"Shop","item":"https:\/\/www.fvdwpartijhandel.nl\/de\/shop\/"},{"@type":"ListItem","position":3,"name":"Luftpumpe Hofftech 18V 1330mAh &#8211; mit Zubeh\u00f6r &#8211; 1300mAH"}]},{"@type":"WebSite","@id":"https:\/\/www.fvdwpartijhandel.nl\/de\/#website","url":"https:\/\/www.fvdwpartijhandel.nl\/de\/","name":"Frank van de Wijgert partijhandel","description":"Al 10 jaar actief in de verkoop van restpartijen","publisher":{"@id":"https:\/\/www.fvdwpartijhandel.nl\/de\/#organization"},"potentialAction":[{"@type":"SearchAction","target":{"@type":"EntryPoint","urlTemplate":"https:\/\/www.fvdwpartijhandel.nl\/de\/?s={search_term_string}"},"query-input":{"@type":"PropertyValueSpecification","valueRequired":true,"valueName":"search_term_string"}}],"inLanguage":"de"},{"@type":"Organization","@id":"https:\/\/www.fvdwpartijhandel.nl\/de\/#organization","name":"Frank van de Wijgert partijhandel","url":"https:\/\/www.fvdwpartijhandel.nl\/de\/","logo":{"@type":"ImageObject","inLanguage":"de","@id":"https:\/\/www.fvdwpartijhandel.nl\/de\/#\/schema\/logo\/image\/","url":"https:\/\/www.fvdwpartijhandel.nl\/wp-content\/uploads\/2025\/08\/Logo-Frank-van-de-Wijgert-nieuw-1.svg","contentUrl":"https:\/\/www.fvdwpartijhandel.nl\/wp-content\/uploads\/2025\/08\/Logo-Frank-van-de-Wijgert-nieuw-1.svg","width":400,"height":57,"caption":"Frank van de Wijgert partijhandel"},"image":{"@id":"https:\/\/www.fvdwpartijhandel.nl\/de\/#\/schema\/logo\/image\/"}}]}},"_links":{"self":[{"href":"https:\/\/www.fvdwpartijhandel.nl\/de\/wp-json\/wp\/v2\/product\/7428","targetHints":{"allow":["GET"]}}],"collection":[{"href":"https:\/\/www.fvdwpartijhandel.nl\/de\/wp-json\/wp\/v2\/product"}],"about":[{"href":"https:\/\/www.fvdwpartijhandel.nl\/de\/wp-json\/wp\/v2\/types\/product"}],"wp:featuredmedia":[{"embeddable":true,"href":"https:\/\/www.fvdwpartijhandel.nl\/de\/wp-json\/wp\/v2\/media\/7430"}],"wp:attachment":[{"href":"https:\/\/www.fvdwpartijhandel.nl\/de\/wp-json\/wp\/v2\/media?parent=7428"}],"wp:term":[{"taxonomy":"product_brand","embeddable":true,"href":"https:\/\/www.fvdwpartijhandel.nl\/de\/wp-json\/wp\/v2\/product_brand?post=7428"},{"taxonomy":"product_cat","embeddable":true,"href":"https:\/\/www.fvdwpartijhandel.nl\/de\/wp-json\/wp\/v2\/product_cat?post=7428"},{"taxonomy":"product_tag","embeddable":true,"href":"https:\/\/www.fvdwpartijhandel.nl\/de\/wp-json\/wp\/v2\/product_tag?post=7428"}],"curies":[{"name":"wp","href":"https:\/\/api.w.org\/{rel}","templated":true}]}}