{"id":6688,"date":"2025-08-19T07:30:34","date_gmt":"2025-08-19T07:30:34","guid":{"rendered":"https:\/\/www.fvdwpartijhandel.nl\/product\/vogel-led-leuchten-voegel-konstsmide-eu-stecker-850-cm\/"},"modified":"2025-12-16T10:40:17","modified_gmt":"2025-12-16T09:40:17","slug":"vogel-led-leuchten-voegel-konstsmide-eu-stecker-850-cm","status":"publish","type":"product","link":"https:\/\/www.fvdwpartijhandel.nl\/de\/product\/vogel-led-leuchten-voegel-konstsmide-eu-stecker-850-cm\/","title":{"rendered":"Vogel LED-Leuchten V\u00f6gel Konstsmide EU-Stecker 850 cm"},"content":{"rendered":"<p>Diese bunten V\u00f6gel k\u00f6nnen f\u00fcr alle m\u00f6glichen Dekorationszwecke verwendet werden. Sie sind nat\u00fcrlich ein Favorit im Kinderzimmer, aber auch in einem Pavillon, auf einer Party oder um einen Spiegel herum sehr attraktiv. Seien Sie kreativ und probieren Sie sie aus.  <\/p>\n<p>L\u00e4nge des Kabels mit Lichtern: 3.50m<br \/>\nL\u00e4nge des Anschlusskabels: 5m<br \/>\nGesamtl\u00e4nge des Kabels: 8.50m<br \/>\nAbstand zwischen den Lichtern: 50cm<\/p>\n","protected":false},"excerpt":{"rendered":"<p>Diese bunten V\u00f6gel k\u00f6nnen f\u00fcr alle m\u00f6glichen Dekorationszwecke verwendet werden. Sie sind nat\u00fcrlich ein Favorit im Kinderzimmer, aber auch in einem Pavillon, auf einer Party oder um einen Spiegel herum sehr attraktiv. Seien Sie kreativ und probieren Sie sie aus. L\u00e4nge des Kabels mit Lichtern: 3.50m L\u00e4nge des Anschlusskabels: 5m Gesamtl\u00e4nge des Kabels: 8.50m Abstand [&hellip;]<\/p>\n","protected":false},"featured_media":6690,"template":"","meta":{"_acf_changed":false},"product_brand":[],"product_cat":[59],"product_tag":[],"class_list":{"0":"post-6688","1":"product","2":"type-product","3":"status-publish","4":"has-post-thumbnail","6":"product_cat-dekoration","8":"first","9":"instock","10":"shipping-taxable","11":"product-type-simple"},"acf":[],"yoast_head":"<!-- This site is optimized with the Yoast SEO plugin v27.5 - https:\/\/yoast.com\/product\/yoast-seo-wordpress\/ -->\n<title>Vogel LED-Leuchten V\u00f6gel Konstsmide EU-Stecker 850 cm - Frank van de Wijgert partijhandel<\/title>\n<meta name=\"robots\" content=\"index, follow, max-snippet:-1, max-image-preview:large, max-video-preview:-1\" \/>\n<link rel=\"canonical\" href=\"https:\/\/www.fvdwpartijhandel.nl\/de\/product\/vogel-led-leuchten-voegel-konstsmide-eu-stecker-850-cm\/\" \/>\n<meta property=\"og:locale\" content=\"de_DE\" \/>\n<meta property=\"og:type\" content=\"article\" \/>\n<meta property=\"og:title\" content=\"Vogel LED-Leuchten V\u00f6gel Konstsmide EU-Stecker 850 cm - Frank van de Wijgert partijhandel\" \/>\n<meta property=\"og:description\" content=\"Diese bunten V\u00f6gel k\u00f6nnen f\u00fcr alle m\u00f6glichen Dekorationszwecke verwendet werden. Sie sind nat\u00fcrlich ein Favorit im Kinderzimmer, aber auch in einem Pavillon, auf einer Party oder um einen Spiegel herum sehr attraktiv. Seien Sie kreativ und probieren Sie sie aus. L\u00e4nge des Kabels mit Lichtern: 3.50m L\u00e4nge des Anschlusskabels: 5m Gesamtl\u00e4nge des Kabels: 8.50m Abstand [&hellip;]\" \/>\n<meta property=\"og:url\" content=\"https:\/\/www.fvdwpartijhandel.nl\/de\/product\/vogel-led-leuchten-voegel-konstsmide-eu-stecker-850-cm\/\" \/>\n<meta property=\"og:site_name\" content=\"Frank van de Wijgert partijhandel\" \/>\n<meta property=\"article:modified_time\" content=\"2025-12-16T09:40:17+00:00\" \/>\n<meta property=\"og:image\" content=\"https:\/\/www.fvdwpartijhandel.nl\/wp-content\/uploads\/2025\/08\/115171.jpg\" \/>\n\t<meta property=\"og:image:width\" content=\"500\" \/>\n\t<meta property=\"og:image:height\" content=\"500\" \/>\n\t<meta property=\"og:image:type\" content=\"image\/jpeg\" \/>\n<meta name=\"twitter:card\" content=\"summary_large_image\" \/>\n<script type=\"application\/ld+json\" class=\"yoast-schema-graph\">{\"@context\":\"https:\\\/\\\/schema.org\",\"@graph\":[{\"@type\":\"WebPage\",\"@id\":\"https:\\\/\\\/www.fvdwpartijhandel.nl\\\/de\\\/product\\\/vogel-led-leuchten-voegel-konstsmide-eu-stecker-850-cm\\\/\",\"url\":\"https:\\\/\\\/www.fvdwpartijhandel.nl\\\/de\\\/product\\\/vogel-led-leuchten-voegel-konstsmide-eu-stecker-850-cm\\\/\",\"name\":\"Vogel LED-Leuchten V\u00f6gel Konstsmide EU-Stecker 850 cm - Frank van de Wijgert partijhandel\",\"isPartOf\":{\"@id\":\"https:\\\/\\\/www.fvdwpartijhandel.nl\\\/de\\\/#website\"},\"primaryImageOfPage\":{\"@id\":\"https:\\\/\\\/www.fvdwpartijhandel.nl\\\/de\\\/product\\\/vogel-led-leuchten-voegel-konstsmide-eu-stecker-850-cm\\\/#primaryimage\"},\"image\":{\"@id\":\"https:\\\/\\\/www.fvdwpartijhandel.nl\\\/de\\\/product\\\/vogel-led-leuchten-voegel-konstsmide-eu-stecker-850-cm\\\/#primaryimage\"},\"thumbnailUrl\":\"https:\\\/\\\/www.fvdwpartijhandel.nl\\\/wp-content\\\/uploads\\\/2025\\\/08\\\/115171.jpg\",\"datePublished\":\"2025-08-19T07:30:34+00:00\",\"dateModified\":\"2025-12-16T09:40:17+00:00\",\"breadcrumb\":{\"@id\":\"https:\\\/\\\/www.fvdwpartijhandel.nl\\\/de\\\/product\\\/vogel-led-leuchten-voegel-konstsmide-eu-stecker-850-cm\\\/#breadcrumb\"},\"inLanguage\":\"de\",\"potentialAction\":[{\"@type\":\"ReadAction\",\"target\":[\"https:\\\/\\\/www.fvdwpartijhandel.nl\\\/de\\\/product\\\/vogel-led-leuchten-voegel-konstsmide-eu-stecker-850-cm\\\/\"]}]},{\"@type\":\"ImageObject\",\"inLanguage\":\"de\",\"@id\":\"https:\\\/\\\/www.fvdwpartijhandel.nl\\\/de\\\/product\\\/vogel-led-leuchten-voegel-konstsmide-eu-stecker-850-cm\\\/#primaryimage\",\"url\":\"https:\\\/\\\/www.fvdwpartijhandel.nl\\\/wp-content\\\/uploads\\\/2025\\\/08\\\/115171.jpg\",\"contentUrl\":\"https:\\\/\\\/www.fvdwpartijhandel.nl\\\/wp-content\\\/uploads\\\/2025\\\/08\\\/115171.jpg\",\"width\":500,\"height\":500},{\"@type\":\"BreadcrumbList\",\"@id\":\"https:\\\/\\\/www.fvdwpartijhandel.nl\\\/de\\\/product\\\/vogel-led-leuchten-voegel-konstsmide-eu-stecker-850-cm\\\/#breadcrumb\",\"itemListElement\":[{\"@type\":\"ListItem\",\"position\":1,\"name\":\"Startseite\",\"item\":\"https:\\\/\\\/www.fvdwpartijhandel.nl\\\/de\\\/startseite\\\/\"},{\"@type\":\"ListItem\",\"position\":2,\"name\":\"Shop\",\"item\":\"https:\\\/\\\/www.fvdwpartijhandel.nl\\\/de\\\/shop\\\/\"},{\"@type\":\"ListItem\",\"position\":3,\"name\":\"Vogel LED-Leuchten V\u00f6gel Konstsmide EU-Stecker 850 cm\"}]},{\"@type\":\"WebSite\",\"@id\":\"https:\\\/\\\/www.fvdwpartijhandel.nl\\\/de\\\/#website\",\"url\":\"https:\\\/\\\/www.fvdwpartijhandel.nl\\\/de\\\/\",\"name\":\"Frank van de Wijgert partijhandel\",\"description\":\"Al 10 jaar actief in de verkoop van restpartijen\",\"publisher\":{\"@id\":\"https:\\\/\\\/www.fvdwpartijhandel.nl\\\/de\\\/#organization\"},\"potentialAction\":[{\"@type\":\"SearchAction\",\"target\":{\"@type\":\"EntryPoint\",\"urlTemplate\":\"https:\\\/\\\/www.fvdwpartijhandel.nl\\\/de\\\/?s={search_term_string}\"},\"query-input\":{\"@type\":\"PropertyValueSpecification\",\"valueRequired\":true,\"valueName\":\"search_term_string\"}}],\"inLanguage\":\"de\"},{\"@type\":\"Organization\",\"@id\":\"https:\\\/\\\/www.fvdwpartijhandel.nl\\\/de\\\/#organization\",\"name\":\"Frank van de Wijgert partijhandel\",\"url\":\"https:\\\/\\\/www.fvdwpartijhandel.nl\\\/de\\\/\",\"logo\":{\"@type\":\"ImageObject\",\"inLanguage\":\"de\",\"@id\":\"https:\\\/\\\/www.fvdwpartijhandel.nl\\\/de\\\/#\\\/schema\\\/logo\\\/image\\\/\",\"url\":\"https:\\\/\\\/www.fvdwpartijhandel.nl\\\/wp-content\\\/uploads\\\/2025\\\/08\\\/Logo-Frank-van-de-Wijgert-nieuw-1.svg\",\"contentUrl\":\"https:\\\/\\\/www.fvdwpartijhandel.nl\\\/wp-content\\\/uploads\\\/2025\\\/08\\\/Logo-Frank-van-de-Wijgert-nieuw-1.svg\",\"width\":400,\"height\":57,\"caption\":\"Frank van de Wijgert partijhandel\"},\"image\":{\"@id\":\"https:\\\/\\\/www.fvdwpartijhandel.nl\\\/de\\\/#\\\/schema\\\/logo\\\/image\\\/\"}}]}<\/script>\n<!-- \/ Yoast SEO plugin. -->","yoast_head_json":{"title":"Vogel LED-Leuchten V\u00f6gel Konstsmide EU-Stecker 850 cm - Frank van de Wijgert partijhandel","robots":{"index":"index","follow":"follow","max-snippet":"max-snippet:-1","max-image-preview":"max-image-preview:large","max-video-preview":"max-video-preview:-1"},"canonical":"https:\/\/www.fvdwpartijhandel.nl\/de\/product\/vogel-led-leuchten-voegel-konstsmide-eu-stecker-850-cm\/","og_locale":"de_DE","og_type":"article","og_title":"Vogel LED-Leuchten V\u00f6gel Konstsmide EU-Stecker 850 cm - Frank van de Wijgert partijhandel","og_description":"Diese bunten V\u00f6gel k\u00f6nnen f\u00fcr alle m\u00f6glichen Dekorationszwecke verwendet werden. Sie sind nat\u00fcrlich ein Favorit im Kinderzimmer, aber auch in einem Pavillon, auf einer Party oder um einen Spiegel herum sehr attraktiv. Seien Sie kreativ und probieren Sie sie aus. L\u00e4nge des Kabels mit Lichtern: 3.50m L\u00e4nge des Anschlusskabels: 5m Gesamtl\u00e4nge des Kabels: 8.50m Abstand [&hellip;]","og_url":"https:\/\/www.fvdwpartijhandel.nl\/de\/product\/vogel-led-leuchten-voegel-konstsmide-eu-stecker-850-cm\/","og_site_name":"Frank van de Wijgert partijhandel","article_modified_time":"2025-12-16T09:40:17+00:00","og_image":[{"width":500,"height":500,"url":"https:\/\/www.fvdwpartijhandel.nl\/wp-content\/uploads\/2025\/08\/115171.jpg","type":"image\/jpeg"}],"twitter_card":"summary_large_image","schema":{"@context":"https:\/\/schema.org","@graph":[{"@type":"WebPage","@id":"https:\/\/www.fvdwpartijhandel.nl\/de\/product\/vogel-led-leuchten-voegel-konstsmide-eu-stecker-850-cm\/","url":"https:\/\/www.fvdwpartijhandel.nl\/de\/product\/vogel-led-leuchten-voegel-konstsmide-eu-stecker-850-cm\/","name":"Vogel LED-Leuchten V\u00f6gel Konstsmide EU-Stecker 850 cm - Frank van de Wijgert partijhandel","isPartOf":{"@id":"https:\/\/www.fvdwpartijhandel.nl\/de\/#website"},"primaryImageOfPage":{"@id":"https:\/\/www.fvdwpartijhandel.nl\/de\/product\/vogel-led-leuchten-voegel-konstsmide-eu-stecker-850-cm\/#primaryimage"},"image":{"@id":"https:\/\/www.fvdwpartijhandel.nl\/de\/product\/vogel-led-leuchten-voegel-konstsmide-eu-stecker-850-cm\/#primaryimage"},"thumbnailUrl":"https:\/\/www.fvdwpartijhandel.nl\/wp-content\/uploads\/2025\/08\/115171.jpg","datePublished":"2025-08-19T07:30:34+00:00","dateModified":"2025-12-16T09:40:17+00:00","breadcrumb":{"@id":"https:\/\/www.fvdwpartijhandel.nl\/de\/product\/vogel-led-leuchten-voegel-konstsmide-eu-stecker-850-cm\/#breadcrumb"},"inLanguage":"de","potentialAction":[{"@type":"ReadAction","target":["https:\/\/www.fvdwpartijhandel.nl\/de\/product\/vogel-led-leuchten-voegel-konstsmide-eu-stecker-850-cm\/"]}]},{"@type":"ImageObject","inLanguage":"de","@id":"https:\/\/www.fvdwpartijhandel.nl\/de\/product\/vogel-led-leuchten-voegel-konstsmide-eu-stecker-850-cm\/#primaryimage","url":"https:\/\/www.fvdwpartijhandel.nl\/wp-content\/uploads\/2025\/08\/115171.jpg","contentUrl":"https:\/\/www.fvdwpartijhandel.nl\/wp-content\/uploads\/2025\/08\/115171.jpg","width":500,"height":500},{"@type":"BreadcrumbList","@id":"https:\/\/www.fvdwpartijhandel.nl\/de\/product\/vogel-led-leuchten-voegel-konstsmide-eu-stecker-850-cm\/#breadcrumb","itemListElement":[{"@type":"ListItem","position":1,"name":"Startseite","item":"https:\/\/www.fvdwpartijhandel.nl\/de\/startseite\/"},{"@type":"ListItem","position":2,"name":"Shop","item":"https:\/\/www.fvdwpartijhandel.nl\/de\/shop\/"},{"@type":"ListItem","position":3,"name":"Vogel LED-Leuchten V\u00f6gel Konstsmide EU-Stecker 850 cm"}]},{"@type":"WebSite","@id":"https:\/\/www.fvdwpartijhandel.nl\/de\/#website","url":"https:\/\/www.fvdwpartijhandel.nl\/de\/","name":"Frank van de Wijgert partijhandel","description":"Al 10 jaar actief in de verkoop van restpartijen","publisher":{"@id":"https:\/\/www.fvdwpartijhandel.nl\/de\/#organization"},"potentialAction":[{"@type":"SearchAction","target":{"@type":"EntryPoint","urlTemplate":"https:\/\/www.fvdwpartijhandel.nl\/de\/?s={search_term_string}"},"query-input":{"@type":"PropertyValueSpecification","valueRequired":true,"valueName":"search_term_string"}}],"inLanguage":"de"},{"@type":"Organization","@id":"https:\/\/www.fvdwpartijhandel.nl\/de\/#organization","name":"Frank van de Wijgert partijhandel","url":"https:\/\/www.fvdwpartijhandel.nl\/de\/","logo":{"@type":"ImageObject","inLanguage":"de","@id":"https:\/\/www.fvdwpartijhandel.nl\/de\/#\/schema\/logo\/image\/","url":"https:\/\/www.fvdwpartijhandel.nl\/wp-content\/uploads\/2025\/08\/Logo-Frank-van-de-Wijgert-nieuw-1.svg","contentUrl":"https:\/\/www.fvdwpartijhandel.nl\/wp-content\/uploads\/2025\/08\/Logo-Frank-van-de-Wijgert-nieuw-1.svg","width":400,"height":57,"caption":"Frank van de Wijgert partijhandel"},"image":{"@id":"https:\/\/www.fvdwpartijhandel.nl\/de\/#\/schema\/logo\/image\/"}}]}},"_links":{"self":[{"href":"https:\/\/www.fvdwpartijhandel.nl\/de\/wp-json\/wp\/v2\/product\/6688","targetHints":{"allow":["GET"]}}],"collection":[{"href":"https:\/\/www.fvdwpartijhandel.nl\/de\/wp-json\/wp\/v2\/product"}],"about":[{"href":"https:\/\/www.fvdwpartijhandel.nl\/de\/wp-json\/wp\/v2\/types\/product"}],"wp:featuredmedia":[{"embeddable":true,"href":"https:\/\/www.fvdwpartijhandel.nl\/de\/wp-json\/wp\/v2\/media\/6690"}],"wp:attachment":[{"href":"https:\/\/www.fvdwpartijhandel.nl\/de\/wp-json\/wp\/v2\/media?parent=6688"}],"wp:term":[{"taxonomy":"product_brand","embeddable":true,"href":"https:\/\/www.fvdwpartijhandel.nl\/de\/wp-json\/wp\/v2\/product_brand?post=6688"},{"taxonomy":"product_cat","embeddable":true,"href":"https:\/\/www.fvdwpartijhandel.nl\/de\/wp-json\/wp\/v2\/product_cat?post=6688"},{"taxonomy":"product_tag","embeddable":true,"href":"https:\/\/www.fvdwpartijhandel.nl\/de\/wp-json\/wp\/v2\/product_tag?post=6688"}],"curies":[{"name":"wp","href":"https:\/\/api.w.org\/{rel}","templated":true}]}}