{"id":6680,"date":"2025-08-19T07:30:42","date_gmt":"2025-08-19T07:30:42","guid":{"rendered":"https:\/\/www.fvdwpartijhandel.nl\/product\/weinglaeser-schott-zwiesel-470ml-set-a-6tlg\/"},"modified":"2025-12-12T11:30:04","modified_gmt":"2025-12-12T10:30:04","slug":"weinglaeser-schott-zwiesel-470ml-set-a-6tlg","status":"publish","type":"product","link":"https:\/\/www.fvdwpartijhandel.nl\/de\/product\/weinglaeser-schott-zwiesel-470ml-set-a-6tlg\/","title":{"rendered":"Weingl\u00e4ser &#8211; Schott Zwiesel 470ml Set a 6tlg."},"content":{"rendered":"<p>Das Rotweinglas aus der Bistro Line von Schott Zwiesel ist ein Allrounder f\u00fcr drinnen und drau\u00dfen. Die Bistro Line ist das perfekte Glas f\u00fcr Minimalisten, die Design und Funktionalit\u00e4t sch\u00e4tzen. Der Kelch des Glases sitzt auf dem kurzen Stiel und bietet eine breite Oberfl\u00e4che, auf der sich die Aromen und der Geschmack von eleganten Getr\u00e4nken perfekt entfalten k\u00f6nnen. Diese formale Raffinesse hat auch viele Vorteile f\u00fcr den t\u00e4glichen Gebrauch. Das Glas ist platzsparend, robust und leicht zu reinigen.    <\/p>\n<p>Material: Glas<\/p>\n","protected":false},"excerpt":{"rendered":"<p>Das Rotweinglas aus der Bistro Line von Schott Zwiesel ist ein Allrounder f\u00fcr drinnen und drau\u00dfen. Die Bistro Line ist das perfekte Glas f\u00fcr Minimalisten, die Design und Funktionalit\u00e4t sch\u00e4tzen. Der Kelch des Glases sitzt auf dem kurzen Stiel und bietet eine breite Oberfl\u00e4che, auf der sich die Aromen und der Geschmack von eleganten Getr\u00e4nken [&hellip;]<\/p>\n","protected":false},"featured_media":6682,"template":"","meta":{"_acf_changed":false},"product_brand":[],"product_cat":[57],"product_tag":[],"class_list":{"0":"post-6680","1":"product","2":"type-product","3":"status-publish","4":"has-post-thumbnail","6":"product_cat-haushalt-kochen","8":"first","9":"instock","10":"shipping-taxable","11":"product-type-simple"},"acf":[],"yoast_head":"<!-- This site is optimized with the Yoast SEO plugin v27.5 - https:\/\/yoast.com\/product\/yoast-seo-wordpress\/ -->\n<title>Weingl\u00e4ser - Schott Zwiesel 470ml Set a 6tlg. - Frank van de Wijgert partijhandel<\/title>\n<meta name=\"robots\" content=\"index, follow, max-snippet:-1, max-image-preview:large, max-video-preview:-1\" \/>\n<link rel=\"canonical\" href=\"https:\/\/www.fvdwpartijhandel.nl\/de\/product\/weinglaeser-schott-zwiesel-470ml-set-a-6tlg\/\" \/>\n<meta property=\"og:locale\" content=\"de_DE\" \/>\n<meta property=\"og:type\" content=\"article\" \/>\n<meta property=\"og:title\" content=\"Weingl\u00e4ser - Schott Zwiesel 470ml Set a 6tlg. - Frank van de Wijgert partijhandel\" \/>\n<meta property=\"og:description\" content=\"Das Rotweinglas aus der Bistro Line von Schott Zwiesel ist ein Allrounder f\u00fcr drinnen und drau\u00dfen. Die Bistro Line ist das perfekte Glas f\u00fcr Minimalisten, die Design und Funktionalit\u00e4t sch\u00e4tzen. Der Kelch des Glases sitzt auf dem kurzen Stiel und bietet eine breite Oberfl\u00e4che, auf der sich die Aromen und der Geschmack von eleganten Getr\u00e4nken [&hellip;]\" \/>\n<meta property=\"og:url\" content=\"https:\/\/www.fvdwpartijhandel.nl\/de\/product\/weinglaeser-schott-zwiesel-470ml-set-a-6tlg\/\" \/>\n<meta property=\"og:site_name\" content=\"Frank van de Wijgert partijhandel\" \/>\n<meta property=\"article:modified_time\" content=\"2025-12-12T10:30:04+00:00\" \/>\n<meta property=\"og:image\" content=\"https:\/\/www.fvdwpartijhandel.nl\/wp-content\/uploads\/2025\/08\/115284.jpg\" \/>\n\t<meta property=\"og:image:width\" content=\"500\" \/>\n\t<meta property=\"og:image:height\" content=\"500\" \/>\n\t<meta property=\"og:image:type\" content=\"image\/jpeg\" \/>\n<meta name=\"twitter:card\" content=\"summary_large_image\" \/>\n<script type=\"application\/ld+json\" class=\"yoast-schema-graph\">{\"@context\":\"https:\\\/\\\/schema.org\",\"@graph\":[{\"@type\":\"WebPage\",\"@id\":\"https:\\\/\\\/www.fvdwpartijhandel.nl\\\/de\\\/product\\\/weinglaeser-schott-zwiesel-470ml-set-a-6tlg\\\/\",\"url\":\"https:\\\/\\\/www.fvdwpartijhandel.nl\\\/de\\\/product\\\/weinglaeser-schott-zwiesel-470ml-set-a-6tlg\\\/\",\"name\":\"Weingl\u00e4ser - Schott Zwiesel 470ml Set a 6tlg. - Frank van de Wijgert partijhandel\",\"isPartOf\":{\"@id\":\"https:\\\/\\\/www.fvdwpartijhandel.nl\\\/de\\\/#website\"},\"primaryImageOfPage\":{\"@id\":\"https:\\\/\\\/www.fvdwpartijhandel.nl\\\/de\\\/product\\\/weinglaeser-schott-zwiesel-470ml-set-a-6tlg\\\/#primaryimage\"},\"image\":{\"@id\":\"https:\\\/\\\/www.fvdwpartijhandel.nl\\\/de\\\/product\\\/weinglaeser-schott-zwiesel-470ml-set-a-6tlg\\\/#primaryimage\"},\"thumbnailUrl\":\"https:\\\/\\\/www.fvdwpartijhandel.nl\\\/wp-content\\\/uploads\\\/2025\\\/08\\\/115284.jpg\",\"datePublished\":\"2025-08-19T07:30:42+00:00\",\"dateModified\":\"2025-12-12T10:30:04+00:00\",\"breadcrumb\":{\"@id\":\"https:\\\/\\\/www.fvdwpartijhandel.nl\\\/de\\\/product\\\/weinglaeser-schott-zwiesel-470ml-set-a-6tlg\\\/#breadcrumb\"},\"inLanguage\":\"de\",\"potentialAction\":[{\"@type\":\"ReadAction\",\"target\":[\"https:\\\/\\\/www.fvdwpartijhandel.nl\\\/de\\\/product\\\/weinglaeser-schott-zwiesel-470ml-set-a-6tlg\\\/\"]}]},{\"@type\":\"ImageObject\",\"inLanguage\":\"de\",\"@id\":\"https:\\\/\\\/www.fvdwpartijhandel.nl\\\/de\\\/product\\\/weinglaeser-schott-zwiesel-470ml-set-a-6tlg\\\/#primaryimage\",\"url\":\"https:\\\/\\\/www.fvdwpartijhandel.nl\\\/wp-content\\\/uploads\\\/2025\\\/08\\\/115284.jpg\",\"contentUrl\":\"https:\\\/\\\/www.fvdwpartijhandel.nl\\\/wp-content\\\/uploads\\\/2025\\\/08\\\/115284.jpg\",\"width\":500,\"height\":500},{\"@type\":\"BreadcrumbList\",\"@id\":\"https:\\\/\\\/www.fvdwpartijhandel.nl\\\/de\\\/product\\\/weinglaeser-schott-zwiesel-470ml-set-a-6tlg\\\/#breadcrumb\",\"itemListElement\":[{\"@type\":\"ListItem\",\"position\":1,\"name\":\"Startseite\",\"item\":\"https:\\\/\\\/www.fvdwpartijhandel.nl\\\/de\\\/startseite\\\/\"},{\"@type\":\"ListItem\",\"position\":2,\"name\":\"Shop\",\"item\":\"https:\\\/\\\/www.fvdwpartijhandel.nl\\\/de\\\/shop\\\/\"},{\"@type\":\"ListItem\",\"position\":3,\"name\":\"Weingl\u00e4ser &#8211; Schott Zwiesel 470ml Set a 6tlg.\"}]},{\"@type\":\"WebSite\",\"@id\":\"https:\\\/\\\/www.fvdwpartijhandel.nl\\\/de\\\/#website\",\"url\":\"https:\\\/\\\/www.fvdwpartijhandel.nl\\\/de\\\/\",\"name\":\"Frank van de Wijgert partijhandel\",\"description\":\"Al 10 jaar actief in de verkoop van restpartijen\",\"publisher\":{\"@id\":\"https:\\\/\\\/www.fvdwpartijhandel.nl\\\/de\\\/#organization\"},\"potentialAction\":[{\"@type\":\"SearchAction\",\"target\":{\"@type\":\"EntryPoint\",\"urlTemplate\":\"https:\\\/\\\/www.fvdwpartijhandel.nl\\\/de\\\/?s={search_term_string}\"},\"query-input\":{\"@type\":\"PropertyValueSpecification\",\"valueRequired\":true,\"valueName\":\"search_term_string\"}}],\"inLanguage\":\"de\"},{\"@type\":\"Organization\",\"@id\":\"https:\\\/\\\/www.fvdwpartijhandel.nl\\\/de\\\/#organization\",\"name\":\"Frank van de Wijgert partijhandel\",\"url\":\"https:\\\/\\\/www.fvdwpartijhandel.nl\\\/de\\\/\",\"logo\":{\"@type\":\"ImageObject\",\"inLanguage\":\"de\",\"@id\":\"https:\\\/\\\/www.fvdwpartijhandel.nl\\\/de\\\/#\\\/schema\\\/logo\\\/image\\\/\",\"url\":\"https:\\\/\\\/www.fvdwpartijhandel.nl\\\/wp-content\\\/uploads\\\/2025\\\/08\\\/Logo-Frank-van-de-Wijgert-nieuw-1.svg\",\"contentUrl\":\"https:\\\/\\\/www.fvdwpartijhandel.nl\\\/wp-content\\\/uploads\\\/2025\\\/08\\\/Logo-Frank-van-de-Wijgert-nieuw-1.svg\",\"width\":400,\"height\":57,\"caption\":\"Frank van de Wijgert partijhandel\"},\"image\":{\"@id\":\"https:\\\/\\\/www.fvdwpartijhandel.nl\\\/de\\\/#\\\/schema\\\/logo\\\/image\\\/\"}}]}<\/script>\n<!-- \/ Yoast SEO plugin. -->","yoast_head_json":{"title":"Weingl\u00e4ser - Schott Zwiesel 470ml Set a 6tlg. - Frank van de Wijgert partijhandel","robots":{"index":"index","follow":"follow","max-snippet":"max-snippet:-1","max-image-preview":"max-image-preview:large","max-video-preview":"max-video-preview:-1"},"canonical":"https:\/\/www.fvdwpartijhandel.nl\/de\/product\/weinglaeser-schott-zwiesel-470ml-set-a-6tlg\/","og_locale":"de_DE","og_type":"article","og_title":"Weingl\u00e4ser - Schott Zwiesel 470ml Set a 6tlg. - Frank van de Wijgert partijhandel","og_description":"Das Rotweinglas aus der Bistro Line von Schott Zwiesel ist ein Allrounder f\u00fcr drinnen und drau\u00dfen. Die Bistro Line ist das perfekte Glas f\u00fcr Minimalisten, die Design und Funktionalit\u00e4t sch\u00e4tzen. Der Kelch des Glases sitzt auf dem kurzen Stiel und bietet eine breite Oberfl\u00e4che, auf der sich die Aromen und der Geschmack von eleganten Getr\u00e4nken [&hellip;]","og_url":"https:\/\/www.fvdwpartijhandel.nl\/de\/product\/weinglaeser-schott-zwiesel-470ml-set-a-6tlg\/","og_site_name":"Frank van de Wijgert partijhandel","article_modified_time":"2025-12-12T10:30:04+00:00","og_image":[{"width":500,"height":500,"url":"https:\/\/www.fvdwpartijhandel.nl\/wp-content\/uploads\/2025\/08\/115284.jpg","type":"image\/jpeg"}],"twitter_card":"summary_large_image","schema":{"@context":"https:\/\/schema.org","@graph":[{"@type":"WebPage","@id":"https:\/\/www.fvdwpartijhandel.nl\/de\/product\/weinglaeser-schott-zwiesel-470ml-set-a-6tlg\/","url":"https:\/\/www.fvdwpartijhandel.nl\/de\/product\/weinglaeser-schott-zwiesel-470ml-set-a-6tlg\/","name":"Weingl\u00e4ser - Schott Zwiesel 470ml Set a 6tlg. - Frank van de Wijgert partijhandel","isPartOf":{"@id":"https:\/\/www.fvdwpartijhandel.nl\/de\/#website"},"primaryImageOfPage":{"@id":"https:\/\/www.fvdwpartijhandel.nl\/de\/product\/weinglaeser-schott-zwiesel-470ml-set-a-6tlg\/#primaryimage"},"image":{"@id":"https:\/\/www.fvdwpartijhandel.nl\/de\/product\/weinglaeser-schott-zwiesel-470ml-set-a-6tlg\/#primaryimage"},"thumbnailUrl":"https:\/\/www.fvdwpartijhandel.nl\/wp-content\/uploads\/2025\/08\/115284.jpg","datePublished":"2025-08-19T07:30:42+00:00","dateModified":"2025-12-12T10:30:04+00:00","breadcrumb":{"@id":"https:\/\/www.fvdwpartijhandel.nl\/de\/product\/weinglaeser-schott-zwiesel-470ml-set-a-6tlg\/#breadcrumb"},"inLanguage":"de","potentialAction":[{"@type":"ReadAction","target":["https:\/\/www.fvdwpartijhandel.nl\/de\/product\/weinglaeser-schott-zwiesel-470ml-set-a-6tlg\/"]}]},{"@type":"ImageObject","inLanguage":"de","@id":"https:\/\/www.fvdwpartijhandel.nl\/de\/product\/weinglaeser-schott-zwiesel-470ml-set-a-6tlg\/#primaryimage","url":"https:\/\/www.fvdwpartijhandel.nl\/wp-content\/uploads\/2025\/08\/115284.jpg","contentUrl":"https:\/\/www.fvdwpartijhandel.nl\/wp-content\/uploads\/2025\/08\/115284.jpg","width":500,"height":500},{"@type":"BreadcrumbList","@id":"https:\/\/www.fvdwpartijhandel.nl\/de\/product\/weinglaeser-schott-zwiesel-470ml-set-a-6tlg\/#breadcrumb","itemListElement":[{"@type":"ListItem","position":1,"name":"Startseite","item":"https:\/\/www.fvdwpartijhandel.nl\/de\/startseite\/"},{"@type":"ListItem","position":2,"name":"Shop","item":"https:\/\/www.fvdwpartijhandel.nl\/de\/shop\/"},{"@type":"ListItem","position":3,"name":"Weingl\u00e4ser &#8211; Schott Zwiesel 470ml Set a 6tlg."}]},{"@type":"WebSite","@id":"https:\/\/www.fvdwpartijhandel.nl\/de\/#website","url":"https:\/\/www.fvdwpartijhandel.nl\/de\/","name":"Frank van de Wijgert partijhandel","description":"Al 10 jaar actief in de verkoop van restpartijen","publisher":{"@id":"https:\/\/www.fvdwpartijhandel.nl\/de\/#organization"},"potentialAction":[{"@type":"SearchAction","target":{"@type":"EntryPoint","urlTemplate":"https:\/\/www.fvdwpartijhandel.nl\/de\/?s={search_term_string}"},"query-input":{"@type":"PropertyValueSpecification","valueRequired":true,"valueName":"search_term_string"}}],"inLanguage":"de"},{"@type":"Organization","@id":"https:\/\/www.fvdwpartijhandel.nl\/de\/#organization","name":"Frank van de Wijgert partijhandel","url":"https:\/\/www.fvdwpartijhandel.nl\/de\/","logo":{"@type":"ImageObject","inLanguage":"de","@id":"https:\/\/www.fvdwpartijhandel.nl\/de\/#\/schema\/logo\/image\/","url":"https:\/\/www.fvdwpartijhandel.nl\/wp-content\/uploads\/2025\/08\/Logo-Frank-van-de-Wijgert-nieuw-1.svg","contentUrl":"https:\/\/www.fvdwpartijhandel.nl\/wp-content\/uploads\/2025\/08\/Logo-Frank-van-de-Wijgert-nieuw-1.svg","width":400,"height":57,"caption":"Frank van de Wijgert partijhandel"},"image":{"@id":"https:\/\/www.fvdwpartijhandel.nl\/de\/#\/schema\/logo\/image\/"}}]}},"_links":{"self":[{"href":"https:\/\/www.fvdwpartijhandel.nl\/de\/wp-json\/wp\/v2\/product\/6680","targetHints":{"allow":["GET"]}}],"collection":[{"href":"https:\/\/www.fvdwpartijhandel.nl\/de\/wp-json\/wp\/v2\/product"}],"about":[{"href":"https:\/\/www.fvdwpartijhandel.nl\/de\/wp-json\/wp\/v2\/types\/product"}],"wp:featuredmedia":[{"embeddable":true,"href":"https:\/\/www.fvdwpartijhandel.nl\/de\/wp-json\/wp\/v2\/media\/6682"}],"wp:attachment":[{"href":"https:\/\/www.fvdwpartijhandel.nl\/de\/wp-json\/wp\/v2\/media?parent=6680"}],"wp:term":[{"taxonomy":"product_brand","embeddable":true,"href":"https:\/\/www.fvdwpartijhandel.nl\/de\/wp-json\/wp\/v2\/product_brand?post=6680"},{"taxonomy":"product_cat","embeddable":true,"href":"https:\/\/www.fvdwpartijhandel.nl\/de\/wp-json\/wp\/v2\/product_cat?post=6680"},{"taxonomy":"product_tag","embeddable":true,"href":"https:\/\/www.fvdwpartijhandel.nl\/de\/wp-json\/wp\/v2\/product_tag?post=6680"}],"curies":[{"name":"wp","href":"https:\/\/api.w.org\/{rel}","templated":true}]}}