{"id":6219,"date":"2025-08-19T07:29:40","date_gmt":"2025-08-19T07:29:40","guid":{"rendered":"https:\/\/www.fvdwpartijhandel.nl\/product\/dulux-paint-sprayer-spruehfarbe-bright-copper-pink-300g-schnell-trocknend-013920\/"},"modified":"2025-12-12T14:28:56","modified_gmt":"2025-12-12T13:28:56","slug":"dulux-paint-sprayer-spruehfarbe-bright-copper-pink-300g-schnell-trocknend-013920","status":"publish","type":"product","link":"https:\/\/www.fvdwpartijhandel.nl\/de\/product\/dulux-paint-sprayer-spruehfarbe-bright-copper-pink-300g-schnell-trocknend-013920\/","title":{"rendered":"Dulux Paint Sprayer &#8211; Spr\u00fchfarbe &#8211; Bright Copper Pink &#8211; 300g &#8211; Schnell trocknend 013920"},"content":{"rendered":"<p>Diese brillante Lackierung in leuchtendem Kupferrosa sorgt f\u00fcr einen sch\u00f6nen Glanz innerhalb und au\u00dferhalb des Hauses. Au\u00dferdem k\u00f6nnen Sie mit einem Klarlack Ihre Grundfarbe sch\u00f6n und gesch\u00fctzt halten. Bestellen Sie jetzt Ihr 300 Gramm schweres Exemplar und lassen Sie sich von dem Ergebnis \u00fcberraschen.  <\/p>\n","protected":false},"excerpt":{"rendered":"<p>Diese brillante Lackierung in leuchtendem Kupferrosa sorgt f\u00fcr einen sch\u00f6nen Glanz innerhalb und au\u00dferhalb des Hauses. Au\u00dferdem k\u00f6nnen Sie mit einem Klarlack Ihre Grundfarbe sch\u00f6n und gesch\u00fctzt halten. Bestellen Sie jetzt Ihr 300 Gramm schweres Exemplar und lassen Sie sich von dem Ergebnis \u00fcberraschen.<\/p>\n","protected":false},"featured_media":6221,"template":"","meta":{"_acf_changed":false},"product_brand":[],"product_cat":[53],"product_tag":[],"class_list":{"0":"post-6219","1":"product","2":"type-product","3":"status-publish","4":"has-post-thumbnail","6":"product_cat-sonstiges","8":"first","9":"instock","10":"shipping-taxable","11":"product-type-simple"},"acf":[],"yoast_head":"<!-- This site is optimized with the Yoast SEO plugin v27.2 - https:\/\/yoast.com\/product\/yoast-seo-wordpress\/ -->\n<title>Dulux Paint Sprayer - Spr\u00fchfarbe - Bright Copper Pink - 300g - Schnell trocknend 013920 - Frank van de Wijgert partijhandel<\/title>\n<meta name=\"robots\" content=\"index, follow, max-snippet:-1, max-image-preview:large, max-video-preview:-1\" \/>\n<link rel=\"canonical\" href=\"https:\/\/www.fvdwpartijhandel.nl\/de\/product\/dulux-paint-sprayer-spruehfarbe-bright-copper-pink-300g-schnell-trocknend-013920\/\" \/>\n<meta property=\"og:locale\" content=\"de_DE\" \/>\n<meta property=\"og:type\" content=\"article\" \/>\n<meta property=\"og:title\" content=\"Dulux Paint Sprayer - Spr\u00fchfarbe - Bright Copper Pink - 300g - Schnell trocknend 013920 - Frank van de Wijgert partijhandel\" \/>\n<meta property=\"og:description\" content=\"Diese brillante Lackierung in leuchtendem Kupferrosa sorgt f\u00fcr einen sch\u00f6nen Glanz innerhalb und au\u00dferhalb des Hauses. Au\u00dferdem k\u00f6nnen Sie mit einem Klarlack Ihre Grundfarbe sch\u00f6n und gesch\u00fctzt halten. Bestellen Sie jetzt Ihr 300 Gramm schweres Exemplar und lassen Sie sich von dem Ergebnis \u00fcberraschen.\" \/>\n<meta property=\"og:url\" content=\"https:\/\/www.fvdwpartijhandel.nl\/de\/product\/dulux-paint-sprayer-spruehfarbe-bright-copper-pink-300g-schnell-trocknend-013920\/\" \/>\n<meta property=\"og:site_name\" content=\"Frank van de Wijgert partijhandel\" \/>\n<meta property=\"article:modified_time\" content=\"2025-12-12T13:28:56+00:00\" \/>\n<meta property=\"og:image\" content=\"https:\/\/www.fvdwpartijhandel.nl\/wp-content\/uploads\/2025\/08\/114787.jpg\" \/>\n\t<meta property=\"og:image:width\" content=\"500\" \/>\n\t<meta property=\"og:image:height\" content=\"500\" \/>\n\t<meta property=\"og:image:type\" content=\"image\/jpeg\" \/>\n<meta name=\"twitter:card\" content=\"summary_large_image\" \/>\n<script type=\"application\/ld+json\" class=\"yoast-schema-graph\">{\"@context\":\"https:\/\/schema.org\",\"@graph\":[{\"@type\":\"WebPage\",\"@id\":\"https:\/\/www.fvdwpartijhandel.nl\/de\/product\/dulux-paint-sprayer-spruehfarbe-bright-copper-pink-300g-schnell-trocknend-013920\/\",\"url\":\"https:\/\/www.fvdwpartijhandel.nl\/de\/product\/dulux-paint-sprayer-spruehfarbe-bright-copper-pink-300g-schnell-trocknend-013920\/\",\"name\":\"Dulux Paint Sprayer - Spr\u00fchfarbe - Bright Copper Pink - 300g - Schnell trocknend 013920 - Frank van de Wijgert partijhandel\",\"isPartOf\":{\"@id\":\"https:\/\/www.fvdwpartijhandel.nl\/de\/#website\"},\"primaryImageOfPage\":{\"@id\":\"https:\/\/www.fvdwpartijhandel.nl\/de\/product\/dulux-paint-sprayer-spruehfarbe-bright-copper-pink-300g-schnell-trocknend-013920\/#primaryimage\"},\"image\":{\"@id\":\"https:\/\/www.fvdwpartijhandel.nl\/de\/product\/dulux-paint-sprayer-spruehfarbe-bright-copper-pink-300g-schnell-trocknend-013920\/#primaryimage\"},\"thumbnailUrl\":\"https:\/\/www.fvdwpartijhandel.nl\/wp-content\/uploads\/2025\/08\/114787.jpg\",\"datePublished\":\"2025-08-19T07:29:40+00:00\",\"dateModified\":\"2025-12-12T13:28:56+00:00\",\"breadcrumb\":{\"@id\":\"https:\/\/www.fvdwpartijhandel.nl\/de\/product\/dulux-paint-sprayer-spruehfarbe-bright-copper-pink-300g-schnell-trocknend-013920\/#breadcrumb\"},\"inLanguage\":\"de\",\"potentialAction\":[{\"@type\":\"ReadAction\",\"target\":[\"https:\/\/www.fvdwpartijhandel.nl\/de\/product\/dulux-paint-sprayer-spruehfarbe-bright-copper-pink-300g-schnell-trocknend-013920\/\"]}]},{\"@type\":\"ImageObject\",\"inLanguage\":\"de\",\"@id\":\"https:\/\/www.fvdwpartijhandel.nl\/de\/product\/dulux-paint-sprayer-spruehfarbe-bright-copper-pink-300g-schnell-trocknend-013920\/#primaryimage\",\"url\":\"https:\/\/www.fvdwpartijhandel.nl\/wp-content\/uploads\/2025\/08\/114787.jpg\",\"contentUrl\":\"https:\/\/www.fvdwpartijhandel.nl\/wp-content\/uploads\/2025\/08\/114787.jpg\",\"width\":500,\"height\":500},{\"@type\":\"BreadcrumbList\",\"@id\":\"https:\/\/www.fvdwpartijhandel.nl\/de\/product\/dulux-paint-sprayer-spruehfarbe-bright-copper-pink-300g-schnell-trocknend-013920\/#breadcrumb\",\"itemListElement\":[{\"@type\":\"ListItem\",\"position\":1,\"name\":\"Startseite\",\"item\":\"https:\/\/www.fvdwpartijhandel.nl\/de\/startseite\/\"},{\"@type\":\"ListItem\",\"position\":2,\"name\":\"Shop\",\"item\":\"https:\/\/www.fvdwpartijhandel.nl\/de\/shop\/\"},{\"@type\":\"ListItem\",\"position\":3,\"name\":\"Dulux Paint Sprayer &#8211; Spr\u00fchfarbe &#8211; Bright Copper Pink &#8211; 300g &#8211; Schnell trocknend 013920\"}]},{\"@type\":\"WebSite\",\"@id\":\"https:\/\/www.fvdwpartijhandel.nl\/de\/#website\",\"url\":\"https:\/\/www.fvdwpartijhandel.nl\/de\/\",\"name\":\"Frank van de Wijgert partijhandel\",\"description\":\"Al 10 jaar actief in de verkoop van restpartijen\",\"publisher\":{\"@id\":\"https:\/\/www.fvdwpartijhandel.nl\/de\/#organization\"},\"potentialAction\":[{\"@type\":\"SearchAction\",\"target\":{\"@type\":\"EntryPoint\",\"urlTemplate\":\"https:\/\/www.fvdwpartijhandel.nl\/de\/?s={search_term_string}\"},\"query-input\":{\"@type\":\"PropertyValueSpecification\",\"valueRequired\":true,\"valueName\":\"search_term_string\"}}],\"inLanguage\":\"de\"},{\"@type\":\"Organization\",\"@id\":\"https:\/\/www.fvdwpartijhandel.nl\/de\/#organization\",\"name\":\"Frank van de Wijgert partijhandel\",\"url\":\"https:\/\/www.fvdwpartijhandel.nl\/de\/\",\"logo\":{\"@type\":\"ImageObject\",\"inLanguage\":\"de\",\"@id\":\"https:\/\/www.fvdwpartijhandel.nl\/de\/#\/schema\/logo\/image\/\",\"url\":\"https:\/\/www.fvdwpartijhandel.nl\/wp-content\/uploads\/2025\/08\/Logo-Frank-van-de-Wijgert-nieuw-1.svg\",\"contentUrl\":\"https:\/\/www.fvdwpartijhandel.nl\/wp-content\/uploads\/2025\/08\/Logo-Frank-van-de-Wijgert-nieuw-1.svg\",\"width\":400,\"height\":57,\"caption\":\"Frank van de Wijgert partijhandel\"},\"image\":{\"@id\":\"https:\/\/www.fvdwpartijhandel.nl\/de\/#\/schema\/logo\/image\/\"}}]}<\/script>\n<!-- \/ Yoast SEO plugin. -->","yoast_head_json":{"title":"Dulux Paint Sprayer - Spr\u00fchfarbe - Bright Copper Pink - 300g - Schnell trocknend 013920 - Frank van de Wijgert partijhandel","robots":{"index":"index","follow":"follow","max-snippet":"max-snippet:-1","max-image-preview":"max-image-preview:large","max-video-preview":"max-video-preview:-1"},"canonical":"https:\/\/www.fvdwpartijhandel.nl\/de\/product\/dulux-paint-sprayer-spruehfarbe-bright-copper-pink-300g-schnell-trocknend-013920\/","og_locale":"de_DE","og_type":"article","og_title":"Dulux Paint Sprayer - Spr\u00fchfarbe - Bright Copper Pink - 300g - Schnell trocknend 013920 - Frank van de Wijgert partijhandel","og_description":"Diese brillante Lackierung in leuchtendem Kupferrosa sorgt f\u00fcr einen sch\u00f6nen Glanz innerhalb und au\u00dferhalb des Hauses. Au\u00dferdem k\u00f6nnen Sie mit einem Klarlack Ihre Grundfarbe sch\u00f6n und gesch\u00fctzt halten. Bestellen Sie jetzt Ihr 300 Gramm schweres Exemplar und lassen Sie sich von dem Ergebnis \u00fcberraschen.","og_url":"https:\/\/www.fvdwpartijhandel.nl\/de\/product\/dulux-paint-sprayer-spruehfarbe-bright-copper-pink-300g-schnell-trocknend-013920\/","og_site_name":"Frank van de Wijgert partijhandel","article_modified_time":"2025-12-12T13:28:56+00:00","og_image":[{"width":500,"height":500,"url":"https:\/\/www.fvdwpartijhandel.nl\/wp-content\/uploads\/2025\/08\/114787.jpg","type":"image\/jpeg"}],"twitter_card":"summary_large_image","schema":{"@context":"https:\/\/schema.org","@graph":[{"@type":"WebPage","@id":"https:\/\/www.fvdwpartijhandel.nl\/de\/product\/dulux-paint-sprayer-spruehfarbe-bright-copper-pink-300g-schnell-trocknend-013920\/","url":"https:\/\/www.fvdwpartijhandel.nl\/de\/product\/dulux-paint-sprayer-spruehfarbe-bright-copper-pink-300g-schnell-trocknend-013920\/","name":"Dulux Paint Sprayer - Spr\u00fchfarbe - Bright Copper Pink - 300g - Schnell trocknend 013920 - Frank van de Wijgert partijhandel","isPartOf":{"@id":"https:\/\/www.fvdwpartijhandel.nl\/de\/#website"},"primaryImageOfPage":{"@id":"https:\/\/www.fvdwpartijhandel.nl\/de\/product\/dulux-paint-sprayer-spruehfarbe-bright-copper-pink-300g-schnell-trocknend-013920\/#primaryimage"},"image":{"@id":"https:\/\/www.fvdwpartijhandel.nl\/de\/product\/dulux-paint-sprayer-spruehfarbe-bright-copper-pink-300g-schnell-trocknend-013920\/#primaryimage"},"thumbnailUrl":"https:\/\/www.fvdwpartijhandel.nl\/wp-content\/uploads\/2025\/08\/114787.jpg","datePublished":"2025-08-19T07:29:40+00:00","dateModified":"2025-12-12T13:28:56+00:00","breadcrumb":{"@id":"https:\/\/www.fvdwpartijhandel.nl\/de\/product\/dulux-paint-sprayer-spruehfarbe-bright-copper-pink-300g-schnell-trocknend-013920\/#breadcrumb"},"inLanguage":"de","potentialAction":[{"@type":"ReadAction","target":["https:\/\/www.fvdwpartijhandel.nl\/de\/product\/dulux-paint-sprayer-spruehfarbe-bright-copper-pink-300g-schnell-trocknend-013920\/"]}]},{"@type":"ImageObject","inLanguage":"de","@id":"https:\/\/www.fvdwpartijhandel.nl\/de\/product\/dulux-paint-sprayer-spruehfarbe-bright-copper-pink-300g-schnell-trocknend-013920\/#primaryimage","url":"https:\/\/www.fvdwpartijhandel.nl\/wp-content\/uploads\/2025\/08\/114787.jpg","contentUrl":"https:\/\/www.fvdwpartijhandel.nl\/wp-content\/uploads\/2025\/08\/114787.jpg","width":500,"height":500},{"@type":"BreadcrumbList","@id":"https:\/\/www.fvdwpartijhandel.nl\/de\/product\/dulux-paint-sprayer-spruehfarbe-bright-copper-pink-300g-schnell-trocknend-013920\/#breadcrumb","itemListElement":[{"@type":"ListItem","position":1,"name":"Startseite","item":"https:\/\/www.fvdwpartijhandel.nl\/de\/startseite\/"},{"@type":"ListItem","position":2,"name":"Shop","item":"https:\/\/www.fvdwpartijhandel.nl\/de\/shop\/"},{"@type":"ListItem","position":3,"name":"Dulux Paint Sprayer &#8211; Spr\u00fchfarbe &#8211; Bright Copper Pink &#8211; 300g &#8211; Schnell trocknend 013920"}]},{"@type":"WebSite","@id":"https:\/\/www.fvdwpartijhandel.nl\/de\/#website","url":"https:\/\/www.fvdwpartijhandel.nl\/de\/","name":"Frank van de Wijgert partijhandel","description":"Al 10 jaar actief in de verkoop van restpartijen","publisher":{"@id":"https:\/\/www.fvdwpartijhandel.nl\/de\/#organization"},"potentialAction":[{"@type":"SearchAction","target":{"@type":"EntryPoint","urlTemplate":"https:\/\/www.fvdwpartijhandel.nl\/de\/?s={search_term_string}"},"query-input":{"@type":"PropertyValueSpecification","valueRequired":true,"valueName":"search_term_string"}}],"inLanguage":"de"},{"@type":"Organization","@id":"https:\/\/www.fvdwpartijhandel.nl\/de\/#organization","name":"Frank van de Wijgert partijhandel","url":"https:\/\/www.fvdwpartijhandel.nl\/de\/","logo":{"@type":"ImageObject","inLanguage":"de","@id":"https:\/\/www.fvdwpartijhandel.nl\/de\/#\/schema\/logo\/image\/","url":"https:\/\/www.fvdwpartijhandel.nl\/wp-content\/uploads\/2025\/08\/Logo-Frank-van-de-Wijgert-nieuw-1.svg","contentUrl":"https:\/\/www.fvdwpartijhandel.nl\/wp-content\/uploads\/2025\/08\/Logo-Frank-van-de-Wijgert-nieuw-1.svg","width":400,"height":57,"caption":"Frank van de Wijgert partijhandel"},"image":{"@id":"https:\/\/www.fvdwpartijhandel.nl\/de\/#\/schema\/logo\/image\/"}}]}},"_links":{"self":[{"href":"https:\/\/www.fvdwpartijhandel.nl\/de\/wp-json\/wp\/v2\/product\/6219","targetHints":{"allow":["GET"]}}],"collection":[{"href":"https:\/\/www.fvdwpartijhandel.nl\/de\/wp-json\/wp\/v2\/product"}],"about":[{"href":"https:\/\/www.fvdwpartijhandel.nl\/de\/wp-json\/wp\/v2\/types\/product"}],"wp:featuredmedia":[{"embeddable":true,"href":"https:\/\/www.fvdwpartijhandel.nl\/de\/wp-json\/wp\/v2\/media\/6221"}],"wp:attachment":[{"href":"https:\/\/www.fvdwpartijhandel.nl\/de\/wp-json\/wp\/v2\/media?parent=6219"}],"wp:term":[{"taxonomy":"product_brand","embeddable":true,"href":"https:\/\/www.fvdwpartijhandel.nl\/de\/wp-json\/wp\/v2\/product_brand?post=6219"},{"taxonomy":"product_cat","embeddable":true,"href":"https:\/\/www.fvdwpartijhandel.nl\/de\/wp-json\/wp\/v2\/product_cat?post=6219"},{"taxonomy":"product_tag","embeddable":true,"href":"https:\/\/www.fvdwpartijhandel.nl\/de\/wp-json\/wp\/v2\/product_tag?post=6219"}],"curies":[{"name":"wp","href":"https:\/\/api.w.org\/{rel}","templated":true}]}}