{"id":6211,"date":"2025-08-19T07:29:40","date_gmt":"2025-08-19T07:29:40","guid":{"rendered":"https:\/\/www.fvdwpartijhandel.nl\/product\/mpl-paint-sprayer-spruehfarbe-blau-400-ml-schnell-trocknend-014046\/"},"modified":"2025-12-12T14:29:49","modified_gmt":"2025-12-12T13:29:49","slug":"mpl-paint-sprayer-spruehfarbe-blau-400-ml-schnell-trocknend-014046","status":"publish","type":"product","link":"https:\/\/www.fvdwpartijhandel.nl\/de\/product\/mpl-paint-sprayer-spruehfarbe-blau-400-ml-schnell-trocknend-014046\/","title":{"rendered":"MPL Paint Sprayer &#8211; Spr\u00fchfarbe &#8211; Blau &#8211; 400 ml &#8211; Schnell trocknend 014046"},"content":{"rendered":"<p>Sind Sie auf der Suche nach einer schnellen und einfachen M\u00f6glichkeit, Metalloberfl\u00e4chen einen neuen Look zu verleihen? Dann ist unsere Lackspraydose die perfekte L\u00f6sung f\u00fcr Sie! Diese Farbdose ist f\u00fcr verschiedene Metalloberfl\u00e4chen geeignet und verleiht Ihren Objekten eine sch\u00f6ne blaue Farbe.  <\/p>\n","protected":false},"excerpt":{"rendered":"<p>Sind Sie auf der Suche nach einer schnellen und einfachen M\u00f6glichkeit, Metalloberfl\u00e4chen einen neuen Look zu verleihen? Dann ist unsere Lackspraydose die perfekte L\u00f6sung f\u00fcr Sie! Diese Farbdose ist f\u00fcr verschiedene Metalloberfl\u00e4chen geeignet und verleiht Ihren Objekten eine sch\u00f6ne blaue Farbe.<\/p>\n","protected":false},"featured_media":6213,"template":"","meta":{"_acf_changed":false},"product_brand":[],"product_cat":[53],"product_tag":[],"class_list":{"0":"post-6211","1":"product","2":"type-product","3":"status-publish","4":"has-post-thumbnail","6":"product_cat-sonstiges","8":"first","9":"instock","10":"shipping-taxable","11":"product-type-simple"},"acf":[],"yoast_head":"<!-- This site is optimized with the Yoast SEO plugin v27.2 - https:\/\/yoast.com\/product\/yoast-seo-wordpress\/ -->\n<title>MPL Paint Sprayer - Spr\u00fchfarbe - Blau - 400 ml - Schnell trocknend 014046 - Frank van de Wijgert partijhandel<\/title>\n<meta name=\"robots\" content=\"index, follow, max-snippet:-1, max-image-preview:large, max-video-preview:-1\" \/>\n<link rel=\"canonical\" href=\"https:\/\/www.fvdwpartijhandel.nl\/de\/product\/mpl-paint-sprayer-spruehfarbe-blau-400-ml-schnell-trocknend-014046\/\" \/>\n<meta property=\"og:locale\" content=\"de_DE\" \/>\n<meta property=\"og:type\" content=\"article\" \/>\n<meta property=\"og:title\" content=\"MPL Paint Sprayer - Spr\u00fchfarbe - Blau - 400 ml - Schnell trocknend 014046 - Frank van de Wijgert partijhandel\" \/>\n<meta property=\"og:description\" content=\"Sind Sie auf der Suche nach einer schnellen und einfachen M\u00f6glichkeit, Metalloberfl\u00e4chen einen neuen Look zu verleihen? Dann ist unsere Lackspraydose die perfekte L\u00f6sung f\u00fcr Sie! Diese Farbdose ist f\u00fcr verschiedene Metalloberfl\u00e4chen geeignet und verleiht Ihren Objekten eine sch\u00f6ne blaue Farbe.\" \/>\n<meta property=\"og:url\" content=\"https:\/\/www.fvdwpartijhandel.nl\/de\/product\/mpl-paint-sprayer-spruehfarbe-blau-400-ml-schnell-trocknend-014046\/\" \/>\n<meta property=\"og:site_name\" content=\"Frank van de Wijgert partijhandel\" \/>\n<meta property=\"article:modified_time\" content=\"2025-12-12T13:29:49+00:00\" \/>\n<meta property=\"og:image\" content=\"https:\/\/www.fvdwpartijhandel.nl\/wp-content\/uploads\/2025\/08\/114814.jpg\" \/>\n\t<meta property=\"og:image:width\" content=\"500\" \/>\n\t<meta property=\"og:image:height\" content=\"500\" \/>\n\t<meta property=\"og:image:type\" content=\"image\/jpeg\" \/>\n<meta name=\"twitter:card\" content=\"summary_large_image\" \/>\n<script type=\"application\/ld+json\" class=\"yoast-schema-graph\">{\"@context\":\"https:\/\/schema.org\",\"@graph\":[{\"@type\":\"WebPage\",\"@id\":\"https:\/\/www.fvdwpartijhandel.nl\/de\/product\/mpl-paint-sprayer-spruehfarbe-blau-400-ml-schnell-trocknend-014046\/\",\"url\":\"https:\/\/www.fvdwpartijhandel.nl\/de\/product\/mpl-paint-sprayer-spruehfarbe-blau-400-ml-schnell-trocknend-014046\/\",\"name\":\"MPL Paint Sprayer - Spr\u00fchfarbe - Blau - 400 ml - Schnell trocknend 014046 - Frank van de Wijgert partijhandel\",\"isPartOf\":{\"@id\":\"https:\/\/www.fvdwpartijhandel.nl\/de\/#website\"},\"primaryImageOfPage\":{\"@id\":\"https:\/\/www.fvdwpartijhandel.nl\/de\/product\/mpl-paint-sprayer-spruehfarbe-blau-400-ml-schnell-trocknend-014046\/#primaryimage\"},\"image\":{\"@id\":\"https:\/\/www.fvdwpartijhandel.nl\/de\/product\/mpl-paint-sprayer-spruehfarbe-blau-400-ml-schnell-trocknend-014046\/#primaryimage\"},\"thumbnailUrl\":\"https:\/\/www.fvdwpartijhandel.nl\/wp-content\/uploads\/2025\/08\/114814.jpg\",\"datePublished\":\"2025-08-19T07:29:40+00:00\",\"dateModified\":\"2025-12-12T13:29:49+00:00\",\"breadcrumb\":{\"@id\":\"https:\/\/www.fvdwpartijhandel.nl\/de\/product\/mpl-paint-sprayer-spruehfarbe-blau-400-ml-schnell-trocknend-014046\/#breadcrumb\"},\"inLanguage\":\"de\",\"potentialAction\":[{\"@type\":\"ReadAction\",\"target\":[\"https:\/\/www.fvdwpartijhandel.nl\/de\/product\/mpl-paint-sprayer-spruehfarbe-blau-400-ml-schnell-trocknend-014046\/\"]}]},{\"@type\":\"ImageObject\",\"inLanguage\":\"de\",\"@id\":\"https:\/\/www.fvdwpartijhandel.nl\/de\/product\/mpl-paint-sprayer-spruehfarbe-blau-400-ml-schnell-trocknend-014046\/#primaryimage\",\"url\":\"https:\/\/www.fvdwpartijhandel.nl\/wp-content\/uploads\/2025\/08\/114814.jpg\",\"contentUrl\":\"https:\/\/www.fvdwpartijhandel.nl\/wp-content\/uploads\/2025\/08\/114814.jpg\",\"width\":500,\"height\":500},{\"@type\":\"BreadcrumbList\",\"@id\":\"https:\/\/www.fvdwpartijhandel.nl\/de\/product\/mpl-paint-sprayer-spruehfarbe-blau-400-ml-schnell-trocknend-014046\/#breadcrumb\",\"itemListElement\":[{\"@type\":\"ListItem\",\"position\":1,\"name\":\"Startseite\",\"item\":\"https:\/\/www.fvdwpartijhandel.nl\/de\/startseite\/\"},{\"@type\":\"ListItem\",\"position\":2,\"name\":\"Shop\",\"item\":\"https:\/\/www.fvdwpartijhandel.nl\/de\/shop\/\"},{\"@type\":\"ListItem\",\"position\":3,\"name\":\"MPL Paint Sprayer &#8211; Spr\u00fchfarbe &#8211; Blau &#8211; 400 ml &#8211; Schnell trocknend 014046\"}]},{\"@type\":\"WebSite\",\"@id\":\"https:\/\/www.fvdwpartijhandel.nl\/de\/#website\",\"url\":\"https:\/\/www.fvdwpartijhandel.nl\/de\/\",\"name\":\"Frank van de Wijgert partijhandel\",\"description\":\"Al 10 jaar actief in de verkoop van restpartijen\",\"publisher\":{\"@id\":\"https:\/\/www.fvdwpartijhandel.nl\/de\/#organization\"},\"potentialAction\":[{\"@type\":\"SearchAction\",\"target\":{\"@type\":\"EntryPoint\",\"urlTemplate\":\"https:\/\/www.fvdwpartijhandel.nl\/de\/?s={search_term_string}\"},\"query-input\":{\"@type\":\"PropertyValueSpecification\",\"valueRequired\":true,\"valueName\":\"search_term_string\"}}],\"inLanguage\":\"de\"},{\"@type\":\"Organization\",\"@id\":\"https:\/\/www.fvdwpartijhandel.nl\/de\/#organization\",\"name\":\"Frank van de Wijgert partijhandel\",\"url\":\"https:\/\/www.fvdwpartijhandel.nl\/de\/\",\"logo\":{\"@type\":\"ImageObject\",\"inLanguage\":\"de\",\"@id\":\"https:\/\/www.fvdwpartijhandel.nl\/de\/#\/schema\/logo\/image\/\",\"url\":\"https:\/\/www.fvdwpartijhandel.nl\/wp-content\/uploads\/2025\/08\/Logo-Frank-van-de-Wijgert-nieuw-1.svg\",\"contentUrl\":\"https:\/\/www.fvdwpartijhandel.nl\/wp-content\/uploads\/2025\/08\/Logo-Frank-van-de-Wijgert-nieuw-1.svg\",\"width\":400,\"height\":57,\"caption\":\"Frank van de Wijgert partijhandel\"},\"image\":{\"@id\":\"https:\/\/www.fvdwpartijhandel.nl\/de\/#\/schema\/logo\/image\/\"}}]}<\/script>\n<!-- \/ Yoast SEO plugin. -->","yoast_head_json":{"title":"MPL Paint Sprayer - Spr\u00fchfarbe - Blau - 400 ml - Schnell trocknend 014046 - Frank van de Wijgert partijhandel","robots":{"index":"index","follow":"follow","max-snippet":"max-snippet:-1","max-image-preview":"max-image-preview:large","max-video-preview":"max-video-preview:-1"},"canonical":"https:\/\/www.fvdwpartijhandel.nl\/de\/product\/mpl-paint-sprayer-spruehfarbe-blau-400-ml-schnell-trocknend-014046\/","og_locale":"de_DE","og_type":"article","og_title":"MPL Paint Sprayer - Spr\u00fchfarbe - Blau - 400 ml - Schnell trocknend 014046 - Frank van de Wijgert partijhandel","og_description":"Sind Sie auf der Suche nach einer schnellen und einfachen M\u00f6glichkeit, Metalloberfl\u00e4chen einen neuen Look zu verleihen? Dann ist unsere Lackspraydose die perfekte L\u00f6sung f\u00fcr Sie! Diese Farbdose ist f\u00fcr verschiedene Metalloberfl\u00e4chen geeignet und verleiht Ihren Objekten eine sch\u00f6ne blaue Farbe.","og_url":"https:\/\/www.fvdwpartijhandel.nl\/de\/product\/mpl-paint-sprayer-spruehfarbe-blau-400-ml-schnell-trocknend-014046\/","og_site_name":"Frank van de Wijgert partijhandel","article_modified_time":"2025-12-12T13:29:49+00:00","og_image":[{"width":500,"height":500,"url":"https:\/\/www.fvdwpartijhandel.nl\/wp-content\/uploads\/2025\/08\/114814.jpg","type":"image\/jpeg"}],"twitter_card":"summary_large_image","schema":{"@context":"https:\/\/schema.org","@graph":[{"@type":"WebPage","@id":"https:\/\/www.fvdwpartijhandel.nl\/de\/product\/mpl-paint-sprayer-spruehfarbe-blau-400-ml-schnell-trocknend-014046\/","url":"https:\/\/www.fvdwpartijhandel.nl\/de\/product\/mpl-paint-sprayer-spruehfarbe-blau-400-ml-schnell-trocknend-014046\/","name":"MPL Paint Sprayer - Spr\u00fchfarbe - Blau - 400 ml - Schnell trocknend 014046 - Frank van de Wijgert partijhandel","isPartOf":{"@id":"https:\/\/www.fvdwpartijhandel.nl\/de\/#website"},"primaryImageOfPage":{"@id":"https:\/\/www.fvdwpartijhandel.nl\/de\/product\/mpl-paint-sprayer-spruehfarbe-blau-400-ml-schnell-trocknend-014046\/#primaryimage"},"image":{"@id":"https:\/\/www.fvdwpartijhandel.nl\/de\/product\/mpl-paint-sprayer-spruehfarbe-blau-400-ml-schnell-trocknend-014046\/#primaryimage"},"thumbnailUrl":"https:\/\/www.fvdwpartijhandel.nl\/wp-content\/uploads\/2025\/08\/114814.jpg","datePublished":"2025-08-19T07:29:40+00:00","dateModified":"2025-12-12T13:29:49+00:00","breadcrumb":{"@id":"https:\/\/www.fvdwpartijhandel.nl\/de\/product\/mpl-paint-sprayer-spruehfarbe-blau-400-ml-schnell-trocknend-014046\/#breadcrumb"},"inLanguage":"de","potentialAction":[{"@type":"ReadAction","target":["https:\/\/www.fvdwpartijhandel.nl\/de\/product\/mpl-paint-sprayer-spruehfarbe-blau-400-ml-schnell-trocknend-014046\/"]}]},{"@type":"ImageObject","inLanguage":"de","@id":"https:\/\/www.fvdwpartijhandel.nl\/de\/product\/mpl-paint-sprayer-spruehfarbe-blau-400-ml-schnell-trocknend-014046\/#primaryimage","url":"https:\/\/www.fvdwpartijhandel.nl\/wp-content\/uploads\/2025\/08\/114814.jpg","contentUrl":"https:\/\/www.fvdwpartijhandel.nl\/wp-content\/uploads\/2025\/08\/114814.jpg","width":500,"height":500},{"@type":"BreadcrumbList","@id":"https:\/\/www.fvdwpartijhandel.nl\/de\/product\/mpl-paint-sprayer-spruehfarbe-blau-400-ml-schnell-trocknend-014046\/#breadcrumb","itemListElement":[{"@type":"ListItem","position":1,"name":"Startseite","item":"https:\/\/www.fvdwpartijhandel.nl\/de\/startseite\/"},{"@type":"ListItem","position":2,"name":"Shop","item":"https:\/\/www.fvdwpartijhandel.nl\/de\/shop\/"},{"@type":"ListItem","position":3,"name":"MPL Paint Sprayer &#8211; Spr\u00fchfarbe &#8211; Blau &#8211; 400 ml &#8211; Schnell trocknend 014046"}]},{"@type":"WebSite","@id":"https:\/\/www.fvdwpartijhandel.nl\/de\/#website","url":"https:\/\/www.fvdwpartijhandel.nl\/de\/","name":"Frank van de Wijgert partijhandel","description":"Al 10 jaar actief in de verkoop van restpartijen","publisher":{"@id":"https:\/\/www.fvdwpartijhandel.nl\/de\/#organization"},"potentialAction":[{"@type":"SearchAction","target":{"@type":"EntryPoint","urlTemplate":"https:\/\/www.fvdwpartijhandel.nl\/de\/?s={search_term_string}"},"query-input":{"@type":"PropertyValueSpecification","valueRequired":true,"valueName":"search_term_string"}}],"inLanguage":"de"},{"@type":"Organization","@id":"https:\/\/www.fvdwpartijhandel.nl\/de\/#organization","name":"Frank van de Wijgert partijhandel","url":"https:\/\/www.fvdwpartijhandel.nl\/de\/","logo":{"@type":"ImageObject","inLanguage":"de","@id":"https:\/\/www.fvdwpartijhandel.nl\/de\/#\/schema\/logo\/image\/","url":"https:\/\/www.fvdwpartijhandel.nl\/wp-content\/uploads\/2025\/08\/Logo-Frank-van-de-Wijgert-nieuw-1.svg","contentUrl":"https:\/\/www.fvdwpartijhandel.nl\/wp-content\/uploads\/2025\/08\/Logo-Frank-van-de-Wijgert-nieuw-1.svg","width":400,"height":57,"caption":"Frank van de Wijgert partijhandel"},"image":{"@id":"https:\/\/www.fvdwpartijhandel.nl\/de\/#\/schema\/logo\/image\/"}}]}},"_links":{"self":[{"href":"https:\/\/www.fvdwpartijhandel.nl\/de\/wp-json\/wp\/v2\/product\/6211","targetHints":{"allow":["GET"]}}],"collection":[{"href":"https:\/\/www.fvdwpartijhandel.nl\/de\/wp-json\/wp\/v2\/product"}],"about":[{"href":"https:\/\/www.fvdwpartijhandel.nl\/de\/wp-json\/wp\/v2\/types\/product"}],"wp:featuredmedia":[{"embeddable":true,"href":"https:\/\/www.fvdwpartijhandel.nl\/de\/wp-json\/wp\/v2\/media\/6213"}],"wp:attachment":[{"href":"https:\/\/www.fvdwpartijhandel.nl\/de\/wp-json\/wp\/v2\/media?parent=6211"}],"wp:term":[{"taxonomy":"product_brand","embeddable":true,"href":"https:\/\/www.fvdwpartijhandel.nl\/de\/wp-json\/wp\/v2\/product_brand?post=6211"},{"taxonomy":"product_cat","embeddable":true,"href":"https:\/\/www.fvdwpartijhandel.nl\/de\/wp-json\/wp\/v2\/product_cat?post=6211"},{"taxonomy":"product_tag","embeddable":true,"href":"https:\/\/www.fvdwpartijhandel.nl\/de\/wp-json\/wp\/v2\/product_tag?post=6211"}],"curies":[{"name":"wp","href":"https:\/\/api.w.org\/{rel}","templated":true}]}}