{"id":6208,"date":"2025-08-19T07:29:40","date_gmt":"2025-08-19T07:29:40","guid":{"rendered":"https:\/\/www.fvdwpartijhandel.nl\/product\/blackdecker-buegelsaege-76cm-komfortgriff-stahl-schwarz-orange\/"},"modified":"2025-12-12T14:31:43","modified_gmt":"2025-12-12T13:31:43","slug":"blackdecker-buegelsaege-76cm-komfortgriff-stahl-schwarz-orange","status":"publish","type":"product","link":"https:\/\/www.fvdwpartijhandel.nl\/de\/product\/blackdecker-buegelsaege-76cm-komfortgriff-stahl-schwarz-orange\/","title":{"rendered":"Black+Decker B\u00fcgels\u00e4ge 76CM &#8211; Komfortgriff &#8211; Stahl &#8211; Schwarz\/Orange"},"content":{"rendered":"<p>Sind Sie auf der Suche nach einer hochwertigen Bogens\u00e4ge f\u00fcr all Ihre Schneideprojekte? Dann ist die BLACK+DECKER Bogens\u00e4ge die ideale Wahl f\u00fcr Sie. Mit einer L\u00e4nge von 30 Zoll, d.h. etwa 76 Zentimetern, bietet diese S\u00e4ge eine gro\u00dfe Reichweite und ist dennoch kompakt genug f\u00fcr eine einfache Handhabung.  <\/p>\n","protected":false},"excerpt":{"rendered":"<p>Sind Sie auf der Suche nach einer hochwertigen Bogens\u00e4ge f\u00fcr all Ihre Schneideprojekte? Dann ist die BLACK+DECKER Bogens\u00e4ge die ideale Wahl f\u00fcr Sie. Mit einer L\u00e4nge von 30 Zoll, d.h. etwa 76 Zentimetern, bietet diese S\u00e4ge eine gro\u00dfe Reichweite und ist dennoch kompakt genug f\u00fcr eine einfache Handhabung.<\/p>\n","protected":false},"featured_media":6210,"template":"","meta":{"_acf_changed":false},"product_brand":[],"product_cat":[62],"product_tag":[],"class_list":{"0":"post-6208","1":"product","2":"type-product","3":"status-publish","4":"has-post-thumbnail","6":"product_cat-werkzeuge","8":"first","9":"instock","10":"shipping-taxable","11":"product-type-simple"},"acf":[],"yoast_head":"<!-- This site is optimized with the Yoast SEO plugin v27.2 - https:\/\/yoast.com\/product\/yoast-seo-wordpress\/ -->\n<title>Black+Decker B\u00fcgels\u00e4ge 76CM - Komfortgriff - Stahl - Schwarz\/Orange - Frank van de Wijgert partijhandel<\/title>\n<meta name=\"robots\" content=\"index, follow, max-snippet:-1, max-image-preview:large, max-video-preview:-1\" \/>\n<link rel=\"canonical\" href=\"https:\/\/www.fvdwpartijhandel.nl\/de\/product\/blackdecker-buegelsaege-76cm-komfortgriff-stahl-schwarz-orange\/\" \/>\n<meta property=\"og:locale\" content=\"de_DE\" \/>\n<meta property=\"og:type\" content=\"article\" \/>\n<meta property=\"og:title\" content=\"Black+Decker B\u00fcgels\u00e4ge 76CM - Komfortgriff - Stahl - Schwarz\/Orange - Frank van de Wijgert partijhandel\" \/>\n<meta property=\"og:description\" content=\"Sind Sie auf der Suche nach einer hochwertigen Bogens\u00e4ge f\u00fcr all Ihre Schneideprojekte? Dann ist die BLACK+DECKER Bogens\u00e4ge die ideale Wahl f\u00fcr Sie. Mit einer L\u00e4nge von 30 Zoll, d.h. etwa 76 Zentimetern, bietet diese S\u00e4ge eine gro\u00dfe Reichweite und ist dennoch kompakt genug f\u00fcr eine einfache Handhabung.\" \/>\n<meta property=\"og:url\" content=\"https:\/\/www.fvdwpartijhandel.nl\/de\/product\/blackdecker-buegelsaege-76cm-komfortgriff-stahl-schwarz-orange\/\" \/>\n<meta property=\"og:site_name\" content=\"Frank van de Wijgert partijhandel\" \/>\n<meta property=\"article:modified_time\" content=\"2025-12-12T13:31:43+00:00\" \/>\n<meta property=\"og:image\" content=\"https:\/\/www.fvdwpartijhandel.nl\/wp-content\/uploads\/2025\/08\/05-09-2024_114816.jpg\" \/>\n\t<meta property=\"og:image:width\" content=\"500\" \/>\n\t<meta property=\"og:image:height\" content=\"500\" \/>\n\t<meta property=\"og:image:type\" content=\"image\/jpeg\" \/>\n<meta name=\"twitter:card\" content=\"summary_large_image\" \/>\n<script type=\"application\/ld+json\" class=\"yoast-schema-graph\">{\"@context\":\"https:\/\/schema.org\",\"@graph\":[{\"@type\":\"WebPage\",\"@id\":\"https:\/\/www.fvdwpartijhandel.nl\/de\/product\/blackdecker-buegelsaege-76cm-komfortgriff-stahl-schwarz-orange\/\",\"url\":\"https:\/\/www.fvdwpartijhandel.nl\/de\/product\/blackdecker-buegelsaege-76cm-komfortgriff-stahl-schwarz-orange\/\",\"name\":\"Black+Decker B\u00fcgels\u00e4ge 76CM - Komfortgriff - Stahl - Schwarz\/Orange - Frank van de Wijgert partijhandel\",\"isPartOf\":{\"@id\":\"https:\/\/www.fvdwpartijhandel.nl\/de\/#website\"},\"primaryImageOfPage\":{\"@id\":\"https:\/\/www.fvdwpartijhandel.nl\/de\/product\/blackdecker-buegelsaege-76cm-komfortgriff-stahl-schwarz-orange\/#primaryimage\"},\"image\":{\"@id\":\"https:\/\/www.fvdwpartijhandel.nl\/de\/product\/blackdecker-buegelsaege-76cm-komfortgriff-stahl-schwarz-orange\/#primaryimage\"},\"thumbnailUrl\":\"https:\/\/www.fvdwpartijhandel.nl\/wp-content\/uploads\/2025\/08\/05-09-2024_114816.jpg\",\"datePublished\":\"2025-08-19T07:29:40+00:00\",\"dateModified\":\"2025-12-12T13:31:43+00:00\",\"breadcrumb\":{\"@id\":\"https:\/\/www.fvdwpartijhandel.nl\/de\/product\/blackdecker-buegelsaege-76cm-komfortgriff-stahl-schwarz-orange\/#breadcrumb\"},\"inLanguage\":\"de\",\"potentialAction\":[{\"@type\":\"ReadAction\",\"target\":[\"https:\/\/www.fvdwpartijhandel.nl\/de\/product\/blackdecker-buegelsaege-76cm-komfortgriff-stahl-schwarz-orange\/\"]}]},{\"@type\":\"ImageObject\",\"inLanguage\":\"de\",\"@id\":\"https:\/\/www.fvdwpartijhandel.nl\/de\/product\/blackdecker-buegelsaege-76cm-komfortgriff-stahl-schwarz-orange\/#primaryimage\",\"url\":\"https:\/\/www.fvdwpartijhandel.nl\/wp-content\/uploads\/2025\/08\/05-09-2024_114816.jpg\",\"contentUrl\":\"https:\/\/www.fvdwpartijhandel.nl\/wp-content\/uploads\/2025\/08\/05-09-2024_114816.jpg\",\"width\":500,\"height\":500},{\"@type\":\"BreadcrumbList\",\"@id\":\"https:\/\/www.fvdwpartijhandel.nl\/de\/product\/blackdecker-buegelsaege-76cm-komfortgriff-stahl-schwarz-orange\/#breadcrumb\",\"itemListElement\":[{\"@type\":\"ListItem\",\"position\":1,\"name\":\"Startseite\",\"item\":\"https:\/\/www.fvdwpartijhandel.nl\/de\/startseite\/\"},{\"@type\":\"ListItem\",\"position\":2,\"name\":\"Shop\",\"item\":\"https:\/\/www.fvdwpartijhandel.nl\/de\/shop\/\"},{\"@type\":\"ListItem\",\"position\":3,\"name\":\"Black+Decker B\u00fcgels\u00e4ge 76CM &#8211; Komfortgriff &#8211; Stahl &#8211; Schwarz\/Orange\"}]},{\"@type\":\"WebSite\",\"@id\":\"https:\/\/www.fvdwpartijhandel.nl\/de\/#website\",\"url\":\"https:\/\/www.fvdwpartijhandel.nl\/de\/\",\"name\":\"Frank van de Wijgert partijhandel\",\"description\":\"Al 10 jaar actief in de verkoop van restpartijen\",\"publisher\":{\"@id\":\"https:\/\/www.fvdwpartijhandel.nl\/de\/#organization\"},\"potentialAction\":[{\"@type\":\"SearchAction\",\"target\":{\"@type\":\"EntryPoint\",\"urlTemplate\":\"https:\/\/www.fvdwpartijhandel.nl\/de\/?s={search_term_string}\"},\"query-input\":{\"@type\":\"PropertyValueSpecification\",\"valueRequired\":true,\"valueName\":\"search_term_string\"}}],\"inLanguage\":\"de\"},{\"@type\":\"Organization\",\"@id\":\"https:\/\/www.fvdwpartijhandel.nl\/de\/#organization\",\"name\":\"Frank van de Wijgert partijhandel\",\"url\":\"https:\/\/www.fvdwpartijhandel.nl\/de\/\",\"logo\":{\"@type\":\"ImageObject\",\"inLanguage\":\"de\",\"@id\":\"https:\/\/www.fvdwpartijhandel.nl\/de\/#\/schema\/logo\/image\/\",\"url\":\"https:\/\/www.fvdwpartijhandel.nl\/wp-content\/uploads\/2025\/08\/Logo-Frank-van-de-Wijgert-nieuw-1.svg\",\"contentUrl\":\"https:\/\/www.fvdwpartijhandel.nl\/wp-content\/uploads\/2025\/08\/Logo-Frank-van-de-Wijgert-nieuw-1.svg\",\"width\":400,\"height\":57,\"caption\":\"Frank van de Wijgert partijhandel\"},\"image\":{\"@id\":\"https:\/\/www.fvdwpartijhandel.nl\/de\/#\/schema\/logo\/image\/\"}}]}<\/script>\n<!-- \/ Yoast SEO plugin. -->","yoast_head_json":{"title":"Black+Decker B\u00fcgels\u00e4ge 76CM - Komfortgriff - Stahl - Schwarz\/Orange - Frank van de Wijgert partijhandel","robots":{"index":"index","follow":"follow","max-snippet":"max-snippet:-1","max-image-preview":"max-image-preview:large","max-video-preview":"max-video-preview:-1"},"canonical":"https:\/\/www.fvdwpartijhandel.nl\/de\/product\/blackdecker-buegelsaege-76cm-komfortgriff-stahl-schwarz-orange\/","og_locale":"de_DE","og_type":"article","og_title":"Black+Decker B\u00fcgels\u00e4ge 76CM - Komfortgriff - Stahl - Schwarz\/Orange - Frank van de Wijgert partijhandel","og_description":"Sind Sie auf der Suche nach einer hochwertigen Bogens\u00e4ge f\u00fcr all Ihre Schneideprojekte? Dann ist die BLACK+DECKER Bogens\u00e4ge die ideale Wahl f\u00fcr Sie. Mit einer L\u00e4nge von 30 Zoll, d.h. etwa 76 Zentimetern, bietet diese S\u00e4ge eine gro\u00dfe Reichweite und ist dennoch kompakt genug f\u00fcr eine einfache Handhabung.","og_url":"https:\/\/www.fvdwpartijhandel.nl\/de\/product\/blackdecker-buegelsaege-76cm-komfortgriff-stahl-schwarz-orange\/","og_site_name":"Frank van de Wijgert partijhandel","article_modified_time":"2025-12-12T13:31:43+00:00","og_image":[{"width":500,"height":500,"url":"https:\/\/www.fvdwpartijhandel.nl\/wp-content\/uploads\/2025\/08\/05-09-2024_114816.jpg","type":"image\/jpeg"}],"twitter_card":"summary_large_image","schema":{"@context":"https:\/\/schema.org","@graph":[{"@type":"WebPage","@id":"https:\/\/www.fvdwpartijhandel.nl\/de\/product\/blackdecker-buegelsaege-76cm-komfortgriff-stahl-schwarz-orange\/","url":"https:\/\/www.fvdwpartijhandel.nl\/de\/product\/blackdecker-buegelsaege-76cm-komfortgriff-stahl-schwarz-orange\/","name":"Black+Decker B\u00fcgels\u00e4ge 76CM - Komfortgriff - Stahl - Schwarz\/Orange - Frank van de Wijgert partijhandel","isPartOf":{"@id":"https:\/\/www.fvdwpartijhandel.nl\/de\/#website"},"primaryImageOfPage":{"@id":"https:\/\/www.fvdwpartijhandel.nl\/de\/product\/blackdecker-buegelsaege-76cm-komfortgriff-stahl-schwarz-orange\/#primaryimage"},"image":{"@id":"https:\/\/www.fvdwpartijhandel.nl\/de\/product\/blackdecker-buegelsaege-76cm-komfortgriff-stahl-schwarz-orange\/#primaryimage"},"thumbnailUrl":"https:\/\/www.fvdwpartijhandel.nl\/wp-content\/uploads\/2025\/08\/05-09-2024_114816.jpg","datePublished":"2025-08-19T07:29:40+00:00","dateModified":"2025-12-12T13:31:43+00:00","breadcrumb":{"@id":"https:\/\/www.fvdwpartijhandel.nl\/de\/product\/blackdecker-buegelsaege-76cm-komfortgriff-stahl-schwarz-orange\/#breadcrumb"},"inLanguage":"de","potentialAction":[{"@type":"ReadAction","target":["https:\/\/www.fvdwpartijhandel.nl\/de\/product\/blackdecker-buegelsaege-76cm-komfortgriff-stahl-schwarz-orange\/"]}]},{"@type":"ImageObject","inLanguage":"de","@id":"https:\/\/www.fvdwpartijhandel.nl\/de\/product\/blackdecker-buegelsaege-76cm-komfortgriff-stahl-schwarz-orange\/#primaryimage","url":"https:\/\/www.fvdwpartijhandel.nl\/wp-content\/uploads\/2025\/08\/05-09-2024_114816.jpg","contentUrl":"https:\/\/www.fvdwpartijhandel.nl\/wp-content\/uploads\/2025\/08\/05-09-2024_114816.jpg","width":500,"height":500},{"@type":"BreadcrumbList","@id":"https:\/\/www.fvdwpartijhandel.nl\/de\/product\/blackdecker-buegelsaege-76cm-komfortgriff-stahl-schwarz-orange\/#breadcrumb","itemListElement":[{"@type":"ListItem","position":1,"name":"Startseite","item":"https:\/\/www.fvdwpartijhandel.nl\/de\/startseite\/"},{"@type":"ListItem","position":2,"name":"Shop","item":"https:\/\/www.fvdwpartijhandel.nl\/de\/shop\/"},{"@type":"ListItem","position":3,"name":"Black+Decker B\u00fcgels\u00e4ge 76CM &#8211; Komfortgriff &#8211; Stahl &#8211; Schwarz\/Orange"}]},{"@type":"WebSite","@id":"https:\/\/www.fvdwpartijhandel.nl\/de\/#website","url":"https:\/\/www.fvdwpartijhandel.nl\/de\/","name":"Frank van de Wijgert partijhandel","description":"Al 10 jaar actief in de verkoop van restpartijen","publisher":{"@id":"https:\/\/www.fvdwpartijhandel.nl\/de\/#organization"},"potentialAction":[{"@type":"SearchAction","target":{"@type":"EntryPoint","urlTemplate":"https:\/\/www.fvdwpartijhandel.nl\/de\/?s={search_term_string}"},"query-input":{"@type":"PropertyValueSpecification","valueRequired":true,"valueName":"search_term_string"}}],"inLanguage":"de"},{"@type":"Organization","@id":"https:\/\/www.fvdwpartijhandel.nl\/de\/#organization","name":"Frank van de Wijgert partijhandel","url":"https:\/\/www.fvdwpartijhandel.nl\/de\/","logo":{"@type":"ImageObject","inLanguage":"de","@id":"https:\/\/www.fvdwpartijhandel.nl\/de\/#\/schema\/logo\/image\/","url":"https:\/\/www.fvdwpartijhandel.nl\/wp-content\/uploads\/2025\/08\/Logo-Frank-van-de-Wijgert-nieuw-1.svg","contentUrl":"https:\/\/www.fvdwpartijhandel.nl\/wp-content\/uploads\/2025\/08\/Logo-Frank-van-de-Wijgert-nieuw-1.svg","width":400,"height":57,"caption":"Frank van de Wijgert partijhandel"},"image":{"@id":"https:\/\/www.fvdwpartijhandel.nl\/de\/#\/schema\/logo\/image\/"}}]}},"_links":{"self":[{"href":"https:\/\/www.fvdwpartijhandel.nl\/de\/wp-json\/wp\/v2\/product\/6208","targetHints":{"allow":["GET"]}}],"collection":[{"href":"https:\/\/www.fvdwpartijhandel.nl\/de\/wp-json\/wp\/v2\/product"}],"about":[{"href":"https:\/\/www.fvdwpartijhandel.nl\/de\/wp-json\/wp\/v2\/types\/product"}],"wp:featuredmedia":[{"embeddable":true,"href":"https:\/\/www.fvdwpartijhandel.nl\/de\/wp-json\/wp\/v2\/media\/6210"}],"wp:attachment":[{"href":"https:\/\/www.fvdwpartijhandel.nl\/de\/wp-json\/wp\/v2\/media?parent=6208"}],"wp:term":[{"taxonomy":"product_brand","embeddable":true,"href":"https:\/\/www.fvdwpartijhandel.nl\/de\/wp-json\/wp\/v2\/product_brand?post=6208"},{"taxonomy":"product_cat","embeddable":true,"href":"https:\/\/www.fvdwpartijhandel.nl\/de\/wp-json\/wp\/v2\/product_cat?post=6208"},{"taxonomy":"product_tag","embeddable":true,"href":"https:\/\/www.fvdwpartijhandel.nl\/de\/wp-json\/wp\/v2\/product_tag?post=6208"}],"curies":[{"name":"wp","href":"https:\/\/api.w.org\/{rel}","templated":true}]}}