{"id":11286,"date":"2026-04-13T10:22:56","date_gmt":"2026-04-13T08:22:56","guid":{"rendered":"https:\/\/www.fvdwpartijhandel.nl\/product\/nubia-mini-massagegeraet\/"},"modified":"2026-04-13T10:23:24","modified_gmt":"2026-04-13T08:23:24","slug":"nubia-mini-massagegeraet","status":"publish","type":"product","link":"https:\/\/www.fvdwpartijhandel.nl\/de\/product\/nubia-mini-massagegeraet\/","title":{"rendered":"Nubia Mini-Massageger\u00e4t"},"content":{"rendered":"<p><strong>KOMPAKT &#8211;<\/strong> Ideal f\u00fcr unterwegs, bietet diese kleine Mini-Handmassage eine schnelle, wohltuende Massage, wo immer Sie sie brauchen.<\/p>\n<p><strong>WASSERSCHUTZ &#8211;<\/strong> Dieses Handger\u00e4t kann auch in Verbindung mit Wasser verwendet werden. Es ist zum Beispiel gegen Wasserstrahlen in der Dusche gesch\u00fctzt und kann nach einer Massage gr\u00fcndlich unter flie\u00dfendem Wasser gereinigt werden. <\/p>\n<p><strong>PR\u00c4ZISION &#8211;<\/strong> Die drei Massagek\u00f6pfe haben eine extrem ergonomische Form, die sich sehr angenehm an Ihren K\u00f6rper anpasst. Die Massagefunktion wird durch K\u00f6rperkontakt aktiviert und eignet sich nicht nur f\u00fcr die sanfte Oberfl\u00e4chenmassage, sondern auch f\u00fcr die Triggerpunktmassage. <\/p>\n<p><strong>VIBRATION &#8211; <\/strong>Die zus\u00e4tzliche Vibrationsfunktion ist besonders effektiv, um Muskelverspannungen zu l\u00f6sen und den gesamten K\u00f6rper zu entspannen. Das Ger\u00e4t ist ideal f\u00fcr die Anwendung an Beinen, Ges\u00e4\u00df, Unterleib, Armen und Nacken. <\/p>\n","protected":false},"excerpt":{"rendered":"<p>KOMPAKT &#8211; Ideal f\u00fcr unterwegs, bietet diese kleine Mini-Handmassage eine schnelle, wohltuende Massage, wo immer Sie sie brauchen. WASSERSCHUTZ &#8211; Dieses Handger\u00e4t kann auch in Verbindung mit Wasser verwendet werden. Es ist zum Beispiel gegen Wasserstrahlen in der Dusche gesch\u00fctzt und kann nach einer Massage gr\u00fcndlich unter flie\u00dfendem Wasser gereinigt werden. PR\u00c4ZISION &#8211; Die drei [&hellip;]<\/p>\n","protected":false},"featured_media":11299,"template":"","meta":{"_acf_changed":false},"product_brand":[],"product_cat":[53],"product_tag":[],"class_list":{"0":"post-11286","1":"product","2":"type-product","3":"status-publish","4":"has-post-thumbnail","6":"product_cat-sonstiges","8":"first","9":"instock","10":"shipping-taxable","11":"product-type-simple"},"acf":[],"yoast_head":"<!-- This site is optimized with the Yoast SEO plugin v27.2 - https:\/\/yoast.com\/product\/yoast-seo-wordpress\/ -->\n<title>Nubia Mini-Massageger\u00e4t - Frank van de Wijgert partijhandel<\/title>\n<meta name=\"robots\" content=\"index, follow, max-snippet:-1, max-image-preview:large, max-video-preview:-1\" \/>\n<link rel=\"canonical\" href=\"https:\/\/www.fvdwpartijhandel.nl\/de\/product\/nubia-mini-massagegeraet\/\" \/>\n<meta property=\"og:locale\" content=\"de_DE\" \/>\n<meta property=\"og:type\" content=\"article\" \/>\n<meta property=\"og:title\" content=\"Nubia Mini-Massageger\u00e4t - Frank van de Wijgert partijhandel\" \/>\n<meta property=\"og:description\" content=\"KOMPAKT &#8211; Ideal f\u00fcr unterwegs, bietet diese kleine Mini-Handmassage eine schnelle, wohltuende Massage, wo immer Sie sie brauchen. WASSERSCHUTZ &#8211; Dieses Handger\u00e4t kann auch in Verbindung mit Wasser verwendet werden. Es ist zum Beispiel gegen Wasserstrahlen in der Dusche gesch\u00fctzt und kann nach einer Massage gr\u00fcndlich unter flie\u00dfendem Wasser gereinigt werden. PR\u00c4ZISION &#8211; Die drei [&hellip;]\" \/>\n<meta property=\"og:url\" content=\"https:\/\/www.fvdwpartijhandel.nl\/de\/product\/nubia-mini-massagegeraet\/\" \/>\n<meta property=\"og:site_name\" content=\"Frank van de Wijgert partijhandel\" \/>\n<meta property=\"article:modified_time\" content=\"2026-04-13T08:23:24+00:00\" \/>\n<meta property=\"og:image\" content=\"https:\/\/www.fvdwpartijhandel.nl\/wp-content\/uploads\/2026\/04\/116750-N.jpg\" \/>\n\t<meta property=\"og:image:width\" content=\"500\" \/>\n\t<meta property=\"og:image:height\" content=\"500\" \/>\n\t<meta property=\"og:image:type\" content=\"image\/jpeg\" \/>\n<meta name=\"twitter:card\" content=\"summary_large_image\" \/>\n<meta name=\"twitter:label1\" content=\"Gesch\u00e4tzte Lesezeit\" \/>\n\t<meta name=\"twitter:data1\" content=\"1\u00a0Minute\" \/>\n<script type=\"application\/ld+json\" class=\"yoast-schema-graph\">{\"@context\":\"https:\/\/schema.org\",\"@graph\":[{\"@type\":\"WebPage\",\"@id\":\"https:\/\/www.fvdwpartijhandel.nl\/de\/product\/nubia-mini-massagegeraet\/\",\"url\":\"https:\/\/www.fvdwpartijhandel.nl\/de\/product\/nubia-mini-massagegeraet\/\",\"name\":\"Nubia Mini-Massageger\u00e4t - Frank van de Wijgert partijhandel\",\"isPartOf\":{\"@id\":\"https:\/\/www.fvdwpartijhandel.nl\/de\/#website\"},\"primaryImageOfPage\":{\"@id\":\"https:\/\/www.fvdwpartijhandel.nl\/de\/product\/nubia-mini-massagegeraet\/#primaryimage\"},\"image\":{\"@id\":\"https:\/\/www.fvdwpartijhandel.nl\/de\/product\/nubia-mini-massagegeraet\/#primaryimage\"},\"thumbnailUrl\":\"https:\/\/www.fvdwpartijhandel.nl\/wp-content\/uploads\/2026\/04\/116750N.jpg\",\"datePublished\":\"2026-04-13T08:22:56+00:00\",\"dateModified\":\"2026-04-13T08:23:24+00:00\",\"breadcrumb\":{\"@id\":\"https:\/\/www.fvdwpartijhandel.nl\/de\/product\/nubia-mini-massagegeraet\/#breadcrumb\"},\"inLanguage\":\"de\",\"potentialAction\":[{\"@type\":\"ReadAction\",\"target\":[\"https:\/\/www.fvdwpartijhandel.nl\/de\/product\/nubia-mini-massagegeraet\/\"]}]},{\"@type\":\"ImageObject\",\"inLanguage\":\"de\",\"@id\":\"https:\/\/www.fvdwpartijhandel.nl\/de\/product\/nubia-mini-massagegeraet\/#primaryimage\",\"url\":\"https:\/\/www.fvdwpartijhandel.nl\/wp-content\/uploads\/2026\/04\/116750N.jpg\",\"contentUrl\":\"https:\/\/www.fvdwpartijhandel.nl\/wp-content\/uploads\/2026\/04\/116750N.jpg\",\"width\":500,\"height\":500},{\"@type\":\"BreadcrumbList\",\"@id\":\"https:\/\/www.fvdwpartijhandel.nl\/de\/product\/nubia-mini-massagegeraet\/#breadcrumb\",\"itemListElement\":[{\"@type\":\"ListItem\",\"position\":1,\"name\":\"Startseite\",\"item\":\"https:\/\/www.fvdwpartijhandel.nl\/de\/startseite\/\"},{\"@type\":\"ListItem\",\"position\":2,\"name\":\"Shop\",\"item\":\"https:\/\/www.fvdwpartijhandel.nl\/de\/shop\/\"},{\"@type\":\"ListItem\",\"position\":3,\"name\":\"Nubia Mini-Massageger\u00e4t\"}]},{\"@type\":\"WebSite\",\"@id\":\"https:\/\/www.fvdwpartijhandel.nl\/de\/#website\",\"url\":\"https:\/\/www.fvdwpartijhandel.nl\/de\/\",\"name\":\"Frank van de Wijgert partijhandel\",\"description\":\"Al 10 jaar actief in de verkoop van restpartijen\",\"publisher\":{\"@id\":\"https:\/\/www.fvdwpartijhandel.nl\/de\/#organization\"},\"potentialAction\":[{\"@type\":\"SearchAction\",\"target\":{\"@type\":\"EntryPoint\",\"urlTemplate\":\"https:\/\/www.fvdwpartijhandel.nl\/de\/?s={search_term_string}\"},\"query-input\":{\"@type\":\"PropertyValueSpecification\",\"valueRequired\":true,\"valueName\":\"search_term_string\"}}],\"inLanguage\":\"de\"},{\"@type\":\"Organization\",\"@id\":\"https:\/\/www.fvdwpartijhandel.nl\/de\/#organization\",\"name\":\"Frank van de Wijgert partijhandel\",\"url\":\"https:\/\/www.fvdwpartijhandel.nl\/de\/\",\"logo\":{\"@type\":\"ImageObject\",\"inLanguage\":\"de\",\"@id\":\"https:\/\/www.fvdwpartijhandel.nl\/de\/#\/schema\/logo\/image\/\",\"url\":\"https:\/\/www.fvdwpartijhandel.nl\/wp-content\/uploads\/2025\/08\/Logo-Frank-van-de-Wijgert-nieuw-1.svg\",\"contentUrl\":\"https:\/\/www.fvdwpartijhandel.nl\/wp-content\/uploads\/2025\/08\/Logo-Frank-van-de-Wijgert-nieuw-1.svg\",\"width\":400,\"height\":57,\"caption\":\"Frank van de Wijgert partijhandel\"},\"image\":{\"@id\":\"https:\/\/www.fvdwpartijhandel.nl\/de\/#\/schema\/logo\/image\/\"}}]}<\/script>\n<!-- \/ Yoast SEO plugin. -->","yoast_head_json":{"title":"Nubia Mini-Massageger\u00e4t - Frank van de Wijgert partijhandel","robots":{"index":"index","follow":"follow","max-snippet":"max-snippet:-1","max-image-preview":"max-image-preview:large","max-video-preview":"max-video-preview:-1"},"canonical":"https:\/\/www.fvdwpartijhandel.nl\/de\/product\/nubia-mini-massagegeraet\/","og_locale":"de_DE","og_type":"article","og_title":"Nubia Mini-Massageger\u00e4t - Frank van de Wijgert partijhandel","og_description":"KOMPAKT &#8211; Ideal f\u00fcr unterwegs, bietet diese kleine Mini-Handmassage eine schnelle, wohltuende Massage, wo immer Sie sie brauchen. WASSERSCHUTZ &#8211; Dieses Handger\u00e4t kann auch in Verbindung mit Wasser verwendet werden. Es ist zum Beispiel gegen Wasserstrahlen in der Dusche gesch\u00fctzt und kann nach einer Massage gr\u00fcndlich unter flie\u00dfendem Wasser gereinigt werden. PR\u00c4ZISION &#8211; Die drei [&hellip;]","og_url":"https:\/\/www.fvdwpartijhandel.nl\/de\/product\/nubia-mini-massagegeraet\/","og_site_name":"Frank van de Wijgert partijhandel","article_modified_time":"2026-04-13T08:23:24+00:00","og_image":[{"width":500,"height":500,"url":"https:\/\/www.fvdwpartijhandel.nl\/wp-content\/uploads\/2026\/04\/116750-N.jpg","type":"image\/jpeg"}],"twitter_card":"summary_large_image","twitter_misc":{"Gesch\u00e4tzte Lesezeit":"1\u00a0Minute"},"schema":{"@context":"https:\/\/schema.org","@graph":[{"@type":"WebPage","@id":"https:\/\/www.fvdwpartijhandel.nl\/de\/product\/nubia-mini-massagegeraet\/","url":"https:\/\/www.fvdwpartijhandel.nl\/de\/product\/nubia-mini-massagegeraet\/","name":"Nubia Mini-Massageger\u00e4t - Frank van de Wijgert partijhandel","isPartOf":{"@id":"https:\/\/www.fvdwpartijhandel.nl\/de\/#website"},"primaryImageOfPage":{"@id":"https:\/\/www.fvdwpartijhandel.nl\/de\/product\/nubia-mini-massagegeraet\/#primaryimage"},"image":{"@id":"https:\/\/www.fvdwpartijhandel.nl\/de\/product\/nubia-mini-massagegeraet\/#primaryimage"},"thumbnailUrl":"https:\/\/www.fvdwpartijhandel.nl\/wp-content\/uploads\/2026\/04\/116750N.jpg","datePublished":"2026-04-13T08:22:56+00:00","dateModified":"2026-04-13T08:23:24+00:00","breadcrumb":{"@id":"https:\/\/www.fvdwpartijhandel.nl\/de\/product\/nubia-mini-massagegeraet\/#breadcrumb"},"inLanguage":"de","potentialAction":[{"@type":"ReadAction","target":["https:\/\/www.fvdwpartijhandel.nl\/de\/product\/nubia-mini-massagegeraet\/"]}]},{"@type":"ImageObject","inLanguage":"de","@id":"https:\/\/www.fvdwpartijhandel.nl\/de\/product\/nubia-mini-massagegeraet\/#primaryimage","url":"https:\/\/www.fvdwpartijhandel.nl\/wp-content\/uploads\/2026\/04\/116750N.jpg","contentUrl":"https:\/\/www.fvdwpartijhandel.nl\/wp-content\/uploads\/2026\/04\/116750N.jpg","width":500,"height":500},{"@type":"BreadcrumbList","@id":"https:\/\/www.fvdwpartijhandel.nl\/de\/product\/nubia-mini-massagegeraet\/#breadcrumb","itemListElement":[{"@type":"ListItem","position":1,"name":"Startseite","item":"https:\/\/www.fvdwpartijhandel.nl\/de\/startseite\/"},{"@type":"ListItem","position":2,"name":"Shop","item":"https:\/\/www.fvdwpartijhandel.nl\/de\/shop\/"},{"@type":"ListItem","position":3,"name":"Nubia Mini-Massageger\u00e4t"}]},{"@type":"WebSite","@id":"https:\/\/www.fvdwpartijhandel.nl\/de\/#website","url":"https:\/\/www.fvdwpartijhandel.nl\/de\/","name":"Frank van de Wijgert partijhandel","description":"Al 10 jaar actief in de verkoop van restpartijen","publisher":{"@id":"https:\/\/www.fvdwpartijhandel.nl\/de\/#organization"},"potentialAction":[{"@type":"SearchAction","target":{"@type":"EntryPoint","urlTemplate":"https:\/\/www.fvdwpartijhandel.nl\/de\/?s={search_term_string}"},"query-input":{"@type":"PropertyValueSpecification","valueRequired":true,"valueName":"search_term_string"}}],"inLanguage":"de"},{"@type":"Organization","@id":"https:\/\/www.fvdwpartijhandel.nl\/de\/#organization","name":"Frank van de Wijgert partijhandel","url":"https:\/\/www.fvdwpartijhandel.nl\/de\/","logo":{"@type":"ImageObject","inLanguage":"de","@id":"https:\/\/www.fvdwpartijhandel.nl\/de\/#\/schema\/logo\/image\/","url":"https:\/\/www.fvdwpartijhandel.nl\/wp-content\/uploads\/2025\/08\/Logo-Frank-van-de-Wijgert-nieuw-1.svg","contentUrl":"https:\/\/www.fvdwpartijhandel.nl\/wp-content\/uploads\/2025\/08\/Logo-Frank-van-de-Wijgert-nieuw-1.svg","width":400,"height":57,"caption":"Frank van de Wijgert partijhandel"},"image":{"@id":"https:\/\/www.fvdwpartijhandel.nl\/de\/#\/schema\/logo\/image\/"}}]}},"_links":{"self":[{"href":"https:\/\/www.fvdwpartijhandel.nl\/de\/wp-json\/wp\/v2\/product\/11286","targetHints":{"allow":["GET"]}}],"collection":[{"href":"https:\/\/www.fvdwpartijhandel.nl\/de\/wp-json\/wp\/v2\/product"}],"about":[{"href":"https:\/\/www.fvdwpartijhandel.nl\/de\/wp-json\/wp\/v2\/types\/product"}],"wp:featuredmedia":[{"embeddable":true,"href":"https:\/\/www.fvdwpartijhandel.nl\/de\/wp-json\/wp\/v2\/media\/11299"}],"wp:attachment":[{"href":"https:\/\/www.fvdwpartijhandel.nl\/de\/wp-json\/wp\/v2\/media?parent=11286"}],"wp:term":[{"taxonomy":"product_brand","embeddable":true,"href":"https:\/\/www.fvdwpartijhandel.nl\/de\/wp-json\/wp\/v2\/product_brand?post=11286"},{"taxonomy":"product_cat","embeddable":true,"href":"https:\/\/www.fvdwpartijhandel.nl\/de\/wp-json\/wp\/v2\/product_cat?post=11286"},{"taxonomy":"product_tag","embeddable":true,"href":"https:\/\/www.fvdwpartijhandel.nl\/de\/wp-json\/wp\/v2\/product_tag?post=11286"}],"curies":[{"name":"wp","href":"https:\/\/api.w.org\/{rel}","templated":true}]}}