{"id":11244,"date":"2026-04-09T09:16:49","date_gmt":"2026-04-09T07:16:49","guid":{"rendered":"https:\/\/www.fvdwpartijhandel.nl\/product\/plunger-1ltr-actiff\/"},"modified":"2026-04-10T11:02:07","modified_gmt":"2026-04-10T09:02:07","slug":"plunger-1ltr-actiff","status":"publish","type":"product","link":"https:\/\/www.fvdwpartijhandel.nl\/de\/product\/plunger-1ltr-actiff\/","title":{"rendered":"Plunger 1Ltr Actiff"},"content":{"rendered":"<p>Entdecken Sie unseren fl\u00fcssigen Rohrreiniger in der 1-Liter-Flasche, der unverzichtbare Verb\u00fcndete bei Rohrverstopfungen.<br \/>\nSeine kraftvolle Formel wirkt tief und l\u00f6st schnell und effektiv alle organischen Materialien, die f\u00fcr Verstopfungen verantwortlich sind, wie Haare und Fett.<br \/>\nWirksame Wirkung in nur 30 Minuten dank seiner Formel auf Soda-Basis<br \/>\nSicher f\u00fcr Emaille und Rohre, auch aus Kunststoff<br \/>\nPraktisch, die Flasche ist mit einem kindersicheren Verschluss versehen<br \/>\nEinfach in der Anwendung, dieser fl\u00fcssige Entstopfer sorgt f\u00fcr schnelle und effektive Ergebnisse, f\u00fcr eine optimale Entsorgung Ihres Abwassers<br \/>\n1 L Flasche.<\/p>\n","protected":false},"excerpt":{"rendered":"<p>Entdecken Sie unseren fl\u00fcssigen Rohrreiniger in der 1-Liter-Flasche, der unverzichtbare Verb\u00fcndete bei Rohrverstopfungen. Seine kraftvolle Formel wirkt tief und l\u00f6st schnell und effektiv alle organischen Materialien, die f\u00fcr Verstopfungen verantwortlich sind, wie Haare und Fett. Wirksame Wirkung in nur 30 Minuten dank seiner Formel auf Soda-Basis Sicher f\u00fcr Emaille und Rohre, auch aus Kunststoff Praktisch, [&hellip;]<\/p>\n","protected":false},"featured_media":11296,"template":"","meta":{"_acf_changed":false},"product_brand":[],"product_cat":[57],"product_tag":[],"class_list":{"0":"post-11244","1":"product","2":"type-product","3":"status-publish","4":"has-post-thumbnail","6":"product_cat-haushalt-kochen","8":"first","9":"instock","10":"shipping-taxable","11":"product-type-simple"},"acf":[],"yoast_head":"<!-- This site is optimized with the Yoast SEO plugin v27.2 - https:\/\/yoast.com\/product\/yoast-seo-wordpress\/ -->\n<title>Plunger 1Ltr Actiff - Frank van de Wijgert partijhandel<\/title>\n<meta name=\"robots\" content=\"index, follow, max-snippet:-1, max-image-preview:large, max-video-preview:-1\" \/>\n<link rel=\"canonical\" href=\"https:\/\/www.fvdwpartijhandel.nl\/de\/product\/plunger-1ltr-actiff\/\" \/>\n<meta property=\"og:locale\" content=\"de_DE\" \/>\n<meta property=\"og:type\" content=\"article\" \/>\n<meta property=\"og:title\" content=\"Plunger 1Ltr Actiff - Frank van de Wijgert partijhandel\" \/>\n<meta property=\"og:description\" content=\"Entdecken Sie unseren fl\u00fcssigen Rohrreiniger in der 1-Liter-Flasche, der unverzichtbare Verb\u00fcndete bei Rohrverstopfungen. Seine kraftvolle Formel wirkt tief und l\u00f6st schnell und effektiv alle organischen Materialien, die f\u00fcr Verstopfungen verantwortlich sind, wie Haare und Fett. Wirksame Wirkung in nur 30 Minuten dank seiner Formel auf Soda-Basis Sicher f\u00fcr Emaille und Rohre, auch aus Kunststoff Praktisch, [&hellip;]\" \/>\n<meta property=\"og:url\" content=\"https:\/\/www.fvdwpartijhandel.nl\/de\/product\/plunger-1ltr-actiff\/\" \/>\n<meta property=\"og:site_name\" content=\"Frank van de Wijgert partijhandel\" \/>\n<meta property=\"article:modified_time\" content=\"2026-04-10T09:02:07+00:00\" \/>\n<meta property=\"og:image\" content=\"https:\/\/www.fvdwpartijhandel.nl\/wp-content\/uploads\/2026\/04\/116766.jpg\" \/>\n\t<meta property=\"og:image:width\" content=\"500\" \/>\n\t<meta property=\"og:image:height\" content=\"500\" \/>\n\t<meta property=\"og:image:type\" content=\"image\/jpeg\" \/>\n<meta name=\"twitter:card\" content=\"summary_large_image\" \/>\n<script type=\"application\/ld+json\" class=\"yoast-schema-graph\">{\"@context\":\"https:\/\/schema.org\",\"@graph\":[{\"@type\":\"WebPage\",\"@id\":\"https:\/\/www.fvdwpartijhandel.nl\/de\/product\/plunger-1ltr-actiff\/\",\"url\":\"https:\/\/www.fvdwpartijhandel.nl\/de\/product\/plunger-1ltr-actiff\/\",\"name\":\"Plunger 1Ltr Actiff - Frank van de Wijgert partijhandel\",\"isPartOf\":{\"@id\":\"https:\/\/www.fvdwpartijhandel.nl\/de\/#website\"},\"primaryImageOfPage\":{\"@id\":\"https:\/\/www.fvdwpartijhandel.nl\/de\/product\/plunger-1ltr-actiff\/#primaryimage\"},\"image\":{\"@id\":\"https:\/\/www.fvdwpartijhandel.nl\/de\/product\/plunger-1ltr-actiff\/#primaryimage\"},\"thumbnailUrl\":\"https:\/\/www.fvdwpartijhandel.nl\/wp-content\/uploads\/2026\/04\/116766-N.jpg\",\"datePublished\":\"2026-04-09T07:16:49+00:00\",\"dateModified\":\"2026-04-10T09:02:07+00:00\",\"breadcrumb\":{\"@id\":\"https:\/\/www.fvdwpartijhandel.nl\/de\/product\/plunger-1ltr-actiff\/#breadcrumb\"},\"inLanguage\":\"de\",\"potentialAction\":[{\"@type\":\"ReadAction\",\"target\":[\"https:\/\/www.fvdwpartijhandel.nl\/de\/product\/plunger-1ltr-actiff\/\"]}]},{\"@type\":\"ImageObject\",\"inLanguage\":\"de\",\"@id\":\"https:\/\/www.fvdwpartijhandel.nl\/de\/product\/plunger-1ltr-actiff\/#primaryimage\",\"url\":\"https:\/\/www.fvdwpartijhandel.nl\/wp-content\/uploads\/2026\/04\/116766-N.jpg\",\"contentUrl\":\"https:\/\/www.fvdwpartijhandel.nl\/wp-content\/uploads\/2026\/04\/116766-N.jpg\",\"width\":500,\"height\":500},{\"@type\":\"BreadcrumbList\",\"@id\":\"https:\/\/www.fvdwpartijhandel.nl\/de\/product\/plunger-1ltr-actiff\/#breadcrumb\",\"itemListElement\":[{\"@type\":\"ListItem\",\"position\":1,\"name\":\"Startseite\",\"item\":\"https:\/\/www.fvdwpartijhandel.nl\/de\/startseite\/\"},{\"@type\":\"ListItem\",\"position\":2,\"name\":\"Shop\",\"item\":\"https:\/\/www.fvdwpartijhandel.nl\/de\/shop\/\"},{\"@type\":\"ListItem\",\"position\":3,\"name\":\"Plunger 1Ltr Actiff\"}]},{\"@type\":\"WebSite\",\"@id\":\"https:\/\/www.fvdwpartijhandel.nl\/de\/#website\",\"url\":\"https:\/\/www.fvdwpartijhandel.nl\/de\/\",\"name\":\"Frank van de Wijgert partijhandel\",\"description\":\"Al 10 jaar actief in de verkoop van restpartijen\",\"publisher\":{\"@id\":\"https:\/\/www.fvdwpartijhandel.nl\/de\/#organization\"},\"potentialAction\":[{\"@type\":\"SearchAction\",\"target\":{\"@type\":\"EntryPoint\",\"urlTemplate\":\"https:\/\/www.fvdwpartijhandel.nl\/de\/?s={search_term_string}\"},\"query-input\":{\"@type\":\"PropertyValueSpecification\",\"valueRequired\":true,\"valueName\":\"search_term_string\"}}],\"inLanguage\":\"de\"},{\"@type\":\"Organization\",\"@id\":\"https:\/\/www.fvdwpartijhandel.nl\/de\/#organization\",\"name\":\"Frank van de Wijgert partijhandel\",\"url\":\"https:\/\/www.fvdwpartijhandel.nl\/de\/\",\"logo\":{\"@type\":\"ImageObject\",\"inLanguage\":\"de\",\"@id\":\"https:\/\/www.fvdwpartijhandel.nl\/de\/#\/schema\/logo\/image\/\",\"url\":\"https:\/\/www.fvdwpartijhandel.nl\/wp-content\/uploads\/2025\/08\/Logo-Frank-van-de-Wijgert-nieuw-1.svg\",\"contentUrl\":\"https:\/\/www.fvdwpartijhandel.nl\/wp-content\/uploads\/2025\/08\/Logo-Frank-van-de-Wijgert-nieuw-1.svg\",\"width\":400,\"height\":57,\"caption\":\"Frank van de Wijgert partijhandel\"},\"image\":{\"@id\":\"https:\/\/www.fvdwpartijhandel.nl\/de\/#\/schema\/logo\/image\/\"}}]}<\/script>\n<!-- \/ Yoast SEO plugin. -->","yoast_head_json":{"title":"Plunger 1Ltr Actiff - Frank van de Wijgert partijhandel","robots":{"index":"index","follow":"follow","max-snippet":"max-snippet:-1","max-image-preview":"max-image-preview:large","max-video-preview":"max-video-preview:-1"},"canonical":"https:\/\/www.fvdwpartijhandel.nl\/de\/product\/plunger-1ltr-actiff\/","og_locale":"de_DE","og_type":"article","og_title":"Plunger 1Ltr Actiff - Frank van de Wijgert partijhandel","og_description":"Entdecken Sie unseren fl\u00fcssigen Rohrreiniger in der 1-Liter-Flasche, der unverzichtbare Verb\u00fcndete bei Rohrverstopfungen. Seine kraftvolle Formel wirkt tief und l\u00f6st schnell und effektiv alle organischen Materialien, die f\u00fcr Verstopfungen verantwortlich sind, wie Haare und Fett. Wirksame Wirkung in nur 30 Minuten dank seiner Formel auf Soda-Basis Sicher f\u00fcr Emaille und Rohre, auch aus Kunststoff Praktisch, [&hellip;]","og_url":"https:\/\/www.fvdwpartijhandel.nl\/de\/product\/plunger-1ltr-actiff\/","og_site_name":"Frank van de Wijgert partijhandel","article_modified_time":"2026-04-10T09:02:07+00:00","og_image":[{"width":500,"height":500,"url":"https:\/\/www.fvdwpartijhandel.nl\/wp-content\/uploads\/2026\/04\/116766.jpg","type":"image\/jpeg"}],"twitter_card":"summary_large_image","schema":{"@context":"https:\/\/schema.org","@graph":[{"@type":"WebPage","@id":"https:\/\/www.fvdwpartijhandel.nl\/de\/product\/plunger-1ltr-actiff\/","url":"https:\/\/www.fvdwpartijhandel.nl\/de\/product\/plunger-1ltr-actiff\/","name":"Plunger 1Ltr Actiff - Frank van de Wijgert partijhandel","isPartOf":{"@id":"https:\/\/www.fvdwpartijhandel.nl\/de\/#website"},"primaryImageOfPage":{"@id":"https:\/\/www.fvdwpartijhandel.nl\/de\/product\/plunger-1ltr-actiff\/#primaryimage"},"image":{"@id":"https:\/\/www.fvdwpartijhandel.nl\/de\/product\/plunger-1ltr-actiff\/#primaryimage"},"thumbnailUrl":"https:\/\/www.fvdwpartijhandel.nl\/wp-content\/uploads\/2026\/04\/116766-N.jpg","datePublished":"2026-04-09T07:16:49+00:00","dateModified":"2026-04-10T09:02:07+00:00","breadcrumb":{"@id":"https:\/\/www.fvdwpartijhandel.nl\/de\/product\/plunger-1ltr-actiff\/#breadcrumb"},"inLanguage":"de","potentialAction":[{"@type":"ReadAction","target":["https:\/\/www.fvdwpartijhandel.nl\/de\/product\/plunger-1ltr-actiff\/"]}]},{"@type":"ImageObject","inLanguage":"de","@id":"https:\/\/www.fvdwpartijhandel.nl\/de\/product\/plunger-1ltr-actiff\/#primaryimage","url":"https:\/\/www.fvdwpartijhandel.nl\/wp-content\/uploads\/2026\/04\/116766-N.jpg","contentUrl":"https:\/\/www.fvdwpartijhandel.nl\/wp-content\/uploads\/2026\/04\/116766-N.jpg","width":500,"height":500},{"@type":"BreadcrumbList","@id":"https:\/\/www.fvdwpartijhandel.nl\/de\/product\/plunger-1ltr-actiff\/#breadcrumb","itemListElement":[{"@type":"ListItem","position":1,"name":"Startseite","item":"https:\/\/www.fvdwpartijhandel.nl\/de\/startseite\/"},{"@type":"ListItem","position":2,"name":"Shop","item":"https:\/\/www.fvdwpartijhandel.nl\/de\/shop\/"},{"@type":"ListItem","position":3,"name":"Plunger 1Ltr Actiff"}]},{"@type":"WebSite","@id":"https:\/\/www.fvdwpartijhandel.nl\/de\/#website","url":"https:\/\/www.fvdwpartijhandel.nl\/de\/","name":"Frank van de Wijgert partijhandel","description":"Al 10 jaar actief in de verkoop van restpartijen","publisher":{"@id":"https:\/\/www.fvdwpartijhandel.nl\/de\/#organization"},"potentialAction":[{"@type":"SearchAction","target":{"@type":"EntryPoint","urlTemplate":"https:\/\/www.fvdwpartijhandel.nl\/de\/?s={search_term_string}"},"query-input":{"@type":"PropertyValueSpecification","valueRequired":true,"valueName":"search_term_string"}}],"inLanguage":"de"},{"@type":"Organization","@id":"https:\/\/www.fvdwpartijhandel.nl\/de\/#organization","name":"Frank van de Wijgert partijhandel","url":"https:\/\/www.fvdwpartijhandel.nl\/de\/","logo":{"@type":"ImageObject","inLanguage":"de","@id":"https:\/\/www.fvdwpartijhandel.nl\/de\/#\/schema\/logo\/image\/","url":"https:\/\/www.fvdwpartijhandel.nl\/wp-content\/uploads\/2025\/08\/Logo-Frank-van-de-Wijgert-nieuw-1.svg","contentUrl":"https:\/\/www.fvdwpartijhandel.nl\/wp-content\/uploads\/2025\/08\/Logo-Frank-van-de-Wijgert-nieuw-1.svg","width":400,"height":57,"caption":"Frank van de Wijgert partijhandel"},"image":{"@id":"https:\/\/www.fvdwpartijhandel.nl\/de\/#\/schema\/logo\/image\/"}}]}},"_links":{"self":[{"href":"https:\/\/www.fvdwpartijhandel.nl\/de\/wp-json\/wp\/v2\/product\/11244","targetHints":{"allow":["GET"]}}],"collection":[{"href":"https:\/\/www.fvdwpartijhandel.nl\/de\/wp-json\/wp\/v2\/product"}],"about":[{"href":"https:\/\/www.fvdwpartijhandel.nl\/de\/wp-json\/wp\/v2\/types\/product"}],"wp:featuredmedia":[{"embeddable":true,"href":"https:\/\/www.fvdwpartijhandel.nl\/de\/wp-json\/wp\/v2\/media\/11296"}],"wp:attachment":[{"href":"https:\/\/www.fvdwpartijhandel.nl\/de\/wp-json\/wp\/v2\/media?parent=11244"}],"wp:term":[{"taxonomy":"product_brand","embeddable":true,"href":"https:\/\/www.fvdwpartijhandel.nl\/de\/wp-json\/wp\/v2\/product_brand?post=11244"},{"taxonomy":"product_cat","embeddable":true,"href":"https:\/\/www.fvdwpartijhandel.nl\/de\/wp-json\/wp\/v2\/product_cat?post=11244"},{"taxonomy":"product_tag","embeddable":true,"href":"https:\/\/www.fvdwpartijhandel.nl\/de\/wp-json\/wp\/v2\/product_tag?post=11244"}],"curies":[{"name":"wp","href":"https:\/\/api.w.org\/{rel}","templated":true}]}}