{"id":11227,"date":"2026-04-07T17:23:13","date_gmt":"2026-04-07T15:23:13","guid":{"rendered":"https:\/\/www.fvdwpartijhandel.nl\/product\/zangensatz-5-tlg\/"},"modified":"2026-04-13T16:44:19","modified_gmt":"2026-04-13T14:44:19","slug":"zangensatz-5-tlg","status":"publish","type":"product","link":"https:\/\/www.fvdwpartijhandel.nl\/de\/product\/zangensatz-5-tlg\/","title":{"rendered":"Zangensatz 5-tlg."},"content":{"rendered":"<p>OSJI TOOLS Mini-Zangenset<br \/>\nSuchen Sie ein handliches und vielseitiges Zangenset f\u00fcr all Ihre Arbeiten? Hier ist das Osji Tools Mini-Zangenset &#8211; 5-teilig! Dieses kompakte Set ist f\u00fcr Profis und Heimwerker gleicherma\u00dfen geeignet und bietet die perfekte Kombination aus Qualit\u00e4t und Haltbarkeit. Mit verschiedenen Zangen f\u00fcr unterschiedliche Anwendungen macht dieses Set jede Arbeit zum Kinderspiel. Bestellen Sie das Osji Tools Mini-Zangenset noch heute und \u00fcberzeugen Sie sich selbst von den Vorteilen!    <\/p>\n<p>Spezifikationen<\/p>\n<p>&#8211; 5-teiliges Set: Dieses Zangenset enth\u00e4lt eine Kombizange, eine Seitenschneiderzange, eine Spitzzange, eine Telefonzange und einen Kopfschneider &#8211; alles, was Sie f\u00fcr verschiedene Anwendungen brauchen.<\/p>\n","protected":false},"excerpt":{"rendered":"<p>OSJI TOOLS Mini-Zangenset Suchen Sie ein handliches und vielseitiges Zangenset f\u00fcr all Ihre Arbeiten? Hier ist das Osji Tools Mini-Zangenset &#8211; 5-teilig! Dieses kompakte Set ist f\u00fcr Profis und Heimwerker gleicherma\u00dfen geeignet und bietet die perfekte Kombination aus Qualit\u00e4t und Haltbarkeit. Mit verschiedenen Zangen f\u00fcr unterschiedliche Anwendungen macht dieses Set jede Arbeit zum Kinderspiel. Bestellen [&hellip;]<\/p>\n","protected":false},"featured_media":11304,"template":"","meta":{"_acf_changed":false},"product_brand":[],"product_cat":[62],"product_tag":[],"class_list":{"0":"post-11227","1":"product","2":"type-product","3":"status-publish","4":"has-post-thumbnail","6":"product_cat-werkzeuge","8":"first","9":"instock","10":"shipping-taxable","11":"product-type-simple"},"acf":[],"yoast_head":"<!-- This site is optimized with the Yoast SEO plugin v27.2 - https:\/\/yoast.com\/product\/yoast-seo-wordpress\/ -->\n<title>Zangensatz 5-tlg. - Frank van de Wijgert partijhandel<\/title>\n<meta name=\"robots\" content=\"index, follow, max-snippet:-1, max-image-preview:large, max-video-preview:-1\" \/>\n<link rel=\"canonical\" href=\"https:\/\/www.fvdwpartijhandel.nl\/de\/product\/zangensatz-5-tlg\/\" \/>\n<meta property=\"og:locale\" content=\"de_DE\" \/>\n<meta property=\"og:type\" content=\"article\" \/>\n<meta property=\"og:title\" content=\"Zangensatz 5-tlg. - Frank van de Wijgert partijhandel\" \/>\n<meta property=\"og:description\" content=\"OSJI TOOLS Mini-Zangenset Suchen Sie ein handliches und vielseitiges Zangenset f\u00fcr all Ihre Arbeiten? Hier ist das Osji Tools Mini-Zangenset &#8211; 5-teilig! Dieses kompakte Set ist f\u00fcr Profis und Heimwerker gleicherma\u00dfen geeignet und bietet die perfekte Kombination aus Qualit\u00e4t und Haltbarkeit. Mit verschiedenen Zangen f\u00fcr unterschiedliche Anwendungen macht dieses Set jede Arbeit zum Kinderspiel. Bestellen [&hellip;]\" \/>\n<meta property=\"og:url\" content=\"https:\/\/www.fvdwpartijhandel.nl\/de\/product\/zangensatz-5-tlg\/\" \/>\n<meta property=\"og:site_name\" content=\"Frank van de Wijgert partijhandel\" \/>\n<meta property=\"article:modified_time\" content=\"2026-04-13T14:44:19+00:00\" \/>\n<meta property=\"og:image\" content=\"https:\/\/www.fvdwpartijhandel.nl\/wp-content\/uploads\/2026\/04\/116765-N.jpg\" \/>\n\t<meta property=\"og:image:width\" content=\"500\" \/>\n\t<meta property=\"og:image:height\" content=\"500\" \/>\n\t<meta property=\"og:image:type\" content=\"image\/jpeg\" \/>\n<meta name=\"twitter:card\" content=\"summary_large_image\" \/>\n<meta name=\"twitter:label1\" content=\"Gesch\u00e4tzte Lesezeit\" \/>\n\t<meta name=\"twitter:data1\" content=\"1\u00a0Minute\" \/>\n<script type=\"application\/ld+json\" class=\"yoast-schema-graph\">{\"@context\":\"https:\/\/schema.org\",\"@graph\":[{\"@type\":\"WebPage\",\"@id\":\"https:\/\/www.fvdwpartijhandel.nl\/de\/product\/zangensatz-5-tlg\/\",\"url\":\"https:\/\/www.fvdwpartijhandel.nl\/de\/product\/zangensatz-5-tlg\/\",\"name\":\"Zangensatz 5-tlg. - Frank van de Wijgert partijhandel\",\"isPartOf\":{\"@id\":\"https:\/\/www.fvdwpartijhandel.nl\/de\/#website\"},\"primaryImageOfPage\":{\"@id\":\"https:\/\/www.fvdwpartijhandel.nl\/de\/product\/zangensatz-5-tlg\/#primaryimage\"},\"image\":{\"@id\":\"https:\/\/www.fvdwpartijhandel.nl\/de\/product\/zangensatz-5-tlg\/#primaryimage\"},\"thumbnailUrl\":\"https:\/\/www.fvdwpartijhandel.nl\/wp-content\/uploads\/2026\/04\/116765-N.jpg\",\"datePublished\":\"2026-04-07T15:23:13+00:00\",\"dateModified\":\"2026-04-13T14:44:19+00:00\",\"breadcrumb\":{\"@id\":\"https:\/\/www.fvdwpartijhandel.nl\/de\/product\/zangensatz-5-tlg\/#breadcrumb\"},\"inLanguage\":\"de\",\"potentialAction\":[{\"@type\":\"ReadAction\",\"target\":[\"https:\/\/www.fvdwpartijhandel.nl\/de\/product\/zangensatz-5-tlg\/\"]}]},{\"@type\":\"ImageObject\",\"inLanguage\":\"de\",\"@id\":\"https:\/\/www.fvdwpartijhandel.nl\/de\/product\/zangensatz-5-tlg\/#primaryimage\",\"url\":\"https:\/\/www.fvdwpartijhandel.nl\/wp-content\/uploads\/2026\/04\/116765-N.jpg\",\"contentUrl\":\"https:\/\/www.fvdwpartijhandel.nl\/wp-content\/uploads\/2026\/04\/116765-N.jpg\",\"width\":500,\"height\":500},{\"@type\":\"BreadcrumbList\",\"@id\":\"https:\/\/www.fvdwpartijhandel.nl\/de\/product\/zangensatz-5-tlg\/#breadcrumb\",\"itemListElement\":[{\"@type\":\"ListItem\",\"position\":1,\"name\":\"Startseite\",\"item\":\"https:\/\/www.fvdwpartijhandel.nl\/de\/startseite\/\"},{\"@type\":\"ListItem\",\"position\":2,\"name\":\"Shop\",\"item\":\"https:\/\/www.fvdwpartijhandel.nl\/de\/shop\/\"},{\"@type\":\"ListItem\",\"position\":3,\"name\":\"Zangensatz 5-tlg.\"}]},{\"@type\":\"WebSite\",\"@id\":\"https:\/\/www.fvdwpartijhandel.nl\/de\/#website\",\"url\":\"https:\/\/www.fvdwpartijhandel.nl\/de\/\",\"name\":\"Frank van de Wijgert partijhandel\",\"description\":\"Al 10 jaar actief in de verkoop van restpartijen\",\"publisher\":{\"@id\":\"https:\/\/www.fvdwpartijhandel.nl\/de\/#organization\"},\"potentialAction\":[{\"@type\":\"SearchAction\",\"target\":{\"@type\":\"EntryPoint\",\"urlTemplate\":\"https:\/\/www.fvdwpartijhandel.nl\/de\/?s={search_term_string}\"},\"query-input\":{\"@type\":\"PropertyValueSpecification\",\"valueRequired\":true,\"valueName\":\"search_term_string\"}}],\"inLanguage\":\"de\"},{\"@type\":\"Organization\",\"@id\":\"https:\/\/www.fvdwpartijhandel.nl\/de\/#organization\",\"name\":\"Frank van de Wijgert partijhandel\",\"url\":\"https:\/\/www.fvdwpartijhandel.nl\/de\/\",\"logo\":{\"@type\":\"ImageObject\",\"inLanguage\":\"de\",\"@id\":\"https:\/\/www.fvdwpartijhandel.nl\/de\/#\/schema\/logo\/image\/\",\"url\":\"https:\/\/www.fvdwpartijhandel.nl\/wp-content\/uploads\/2025\/08\/Logo-Frank-van-de-Wijgert-nieuw-1.svg\",\"contentUrl\":\"https:\/\/www.fvdwpartijhandel.nl\/wp-content\/uploads\/2025\/08\/Logo-Frank-van-de-Wijgert-nieuw-1.svg\",\"width\":400,\"height\":57,\"caption\":\"Frank van de Wijgert partijhandel\"},\"image\":{\"@id\":\"https:\/\/www.fvdwpartijhandel.nl\/de\/#\/schema\/logo\/image\/\"}}]}<\/script>\n<!-- \/ Yoast SEO plugin. -->","yoast_head_json":{"title":"Zangensatz 5-tlg. - Frank van de Wijgert partijhandel","robots":{"index":"index","follow":"follow","max-snippet":"max-snippet:-1","max-image-preview":"max-image-preview:large","max-video-preview":"max-video-preview:-1"},"canonical":"https:\/\/www.fvdwpartijhandel.nl\/de\/product\/zangensatz-5-tlg\/","og_locale":"de_DE","og_type":"article","og_title":"Zangensatz 5-tlg. - Frank van de Wijgert partijhandel","og_description":"OSJI TOOLS Mini-Zangenset Suchen Sie ein handliches und vielseitiges Zangenset f\u00fcr all Ihre Arbeiten? Hier ist das Osji Tools Mini-Zangenset &#8211; 5-teilig! Dieses kompakte Set ist f\u00fcr Profis und Heimwerker gleicherma\u00dfen geeignet und bietet die perfekte Kombination aus Qualit\u00e4t und Haltbarkeit. Mit verschiedenen Zangen f\u00fcr unterschiedliche Anwendungen macht dieses Set jede Arbeit zum Kinderspiel. Bestellen [&hellip;]","og_url":"https:\/\/www.fvdwpartijhandel.nl\/de\/product\/zangensatz-5-tlg\/","og_site_name":"Frank van de Wijgert partijhandel","article_modified_time":"2026-04-13T14:44:19+00:00","og_image":[{"width":500,"height":500,"url":"https:\/\/www.fvdwpartijhandel.nl\/wp-content\/uploads\/2026\/04\/116765-N.jpg","type":"image\/jpeg"}],"twitter_card":"summary_large_image","twitter_misc":{"Gesch\u00e4tzte Lesezeit":"1\u00a0Minute"},"schema":{"@context":"https:\/\/schema.org","@graph":[{"@type":"WebPage","@id":"https:\/\/www.fvdwpartijhandel.nl\/de\/product\/zangensatz-5-tlg\/","url":"https:\/\/www.fvdwpartijhandel.nl\/de\/product\/zangensatz-5-tlg\/","name":"Zangensatz 5-tlg. - Frank van de Wijgert partijhandel","isPartOf":{"@id":"https:\/\/www.fvdwpartijhandel.nl\/de\/#website"},"primaryImageOfPage":{"@id":"https:\/\/www.fvdwpartijhandel.nl\/de\/product\/zangensatz-5-tlg\/#primaryimage"},"image":{"@id":"https:\/\/www.fvdwpartijhandel.nl\/de\/product\/zangensatz-5-tlg\/#primaryimage"},"thumbnailUrl":"https:\/\/www.fvdwpartijhandel.nl\/wp-content\/uploads\/2026\/04\/116765-N.jpg","datePublished":"2026-04-07T15:23:13+00:00","dateModified":"2026-04-13T14:44:19+00:00","breadcrumb":{"@id":"https:\/\/www.fvdwpartijhandel.nl\/de\/product\/zangensatz-5-tlg\/#breadcrumb"},"inLanguage":"de","potentialAction":[{"@type":"ReadAction","target":["https:\/\/www.fvdwpartijhandel.nl\/de\/product\/zangensatz-5-tlg\/"]}]},{"@type":"ImageObject","inLanguage":"de","@id":"https:\/\/www.fvdwpartijhandel.nl\/de\/product\/zangensatz-5-tlg\/#primaryimage","url":"https:\/\/www.fvdwpartijhandel.nl\/wp-content\/uploads\/2026\/04\/116765-N.jpg","contentUrl":"https:\/\/www.fvdwpartijhandel.nl\/wp-content\/uploads\/2026\/04\/116765-N.jpg","width":500,"height":500},{"@type":"BreadcrumbList","@id":"https:\/\/www.fvdwpartijhandel.nl\/de\/product\/zangensatz-5-tlg\/#breadcrumb","itemListElement":[{"@type":"ListItem","position":1,"name":"Startseite","item":"https:\/\/www.fvdwpartijhandel.nl\/de\/startseite\/"},{"@type":"ListItem","position":2,"name":"Shop","item":"https:\/\/www.fvdwpartijhandel.nl\/de\/shop\/"},{"@type":"ListItem","position":3,"name":"Zangensatz 5-tlg."}]},{"@type":"WebSite","@id":"https:\/\/www.fvdwpartijhandel.nl\/de\/#website","url":"https:\/\/www.fvdwpartijhandel.nl\/de\/","name":"Frank van de Wijgert partijhandel","description":"Al 10 jaar actief in de verkoop van restpartijen","publisher":{"@id":"https:\/\/www.fvdwpartijhandel.nl\/de\/#organization"},"potentialAction":[{"@type":"SearchAction","target":{"@type":"EntryPoint","urlTemplate":"https:\/\/www.fvdwpartijhandel.nl\/de\/?s={search_term_string}"},"query-input":{"@type":"PropertyValueSpecification","valueRequired":true,"valueName":"search_term_string"}}],"inLanguage":"de"},{"@type":"Organization","@id":"https:\/\/www.fvdwpartijhandel.nl\/de\/#organization","name":"Frank van de Wijgert partijhandel","url":"https:\/\/www.fvdwpartijhandel.nl\/de\/","logo":{"@type":"ImageObject","inLanguage":"de","@id":"https:\/\/www.fvdwpartijhandel.nl\/de\/#\/schema\/logo\/image\/","url":"https:\/\/www.fvdwpartijhandel.nl\/wp-content\/uploads\/2025\/08\/Logo-Frank-van-de-Wijgert-nieuw-1.svg","contentUrl":"https:\/\/www.fvdwpartijhandel.nl\/wp-content\/uploads\/2025\/08\/Logo-Frank-van-de-Wijgert-nieuw-1.svg","width":400,"height":57,"caption":"Frank van de Wijgert partijhandel"},"image":{"@id":"https:\/\/www.fvdwpartijhandel.nl\/de\/#\/schema\/logo\/image\/"}}]}},"_links":{"self":[{"href":"https:\/\/www.fvdwpartijhandel.nl\/de\/wp-json\/wp\/v2\/product\/11227","targetHints":{"allow":["GET"]}}],"collection":[{"href":"https:\/\/www.fvdwpartijhandel.nl\/de\/wp-json\/wp\/v2\/product"}],"about":[{"href":"https:\/\/www.fvdwpartijhandel.nl\/de\/wp-json\/wp\/v2\/types\/product"}],"wp:featuredmedia":[{"embeddable":true,"href":"https:\/\/www.fvdwpartijhandel.nl\/de\/wp-json\/wp\/v2\/media\/11304"}],"wp:attachment":[{"href":"https:\/\/www.fvdwpartijhandel.nl\/de\/wp-json\/wp\/v2\/media?parent=11227"}],"wp:term":[{"taxonomy":"product_brand","embeddable":true,"href":"https:\/\/www.fvdwpartijhandel.nl\/de\/wp-json\/wp\/v2\/product_brand?post=11227"},{"taxonomy":"product_cat","embeddable":true,"href":"https:\/\/www.fvdwpartijhandel.nl\/de\/wp-json\/wp\/v2\/product_cat?post=11227"},{"taxonomy":"product_tag","embeddable":true,"href":"https:\/\/www.fvdwpartijhandel.nl\/de\/wp-json\/wp\/v2\/product_tag?post=11227"}],"curies":[{"name":"wp","href":"https:\/\/api.w.org\/{rel}","templated":true}]}}