{"id":10454,"date":"2026-02-19T08:22:53","date_gmt":"2026-02-19T07:22:53","guid":{"rendered":"https:\/\/www.fvdwpartijhandel.nl\/product\/akkuschlagschrauber-20v-wolfgang\/"},"modified":"2026-02-20T07:45:33","modified_gmt":"2026-02-20T06:45:33","slug":"akkuschlagschrauber-20v-wolfgang","status":"publish","type":"product","link":"https:\/\/www.fvdwpartijhandel.nl\/de\/product\/akkuschlagschrauber-20v-wolfgang\/","title":{"rendered":"Akkuschlagschrauber 20V Wolfgang"},"content":{"rendered":"<p>Wolfgang 20-Volt-Akku-Schlagschrauber &#8211; Ziehen Sie Schrauben schnell und einfach an mit diesem Schlagschrauber von Wolfgang. Dank des eingebauten Schlagwerks ziehen Sie Schrauben und Bolzen mit mehr Kraft und weniger Anstrengung an. Da dieser Schlagschrauber mit einem Akku geliefert wird, k\u00f6nnen Sie sofort loslegen!  <\/p>\n<ul>\n<li>Leistungsstarker 20-V-Akku f\u00fcr den Langzeiteinsatz<\/li>\n<li>Eingebauter Geschwindigkeitsausl\u00f6ser f\u00fcr pr\u00e4zise Kontrolle<\/li>\n<li>Inklusive Akku und Ladeger\u00e4t<\/li>\n<li>Wird mit einem praktischen Etui zum Schutz und zur Aufbewahrung geliefert<\/li>\n<\/ul>\n","protected":false},"excerpt":{"rendered":"<p>Wolfgang 20-Volt-Akku-Schlagschrauber &#8211; Ziehen Sie Schrauben schnell und einfach an mit diesem Schlagschrauber von Wolfgang. Dank des eingebauten Schlagwerks ziehen Sie Schrauben und Bolzen mit mehr Kraft und weniger Anstrengung an. Da dieser Schlagschrauber mit einem Akku geliefert wird, k\u00f6nnen Sie sofort loslegen! Leistungsstarker 20-V-Akku f\u00fcr den Langzeiteinsatz Eingebauter Geschwindigkeitsausl\u00f6ser f\u00fcr pr\u00e4zise Kontrolle Inklusive Akku [&hellip;]<\/p>\n","protected":false},"featured_media":10455,"template":"","meta":{"_acf_changed":false},"product_brand":[],"product_cat":[62],"product_tag":[],"class_list":{"0":"post-10454","1":"product","2":"type-product","3":"status-publish","4":"has-post-thumbnail","6":"product_cat-werkzeuge","8":"first","9":"instock","10":"shipping-taxable","11":"product-type-simple"},"acf":[],"yoast_head":"<!-- This site is optimized with the Yoast SEO plugin v27.2 - https:\/\/yoast.com\/product\/yoast-seo-wordpress\/ -->\n<title>Akkuschlagschrauber 20V Wolfgang - Frank van de Wijgert partijhandel<\/title>\n<meta name=\"robots\" content=\"index, follow, max-snippet:-1, max-image-preview:large, max-video-preview:-1\" \/>\n<link rel=\"canonical\" href=\"https:\/\/www.fvdwpartijhandel.nl\/de\/product\/akkuschlagschrauber-20v-wolfgang\/\" \/>\n<meta property=\"og:locale\" content=\"de_DE\" \/>\n<meta property=\"og:type\" content=\"article\" \/>\n<meta property=\"og:title\" content=\"Akkuschlagschrauber 20V Wolfgang - Frank van de Wijgert partijhandel\" \/>\n<meta property=\"og:description\" content=\"Wolfgang 20-Volt-Akku-Schlagschrauber &#8211; Ziehen Sie Schrauben schnell und einfach an mit diesem Schlagschrauber von Wolfgang. Dank des eingebauten Schlagwerks ziehen Sie Schrauben und Bolzen mit mehr Kraft und weniger Anstrengung an. Da dieser Schlagschrauber mit einem Akku geliefert wird, k\u00f6nnen Sie sofort loslegen! Leistungsstarker 20-V-Akku f\u00fcr den Langzeiteinsatz Eingebauter Geschwindigkeitsausl\u00f6ser f\u00fcr pr\u00e4zise Kontrolle Inklusive Akku [&hellip;]\" \/>\n<meta property=\"og:url\" content=\"https:\/\/www.fvdwpartijhandel.nl\/de\/product\/akkuschlagschrauber-20v-wolfgang\/\" \/>\n<meta property=\"og:site_name\" content=\"Frank van de Wijgert partijhandel\" \/>\n<meta property=\"article:modified_time\" content=\"2026-02-20T06:45:33+00:00\" \/>\n<meta property=\"og:image\" content=\"https:\/\/www.fvdwpartijhandel.nl\/wp-content\/uploads\/2026\/02\/116603.jpg\" \/>\n\t<meta property=\"og:image:width\" content=\"500\" \/>\n\t<meta property=\"og:image:height\" content=\"500\" \/>\n\t<meta property=\"og:image:type\" content=\"image\/jpeg\" \/>\n<meta name=\"twitter:card\" content=\"summary_large_image\" \/>\n<script type=\"application\/ld+json\" class=\"yoast-schema-graph\">{\"@context\":\"https:\/\/schema.org\",\"@graph\":[{\"@type\":\"WebPage\",\"@id\":\"https:\/\/www.fvdwpartijhandel.nl\/de\/product\/akkuschlagschrauber-20v-wolfgang\/\",\"url\":\"https:\/\/www.fvdwpartijhandel.nl\/de\/product\/akkuschlagschrauber-20v-wolfgang\/\",\"name\":\"Akkuschlagschrauber 20V Wolfgang - Frank van de Wijgert partijhandel\",\"isPartOf\":{\"@id\":\"https:\/\/www.fvdwpartijhandel.nl\/de\/#website\"},\"primaryImageOfPage\":{\"@id\":\"https:\/\/www.fvdwpartijhandel.nl\/de\/product\/akkuschlagschrauber-20v-wolfgang\/#primaryimage\"},\"image\":{\"@id\":\"https:\/\/www.fvdwpartijhandel.nl\/de\/product\/akkuschlagschrauber-20v-wolfgang\/#primaryimage\"},\"thumbnailUrl\":\"https:\/\/www.fvdwpartijhandel.nl\/wp-content\/uploads\/2026\/02\/116603.jpg\",\"datePublished\":\"2026-02-19T07:22:53+00:00\",\"dateModified\":\"2026-02-20T06:45:33+00:00\",\"breadcrumb\":{\"@id\":\"https:\/\/www.fvdwpartijhandel.nl\/de\/product\/akkuschlagschrauber-20v-wolfgang\/#breadcrumb\"},\"inLanguage\":\"de\",\"potentialAction\":[{\"@type\":\"ReadAction\",\"target\":[\"https:\/\/www.fvdwpartijhandel.nl\/de\/product\/akkuschlagschrauber-20v-wolfgang\/\"]}]},{\"@type\":\"ImageObject\",\"inLanguage\":\"de\",\"@id\":\"https:\/\/www.fvdwpartijhandel.nl\/de\/product\/akkuschlagschrauber-20v-wolfgang\/#primaryimage\",\"url\":\"https:\/\/www.fvdwpartijhandel.nl\/wp-content\/uploads\/2026\/02\/116603.jpg\",\"contentUrl\":\"https:\/\/www.fvdwpartijhandel.nl\/wp-content\/uploads\/2026\/02\/116603.jpg\",\"width\":500,\"height\":500},{\"@type\":\"BreadcrumbList\",\"@id\":\"https:\/\/www.fvdwpartijhandel.nl\/de\/product\/akkuschlagschrauber-20v-wolfgang\/#breadcrumb\",\"itemListElement\":[{\"@type\":\"ListItem\",\"position\":1,\"name\":\"Startseite\",\"item\":\"https:\/\/www.fvdwpartijhandel.nl\/de\/startseite\/\"},{\"@type\":\"ListItem\",\"position\":2,\"name\":\"Shop\",\"item\":\"https:\/\/www.fvdwpartijhandel.nl\/de\/shop\/\"},{\"@type\":\"ListItem\",\"position\":3,\"name\":\"Akkuschlagschrauber 20V Wolfgang\"}]},{\"@type\":\"WebSite\",\"@id\":\"https:\/\/www.fvdwpartijhandel.nl\/de\/#website\",\"url\":\"https:\/\/www.fvdwpartijhandel.nl\/de\/\",\"name\":\"Frank van de Wijgert partijhandel\",\"description\":\"Al 10 jaar actief in de verkoop van restpartijen\",\"publisher\":{\"@id\":\"https:\/\/www.fvdwpartijhandel.nl\/de\/#organization\"},\"potentialAction\":[{\"@type\":\"SearchAction\",\"target\":{\"@type\":\"EntryPoint\",\"urlTemplate\":\"https:\/\/www.fvdwpartijhandel.nl\/de\/?s={search_term_string}\"},\"query-input\":{\"@type\":\"PropertyValueSpecification\",\"valueRequired\":true,\"valueName\":\"search_term_string\"}}],\"inLanguage\":\"de\"},{\"@type\":\"Organization\",\"@id\":\"https:\/\/www.fvdwpartijhandel.nl\/de\/#organization\",\"name\":\"Frank van de Wijgert partijhandel\",\"url\":\"https:\/\/www.fvdwpartijhandel.nl\/de\/\",\"logo\":{\"@type\":\"ImageObject\",\"inLanguage\":\"de\",\"@id\":\"https:\/\/www.fvdwpartijhandel.nl\/de\/#\/schema\/logo\/image\/\",\"url\":\"https:\/\/www.fvdwpartijhandel.nl\/wp-content\/uploads\/2025\/08\/Logo-Frank-van-de-Wijgert-nieuw-1.svg\",\"contentUrl\":\"https:\/\/www.fvdwpartijhandel.nl\/wp-content\/uploads\/2025\/08\/Logo-Frank-van-de-Wijgert-nieuw-1.svg\",\"width\":400,\"height\":57,\"caption\":\"Frank van de Wijgert partijhandel\"},\"image\":{\"@id\":\"https:\/\/www.fvdwpartijhandel.nl\/de\/#\/schema\/logo\/image\/\"}}]}<\/script>\n<!-- \/ Yoast SEO plugin. -->","yoast_head_json":{"title":"Akkuschlagschrauber 20V Wolfgang - Frank van de Wijgert partijhandel","robots":{"index":"index","follow":"follow","max-snippet":"max-snippet:-1","max-image-preview":"max-image-preview:large","max-video-preview":"max-video-preview:-1"},"canonical":"https:\/\/www.fvdwpartijhandel.nl\/de\/product\/akkuschlagschrauber-20v-wolfgang\/","og_locale":"de_DE","og_type":"article","og_title":"Akkuschlagschrauber 20V Wolfgang - Frank van de Wijgert partijhandel","og_description":"Wolfgang 20-Volt-Akku-Schlagschrauber &#8211; Ziehen Sie Schrauben schnell und einfach an mit diesem Schlagschrauber von Wolfgang. Dank des eingebauten Schlagwerks ziehen Sie Schrauben und Bolzen mit mehr Kraft und weniger Anstrengung an. Da dieser Schlagschrauber mit einem Akku geliefert wird, k\u00f6nnen Sie sofort loslegen! Leistungsstarker 20-V-Akku f\u00fcr den Langzeiteinsatz Eingebauter Geschwindigkeitsausl\u00f6ser f\u00fcr pr\u00e4zise Kontrolle Inklusive Akku [&hellip;]","og_url":"https:\/\/www.fvdwpartijhandel.nl\/de\/product\/akkuschlagschrauber-20v-wolfgang\/","og_site_name":"Frank van de Wijgert partijhandel","article_modified_time":"2026-02-20T06:45:33+00:00","og_image":[{"width":500,"height":500,"url":"https:\/\/www.fvdwpartijhandel.nl\/wp-content\/uploads\/2026\/02\/116603.jpg","type":"image\/jpeg"}],"twitter_card":"summary_large_image","schema":{"@context":"https:\/\/schema.org","@graph":[{"@type":"WebPage","@id":"https:\/\/www.fvdwpartijhandel.nl\/de\/product\/akkuschlagschrauber-20v-wolfgang\/","url":"https:\/\/www.fvdwpartijhandel.nl\/de\/product\/akkuschlagschrauber-20v-wolfgang\/","name":"Akkuschlagschrauber 20V Wolfgang - Frank van de Wijgert partijhandel","isPartOf":{"@id":"https:\/\/www.fvdwpartijhandel.nl\/de\/#website"},"primaryImageOfPage":{"@id":"https:\/\/www.fvdwpartijhandel.nl\/de\/product\/akkuschlagschrauber-20v-wolfgang\/#primaryimage"},"image":{"@id":"https:\/\/www.fvdwpartijhandel.nl\/de\/product\/akkuschlagschrauber-20v-wolfgang\/#primaryimage"},"thumbnailUrl":"https:\/\/www.fvdwpartijhandel.nl\/wp-content\/uploads\/2026\/02\/116603.jpg","datePublished":"2026-02-19T07:22:53+00:00","dateModified":"2026-02-20T06:45:33+00:00","breadcrumb":{"@id":"https:\/\/www.fvdwpartijhandel.nl\/de\/product\/akkuschlagschrauber-20v-wolfgang\/#breadcrumb"},"inLanguage":"de","potentialAction":[{"@type":"ReadAction","target":["https:\/\/www.fvdwpartijhandel.nl\/de\/product\/akkuschlagschrauber-20v-wolfgang\/"]}]},{"@type":"ImageObject","inLanguage":"de","@id":"https:\/\/www.fvdwpartijhandel.nl\/de\/product\/akkuschlagschrauber-20v-wolfgang\/#primaryimage","url":"https:\/\/www.fvdwpartijhandel.nl\/wp-content\/uploads\/2026\/02\/116603.jpg","contentUrl":"https:\/\/www.fvdwpartijhandel.nl\/wp-content\/uploads\/2026\/02\/116603.jpg","width":500,"height":500},{"@type":"BreadcrumbList","@id":"https:\/\/www.fvdwpartijhandel.nl\/de\/product\/akkuschlagschrauber-20v-wolfgang\/#breadcrumb","itemListElement":[{"@type":"ListItem","position":1,"name":"Startseite","item":"https:\/\/www.fvdwpartijhandel.nl\/de\/startseite\/"},{"@type":"ListItem","position":2,"name":"Shop","item":"https:\/\/www.fvdwpartijhandel.nl\/de\/shop\/"},{"@type":"ListItem","position":3,"name":"Akkuschlagschrauber 20V Wolfgang"}]},{"@type":"WebSite","@id":"https:\/\/www.fvdwpartijhandel.nl\/de\/#website","url":"https:\/\/www.fvdwpartijhandel.nl\/de\/","name":"Frank van de Wijgert partijhandel","description":"Al 10 jaar actief in de verkoop van restpartijen","publisher":{"@id":"https:\/\/www.fvdwpartijhandel.nl\/de\/#organization"},"potentialAction":[{"@type":"SearchAction","target":{"@type":"EntryPoint","urlTemplate":"https:\/\/www.fvdwpartijhandel.nl\/de\/?s={search_term_string}"},"query-input":{"@type":"PropertyValueSpecification","valueRequired":true,"valueName":"search_term_string"}}],"inLanguage":"de"},{"@type":"Organization","@id":"https:\/\/www.fvdwpartijhandel.nl\/de\/#organization","name":"Frank van de Wijgert partijhandel","url":"https:\/\/www.fvdwpartijhandel.nl\/de\/","logo":{"@type":"ImageObject","inLanguage":"de","@id":"https:\/\/www.fvdwpartijhandel.nl\/de\/#\/schema\/logo\/image\/","url":"https:\/\/www.fvdwpartijhandel.nl\/wp-content\/uploads\/2025\/08\/Logo-Frank-van-de-Wijgert-nieuw-1.svg","contentUrl":"https:\/\/www.fvdwpartijhandel.nl\/wp-content\/uploads\/2025\/08\/Logo-Frank-van-de-Wijgert-nieuw-1.svg","width":400,"height":57,"caption":"Frank van de Wijgert partijhandel"},"image":{"@id":"https:\/\/www.fvdwpartijhandel.nl\/de\/#\/schema\/logo\/image\/"}}]}},"_links":{"self":[{"href":"https:\/\/www.fvdwpartijhandel.nl\/de\/wp-json\/wp\/v2\/product\/10454","targetHints":{"allow":["GET"]}}],"collection":[{"href":"https:\/\/www.fvdwpartijhandel.nl\/de\/wp-json\/wp\/v2\/product"}],"about":[{"href":"https:\/\/www.fvdwpartijhandel.nl\/de\/wp-json\/wp\/v2\/types\/product"}],"wp:featuredmedia":[{"embeddable":true,"href":"https:\/\/www.fvdwpartijhandel.nl\/de\/wp-json\/wp\/v2\/media\/10455"}],"wp:attachment":[{"href":"https:\/\/www.fvdwpartijhandel.nl\/de\/wp-json\/wp\/v2\/media?parent=10454"}],"wp:term":[{"taxonomy":"product_brand","embeddable":true,"href":"https:\/\/www.fvdwpartijhandel.nl\/de\/wp-json\/wp\/v2\/product_brand?post=10454"},{"taxonomy":"product_cat","embeddable":true,"href":"https:\/\/www.fvdwpartijhandel.nl\/de\/wp-json\/wp\/v2\/product_cat?post=10454"},{"taxonomy":"product_tag","embeddable":true,"href":"https:\/\/www.fvdwpartijhandel.nl\/de\/wp-json\/wp\/v2\/product_tag?post=10454"}],"curies":[{"name":"wp","href":"https:\/\/api.w.org\/{rel}","templated":true}]}}